{"id":7254,"date":"2022-02-23T19:08:48","date_gmt":"2022-02-23T19:08:48","guid":{"rendered":"https:\/\/mundo.seashell.pt\/?post_type=product&#038;p=7254"},"modified":"2022-02-23T19:08:49","modified_gmt":"2022-02-23T19:08:49","slug":"lenco-facial-2fl-media-joker-80lencos","status":"publish","type":"product","link":"https:\/\/mundo.seashell.pt\/?product=lenco-facial-2fl-media-joker-80lencos","title":{"rendered":"Len\u00e7o Facial 2Fl M\u00e9dia Joker (80Len\u00e7os)"},"content":{"rendered":"<p>Joker Len\u00e7os Faciais 80 Len\u00e7\u00f5es<\/p>\n","protected":false},"excerpt":{"rendered":"<p>Joker Len\u00e7os Faciais 80 Len\u00e7\u00f5es<\/p>\n","protected":false},"featured_media":7255,"template":"","meta":{"spay_email":""},"product_cat":[15],"product_tag":[],"class_list":{"0":"post-7254","1":"product","2":"type-product","3":"status-publish","4":"has-post-thumbnail","6":"product_cat-sem-categoria","8":"first","9":"instock","10":"taxable","11":"shipping-taxable","12":"purchasable","13":"product-type-simple"},"acf":[],"jetpack-related-posts":[{"id":5548,"url":"https:\/\/mundo.seashell.pt\/?product=lenco-facial-2fl-media-joker-40cx80f","url_meta":{"origin":7254,"position":0},"title":"Len\u00e7o Facial 2Fl M\u00e9dia Joker","date":"Fevereiro 23, 2022","format":false,"excerpt":"Len\u00e7os Faciais","rel":"","context":"Similar post","img":{"alt_text":"","src":"https:\/\/i0.wp.com\/mundo.seashell.pt\/wp-content\/uploads\/2022\/02\/joker_lenc_o_facial_detail.jpg?resize=350%2C200&ssl=1","width":350,"height":200},"classes":[]},{"id":5496,"url":"https:\/\/mundo.seashell.pt\/?product=guardanapos-33x33-2fl-joker-30mx100f","url_meta":{"origin":7254,"position":1},"title":"Guardanapos 33&#215;33 2FL JOKER (30Mx100F)","date":"Fevereiro 23, 2022","format":false,"excerpt":"Guardanapos 33x33 2FL JOKER","rel":"","context":"Similar post","img":{"alt_text":"","src":"https:\/\/i0.wp.com\/mundo.seashell.pt\/wp-content\/uploads\/2022\/02\/guardanapos_joker_33x33_detail.jpg?resize=350%2C200&ssl=1","width":350,"height":200},"classes":[]},{"id":5494,"url":"https:\/\/mundo.seashell.pt\/?product=guardanapos-22x22-2fl-joker-30mx100f","url_meta":{"origin":7254,"position":2},"title":"Guardanapos 22&#215;22 2FL JOKER (30Mx100F)","date":"Fevereiro 23, 2022","format":false,"excerpt":"Guardanapos de Bar 22x22 2FL","rel":"","context":"Similar post","img":{"alt_text":"","src":"https:\/\/i0.wp.com\/mundo.seashell.pt\/wp-content\/uploads\/2022\/02\/Guardanapos_Joker_22.jpg?resize=350%2C200&ssl=1","width":350,"height":200},"classes":[]},{"id":5536,"url":"https:\/\/mundo.seashell.pt\/?product=rolo-industrial-liso-2fl-joker-2rolosx400mt","url_meta":{"origin":7254,"position":3},"title":"Rolo Industrial Liso 2Fl Joker","date":"Fevereiro 23, 2022","format":false,"excerpt":"Os Rolos Industriais s\u00e3o ideais para os profissionais de qualquer atividade que requer altos n\u00edveis de resist\u00eancia e absor\u00e7\u00e3o. Estes rolos s\u00e3o os melhores parceiros na otimiza\u00e7\u00e3o e realiza\u00e7\u00e3o de tarefas espec\u00edficas.\u00a0 Caracter\u00edsticas: Folha DuplaCor: BrancoComprimento: 400 mtrsQualidade: RH Celulose VirgemDimens\u00e3o rolo: Largura: 24.5 cm \/ \u00d8 30 cm Embalagem:\u2026","rel":"","context":"Similar post","img":{"alt_text":"","src":"https:\/\/i0.wp.com\/mundo.seashell.pt\/wp-content\/uploads\/2022\/02\/joker_industrial_gofrado.jpg?resize=350%2C200&ssl=1","width":350,"height":200},"classes":[]},{"id":6281,"url":"https:\/\/mundo.seashell.pt\/?product=neoblanc-toalhitas-multiusos-com-alcool-40-unidades","url_meta":{"origin":7254,"position":4},"title":"Neoblanc Toalhitas Multiusos com Alcool &#8211; 40 unidades","date":"Fevereiro 23, 2022","format":false,"excerpt":"Gra\u00e7as \u00e0 sua composi\u00e7\u00e3o, as toalhitas eliminam sujidade e removem mecanicamente germes e bact\u00e9rias das superf\u00edcies, em casa e no exterior, sem necessidade de enxaguar. Adicionalmente, deixam um perfume agrad\u00e1vel e fresco. INSTRU\u00c7\u00d5ES DE USO 1. Levante o fecho e extraia o pano 2. Feche cuidadosamente ap\u00f3...","rel":"","context":"Similar post","img":{"alt_text":"","src":"https:\/\/i0.wp.com\/mundo.seashell.pt\/wp-content\/uploads\/2022\/02\/NEOBLANC_TOALHITA_HIGIENIZAC_A_O_COM_ALCOOL_SEM_LIXI_VIA_8001480708358.png?resize=350%2C200&ssl=1","width":350,"height":200},"classes":[]},{"id":6283,"url":"https:\/\/mundo.seashell.pt\/?product=neoblanc-toalhitas-multiusos-desengordurantes-40-unidades","url_meta":{"origin":7254,"position":5},"title":"Neoblanc Toalhitas Multiusos Desengordurantes &#8211; 40 unidades","date":"Fevereiro 23, 2022","format":false,"excerpt":"Gra\u00e7as \u00e0 sua composi\u00e7\u00e3o, as toalhitas eliminam sujidade e removem mecanicamente germes e bact\u00e9rias das superf\u00edcies, em casa e no exterior, sem necessidade de enxaguar. Adicionalmente, deixam um perfume agrad\u00e1vel e fresco. INSTRU\u00c7\u00d5ES DE USO 1. Levante o fecho e extraia o pano 2. Feche cuidadosamente ap\u00f3...","rel":"","context":"Similar post","img":{"alt_text":"","src":"https:\/\/i0.wp.com\/mundo.seashell.pt\/wp-content\/uploads\/2022\/02\/NEOBLANC_TOALHITA_HIGIENIZAC_A_O_AC_A_O_DESENGORDURANTE_SEM_LIXI_VIA_8001480708365.png?resize=350%2C200&ssl=1","width":350,"height":200},"classes":[]}],"_links":{"self":[{"href":"https:\/\/mundo.seashell.pt\/index.php?rest_route=\/wp\/v2\/product\/7254","targetHints":{"allow":["GET"]}}],"collection":[{"href":"https:\/\/mundo.seashell.pt\/index.php?rest_route=\/wp\/v2\/product"}],"about":[{"href":"https:\/\/mundo.seashell.pt\/index.php?rest_route=\/wp\/v2\/types\/product"}],"wp:featuredmedia":[{"embeddable":true,"href":"https:\/\/mundo.seashell.pt\/index.php?rest_route=\/wp\/v2\/media\/7255"}],"wp:attachment":[{"href":"https:\/\/mundo.seashell.pt\/index.php?rest_route=%2Fwp%2Fv2%2Fmedia&parent=7254"}],"wp:term":[{"taxonomy":"product_cat","embeddable":true,"href":"https:\/\/mundo.seashell.pt\/index.php?rest_route=%2Fwp%2Fv2%2Fproduct_cat&post=7254"},{"taxonomy":"product_tag","embeddable":true,"href":"https:\/\/mundo.seashell.pt\/index.php?rest_route=%2Fwp%2Fv2%2Fproduct_tag&post=7254"}],"curies":[{"name":"wp","href":"https:\/\/api.w.org\/{rel}","templated":true}]}}