{"id":7252,"date":"2022-02-23T19:08:48","date_gmt":"2022-02-23T19:08:48","guid":{"rendered":"https:\/\/mundo.seashell.pt\/?post_type=product&#038;p=7252"},"modified":"2022-02-23T19:08:48","modified_gmt":"2022-02-23T19:08:48","slug":"bayeco-microfibras-30x03cm-3-panos","status":"publish","type":"product","link":"https:\/\/mundo.seashell.pt\/?product=bayeco-microfibras-30x03cm-3-panos","title":{"rendered":"Bayeco Microfibras 30x03cm 3 Panos"},"content":{"rendered":"<p>O pacote de panos multiusos Bayeco inclui tr\u00eas panos 100% microfibras adequados para a limpeza de todos os tipos de superf\u00edcies.<\/p>\n<p>Com os panos multiusos Bayeco pode remover facilmente a gordura teimosa de qualquer superf\u00edcie da sua casa.<\/p>\n<p>O material torna estes panos altamente absorventes e deixa um acabamento perfeito sem marcas ou fiapos.<\/p>\n<p>A embalagem foi concebida para dar a cada cor uma utiliza\u00e7\u00e3o diferente e assim preservar a limpeza de cada sala e evitar a contamina\u00e7\u00e3o cruzada.<\/p>\n","protected":false},"excerpt":{"rendered":"<p>O pacote de panos multiusos Bayeco inclui tr\u00eas panos 100% microfibras adequados para a limpeza de todos os tipos de superf\u00edcies.<\/p>\n<p>Com os panos multiusos Bayeco pode remover facilmente a gordura teimosa de qualquer superf\u00edcie da sua casa.<\/p>\n<p>O material torna estes panos altamente absorventes e deixa um acabamento perfeito sem marcas &#8230;<\/p>\n","protected":false},"featured_media":7253,"template":"","meta":{"spay_email":""},"product_cat":[15],"product_tag":[],"class_list":{"0":"post-7252","1":"product","2":"type-product","3":"status-publish","4":"has-post-thumbnail","6":"product_cat-sem-categoria","8":"first","9":"instock","10":"taxable","11":"shipping-taxable","12":"purchasable","13":"product-type-simple"},"acf":[],"jetpack-related-posts":[{"id":6209,"url":"https:\/\/mundo.seashell.pt\/?product=pano-micronsolo-vileda-100-panos","url_meta":{"origin":7252,"position":0},"title":"Pano MicronSolo &#8211; Vileda (100 panos)","date":"Fevereiro 23, 2022","format":false,"excerpt":"MicronSolo Alta absor\u00e7\u00e3o e rendimento de limpeza O MicronSolo \u00e9 o nosso pano de microfibra descart\u00e1vel com um rendimento de limpeza superior e uma excelente capacidade de absor\u00e7\u00e3o. Comparado com os panos descart\u00e1veis comuns, a limpeza com o pano MicronSolo \u00e9 mais f\u00e1cil e evita infe\u00e7\u00f5es em zonas higienicament...","rel":"","context":"Similar post","img":{"alt_text":"","src":"https:\/\/i0.wp.com\/mundo.seashell.pt\/wp-content\/uploads\/2022\/02\/Micron-Solo-Main-ClonedDuringMediaCleanUp012-carouselImage_PhotoRoom_20210418_122813.jpg?resize=350%2C200&ssl=1","width":350,"height":200},"classes":[]},{"id":6181,"url":"https:\/\/mundo.seashell.pt\/?product=pano-microtuff-plus-5-panos","url_meta":{"origin":7252,"position":1},"title":"Pano MicroTuff Plus (5 panos)","date":"Fevereiro 23, 2022","format":false,"excerpt":"MicroTuff Plus M\u00e1xima qualidade em um pano de microfibra multiuso Pano de microfibra tecido com alto volume e capacidade de coleta de sujeira. O MicroTuff Plus oferece o excelente desempenho de limpeza de microfibras, o que torna a limpeza um trabalho r\u00e1pido e f\u00e1cil. Higiene e Seguran\u00e7aCom o siste...","rel":"","context":"Similar post","img":{"alt_text":"","src":"https:\/\/i0.wp.com\/mundo.seashell.pt\/wp-content\/uploads\/2022\/02\/01-wiping-01-microfibre-cloths-06-microtuff-plus-portrait_PhotoRoom_20210418_122910.jpg?resize=350%2C200&ssl=1","width":350,"height":200},"classes":[]},{"id":6185,"url":"https:\/\/mundo.seashell.pt\/?product=pano-microtuff-base-5-panos","url_meta":{"origin":7252,"position":2},"title":"Pano MicroTuff Base (5 panos)","date":"Fevereiro 23, 2022","format":false,"excerpt":"MicroTuff Base Pano tecido de microfibras multiuso Pano de microfibra tecida volumosa e com alta capacidade de coleta de sujidade. O MicroTuff Base fornece o excelente rendimento de limpeza das microfibras, o que torna a limpeza um trabalho r\u00e1pido e f\u00e1cil. Higiene e Seguran\u00e7aCom o sistema de codif...","rel":"","context":"Similar post","img":{"alt_text":"","src":"https:\/\/i0.wp.com\/mundo.seashell.pt\/wp-content\/uploads\/2022\/02\/01-wiping-01-microfibre-cloths-06-microtuff-plus-portrait_PhotoRoom_20210418_122910-1.jpg?resize=350%2C200&ssl=1","width":350,"height":200},"classes":[]},{"id":5434,"url":"https:\/\/mundo.seashell.pt\/?product=panos-microfibras-30x40-6-cores","url_meta":{"origin":7252,"position":3},"title":"Panos Microfibras 30x40cm (Embalagem de 12 Panos com 6 cores diferentes)","date":"Fevereiro 23, 2022","format":false,"excerpt":"Panos 100% microfibras, multiusos, ideais para quem pretende uma limpeza perfeita a seco ou molhado sem necessitar de produtos qu\u00edmicos, permitindo um acabamento perfeito.","rel":"","context":"Similar post","img":{"alt_text":"","src":"https:\/\/i0.wp.com\/mundo.seashell.pt\/wp-content\/uploads\/2022\/02\/Captura_de_ecra__2021-03-06__a_s_11.11.39_PhotoRoom_20210408_113522.jpg?resize=350%2C200&ssl=1","width":350,"height":200},"classes":[]},{"id":6193,"url":"https:\/\/mundo.seashell.pt\/?product=pano-pvamicro-vileda-5-panos","url_meta":{"origin":7252,"position":4},"title":"Pano PVAmicro &#8211; Vileda (5 panos)","date":"Fevereiro 23, 2022","format":false,"excerpt":"PVAmicro Os melhores resultados com o nosso pano de microfibra de maior sucesso A Vileda Professional utiliza as mais recentes tecnologias para inventar e produzir solu\u00e7\u00f5es de limpeza mais eficientes para reduzir o teu trabalho. O nosso pano de microfibra de maior sucesso, PVAmicro, consegue resultad...","rel":"","context":"Similar post","img":{"alt_text":"","src":"https:\/\/i0.wp.com\/mundo.seashell.pt\/wp-content\/uploads\/2022\/02\/01-wiping-01-microfibre-cloths-10-pvamicro-portrait_PhotoRoom_20210418_123444.jpg?resize=350%2C200&ssl=1","width":350,"height":200},"classes":[]},{"id":6191,"url":"https:\/\/mundo.seashell.pt\/?product=pano-wipro-ag-vileda-20-panos","url_meta":{"origin":7252,"position":5},"title":"Pano WiPro Ag &#8211; Vileda (20 panos)","date":"Fevereiro 23, 2022","format":false,"excerpt":"WiPro Ag Pano de tecido n\u00e3o tecido multiusos com efeito antibacteriano O Wipro produzido em tela n\u00e3o tecida, muito absorvente, com uma elevada efic\u00e1cia de limpeza, removendo mesmo sujidade ressequida. \u00c9 um pano de grande durabilidade e de f\u00e1cil lavagem preparado para as exig\u00eancias da limpeza profissional moderna. O pano\u2026","rel":"","context":"Similar post","img":{"alt_text":"","src":"https:\/\/i0.wp.com\/mundo.seashell.pt\/wp-content\/uploads\/2022\/02\/01-wiping-04-latex-coated-cloths-06-wipro-antibac-portrait_PhotoRoom_20210418_123521.jpg?resize=350%2C200&ssl=1","width":350,"height":200},"classes":[]}],"_links":{"self":[{"href":"https:\/\/mundo.seashell.pt\/index.php?rest_route=\/wp\/v2\/product\/7252","targetHints":{"allow":["GET"]}}],"collection":[{"href":"https:\/\/mundo.seashell.pt\/index.php?rest_route=\/wp\/v2\/product"}],"about":[{"href":"https:\/\/mundo.seashell.pt\/index.php?rest_route=\/wp\/v2\/types\/product"}],"wp:featuredmedia":[{"embeddable":true,"href":"https:\/\/mundo.seashell.pt\/index.php?rest_route=\/wp\/v2\/media\/7253"}],"wp:attachment":[{"href":"https:\/\/mundo.seashell.pt\/index.php?rest_route=%2Fwp%2Fv2%2Fmedia&parent=7252"}],"wp:term":[{"taxonomy":"product_cat","embeddable":true,"href":"https:\/\/mundo.seashell.pt\/index.php?rest_route=%2Fwp%2Fv2%2Fproduct_cat&post=7252"},{"taxonomy":"product_tag","embeddable":true,"href":"https:\/\/mundo.seashell.pt\/index.php?rest_route=%2Fwp%2Fv2%2Fproduct_tag&post=7252"}],"curies":[{"name":"wp","href":"https:\/\/api.w.org\/{rel}","templated":true}]}}