{"id":7250,"date":"2022-02-23T19:08:45","date_gmt":"2022-02-23T19:08:45","guid":{"rendered":"https:\/\/mundo.seashell.pt\/?post_type=product&#038;p=7250"},"modified":"2022-02-23T19:08:47","modified_gmt":"2022-02-23T19:08:47","slug":"ballerina-microfibras-3-panos","status":"publish","type":"product","link":"https:\/\/mundo.seashell.pt\/?product=ballerina-microfibras-3-panos","title":{"rendered":"Ballerina Microfibras 3 Panos"},"content":{"rendered":"<h3>Benef\u00edcios:<\/h3>\n<p>Apanha todo o tipo de sujidade.<\/p>\n<h3>Conselhos de utiliza\u00e7\u00e3o:<\/h3>\n<p>Para melhores resultados, enxag\u00fae bem antes de usar pela primeira vez.<\/p>\n","protected":false},"excerpt":{"rendered":"<p>Benef\u00edcios:<br \/>\nApanha todo o tipo de sujidade.<br \/>\nConselhos de utiliza\u00e7\u00e3o:<br \/>\nPara melhores resultados, enxag\u00fae bem antes de usar pela primeira vez.<\/p>\n","protected":false},"featured_media":7251,"template":"","meta":{"spay_email":""},"product_cat":[15],"product_tag":[],"class_list":{"0":"post-7250","1":"product","2":"type-product","3":"status-publish","4":"has-post-thumbnail","6":"product_cat-sem-categoria","8":"first","9":"instock","10":"taxable","11":"shipping-taxable","12":"purchasable","13":"product-type-simple"},"acf":[],"jetpack-related-posts":[{"id":7248,"url":"https:\/\/mundo.seashell.pt\/?product=ballerina-pano-sintetico-7-unidades","url_meta":{"origin":7250,"position":0},"title":"Ballerina Pano Sint\u00e9tico 7 unidades","date":"Fevereiro 23, 2022","format":false,"excerpt":"Benef\u00edcios: Apanha todo o tipo de sujidade. Conselhos de utiliza\u00e7\u00e3o: Para melhores resultados, enxag\u00fae bem antes de usar pela primeira vez.","rel":"","context":"Similar post","img":{"alt_text":"","src":"https:\/\/i0.wp.com\/mundo.seashell.pt\/wp-content\/uploads\/2022\/02\/2053605-frente.jpeg?resize=350%2C200&ssl=1","width":350,"height":200},"classes":[]},{"id":6435,"url":"https:\/\/mundo.seashell.pt\/?product=mistolin-inox-05l","url_meta":{"origin":7250,"position":1},"title":"Mistolin Inox 500ml","date":"Fevereiro 23, 2022","format":false,"excerpt":"Benef\u00edcios: - 100% de brilho sem manchas. Conselhos de utiliza\u00e7\u00e3o: Aplique o produto na superf\u00edcie, deixe atuar durante alguns segundos e enxague com um pano h\u00famido. Para sujidade mais entranhada, deixe o produto atuar durante alguns minutos antes de enxaguar.","rel":"","context":"Similar post","img":{"alt_text":"","src":"https:\/\/i0.wp.com\/mundo.seashell.pt\/wp-content\/uploads\/2022\/02\/MISTOLIN_Advanced_Inox_500ml__5600356070198.png?resize=350%2C200&ssl=1","width":350,"height":200},"classes":[]},{"id":7086,"url":"https:\/\/mundo.seashell.pt\/?product=cillit-bang-multisuperficies-spray-lixivia-e-higiene-750ml","url_meta":{"origin":7250,"position":2},"title":"Cillit Bang Multisuperf\u00edcies Spray Lix\u00edvia e Higiene 750ml","date":"Fevereiro 23, 2022","format":false,"excerpt":"Cillit Bang, uma solu\u00e7\u00e3o eficaz para todo o tipo de sujidade!Descri\u00e7\u00e3o: Cillit Bang spray limpeza lix\u00edvia e higiene tem uma poderosa f\u00f3rmula que combina hipoclorito de s\u00f3dio com agentes de limpeza para obter resultados imbat\u00edveis. Higieniza todas as superf\u00edcies enquanto os agentes de limpeza removem as manchas mais incrust...","rel":"","context":"Similar post","img":{"alt_text":"","src":"https:\/\/i0.wp.com\/mundo.seashell.pt\/wp-content\/uploads\/2022\/02\/6984295-frente.jpeg?resize=350%2C200&ssl=1","width":350,"height":200},"classes":[]},{"id":6313,"url":"https:\/\/mundo.seashell.pt\/?product=neoblanc-frescura-do-campo-1l","url_meta":{"origin":7250,"position":3},"title":"Neoblanc Frescura do Campo 1L","date":"Fevereiro 23, 2022","format":false,"excerpt":"Neoblanc perfume do campo para al\u00e9m de garantir prote\u00e7\u00e3o para a sua casa e para a sua roupa, confere um perfume floral tr\u00eas vezes mais intenso. Tipo de produto: Lix\u00edvia Perfumada Benef\u00edcios: - Envolve e protege as fibras durante a lavagem;- Ajuda a manter as pe\u00e7as como novas;- Higieniza e\u2026","rel":"","context":"Similar post","img":{"alt_text":"","src":"https:\/\/i0.wp.com\/mundo.seashell.pt\/wp-content\/uploads\/2022\/02\/NEOBLANC_FRESCURA_DO_CAMPO_1L_8001480020542.png?resize=350%2C200&ssl=1","width":350,"height":200},"classes":[]},{"id":6431,"url":"https:\/\/mundo.seashell.pt\/?product=mistolin-express-cozinha-075l","url_meta":{"origin":7250,"position":4},"title":"Mistolin Express Cozinha 750ml","date":"Fevereiro 23, 2022","format":false,"excerpt":"Mistolin dia a dia cozinha garante uma limpeza eficaz \u00e0 primeira passagem. \u00c9 um desengordurante eficaz na limpeza di\u00e1ria de toda a cozinha e remove totalmente a gordura e a sujidade do dia a dia. Ideal para utiliza\u00e7\u00e3o em fog\u00f5es, exaustores, bancadas, lava-loi\u00e7as, arm\u00e1rios e azulejos.Benef\u00edcios: - Limpeza di\u00e1ria de\u2026","rel":"","context":"Similar post","img":{"alt_text":"","src":"https:\/\/i0.wp.com\/mundo.seashell.pt\/wp-content\/uploads\/2022\/02\/MISTOLIN_Express_Cozinha_750ml__5600258596451.png?resize=350%2C200&ssl=1","width":350,"height":200},"classes":[]},{"id":6423,"url":"https:\/\/mundo.seashell.pt\/?product=cillit-bang-natural-cozinha-05l","url_meta":{"origin":7250,"position":5},"title":"Cillit Bang Natural Cozinha 500ml","date":"Fevereiro 23, 2022","format":false,"excerpt":"Benef\u00edcios: - Tira gorduras;- Elimina a gordura 3x melhor;- Superf\u00edcies brilhantes e sem riscos;- Elimina manchas de comida, sujidade e gordura resistente. Conselhos de utiliza\u00e7\u00e3o: Rode a ponta do pulverizador para a posi\u00e7\u00e3o on. Pulverize sobre a superf\u00edcie e deixe atuar durante uns segundos. Limpe e enxague.","rel":"","context":"Similar post","img":{"alt_text":"","src":"https:\/\/i0.wp.com\/mundo.seashell.pt\/wp-content\/uploads\/2022\/02\/CILLIT_BANG_NAT_T_GORDURAS_500ML_5601217134035_2.png?resize=350%2C200&ssl=1","width":350,"height":200},"classes":[]}],"_links":{"self":[{"href":"https:\/\/mundo.seashell.pt\/index.php?rest_route=\/wp\/v2\/product\/7250","targetHints":{"allow":["GET"]}}],"collection":[{"href":"https:\/\/mundo.seashell.pt\/index.php?rest_route=\/wp\/v2\/product"}],"about":[{"href":"https:\/\/mundo.seashell.pt\/index.php?rest_route=\/wp\/v2\/types\/product"}],"wp:featuredmedia":[{"embeddable":true,"href":"https:\/\/mundo.seashell.pt\/index.php?rest_route=\/wp\/v2\/media\/7251"}],"wp:attachment":[{"href":"https:\/\/mundo.seashell.pt\/index.php?rest_route=%2Fwp%2Fv2%2Fmedia&parent=7250"}],"wp:term":[{"taxonomy":"product_cat","embeddable":true,"href":"https:\/\/mundo.seashell.pt\/index.php?rest_route=%2Fwp%2Fv2%2Fproduct_cat&post=7250"},{"taxonomy":"product_tag","embeddable":true,"href":"https:\/\/mundo.seashell.pt\/index.php?rest_route=%2Fwp%2Fv2%2Fproduct_tag&post=7250"}],"curies":[{"name":"wp","href":"https:\/\/api.w.org\/{rel}","templated":true}]}}