{"id":7246,"date":"2022-02-23T19:08:43","date_gmt":"2022-02-23T19:08:43","guid":{"rendered":"https:\/\/mundo.seashell.pt\/?post_type=product&#038;p=7246"},"modified":"2022-10-15T12:55:24","modified_gmt":"2022-10-15T12:55:24","slug":"luvas-latex-flocados-amarelo-l-1par","status":"publish","type":"product","link":"https:\/\/mundo.seashell.pt\/?product=luvas-latex-flocados-amarelo-l-1par","title":{"rendered":"Luvas Latex FLOCADOS Amarelo (L) (1Par)"},"content":{"rendered":"<p>Luvas Latex FLOCADOS Amarelo &#8211; 1Par<\/p>\n<p>Tamanho M<\/p>\n<p><strong>Luva de l\u00e1tex reutiliz\u00e1vel plus flocado.<\/strong><\/p>\n","protected":false},"excerpt":{"rendered":"<p>Luvas Latex FLOCADOS Amarelo &#8211; 1Par<br \/>\nTamanho M<br \/>\nLuva de l\u00e1tex reutiliz\u00e1vel plus flocado.<\/p>\n","protected":false},"featured_media":7247,"template":"","meta":{"spay_email":""},"product_cat":[15,73],"product_tag":[],"class_list":{"0":"post-7246","1":"product","2":"type-product","3":"status-publish","4":"has-post-thumbnail","6":"product_cat-sem-categoria","7":"product_cat-headphone-cases","9":"first","10":"onbackorder","11":"taxable","12":"shipping-taxable","13":"purchasable","14":"product-type-simple"},"acf":[],"jetpack-related-posts":[{"id":7244,"url":"https:\/\/mundo.seashell.pt\/?product=luvas-latex-flocados-amarelo-m-1par","url_meta":{"origin":7246,"position":0},"title":"Luvas Latex FLOCADOS Amarelo (M) (1Par)","date":"Fevereiro 23, 2022","format":false,"excerpt":"Luvas Latex FLOCADOS Amarelo - 1Par Tamanho M Luva de l\u00e1tex reutiliz\u00e1vel plus flocado.","rel":"","context":"Similar post","img":{"alt_text":"","src":"https:\/\/i0.wp.com\/mundo.seashell.pt\/wp-content\/uploads\/2022\/02\/cuatrogasa-guante-flocado-amarillo-latex-plus-1.jpeg?resize=350%2C200&ssl=1","width":350,"height":200},"classes":[]},{"id":7242,"url":"https:\/\/mundo.seashell.pt\/?product=cuatrogasa-luvas-grossas-latex-s-1-par","url_meta":{"origin":7246,"position":1},"title":"Luvas Latex FLOCADOS Amarelo (S) (1Par)","date":"Fevereiro 23, 2022","format":false,"excerpt":"Cuatrogasa Luvas Grossas Latex - 1 Par Tamanho S Luva de l\u00e1tex reutiliz\u00e1vel plus flocado.","rel":"","context":"Similar post","img":{"alt_text":"","src":"https:\/\/i0.wp.com\/mundo.seashell.pt\/wp-content\/uploads\/2022\/02\/cuatrogasa-guante-flocado-amarillo-latex-plus.jpeg?resize=350%2C200&ssl=1","width":350,"height":200},"classes":[]},{"id":6153,"url":"https:\/\/mundo.seashell.pt\/?product=luvas-ultrassensiveis","url_meta":{"origin":7246,"position":2},"title":"Luvas Ultrassens\u00edveis","date":"Fevereiro 23, 2022","format":false,"excerpt":"100% l\u00e1tex natural Projetado para ser usado em tarefas que necessitam da prote\u00e7\u00e3o das m\u00e3os e simultaneamente grande sensibilidade para a manipula\u00e7\u00e3o de objetos, ferramentas ou equipamentos. Luva de l\u00e1tex natural e neopreno com tratamento externo. N\u00e3o t\u00eam forro interno para oferecer um toque mais sens\u00edvel e pr\u00f3ximo ao da\u2026","rel":"","context":"Similar post","img":{"alt_text":"","src":"https:\/\/i0.wp.com\/mundo.seashell.pt\/wp-content\/uploads\/2022\/02\/07-gloves-06-gloves-lightweight-portrait_PhotoRoom_20210418_123257.jpg?resize=350%2C200&ssl=1","width":350,"height":200},"classes":[]},{"id":6149,"url":"https:\/\/mundo.seashell.pt\/?product=luvas-contract","url_meta":{"origin":7246,"position":3},"title":"Luvas Contract","date":"Fevereiro 23, 2022","format":false,"excerpt":"Para riscos m\u00ednimos Indicado para tarefas de limpeza que exigem um m\u00ednimo de prote\u00e7\u00e3o, mas n\u00e3o exigem uma certifica\u00e7\u00e3o muito exaustiva. Composi\u00e7\u00e3o em l\u00e1tex natural, com tratamento de resist\u00eancia do lado de fora da luva e forro de algod\u00e3o para maior conforto. Eles s\u00e3o certificados com o selo da categoria\u2026","rel":"","context":"Similar post","img":{"alt_text":"","src":"https:\/\/i0.wp.com\/mundo.seashell.pt\/wp-content\/uploads\/2022\/02\/07-gloves-02-gloves-contract-portrait_PhotoRoom_20210418_122907.jpg?resize=350%2C200&ssl=1","width":350,"height":200},"classes":[]},{"id":6157,"url":"https:\/\/mundo.seashell.pt\/?product=luvas-ultraprotectores","url_meta":{"origin":7246,"position":4},"title":"Luvas UltraProtectores","date":"Fevereiro 23, 2022","format":false,"excerpt":"Dispon\u00edvel em 4 cores Adequado para ambientes de cozinha, hospitalares e dom\u00e9sticos, grande resist\u00eancia a produtos qu\u00edmicos e agressivos. Luvas de l\u00e1tex de longa dura\u00e7\u00e3o com design anat\u00f4mico para conforto, flexibilidade e controle.Grande resist\u00eancia a gorduras, \u00f3leos e detergentes para satisfazer todos os requisitos profissionais...","rel":"","context":"Similar post","img":{"alt_text":"","src":"https:\/\/i0.wp.com\/mundo.seashell.pt\/wp-content\/uploads\/2022\/02\/07-gloves-01-gloves-multipurpose-portrait_PhotoRoom_20210418_123723.jpg?resize=350%2C200&ssl=1","width":350,"height":200},"classes":[]},{"id":6155,"url":"https:\/\/mundo.seashell.pt\/?product=luvas-superforte","url_meta":{"origin":7246,"position":5},"title":"Luvas Superforte","date":"Fevereiro 23, 2022","format":false,"excerpt":"Para as tarefas mais duras tanto mec\u00e2nicas como pelo uso de produto qu\u00edmico. Para ser usado em qualquer tarefa de limpeza, especialmente naquelas mais duros e mais dif\u00edceis que requerem maior resist\u00eancia qu\u00edmica e mec\u00e2nica.Luvas de l\u00e1tex revestidas com uma camada de neopreno. Uma prote\u00e7\u00e3o extra dupla para produtos qu\u00edmicos.\u2026","rel":"","context":"Similar post","img":{"alt_text":"","src":"https:\/\/i0.wp.com\/mundo.seashell.pt\/wp-content\/uploads\/2022\/02\/07-gloves-04-gloves-heavyweight-portrait_PhotoRoom_20210418_123117.jpg?resize=350%2C200&ssl=1","width":350,"height":200},"classes":[]}],"_links":{"self":[{"href":"https:\/\/mundo.seashell.pt\/index.php?rest_route=\/wp\/v2\/product\/7246","targetHints":{"allow":["GET"]}}],"collection":[{"href":"https:\/\/mundo.seashell.pt\/index.php?rest_route=\/wp\/v2\/product"}],"about":[{"href":"https:\/\/mundo.seashell.pt\/index.php?rest_route=\/wp\/v2\/types\/product"}],"wp:featuredmedia":[{"embeddable":true,"href":"https:\/\/mundo.seashell.pt\/index.php?rest_route=\/wp\/v2\/media\/7247"}],"wp:attachment":[{"href":"https:\/\/mundo.seashell.pt\/index.php?rest_route=%2Fwp%2Fv2%2Fmedia&parent=7246"}],"wp:term":[{"taxonomy":"product_cat","embeddable":true,"href":"https:\/\/mundo.seashell.pt\/index.php?rest_route=%2Fwp%2Fv2%2Fproduct_cat&post=7246"},{"taxonomy":"product_tag","embeddable":true,"href":"https:\/\/mundo.seashell.pt\/index.php?rest_route=%2Fwp%2Fv2%2Fproduct_tag&post=7246"}],"curies":[{"name":"wp","href":"https:\/\/api.w.org\/{rel}","templated":true}]}}