{"id":7240,"date":"2022-02-23T19:08:40","date_gmt":"2022-02-23T19:08:40","guid":{"rendered":"https:\/\/mundo.seashell.pt\/?post_type=product&#038;p=7240"},"modified":"2022-02-23T19:08:41","modified_gmt":"2022-02-23T19:08:41","slug":"fapil-mopa-de-45cm-ccabo-metalico","status":"publish","type":"product","link":"https:\/\/mundo.seashell.pt\/?product=fapil-mopa-de-45cm-ccabo-metalico","title":{"rendered":"FAPIL Mopa de 45Cm C\/Cabo Met\u00e1lico"},"content":{"rendered":"<p>FAPIL Mopa de 45Cm C\/Cabo Met\u00e1lico<\/p>\n","protected":false},"excerpt":{"rendered":"<p>FAPIL Mopa de 45Cm C\/Cabo Met\u00e1lico<\/p>\n","protected":false},"featured_media":7241,"template":"","meta":{"spay_email":""},"product_cat":[15],"product_tag":[],"class_list":{"0":"post-7240","1":"product","2":"type-product","3":"status-publish","4":"has-post-thumbnail","6":"product_cat-sem-categoria","8":"first","9":"instock","10":"taxable","11":"shipping-taxable","12":"purchasable","13":"product-type-simple"},"acf":[],"jetpack-related-posts":[{"id":5432,"url":"https:\/\/mundo.seashell.pt\/?product=cabo-metalico-140-cm","url_meta":{"origin":7240,"position":0},"title":"Cabo Metalico 1.40 M","date":"Fevereiro 23, 2022","format":false,"excerpt":"Cabo met\u00e1lico plastificado, com 1,40m que pode ser usado em esfregonas ou vassouras da marca Fapil.","rel":"","context":"Similar post","img":{"alt_text":"","src":"https:\/\/i0.wp.com\/mundo.seashell.pt\/wp-content\/uploads\/2022\/02\/Captura_de_ecra__2021-03-06__a_s_11.10.08_PhotoRoom_20210408_113750.jpg?resize=350%2C200&ssl=1","width":350,"height":200},"classes":[]},{"id":5438,"url":"https:\/\/mundo.seashell.pt\/?product=vassoura-espalmada-cores-extra-com-cabo-metal","url_meta":{"origin":7240,"position":1},"title":"Vassoura Espalmada Cores Extra com Cabo Metal","date":"Fevereiro 23, 2022","format":false,"excerpt":"Vassoura espalmada com cabo met\u00e1lico de 1,10m.","rel":"","context":"Similar post","img":{"alt_text":"","src":"https:\/\/i0.wp.com\/mundo.seashell.pt\/wp-content\/uploads\/2022\/02\/Captura_de_ecra__2021-03-06__a_s_11.37.31_PhotoRoom_20210408_113630.jpg?resize=350%2C200&ssl=1","width":350,"height":200},"classes":[]},{"id":5436,"url":"https:\/\/mundo.seashell.pt\/?product=vassoura-espalmada-despontada-especial-com-cabo-metal","url_meta":{"origin":7240,"position":2},"title":"Vassoura Espalmada Despontada Especial com Cabo de Metal","date":"Fevereiro 23, 2022","format":false,"excerpt":"Vassoura espalmada despontada especial com cabo met\u00e1lico de 1,10m.","rel":"","context":"Similar post","img":{"alt_text":"","src":"https:\/\/i0.wp.com\/mundo.seashell.pt\/wp-content\/uploads\/2022\/02\/Captura_de_ecra__2021-03-06__a_s_11.37.21_PhotoRoom_20210408_113736.jpg?resize=350%2C200&ssl=1","width":350,"height":200},"classes":[]},{"id":5430,"url":"https:\/\/mundo.seashell.pt\/?product=pa-do-lixo-com-cabo","url_meta":{"origin":7240,"position":3},"title":"P\u00e1 do lixo com Cabo","date":"Fevereiro 23, 2022","format":false,"excerpt":"P\u00e1 do lixo com cabo de 80 cms, ideal para a remo\u00e7\u00e3o de res\u00edduos sem esfor\u00e7ar as costas.","rel":"","context":"Similar post","img":{"alt_text":"","src":"https:\/\/i0.wp.com\/mundo.seashell.pt\/wp-content\/uploads\/2022\/02\/Captura_de_ecra__2021-03-06__a_s_11.09.08_PhotoRoom_20210408_113659.jpg?resize=350%2C200&ssl=1","width":350,"height":200},"classes":[]},{"id":5428,"url":"https:\/\/mundo.seashell.pt\/?product=pa-do-lixo-com-borracha-com-cabo","url_meta":{"origin":7240,"position":4},"title":"P\u00e1 do Lixo com Cabo e Borracha","date":"Fevereiro 23, 2022","format":false,"excerpt":"P\u00e1 do lixo com cabo de 80 cms, \ufeffideal para a remo\u00e7\u00e3o de res\u00edduos sem esfor\u00e7ar as costas.","rel":"","context":"Similar post","img":{"alt_text":"","src":"https:\/\/i0.wp.com\/mundo.seashell.pt\/wp-content\/uploads\/2022\/02\/Captura_de_ecra__2021-03-06__a_s_11.08.26_PhotoRoom_20210408_113548.jpg?resize=350%2C200&ssl=1","width":350,"height":200},"classes":[]},{"id":7238,"url":"https:\/\/mundo.seashell.pt\/?product=swiffer-recargas-de-mopa-20-uniades","url_meta":{"origin":7240,"position":5},"title":"Swiffer Recargas de Mopa 20 uniades","date":"Fevereiro 23, 2022","format":false,"excerpt":"Swiffer Recargas de Mopa 20 uniades A mopa Swiffer atrai e ret\u00e9m 2X mais p\u00f3 que uma vassoura","rel":"","context":"Similar post","img":{"alt_text":"","src":"https:\/\/i0.wp.com\/mundo.seashell.pt\/wp-content\/uploads\/2022\/02\/00128031200026____2__600x600.jpeg?resize=350%2C200&ssl=1","width":350,"height":200},"classes":[]}],"_links":{"self":[{"href":"https:\/\/mundo.seashell.pt\/index.php?rest_route=\/wp\/v2\/product\/7240","targetHints":{"allow":["GET"]}}],"collection":[{"href":"https:\/\/mundo.seashell.pt\/index.php?rest_route=\/wp\/v2\/product"}],"about":[{"href":"https:\/\/mundo.seashell.pt\/index.php?rest_route=\/wp\/v2\/types\/product"}],"wp:featuredmedia":[{"embeddable":true,"href":"https:\/\/mundo.seashell.pt\/index.php?rest_route=\/wp\/v2\/media\/7241"}],"wp:attachment":[{"href":"https:\/\/mundo.seashell.pt\/index.php?rest_route=%2Fwp%2Fv2%2Fmedia&parent=7240"}],"wp:term":[{"taxonomy":"product_cat","embeddable":true,"href":"https:\/\/mundo.seashell.pt\/index.php?rest_route=%2Fwp%2Fv2%2Fproduct_cat&post=7240"},{"taxonomy":"product_tag","embeddable":true,"href":"https:\/\/mundo.seashell.pt\/index.php?rest_route=%2Fwp%2Fv2%2Fproduct_tag&post=7240"}],"curies":[{"name":"wp","href":"https:\/\/api.w.org\/{rel}","templated":true}]}}