{"id":7238,"date":"2022-02-23T19:08:40","date_gmt":"2022-02-23T19:08:40","guid":{"rendered":"https:\/\/mundo.seashell.pt\/?post_type=product&#038;p=7238"},"modified":"2022-02-23T19:08:40","modified_gmt":"2022-02-23T19:08:40","slug":"swiffer-recargas-de-mopa-20-uniades","status":"publish","type":"product","link":"https:\/\/mundo.seashell.pt\/?product=swiffer-recargas-de-mopa-20-uniades","title":{"rendered":"Swiffer Recargas de Mopa 20 uniades"},"content":{"rendered":"<p>Swiffer Recargas de Mopa 20 uniades<\/p>\n<\/p>\n<ul>\n<li>A mopa Swiffer atrai e ret\u00e9m 2X mais p\u00f3 que uma vassoura<\/li>\n<\/ul>\n<p><\/p>\n","protected":false},"excerpt":{"rendered":"<p>Swiffer Recargas de Mopa 20 uniades<\/p>\n<\/p>\n<ul>\n<li>A mopa Swiffer atrai e ret\u00e9m 2X mais p\u00f3 que uma vassoura<\/li>\n<\/ul>\n<p><\/p>\n","protected":false},"featured_media":7239,"template":"","meta":{"spay_email":""},"product_cat":[15],"product_tag":[],"class_list":{"0":"post-7238","1":"product","2":"type-product","3":"status-publish","4":"has-post-thumbnail","6":"product_cat-sem-categoria","8":"first","9":"instock","10":"taxable","11":"shipping-taxable","12":"purchasable","13":"product-type-simple"},"acf":[],"jetpack-related-posts":[{"id":6014,"url":"https:\/\/mundo.seashell.pt\/?product=spolvero-mop-500ml","url_meta":{"origin":7238,"position":0},"title":"Anti &#8211; P\u00f3 Spolvero Mop 500ml","date":"Fevereiro 23, 2022","format":false,"excerpt":"Spray com elevada a\u00e7\u00e3o antiest\u00e1tica de longa dura\u00e7\u00e3o para limpar a seco o p\u00f3 de todos os tipos de pavimentos, exceto superf\u00edcies t\u00eaxteis.","rel":"","context":"Similar post","img":{"alt_text":"","src":"https:\/\/i0.wp.com\/mundo.seashell.pt\/wp-content\/uploads\/2022\/02\/spolvero_mop.jpg?resize=350%2C200&ssl=1","width":350,"height":200},"classes":[]},{"id":7240,"url":"https:\/\/mundo.seashell.pt\/?product=fapil-mopa-de-45cm-ccabo-metalico","url_meta":{"origin":7238,"position":1},"title":"FAPIL Mopa de 45Cm C\/Cabo Met\u00e1lico","date":"Fevereiro 23, 2022","format":false,"excerpt":"FAPIL Mopa de 45Cm C\/Cabo Met\u00e1lico","rel":"","context":"Similar post","img":{"alt_text":"","src":"https:\/\/i0.wp.com\/mundo.seashell.pt\/wp-content\/uploads\/2022\/02\/b0133.11.jpg?resize=350%2C200&ssl=1","width":350,"height":200},"classes":[]},{"id":7236,"url":"https:\/\/mundo.seashell.pt\/?product=swiffer-mopa-kit","url_meta":{"origin":7238,"position":2},"title":"Swiffer Mopa Kit","date":"Fevereiro 23, 2022","format":false,"excerpt":"Swiffer Mopa Se gosta de tratar de cada detalhe do seu Lar e estar na moda em produtos que Lhe v\u00e3o facilitar a vida, compre Esfregona Kit Swiffer (12 pcs) ao melhor pre\u00e7o.Pe\u00e7as:\u00a0 12 Pe\u00e7asInclui: EsfregonaPe\u00e7as sobresselentes.","rel":"","context":"Similar post","img":{"alt_text":"","src":"https:\/\/i0.wp.com\/mundo.seashell.pt\/wp-content\/uploads\/2022\/02\/transferir__3_.png?resize=350%2C200&ssl=1","width":350,"height":200},"classes":[]},{"id":5958,"url":"https:\/\/mundo.seashell.pt\/?product=fresco-5kg","url_meta":{"origin":7238,"position":3},"title":"Detergente Fresco 5Kg","date":"Fevereiro 23, 2022","format":false,"excerpt":"Detergente neutro concentrado apropriado para a manuten\u00e7\u00e3o de todos os tipos de pavimento tratados com cera acr\u00edlicas","rel":"","context":"Similar post","img":{"alt_text":"","src":"https:\/\/i0.wp.com\/mundo.seashell.pt\/wp-content\/uploads\/2022\/02\/PhotoRoom_20210325_092130.jpg?resize=350%2C200&ssl=1","width":350,"height":200},"classes":[]},{"id":5956,"url":"https:\/\/mundo.seashell.pt\/?product=azzurro-5kg","url_meta":{"origin":7238,"position":4},"title":"Detergente Antiderrapante Azzurro 5Kg","date":"Fevereiro 23, 2022","format":false,"excerpt":"Detergente neutro concentrado apropriado para a manuten\u00e7\u00e3o de todos os tipos de pavimento protegidos com cera","rel":"","context":"Similar post","img":{"alt_text":"","src":"https:\/\/i0.wp.com\/mundo.seashell.pt\/wp-content\/uploads\/2022\/02\/azzurro.jpg?resize=350%2C200&ssl=1","width":350,"height":200},"classes":[]},{"id":6012,"url":"https:\/\/mundo.seashell.pt\/?product=ravviva-5kg","url_meta":{"origin":7238,"position":5},"title":"Lava e Encera Ravviva 5Kg","date":"Fevereiro 23, 2022","format":false,"excerpt":"Detergente de polimento, liberta no pavimento uma fina pel\u00edcula auto brilhante a fim de reparar a velha camada de cera ou dar uma ligeira prote\u00e7\u00e3o nos pavimentos n\u00e3o tratados.","rel":"","context":"Similar post","img":{"alt_text":"","src":"https:\/\/i0.wp.com\/mundo.seashell.pt\/wp-content\/uploads\/2022\/02\/ravviva.jpg?resize=350%2C200&ssl=1","width":350,"height":200},"classes":[]}],"_links":{"self":[{"href":"https:\/\/mundo.seashell.pt\/index.php?rest_route=\/wp\/v2\/product\/7238","targetHints":{"allow":["GET"]}}],"collection":[{"href":"https:\/\/mundo.seashell.pt\/index.php?rest_route=\/wp\/v2\/product"}],"about":[{"href":"https:\/\/mundo.seashell.pt\/index.php?rest_route=\/wp\/v2\/types\/product"}],"wp:featuredmedia":[{"embeddable":true,"href":"https:\/\/mundo.seashell.pt\/index.php?rest_route=\/wp\/v2\/media\/7239"}],"wp:attachment":[{"href":"https:\/\/mundo.seashell.pt\/index.php?rest_route=%2Fwp%2Fv2%2Fmedia&parent=7238"}],"wp:term":[{"taxonomy":"product_cat","embeddable":true,"href":"https:\/\/mundo.seashell.pt\/index.php?rest_route=%2Fwp%2Fv2%2Fproduct_cat&post=7238"},{"taxonomy":"product_tag","embeddable":true,"href":"https:\/\/mundo.seashell.pt\/index.php?rest_route=%2Fwp%2Fv2%2Fproduct_tag&post=7238"}],"curies":[{"name":"wp","href":"https:\/\/api.w.org\/{rel}","templated":true}]}}