{"id":7234,"date":"2022-02-23T19:08:25","date_gmt":"2022-02-23T19:08:25","guid":{"rendered":"https:\/\/mundo.seashell.pt\/?post_type=product&#038;p=7234"},"modified":"2022-02-23T19:08:26","modified_gmt":"2022-02-23T19:08:26","slug":"swiffer-espanador-1-un","status":"publish","type":"product","link":"https:\/\/mundo.seashell.pt\/?product=swiffer-espanador-1-un","title":{"rendered":"Swiffer Espanador 1 un"},"content":{"rendered":"<p>Swiffer Espanador 1 un<\/p>\n<p>Kit Swiffer Duster com uma al\u00e7a ergon\u00f4mica confort\u00e1vel e 5 panos de p\u00f3 reutiliz\u00e1veis.<\/p>\n<p>Cada \u00edm\u00e3 de poeira com milhares de fibras macias e flex\u00edveis \u00e9 equipado com a tecnologia de coleta de poeira.<\/p>\n<p>As fibras s\u00e3o facilmente cobertas, atraem poeira como um \u00edm\u00e3 e a capturam.<\/p>\n","protected":false},"excerpt":{"rendered":"<p>Swiffer Espanador 1 un<\/p>\n<p>Kit Swiffer Duster com uma al\u00e7a ergon\u00f4mica confort\u00e1vel e 5 panos de p\u00f3 reutiliz\u00e1veis.<\/p>\n<p>Cada \u00edm\u00e3 de poeira com milhares de fibras macias e flex\u00edveis \u00e9 equipado com a tecnologia de coleta de poeira.<\/p>\n<p>As fibras s\u00e3o facilmente cobertas, atraem poeira como um \u00edm\u00e3 e a capturam.<\/p>\n","protected":false},"featured_media":7235,"template":"","meta":{"spay_email":""},"product_cat":[15],"product_tag":[],"class_list":{"0":"post-7234","1":"product","2":"type-product","3":"status-publish","4":"has-post-thumbnail","6":"product_cat-sem-categoria","8":"first","9":"instock","10":"taxable","11":"shipping-taxable","12":"purchasable","13":"product-type-simple"},"acf":[],"jetpack-related-posts":[{"id":6309,"url":"https:\/\/mundo.seashell.pt\/?product=neoblanc-lixivia-regular","url_meta":{"origin":7234,"position":0},"title":"Neoblanc Lix\u00edvia Regular","date":"Fevereiro 23, 2022","format":false,"excerpt":"Neoblanc, a lix\u00edvia que garante prote\u00e7\u00e3o da sua casa e da sua roupa. Gra\u00e7as \u00e0 tecnologia exclusiva protege fibra, envolve as fibras e protege-as durante a lavagem, ajudando a manter as pe\u00e7as como novas! Al\u00e9m disso, higieniza e remove mais de 90% dos alerg\u00e9nios de p\u00f3len, poeira, \u00e1caros e animais\u2026","rel":"","context":"Similar post","img":{"alt_text":"","src":"https:\/\/i0.wp.com\/mundo.seashell.pt\/wp-content\/uploads\/2022\/02\/NEOBLANC_REGULAR_4L___________________8001480020535.png?resize=350%2C200&ssl=1","width":350,"height":200},"classes":[]},{"id":6201,"url":"https:\/\/mundo.seashell.pt\/?product=pano-seca-mais-vileda-em-rolo","url_meta":{"origin":7234,"position":1},"title":"Pano Seca Mais &#8211; Vileda (em rolo)","date":"Fevereiro 23, 2022","format":false,"excerpt":"SecaPlus Pano sempre pronto. Quick'n Dry economiza tempo devido ao seu r\u00e1pido prepara\u00e7\u00e3o, f\u00e1cil enxaguar e drenar, e pela capacidade de absor\u00e7\u00e3o extra. Escolha Quik'n Dry para um limpeza molhada r\u00e1pida, sem esfor\u00e7o e sem fibras. Sempre pronto para usar. Use o pano uma vez e descarte-o, ou lave-o novamente\u2026","rel":"","context":"Similar post","img":{"alt_text":"","src":"https:\/\/i0.wp.com\/mundo.seashell.pt\/wp-content\/uploads\/2022\/02\/01-wiping-02-sponge-cloths-02-quick-n-dry-quick-n-dry-roll-detail-580x435_PhotoRoom_20210418_123342.jpg?resize=350%2C200&ssl=1","width":350,"height":200},"classes":[]},{"id":6217,"url":"https:\/\/mundo.seashell.pt\/?product=salva-unhas-azul-vileda-caixa-de-10","url_meta":{"origin":7234,"position":2},"title":"Salva Unhas Azul &#8211; Vileda (caixa de 10)","date":"Fevereiro 23, 2022","format":false,"excerpt":"Estrutura macia e azul, mais eficaz na remo\u00e7\u00e3o de marcas do que esponjas brancas, mas ainda lisa para superf\u00edcies","rel":"","context":"Similar post","img":{"alt_text":"","src":"https:\/\/i0.wp.com\/mundo.seashell.pt\/wp-content\/uploads\/2022\/02\/02-scouring-03-high-foam-backed-scourers-02-high-foam-backed-scourer-soft-portrait_PhotoRoom_20210418_123400.jpg?resize=350%2C200&ssl=1","width":350,"height":200},"classes":[]},{"id":6203,"url":"https:\/\/mundo.seashell.pt\/?product=pano-wettex-vileda-10-panos","url_meta":{"origin":7234,"position":3},"title":"Pano Wettex &#8211; Vileda (10 panos)","date":"Fevereiro 23, 2022","format":false,"excerpt":"Wettex Absorve at\u00e9 15 vezes o seu peso Wettex promove uma limpeza r\u00e1pida, higi\u00eanica e f\u00e1cil, que absorve at\u00e9 15 vezes o seu pr\u00f3prio peso. Poupa tempo devido \u00e0 sua r\u00e1pida absor\u00e7\u00e3o, f\u00e1cil enxaguamento e drenagem. ErgonomiaBaixo atrito, alta absor\u00e7\u00e3o, maciez e volume tornam o Wettex f\u00e1cil de manusear...","rel":"","context":"Similar post","img":{"alt_text":"","src":"https:\/\/i0.wp.com\/mundo.seashell.pt\/wp-content\/uploads\/2022\/02\/01-wiping-02-sponge-cloths-01-wettex-portrait_PhotoRoom_20210418_123756.jpg?resize=350%2C200&ssl=1","width":350,"height":200},"classes":[]},{"id":6207,"url":"https:\/\/mundo.seashell.pt\/?product=pano-micronsolo-vileda-em-rolo","url_meta":{"origin":7234,"position":4},"title":"Pano MicronSolo &#8211; Vileda (em rolo)","date":"Fevereiro 23, 2022","format":false,"excerpt":"MicronSolo Rolo Pano de microfibra descart\u00e1vel pr\u00e1tico onde a higiene \u00e9 cr\u00edtica Pano de microfibra descart\u00e1vel com desempenho de limpeza superior combinado com fibras de viscose para excelente absor\u00e7\u00e3o. MicronSolo \u00e9 a solu\u00e7\u00e3o ideal quando se precisa de um pano descart\u00e1vel ,necess\u00e1rio em ambientes com alto n\u00edvel de hi...","rel":"","context":"Similar post","img":{"alt_text":"","src":"https:\/\/i0.wp.com\/mundo.seashell.pt\/wp-content\/uploads\/2022\/02\/MicronSolo-Roll-Main-ClonedDuringMediaCleanUp012-carouselImage_PhotoRoom_20210418_123421.jpg?resize=350%2C200&ssl=1","width":350,"height":200},"classes":[]},{"id":6215,"url":"https:\/\/mundo.seashell.pt\/?product=salva-unhas-verde-vileda-caixa-de-10","url_meta":{"origin":7234,"position":5},"title":"Salva Unhas Verde &#8211; Vileda (caixa de 10)","date":"Fevereiro 23, 2022","format":false,"excerpt":"Sua al\u00e7a de espuma \u00e9 macia para as m\u00e3os, proporciona uma boa ader\u00eancia e melhora a ergonomia. \u00c9 o aliado perfeito para o seu esfreg\u00e3o verde para uma limpeza moderada.","rel":"","context":"Similar post","img":{"alt_text":"","src":"https:\/\/i0.wp.com\/mundo.seashell.pt\/wp-content\/uploads\/2022\/02\/02-scouring-03-high-foam-backed-scourers-04-high-foam-backed-scourer-strong-strong-detail-02-580x550_PhotoRoom_20210418_123013.jpg?resize=350%2C200&ssl=1","width":350,"height":200},"classes":[]}],"_links":{"self":[{"href":"https:\/\/mundo.seashell.pt\/index.php?rest_route=\/wp\/v2\/product\/7234","targetHints":{"allow":["GET"]}}],"collection":[{"href":"https:\/\/mundo.seashell.pt\/index.php?rest_route=\/wp\/v2\/product"}],"about":[{"href":"https:\/\/mundo.seashell.pt\/index.php?rest_route=\/wp\/v2\/types\/product"}],"wp:featuredmedia":[{"embeddable":true,"href":"https:\/\/mundo.seashell.pt\/index.php?rest_route=\/wp\/v2\/media\/7235"}],"wp:attachment":[{"href":"https:\/\/mundo.seashell.pt\/index.php?rest_route=%2Fwp%2Fv2%2Fmedia&parent=7234"}],"wp:term":[{"taxonomy":"product_cat","embeddable":true,"href":"https:\/\/mundo.seashell.pt\/index.php?rest_route=%2Fwp%2Fv2%2Fproduct_cat&post=7234"},{"taxonomy":"product_tag","embeddable":true,"href":"https:\/\/mundo.seashell.pt\/index.php?rest_route=%2Fwp%2Fv2%2Fproduct_tag&post=7234"}],"curies":[{"name":"wp","href":"https:\/\/api.w.org\/{rel}","templated":true}]}}