{"id":7230,"date":"2022-02-23T19:08:24","date_gmt":"2022-02-23T19:08:24","guid":{"rendered":"https:\/\/mundo.seashell.pt\/?post_type=product&#038;p=7230"},"modified":"2022-02-23T19:08:24","modified_gmt":"2022-02-23T19:08:24","slug":"siril-desincrustrante-1-litro","status":"publish","type":"product","link":"https:\/\/mundo.seashell.pt\/?product=siril-desincrustrante-1-litro","title":{"rendered":"Siril Desincrustrante 1 Litro"},"content":{"rendered":"<p>Siril Desincrustrante 1 Litro<\/p>\n<p>Limpeza de res\u00edduos de cimento, forma\u00e7\u00f5es calc\u00e1rias, ferrugem e encardido em superf\u00edcies de m\u00e1rmore, marmorite, mosaico, tijoleira e pedra. Recupera\u00e7\u00e3o de superf\u00edcies em pedras antigas. Limpeza de calc\u00e1rio em sanit\u00e1rios.<\/p>\n<p>Aplic\u00e1vel em pavimentos, ombreiras, bancadas, soleiras, lareiras, rebordo de piscinas, bancos de jardim, etc.<\/p>\n","protected":false},"excerpt":{"rendered":"<p>Siril Desincrustrante 1 Litro<\/p>\n<p>Limpeza de res\u00edduos de cimento, forma\u00e7\u00f5es calc\u00e1rias, ferrugem e encardido em superf\u00edcies de m\u00e1rmore, marmorite, mosaico, tijoleira e pedra. Recupera\u00e7\u00e3o de superf\u00edcies em pedras antigas. Limpeza de calc\u00e1rio em sanit\u00e1rios.<\/p>\n<p>Aplic\u00e1vel em pavimentos, ombreiras, bancadas, soleiras, lareiras, rebordo de pi&#8230;<\/p>\n","protected":false},"featured_media":7231,"template":"","meta":{"spay_email":""},"product_cat":[15],"product_tag":[],"class_list":{"0":"post-7230","1":"product","2":"type-product","3":"status-publish","4":"has-post-thumbnail","6":"product_cat-sem-categoria","8":"first","9":"instock","10":"taxable","11":"shipping-taxable","12":"purchasable","13":"product-type-simple"},"acf":[],"jetpack-related-posts":[{"id":7232,"url":"https:\/\/mundo.seashell.pt\/?product=siril-desincrustrante-5-litros","url_meta":{"origin":7230,"position":0},"title":"Siril Desincrustrante 5 Litros","date":"Fevereiro 23, 2022","format":false,"excerpt":"Siril Desincrustrante 5 Litros Limpeza de res\u00edduos de cimento, forma\u00e7\u00f5es calc\u00e1rias, ferrugem e encardido em superf\u00edcies de m\u00e1rmore, marmorite, mosaico, tijoleira e pedra. Recupera\u00e7\u00e3o de superf\u00edcies em pedras antigas. Limpeza de calc\u00e1rio em sanit\u00e1rios. Aplic\u00e1vel em pavimentos, ombreiras, bancadas, soleiras, lareiras, rebordo de p...","rel":"","context":"Similar post","img":{"alt_text":"","src":"https:\/\/i0.wp.com\/mundo.seashell.pt\/wp-content\/uploads\/2022\/02\/transferir__6_-1.jpeg?resize=350%2C200&ssl=1","width":350,"height":200},"classes":[]},{"id":7228,"url":"https:\/\/mundo.seashell.pt\/?product=siril-desincrustrante-500ml","url_meta":{"origin":7230,"position":1},"title":"Siril Desincrustrante 500ml","date":"Fevereiro 23, 2022","format":false,"excerpt":"Siril Desincrustrante 500ml Limpeza de res\u00edduos de cimento, forma\u00e7\u00f5es calc\u00e1rias, ferrugem e encardido em superf\u00edcies de m\u00e1rmore, marmorite, mosaico, tijoleira e pedra. Recupera\u00e7\u00e3o de superf\u00edcies em pedras antigas. Limpeza de calc\u00e1rio em sanit\u00e1rios. Aplic\u00e1vel em pavimentos, ombreiras, bancadas, soleiras, lareiras, rebordo de pisc...","rel":"","context":"Similar post","img":{"alt_text":"","src":"https:\/\/i0.wp.com\/mundo.seashell.pt\/wp-content\/uploads\/2022\/02\/siril500.jpeg?resize=350%2C200&ssl=1","width":350,"height":200},"classes":[]},{"id":5980,"url":"https:\/\/mundo.seashell.pt\/?product=acid-power-5-kg","url_meta":{"origin":7230,"position":2},"title":"Desincrustante Acid Power 5 Kg","date":"Fevereiro 23, 2022","format":false,"excerpt":"Detergente \u00e1cido superativo para a remo\u00e7\u00e3o de incrusta\u00e7\u00f5es calc\u00e1rias, cimento, res\u00edduos de alvaiade, efloresc\u00eancias salinas e ferrugem de superf\u00edcies resistentes aos \u00e1cidos.","rel":"","context":"Similar post","img":{"alt_text":"","src":"https:\/\/i0.wp.com\/mundo.seashell.pt\/wp-content\/uploads\/2022\/02\/acid_power.jpg?resize=350%2C200&ssl=1","width":350,"height":200},"classes":[]},{"id":5927,"url":"https:\/\/mundo.seashell.pt\/?product=cris-azul-5kg","url_meta":{"origin":7230,"position":3},"title":"Pr\u00e9 Cristaliza\u00e7\u00e3o Cris Azul 5Kg","date":"Fevereiro 23, 2022","format":false,"excerpt":"Tratamento b\u00e1sico para cristaliza\u00e7\u00e3o de pavimentos de m\u00e1rmore. Ideal para preparar a cristaliza\u00e7\u00e3o.","rel":"","context":"Similar post","img":{"alt_text":"","src":"https:\/\/i0.wp.com\/mundo.seashell.pt\/wp-content\/uploads\/2022\/02\/cris_azul.jpg?resize=350%2C200&ssl=1","width":350,"height":200},"classes":[]},{"id":6083,"url":"https:\/\/mundo.seashell.pt\/?product=da-1lt","url_meta":{"origin":7230,"position":4},"title":"Detergente Multiuso D.A 1Lt","date":"Fevereiro 23, 2022","format":false,"excerpt":"Detergente concentrado com efeito brilhante e um \u00f3timo poder sequestrante.","rel":"","context":"Similar post","img":{"alt_text":"","src":"https:\/\/i0.wp.com\/mundo.seashell.pt\/wp-content\/uploads\/2022\/02\/d.a..jpg?resize=350%2C200&ssl=1","width":350,"height":200},"classes":[]},{"id":6267,"url":"https:\/\/mundo.seashell.pt\/?product=sanytol-superficies-12l","url_meta":{"origin":7230,"position":5},"title":"Sanytol Superf\u00edcies 1,2l","date":"Fevereiro 23, 2022","format":false,"excerpt":"Limpador Desinfetante Pavimentos & Superf\u00edcies \u2013 Eucalipto DESCRI\u00c7\u00c3O Mantenha sua casa saud\u00e1vel com o SANYTOL limpador desinfetante para pavimentos e superf\u00edcies! Elimina a sujidade e desinfeta completamente sem esfor\u00e7o. Quando dilu\u00eddo, \u00e9 ideal para a limpeza de pavimentos e \u00e1reas grandes, como portas ou ladrilhos. Em...","rel":"","context":"Similar post","img":{"alt_text":"","src":"https:\/\/i0.wp.com\/mundo.seashell.pt\/wp-content\/uploads\/2022\/02\/SANYTOL_DESINFECTANTE_PAVIMENTOS_E_SUPERFI_CIES_1_2l_8411135670198.png?resize=350%2C200&ssl=1","width":350,"height":200},"classes":[]}],"_links":{"self":[{"href":"https:\/\/mundo.seashell.pt\/index.php?rest_route=\/wp\/v2\/product\/7230","targetHints":{"allow":["GET"]}}],"collection":[{"href":"https:\/\/mundo.seashell.pt\/index.php?rest_route=\/wp\/v2\/product"}],"about":[{"href":"https:\/\/mundo.seashell.pt\/index.php?rest_route=\/wp\/v2\/types\/product"}],"wp:featuredmedia":[{"embeddable":true,"href":"https:\/\/mundo.seashell.pt\/index.php?rest_route=\/wp\/v2\/media\/7231"}],"wp:attachment":[{"href":"https:\/\/mundo.seashell.pt\/index.php?rest_route=%2Fwp%2Fv2%2Fmedia&parent=7230"}],"wp:term":[{"taxonomy":"product_cat","embeddable":true,"href":"https:\/\/mundo.seashell.pt\/index.php?rest_route=%2Fwp%2Fv2%2Fproduct_cat&post=7230"},{"taxonomy":"product_tag","embeddable":true,"href":"https:\/\/mundo.seashell.pt\/index.php?rest_route=%2Fwp%2Fv2%2Fproduct_tag&post=7230"}],"curies":[{"name":"wp","href":"https:\/\/api.w.org\/{rel}","templated":true}]}}