{"id":7228,"date":"2022-02-23T19:08:23","date_gmt":"2022-02-23T19:08:23","guid":{"rendered":"https:\/\/mundo.seashell.pt\/?post_type=product&#038;p=7228"},"modified":"2022-02-23T19:08:23","modified_gmt":"2022-02-23T19:08:23","slug":"siril-desincrustrante-500ml","status":"publish","type":"product","link":"https:\/\/mundo.seashell.pt\/?product=siril-desincrustrante-500ml","title":{"rendered":"Siril Desincrustrante 500ml"},"content":{"rendered":"<p>Siril Desincrustrante 500ml<\/p>\n<p>Limpeza de res\u00edduos de cimento, forma\u00e7\u00f5es calc\u00e1rias, ferrugem e encardido em superf\u00edcies de m\u00e1rmore, marmorite, mosaico, tijoleira e pedra. Recupera\u00e7\u00e3o de superf\u00edcies em pedras antigas. Limpeza de calc\u00e1rio em sanit\u00e1rios.<\/p>\n<p>Aplic\u00e1vel em pavimentos, ombreiras, bancadas, soleiras, lareiras, rebordo de piscinas, bancos de jardim, etc.<\/p>\n","protected":false},"excerpt":{"rendered":"<p>Siril Desincrustrante 500ml<\/p>\n<p>Limpeza de res\u00edduos de cimento, forma\u00e7\u00f5es calc\u00e1rias, ferrugem e encardido em superf\u00edcies de m\u00e1rmore, marmorite, mosaico, tijoleira e pedra. Recupera\u00e7\u00e3o de superf\u00edcies em pedras antigas. Limpeza de calc\u00e1rio em sanit\u00e1rios.<\/p>\n<p>Aplic\u00e1vel em pavimentos, ombreiras, bancadas, soleiras, lareiras, rebordo de pisc&#8230;<\/p>\n","protected":false},"featured_media":7229,"template":"","meta":{"spay_email":""},"product_cat":[15],"product_tag":[],"class_list":{"0":"post-7228","1":"product","2":"type-product","3":"status-publish","4":"has-post-thumbnail","6":"product_cat-sem-categoria","8":"first","9":"instock","10":"taxable","11":"shipping-taxable","12":"purchasable","13":"product-type-simple"},"acf":[],"jetpack-related-posts":[{"id":7230,"url":"https:\/\/mundo.seashell.pt\/?product=siril-desincrustrante-1-litro","url_meta":{"origin":7228,"position":0},"title":"Siril Desincrustrante 1 Litro","date":"Fevereiro 23, 2022","format":false,"excerpt":"Siril Desincrustrante 1 Litro Limpeza de res\u00edduos de cimento, forma\u00e7\u00f5es calc\u00e1rias, ferrugem e encardido em superf\u00edcies de m\u00e1rmore, marmorite, mosaico, tijoleira e pedra. Recupera\u00e7\u00e3o de superf\u00edcies em pedras antigas. Limpeza de calc\u00e1rio em sanit\u00e1rios. Aplic\u00e1vel em pavimentos, ombreiras, bancadas, soleiras, lareiras, rebordo de pi...","rel":"","context":"Similar post","img":{"alt_text":"","src":"https:\/\/i0.wp.com\/mundo.seashell.pt\/wp-content\/uploads\/2022\/02\/transferir__5_.jpeg?resize=350%2C200&ssl=1","width":350,"height":200},"classes":[]},{"id":7232,"url":"https:\/\/mundo.seashell.pt\/?product=siril-desincrustrante-5-litros","url_meta":{"origin":7228,"position":1},"title":"Siril Desincrustrante 5 Litros","date":"Fevereiro 23, 2022","format":false,"excerpt":"Siril Desincrustrante 5 Litros Limpeza de res\u00edduos de cimento, forma\u00e7\u00f5es calc\u00e1rias, ferrugem e encardido em superf\u00edcies de m\u00e1rmore, marmorite, mosaico, tijoleira e pedra. Recupera\u00e7\u00e3o de superf\u00edcies em pedras antigas. Limpeza de calc\u00e1rio em sanit\u00e1rios. Aplic\u00e1vel em pavimentos, ombreiras, bancadas, soleiras, lareiras, rebordo de p...","rel":"","context":"Similar post","img":{"alt_text":"","src":"https:\/\/i0.wp.com\/mundo.seashell.pt\/wp-content\/uploads\/2022\/02\/transferir__6_-1.jpeg?resize=350%2C200&ssl=1","width":350,"height":200},"classes":[]},{"id":5980,"url":"https:\/\/mundo.seashell.pt\/?product=acid-power-5-kg","url_meta":{"origin":7228,"position":2},"title":"Desincrustante Acid Power 5 Kg","date":"Fevereiro 23, 2022","format":false,"excerpt":"Detergente \u00e1cido superativo para a remo\u00e7\u00e3o de incrusta\u00e7\u00f5es calc\u00e1rias, cimento, res\u00edduos de alvaiade, efloresc\u00eancias salinas e ferrugem de superf\u00edcies resistentes aos \u00e1cidos.","rel":"","context":"Similar post","img":{"alt_text":"","src":"https:\/\/i0.wp.com\/mundo.seashell.pt\/wp-content\/uploads\/2022\/02\/acid_power.jpg?resize=350%2C200&ssl=1","width":350,"height":200},"classes":[]},{"id":5927,"url":"https:\/\/mundo.seashell.pt\/?product=cris-azul-5kg","url_meta":{"origin":7228,"position":3},"title":"Pr\u00e9 Cristaliza\u00e7\u00e3o Cris Azul 5Kg","date":"Fevereiro 23, 2022","format":false,"excerpt":"Tratamento b\u00e1sico para cristaliza\u00e7\u00e3o de pavimentos de m\u00e1rmore. Ideal para preparar a cristaliza\u00e7\u00e3o.","rel":"","context":"Similar post","img":{"alt_text":"","src":"https:\/\/i0.wp.com\/mundo.seashell.pt\/wp-content\/uploads\/2022\/02\/cris_azul.jpg?resize=350%2C200&ssl=1","width":350,"height":200},"classes":[]},{"id":6083,"url":"https:\/\/mundo.seashell.pt\/?product=da-1lt","url_meta":{"origin":7228,"position":4},"title":"Detergente Multiuso D.A 1Lt","date":"Fevereiro 23, 2022","format":false,"excerpt":"Detergente concentrado com efeito brilhante e um \u00f3timo poder sequestrante.","rel":"","context":"Similar post","img":{"alt_text":"","src":"https:\/\/i0.wp.com\/mundo.seashell.pt\/wp-content\/uploads\/2022\/02\/d.a..jpg?resize=350%2C200&ssl=1","width":350,"height":200},"classes":[]},{"id":6357,"url":"https:\/\/mundo.seashell.pt\/?product=anti-calcario-e-sujidade-spray-05l","url_meta":{"origin":7228,"position":5},"title":"Anti-Calc\u00e1rio e Sujidade Spray 500ml","date":"Fevereiro 23, 2022","format":false,"excerpt":"Cillit Bang spray limpeza calc\u00e1rio e sujidade tem uma f\u00f3rmula super eficaz que elimina rapidamente o calc\u00e1rio, os res\u00edduos de sab\u00e3o e a sujidade na maioria das superf\u00edcies, dentro e fora da sua casa. A sua nova f\u00f3rmula anti-reaparecimento de sujidade forma uma pel\u00edcula protetora sobre as superf\u00edcies, evitando que\u2026","rel":"","context":"Similar post","img":{"alt_text":"","src":"https:\/\/i0.wp.com\/mundo.seashell.pt\/wp-content\/uploads\/2022\/02\/CILLIT_BANG_CAL_BRI_500ML_x12__8_P__5601217132666.png?resize=350%2C200&ssl=1","width":350,"height":200},"classes":[]}],"_links":{"self":[{"href":"https:\/\/mundo.seashell.pt\/index.php?rest_route=\/wp\/v2\/product\/7228","targetHints":{"allow":["GET"]}}],"collection":[{"href":"https:\/\/mundo.seashell.pt\/index.php?rest_route=\/wp\/v2\/product"}],"about":[{"href":"https:\/\/mundo.seashell.pt\/index.php?rest_route=\/wp\/v2\/types\/product"}],"wp:featuredmedia":[{"embeddable":true,"href":"https:\/\/mundo.seashell.pt\/index.php?rest_route=\/wp\/v2\/media\/7229"}],"wp:attachment":[{"href":"https:\/\/mundo.seashell.pt\/index.php?rest_route=%2Fwp%2Fv2%2Fmedia&parent=7228"}],"wp:term":[{"taxonomy":"product_cat","embeddable":true,"href":"https:\/\/mundo.seashell.pt\/index.php?rest_route=%2Fwp%2Fv2%2Fproduct_cat&post=7228"},{"taxonomy":"product_tag","embeddable":true,"href":"https:\/\/mundo.seashell.pt\/index.php?rest_route=%2Fwp%2Fv2%2Fproduct_tag&post=7228"}],"curies":[{"name":"wp","href":"https:\/\/api.w.org\/{rel}","templated":true}]}}