{"id":7226,"date":"2022-02-23T19:08:22","date_gmt":"2022-02-23T19:08:22","guid":{"rendered":"https:\/\/mundo.seashell.pt\/?post_type=product&#038;p=7226"},"modified":"2022-02-23T19:08:23","modified_gmt":"2022-02-23T19:08:23","slug":"linfer-removedor-de-ferrugem-70ml","status":"publish","type":"product","link":"https:\/\/mundo.seashell.pt\/?product=linfer-removedor-de-ferrugem-70ml","title":{"rendered":"Linfer Removedor de Ferrugem 70ml"},"content":{"rendered":"<p><strong>LINFER ANTI FERRUGEM 70ML<\/strong><\/p>\n<p>Tira rapidamente as manchas de ferrugem dos tecidos e n\u00f3doas de fruta.<\/p>\n<p>Ap\u00f3s retirar a tampa, com o frasco na vertical e apoiado em local firme, deite uma ou duas gotas sobre a mancha de ferrugem.<br \/>Esta desaparecer\u00e1 em poucos minutos sem necessidade de lhe tocar ou friccionar.<\/p>\n<p>Cores e tecidos sint\u00e9ticos exigem experi\u00eancia pr\u00e9via em local do tecido apropriado.<\/p>\n<p><strong>Ap\u00f3s aplica\u00e7\u00e3o lavar a pe\u00e7a.<\/strong><\/p>\n","protected":false},"excerpt":{"rendered":"<p><strong>LINFER ANTI FERRUGEM 70ML<\/strong><\/p>\n<p>Tira rapidamente as manchas de ferrugem dos tecidos e n\u00f3doas de fruta.<\/p>\n<p>Ap\u00f3s retirar a tampa, com o frasco na vertical e apoiado em local firme, deite uma ou duas gotas sobre a mancha de ferrugem.<br \/>Esta desaparecer\u00e1 em poucos minutos sem necessidade de lhe tocar ou friccionar.<\/p>\n<p>&#8230;<\/p>\n","protected":false},"featured_media":7227,"template":"","meta":{"spay_email":""},"product_cat":[15],"product_tag":[],"class_list":{"0":"post-7226","1":"product","2":"type-product","3":"status-publish","4":"has-post-thumbnail","6":"product_cat-sem-categoria","8":"first","9":"instock","10":"taxable","11":"shipping-taxable","12":"purchasable","13":"product-type-simple"},"acf":[],"jetpack-related-posts":[{"id":5828,"url":"https:\/\/mundo.seashell.pt\/?product=rust-action-500ml-tira-nodoas","url_meta":{"origin":7226,"position":0},"title":"Rust Action 500ML &#8211; Tira-N\u00f3doas","date":"Fevereiro 23, 2022","format":false,"excerpt":"Tira-n\u00f3doas e agente de pr\u00e9-tratamento de tecidos para a remo\u00e7\u00e3o de manchas de ferrugem","rel":"","context":"Similar post","img":{"alt_text":"","src":"https:\/\/i0.wp.com\/mundo.seashell.pt\/wp-content\/uploads\/2022\/02\/rust_action.jpg?resize=350%2C200&ssl=1","width":350,"height":200},"classes":[]},{"id":6311,"url":"https:\/\/mundo.seashell.pt\/?product=neoblanc-gentil-lixivia-delicada","url_meta":{"origin":7226,"position":1},"title":"Neoblanc Gentil Lix\u00edvia Delicada 1L","date":"Fevereiro 23, 2022","format":false,"excerpt":"Neoblanc Gentil \u00e9 uma lix\u00edvia delicada, segura sobre todas as cores e tecidos, sint\u00e9ticos ou delicados, como l\u00e3 e seda. Adicionada em cada lavagem, tira-n\u00f3doas, higieniza e elimina os cheiros. Tipo de produto: Lix\u00edvia DelicadaBenef\u00edcios: - Remo\u00e7\u00e3o de manchas de toda a roupa;- Elimina\u00e7\u00e3o do mau cheiro;- ...","rel":"","context":"Similar post","img":{"alt_text":"","src":"https:\/\/i0.wp.com\/mundo.seashell.pt\/wp-content\/uploads\/2022\/02\/NEOBLANC_GENTIL_1L_8001480020740.png?resize=350%2C200&ssl=1","width":350,"height":200},"classes":[]},{"id":5832,"url":"https:\/\/mundo.seashell.pt\/?product=kit-oxipur-action-4x500ml","url_meta":{"origin":7226,"position":2},"title":"Kit Oxipur Action 4x500Ml &#8211; Tira N\u00f3doas","date":"Fevereiro 23, 2022","format":false,"excerpt":"Kit completo de tira-n\u00f3doas e agentes de pr\u00e9-tratamento espec\u00edfico para todos os tipos de n\u00f3doas.","rel":"","context":"Similar post","img":{"alt_text":"","src":"https:\/\/i0.wp.com\/mundo.seashell.pt\/wp-content\/uploads\/2022\/02\/oxipur_kit.jpg?resize=350%2C200&ssl=1","width":350,"height":200},"classes":[]},{"id":5830,"url":"https:\/\/mundo.seashell.pt\/?product=stain-action-500ml-tira-nodoas","url_meta":{"origin":7226,"position":3},"title":"Stain Action 500ML &#8211; Tira-N\u00f3doas","date":"Fevereiro 23, 2022","format":false,"excerpt":"Tira-n\u00f3doas e agente de pr\u00e9-tratamento de tecidos para a remo\u00e7\u00e3o de manchas de cor branque\u00e1veis como caf\u00e9, fruta, erva e cola.","rel":"","context":"Similar post","img":{"alt_text":"","src":"https:\/\/i0.wp.com\/mundo.seashell.pt\/wp-content\/uploads\/2022\/02\/stain_action_.jpg?resize=350%2C200&ssl=1","width":350,"height":200},"classes":[]},{"id":6629,"url":"https:\/\/mundo.seashell.pt\/?product=iberia-tira-nodoas-015l","url_meta":{"origin":7226,"position":4},"title":"Ib\u00e9ria Tira N\u00f3doas 150ml","date":"Fevereiro 23, 2022","format":false,"excerpt":"Descri\u00e7\u00e3o: N\u00f3doas acidentais com necessidade de pr\u00e9-tratamento? Ib\u00e9ria tira n\u00f3doas acidentais \u00e9 um produto que elimina as n\u00f3doas dif\u00edceis \u00e0 primeira. \u00c9 muito f\u00e1cil de usar, basta aplicar na roupa atrav\u00e9s do seu aplicador exclusivo. N\u00f3doas resistentes com necessidade de pr\u00e9-tratamento? Ib\u00e9ria tira n\u00f3doas di\u00e1rias \u00e9 um produto qu...","rel":"","context":"Similar post","img":{"alt_text":"","src":"https:\/\/i0.wp.com\/mundo.seashell.pt\/wp-content\/uploads\/2022\/02\/IBE_RIA_REVOLUTION_TIRA_NO_DOAS_ACIDENTAIS_150ml_8411660210036.png?resize=350%2C200&ssl=1","width":350,"height":200},"classes":[]},{"id":5750,"url":"https:\/\/mundo.seashell.pt\/?product=stark-oxiblanc-10kg-lavandaria-manual","url_meta":{"origin":7226,"position":5},"title":"Branqueador Stark Oxiblanc 10Kg &#8211; Lavandaria Manual","date":"Fevereiro 23, 2022","format":false,"excerpt":"Branqueador em p\u00f3 para lavagem de roupa.","rel":"","context":"Similar post","img":{"alt_text":"","src":"https:\/\/i0.wp.com\/mundo.seashell.pt\/wp-content\/uploads\/2022\/02\/STARK_OXIBLANC_PhotoRoom_20210402_103319.jpg?resize=350%2C200&ssl=1","width":350,"height":200},"classes":[]}],"_links":{"self":[{"href":"https:\/\/mundo.seashell.pt\/index.php?rest_route=\/wp\/v2\/product\/7226","targetHints":{"allow":["GET"]}}],"collection":[{"href":"https:\/\/mundo.seashell.pt\/index.php?rest_route=\/wp\/v2\/product"}],"about":[{"href":"https:\/\/mundo.seashell.pt\/index.php?rest_route=\/wp\/v2\/types\/product"}],"wp:featuredmedia":[{"embeddable":true,"href":"https:\/\/mundo.seashell.pt\/index.php?rest_route=\/wp\/v2\/media\/7227"}],"wp:attachment":[{"href":"https:\/\/mundo.seashell.pt\/index.php?rest_route=%2Fwp%2Fv2%2Fmedia&parent=7226"}],"wp:term":[{"taxonomy":"product_cat","embeddable":true,"href":"https:\/\/mundo.seashell.pt\/index.php?rest_route=%2Fwp%2Fv2%2Fproduct_cat&post=7226"},{"taxonomy":"product_tag","embeddable":true,"href":"https:\/\/mundo.seashell.pt\/index.php?rest_route=%2Fwp%2Fv2%2Fproduct_tag&post=7226"}],"curies":[{"name":"wp","href":"https:\/\/api.w.org\/{rel}","templated":true}]}}