{"id":7224,"date":"2022-02-23T19:08:20","date_gmt":"2022-02-23T19:08:20","guid":{"rendered":"https:\/\/mundo.seashell.pt\/?post_type=product&#038;p=7224"},"modified":"2022-02-23T19:08:22","modified_gmt":"2022-02-23T19:08:22","slug":"supergel-pasta-de-limpeza-1kg","status":"publish","type":"product","link":"https:\/\/mundo.seashell.pt\/?product=supergel-pasta-de-limpeza-1kg","title":{"rendered":"Supergel Pasta de Limpeza 1Kg"},"content":{"rendered":"<p>Dissolve e retira toda a sujidade proveniente de \u00f3leos minerais, vegetais e animais, alcatr\u00e3o, nafta, borracha, tintas de impress\u00e3o, alguns tipos de esferogr\u00e1ficas e verniz. Retira n\u00f3doas dos estofos e alcatifas.<\/p>\n<h3>Tipo de produto:<\/h3>\n<p>Limpeza Interior<\/p>\n<h3>Tamanho:<\/h3>\n<p>1L<\/p>\n<h3>Utiliza\u00e7\u00e3o:<\/h3>\n<p>Estofos e text\u00e9is<\/p>\n","protected":false},"excerpt":{"rendered":"<p>Dissolve e retira toda a sujidade proveniente de \u00f3leos minerais, vegetais e animais, alcatr\u00e3o, nafta, borracha, tintas de impress\u00e3o, alguns tipos de esferogr\u00e1ficas e verniz. Retira n\u00f3doas dos estofos e alcatifas.<\/p>\n<h3>Tipo de produto:<\/h3>\n<p>Limpeza Interior<\/p>\n<h3>Tamanho:<\/h3>\n<p>1L<\/p>\n<h3>Utiliza\u00e7\u00e3o:<\/h3>\n<p>Estofos e text\u00e9is<\/p>\n","protected":false},"featured_media":7225,"template":"","meta":{"spay_email":""},"product_cat":[15],"product_tag":[],"class_list":{"0":"post-7224","1":"product","2":"type-product","3":"status-publish","4":"has-post-thumbnail","6":"product_cat-sem-categoria","8":"first","9":"instock","10":"taxable","11":"shipping-taxable","12":"purchasable","13":"product-type-simple"},"acf":[],"jetpack-related-posts":[{"id":7222,"url":"https:\/\/mundo.seashell.pt\/?product=supergel-pasta-de-limpeza-100gr","url_meta":{"origin":7224,"position":0},"title":"Supergel Pasta de Limpeza 100gr","date":"Fevereiro 23, 2022","format":false,"excerpt":"Supergel Pasta de Limpeza 100gr Dissolve e retira toda a sujidade proveniente de \u00f3leos minerais, vegetais e animais, alcatr\u00e3o, nafta, borracha, tintas de impress\u00e3o, alguns tipos de esferogr\u00e1ficas e verniz. Retira n\u00f3doas dos estofos e alcatifas.Tipo de produto: Limpeza Interior Tamanho: 100g","rel":"","context":"Similar post","img":{"alt_text":"","src":"https:\/\/i0.wp.com\/mundo.seashell.pt\/wp-content\/uploads\/2022\/02\/2101066-frente.jpeg?resize=350%2C200&ssl=1","width":350,"height":200},"classes":[]},{"id":5798,"url":"https:\/\/mundo.seashell.pt\/?product=stark-tira-nodoas-10kg","url_meta":{"origin":7224,"position":1},"title":"Stark Tira N\u00f3doas 10Kg","date":"Fevereiro 23, 2022","format":false,"excerpt":"O STARK MASSA TIRA N\u00d3DOAS \u00e9 um produto especialmente indicado para a remo\u00e7\u00e3o de sujidades e n\u00f3doas dif\u00edceis em t\u00eaxteis antes da \ufefflavagem em m\u00e1quinas autom\u00e1ticas.","rel":"","context":"Similar post","img":{"alt_text":"","src":"https:\/\/i0.wp.com\/mundo.seashell.pt\/wp-content\/uploads\/2022\/02\/STARK_TIRA_NODOAS_PhotoRoom_20210402_103037.jpg?resize=350%2C200&ssl=1","width":350,"height":200},"classes":[]},{"id":5806,"url":"https:\/\/mundo.seashell.pt\/?product=solim-tapex-5l","url_meta":{"origin":7224,"position":2},"title":"Solim Tapex 5L","date":"Fevereiro 23, 2022","format":false,"excerpt":"Limpeza de alcatifas e estofos, uma combina\u00e7\u00e3o l\u00edquida de tensioactivos com espuma controlada, o que facilita a lavagem.","rel":"","context":"Similar post","img":{"alt_text":"","src":"https:\/\/i0.wp.com\/mundo.seashell.pt\/wp-content\/uploads\/2022\/02\/Solim_Tapex_PhotoRoom_20210402_103633.jpg?resize=350%2C200&ssl=1","width":350,"height":200},"classes":[]},{"id":6469,"url":"https:\/\/mundo.seashell.pt\/?product=vanish-animais-de-estimacao-06l","url_meta":{"origin":7224,"position":3},"title":"Vanish Animais de Estima\u00e7\u00e3o 600ml","date":"Fevereiro 23, 2022","format":false,"excerpt":"Vanish Pet Expert espuma de limpeza foi desenvolvido para remover sujidade e pelos de tapetes, carpetes e estofos. Al\u00e9m disso, tem um efeito refrescante e amaciador.Benef\u00edcios: - Elimina a sujidade provocada pelos animais de estima\u00e7\u00e3o \u00e0 1\u00aa utiliza\u00e7\u00e3o;- Remove 3x mais pelos e 5x mais lama e sujidade do que\u2026","rel":"","context":"Similar post","img":{"alt_text":"","src":"https:\/\/i0.wp.com\/mundo.seashell.pt\/wp-content\/uploads\/2022\/02\/Vanish_Pet_Expert_Espuma_x6_5410036301258.png?resize=350%2C200&ssl=1","width":350,"height":200},"classes":[]},{"id":5704,"url":"https:\/\/mundo.seashell.pt\/?product=flash-500ml","url_meta":{"origin":7224,"position":4},"title":"Limpador Natural Superactivo Flash","date":"Fevereiro 23, 2022","format":false,"excerpt":"Produto de limpeza r\u00e1pido e altamente eficaz em manchas de tinta, canetas de feltro e n\u00f3doas de gordura vegetal ou mineral.","rel":"","context":"Similar post","img":{"alt_text":"","src":"https:\/\/i0.wp.com\/mundo.seashell.pt\/wp-content\/uploads\/2022\/02\/flash.jpg?resize=350%2C200&ssl=1","width":350,"height":200},"classes":[]},{"id":6649,"url":"https:\/\/mundo.seashell.pt\/?product=sanytol-tira-nodoas-em-po-450gr","url_meta":{"origin":7224,"position":5},"title":"Sanytol Tira N\u00f3doas em P\u00f3 450gr","date":"Fevereiro 23, 2022","format":false,"excerpt":"Tira-N\u00f3doas Desinfetante em p\u00f3 que destr\u00f3i 99,9% dos micr\u00f3bios e que elimina eficazmente as manchas mais persistentes mesmo a baixas temperaturas. A sua f\u00f3rmula \u00fanica \u00e0 base de enzimas e oxig\u00e9nio ativo penetra no cora\u00e7\u00e3o das fibras t\u00eaxteis para remover as n\u00f3doas, eliminar o tom amarelado e reavivar o branco\u2026","rel":"","context":"Similar post","img":{"alt_text":"","src":"https:\/\/i0.wp.com\/mundo.seashell.pt\/wp-content\/uploads\/2022\/02\/SANYTOL_TIRA_NO_DOAS_BRANQUEADOR_450g_3045206382601.png?resize=350%2C200&ssl=1","width":350,"height":200},"classes":[]}],"_links":{"self":[{"href":"https:\/\/mundo.seashell.pt\/index.php?rest_route=\/wp\/v2\/product\/7224","targetHints":{"allow":["GET"]}}],"collection":[{"href":"https:\/\/mundo.seashell.pt\/index.php?rest_route=\/wp\/v2\/product"}],"about":[{"href":"https:\/\/mundo.seashell.pt\/index.php?rest_route=\/wp\/v2\/types\/product"}],"wp:featuredmedia":[{"embeddable":true,"href":"https:\/\/mundo.seashell.pt\/index.php?rest_route=\/wp\/v2\/media\/7225"}],"wp:attachment":[{"href":"https:\/\/mundo.seashell.pt\/index.php?rest_route=%2Fwp%2Fv2%2Fmedia&parent=7224"}],"wp:term":[{"taxonomy":"product_cat","embeddable":true,"href":"https:\/\/mundo.seashell.pt\/index.php?rest_route=%2Fwp%2Fv2%2Fproduct_cat&post=7224"},{"taxonomy":"product_tag","embeddable":true,"href":"https:\/\/mundo.seashell.pt\/index.php?rest_route=%2Fwp%2Fv2%2Fproduct_tag&post=7224"}],"curies":[{"name":"wp","href":"https:\/\/api.w.org\/{rel}","templated":true}]}}