{"id":7220,"date":"2022-02-23T19:08:18","date_gmt":"2022-02-23T19:08:18","guid":{"rendered":"https:\/\/mundo.seashell.pt\/?post_type=product&#038;p=7220"},"modified":"2022-02-23T19:08:18","modified_gmt":"2022-02-23T19:08:18","slug":"agerul-vinagre-de-limpeza-1l","status":"publish","type":"product","link":"https:\/\/mundo.seashell.pt\/?product=agerul-vinagre-de-limpeza-1l","title":{"rendered":"Agerul Vinagre de Limpeza 1L"},"content":{"rendered":"<p>Agerul Vinagre de Limpeza 1L<\/p>\n<p>Vinagre de limpeza concentrado Agerul \u00e9 usado na limpeza de cal nas torneiras e cabines de duche.<\/p>\n<p>Limpeza de azulejos, vidros, lou\u00e7as, vitrocer\u00e2mica, metais como tachos e panelas.<\/p>\n","protected":false},"excerpt":{"rendered":"<p>Agerul Vinagre de Limpeza 1L<br \/>\nVinagre de limpeza concentrado Agerul \u00e9 usado na limpeza de cal nas torneiras e cabines de duche.<br \/>\nLimpeza de azulejos, vidros, lou\u00e7as, vitrocer\u00e2mica, metais como tachos e panelas.<\/p>\n","protected":false},"featured_media":7221,"template":"","meta":{"spay_email":""},"product_cat":[15],"product_tag":[],"class_list":{"0":"post-7220","1":"product","2":"type-product","3":"status-publish","4":"has-post-thumbnail","6":"product_cat-sem-categoria","8":"first","9":"instock","10":"taxable","11":"shipping-taxable","12":"purchasable","13":"product-type-simple"},"acf":[],"jetpack-related-posts":[{"id":6381,"url":"https:\/\/mundo.seashell.pt\/?product=ajax-multiusos-spray-boost-vinagre-e-maca-05l","url_meta":{"origin":7220,"position":0},"title":"Ajax Multiusos Spray Boost Vinagre e Ma\u00e7\u00e3 500ml","date":"Fevereiro 23, 2022","format":false,"excerpt":"Ajax ajuda na limpeza da casa. Deixa as suas superf\u00edcies limpas e brilhantes facilmente! Com ingredientes naturais, Ajax Boost multiusos proporciona uma limpeza profunda deixando as superf\u00edcies brilhantes e com a agrad\u00e1vel fragr\u00e2ncia a ma\u00e7\u00e3 verde. Notas\/Frag\u00e2ncia: Vinagre e Ma\u00e7\u00e3Benef\u00edcios: - Elimina manc...","rel":"","context":"Similar post","img":{"alt_text":"","src":"https:\/\/i0.wp.com\/mundo.seashell.pt\/wp-content\/uploads\/2022\/02\/Ajax_BOOST_Spray_Multiusos_500ml_8718951189881.png?resize=350%2C200&ssl=1","width":350,"height":200},"classes":[]},{"id":6048,"url":"https:\/\/mundo.seashell.pt\/?product=plural-10lt","url_meta":{"origin":7220,"position":1},"title":"Detergente Multiusos Plural 10Lt","date":"Fevereiro 23, 2022","format":false,"excerpt":"Detergente multiusos ultra-concentrado para a limpeza di\u00e1ria do mobili\u00e1rio. Indicado para vidros, espelhos, superf\u00edcies lav\u00e1veis.","rel":"","context":"Similar post","img":{"alt_text":"","src":"https:\/\/i0.wp.com\/mundo.seashell.pt\/wp-content\/uploads\/2022\/02\/plural.jpg?resize=350%2C200&ssl=1","width":350,"height":200},"classes":[]},{"id":6385,"url":"https:\/\/mundo.seashell.pt\/?product=ajax-casa-de-banho-anticalcario-05l","url_meta":{"origin":7220,"position":2},"title":"Ajax Casa de Banho Anticalc\u00e1rio 500ml","date":"Fevereiro 23, 2022","format":false,"excerpt":"Garante uma limpeza poderosa que remove a 100% o calc\u00e1rio incrustrado nas torneiras, duche, lavat\u00f3rios, azulejos e outras \u00e1reas.Benef\u00edcios:","rel":"","context":"Similar post","img":{"alt_text":"","src":"https:\/\/i0.wp.com\/mundo.seashell.pt\/wp-content\/uploads\/2022\/02\/Ajax_WC_Anti_Calca_rio_SPRAY_500ml_8718951282728.png?resize=350%2C200&ssl=1","width":350,"height":200},"classes":[]},{"id":6069,"url":"https:\/\/mundo.seashell.pt\/?product=diamond-easy-750ml","url_meta":{"origin":7220,"position":3},"title":"Detergente Natural Diamond Easy","date":"Fevereiro 23, 2022","format":false,"excerpt":"Detergente multiusos super concentrado para a limpeza di\u00e1ria do mobili\u00e1rio. Indicado para vidros, espelhos, superf\u00edcies lav\u00e1veis, etc","rel":"","context":"Similar post","img":{"alt_text":"","src":"https:\/\/i0.wp.com\/mundo.seashell.pt\/wp-content\/uploads\/2022\/02\/diamond_easy.jpg?resize=350%2C200&ssl=1","width":350,"height":200},"classes":[]},{"id":6067,"url":"https:\/\/mundo.seashell.pt\/?product=diamond-500ml","url_meta":{"origin":7220,"position":4},"title":"Detergente Natural Diamond","date":"Fevereiro 23, 2022","format":false,"excerpt":"Detergente multiusos para a limpeza di\u00e1ria de todo o mobili\u00e1rio. Indicado para vidros, espelhos, superf\u00edcies lav\u00e1veis etc","rel":"","context":"Similar post","img":{"alt_text":"","src":"https:\/\/i0.wp.com\/mundo.seashell.pt\/wp-content\/uploads\/2022\/02\/diamond.jpg?resize=350%2C200&ssl=1","width":350,"height":200},"classes":[]},{"id":6103,"url":"https:\/\/mundo.seashell.pt\/?product=restroom-10lt","url_meta":{"origin":7220,"position":5},"title":"Detergente Desincrustante Restroom 10Lt","date":"Fevereiro 23, 2022","format":false,"excerpt":"Detergente desincrustante para casas de banho ultra-concentrado","rel":"","context":"Similar post","img":{"alt_text":"","src":"https:\/\/i0.wp.com\/mundo.seashell.pt\/wp-content\/uploads\/2022\/02\/rest_room.jpg?resize=350%2C200&ssl=1","width":350,"height":200},"classes":[]}],"_links":{"self":[{"href":"https:\/\/mundo.seashell.pt\/index.php?rest_route=\/wp\/v2\/product\/7220","targetHints":{"allow":["GET"]}}],"collection":[{"href":"https:\/\/mundo.seashell.pt\/index.php?rest_route=\/wp\/v2\/product"}],"about":[{"href":"https:\/\/mundo.seashell.pt\/index.php?rest_route=\/wp\/v2\/types\/product"}],"wp:featuredmedia":[{"embeddable":true,"href":"https:\/\/mundo.seashell.pt\/index.php?rest_route=\/wp\/v2\/media\/7221"}],"wp:attachment":[{"href":"https:\/\/mundo.seashell.pt\/index.php?rest_route=%2Fwp%2Fv2%2Fmedia&parent=7220"}],"wp:term":[{"taxonomy":"product_cat","embeddable":true,"href":"https:\/\/mundo.seashell.pt\/index.php?rest_route=%2Fwp%2Fv2%2Fproduct_cat&post=7220"},{"taxonomy":"product_tag","embeddable":true,"href":"https:\/\/mundo.seashell.pt\/index.php?rest_route=%2Fwp%2Fv2%2Fproduct_tag&post=7220"}],"curies":[{"name":"wp","href":"https:\/\/api.w.org\/{rel}","templated":true}]}}