{"id":7218,"date":"2022-02-23T19:08:16","date_gmt":"2022-02-23T19:08:16","guid":{"rendered":"https:\/\/mundo.seashell.pt\/?post_type=product&#038;p=7218"},"modified":"2022-02-23T19:08:17","modified_gmt":"2022-02-23T19:08:17","slug":"destop-manutencao-canalizacao-750ml","status":"publish","type":"product","link":"https:\/\/mundo.seashell.pt\/?product=destop-manutencao-canalizacao-750ml","title":{"rendered":"Destop Manuten\u00e7\u00e3o Canaliza\u00e7\u00e3o 750ml"},"content":{"rendered":"<p>Destop gel Manute\u00e7\u00e3o limpa e desinfeta as suas canaliza\u00e7\u00f5es, evitando todos os inconvenientes associados a uma m\u00e1 manuten\u00e7\u00e3o das mesmas tais como entupimentos, acumula\u00e7\u00e3o de res\u00edduos, maus odores e prolifera\u00e7\u00e3o de bact\u00e9rias. Pode ser utilizado em todos os tipos de canaliza\u00e7\u00f5es.<\/p>\n<h3>Benef\u00edcios:<\/h3>\n<p>&#8211; Elimina os odores;<br \/>&#8211; Previne a acumula\u00e7\u00e3o de res\u00edduos;<br \/>&#8211; Frescura de pinho;<br \/>&#8211; Desinfeta em 60 minutos.<\/p>\n<h3>Conselhos de utiliza\u00e7\u00e3o:<\/h3>\n<p>Remova a tampa com cuidado sem apertar a garrafa. Verta 2 doses de produto em cada cano. Deixar atuar durante 30 minutos. Lave abundantemente com \u00e1gua. Repita a opera\u00e7\u00e3o todas as semanas.<\/p>\n<p><\/p>\n","protected":false},"excerpt":{"rendered":"<p>Destop gel Manute\u00e7\u00e3o limpa e desinfeta as suas canaliza\u00e7\u00f5es, evitando todos os inconvenientes associados a uma m\u00e1 manuten\u00e7\u00e3o das mesmas tais como entupimentos, acumula\u00e7\u00e3o de res\u00edduos, maus odores e prolifera\u00e7\u00e3o de bact\u00e9rias. Pode ser utilizado em todos os tipos de canaliza\u00e7\u00f5es.<\/p>\n<h3>Benef\u00edcios:<\/h3>\n<p>&#8211; Elimina os odores;<br \/>&#8211; Previne a ac&#8230;<\/p>\n","protected":false},"featured_media":7219,"template":"","meta":{"spay_email":""},"product_cat":[15],"product_tag":[],"class_list":{"0":"post-7218","1":"product","2":"type-product","3":"status-publish","4":"has-post-thumbnail","6":"product_cat-sem-categoria","8":"first","9":"instock","10":"taxable","11":"shipping-taxable","12":"purchasable","13":"product-type-simple"},"acf":[],"jetpack-related-posts":[{"id":7212,"url":"https:\/\/mundo.seashell.pt\/?product=destop-gel-express-odor-stop-1l","url_meta":{"origin":7218,"position":0},"title":"Destop Gel Express Odor Stop 1L","date":"Fevereiro 23, 2022","format":false,"excerpt":"Destop Elimina Odores 1L Destop gel Express, desentupidor poderoso com soda c\u00e1ustica. Dissolve eficazmente as mat\u00e9rias org\u00e2nicas, como cabelos e gorduras, sem perigo para as suas canaliza\u00e7\u00f5es. Ataca diretamente o entupimento em 30 minutos. Benef\u00edcios: - Sem cheiro a amon\u00edaco;- Ataca diretamente o entupimento em 5 mi...","rel":"","context":"Similar post","img":{"alt_text":"","src":"https:\/\/i0.wp.com\/mundo.seashell.pt\/wp-content\/uploads\/2022\/02\/003075051.jpeg?resize=350%2C200&ssl=1","width":350,"height":200},"classes":[]},{"id":7216,"url":"https:\/\/mundo.seashell.pt\/?product=destop-turbo-gel-1l","url_meta":{"origin":7218,"position":1},"title":"Destop TURBO Gel 1L","date":"Fevereiro 23, 2022","format":false,"excerpt":"Destop gel Turbo+ desentupidor poderoso super concentrado de atua\u00e7\u00e3o r\u00e1pida. O gel espesso atua mais rapidamente que um l\u00edquido, atravessando a \u00e1gua parada para desobstruir diretamente o entupimento. Dissolve eficazmente as mat\u00e9rias org\u00e2nicas, como cabelos e gorduras, sem perigo para as suas canaliza\u00e7\u00f5es. Ataca diretamente o entupimento em 5 ...","rel":"","context":"Similar post","img":{"alt_text":"","src":"https:\/\/i0.wp.com\/mundo.seashell.pt\/wp-content\/uploads\/2022\/02\/4855381-frente.jpeg?resize=350%2C200&ssl=1","width":350,"height":200},"classes":[]},{"id":7214,"url":"https:\/\/mundo.seashell.pt\/?product=destop-gel-express-odor-stop-1l-1","url_meta":{"origin":7218,"position":2},"title":"Destop Gel Express Odor Stop 1L","date":"Fevereiro 23, 2022","format":false,"excerpt":"Destop gel Express, desentupidor poderoso com soda c\u00e1ustica. Dissolve eficazmente as mat\u00e9rias org\u00e2nicas, como cabelos e gorduras, sem perigo para as suas canaliza\u00e7\u00f5es. Ataca diretamente o entupimento em 30 minutos. Para utilizar o produto deve aplicar duas tampas em cada cano que considerar necess\u00e1rio e deixar atuar cerca de 30min.\u2026","rel":"","context":"Similar post","img":{"alt_text":"","src":"https:\/\/i0.wp.com\/mundo.seashell.pt\/wp-content\/uploads\/2022\/02\/4568973-frente.jpeg?resize=350%2C200&ssl=1","width":350,"height":200},"classes":[]},{"id":6684,"url":"https:\/\/mundo.seashell.pt\/?product=sanytol-limpa-e-desinfeta-025l","url_meta":{"origin":7218,"position":3},"title":"Sanytol Limpa e Desinfeta 250ml","date":"Fevereiro 23, 2022","format":false,"excerpt":"Todos os ciclos de lavagem deixam res\u00edduos, sujidade e calc\u00e1rio que podem danificar a m\u00e1quina de lavar. Sanytol Limpa M\u00e1quinas \u00e9 um limpador desinfetante para a m\u00e1quina de lavar roupa que elimina 99.9% das bact\u00e9rias. Tipo de produto: Limpeza e Tratamento da M\u00e1quinaBenef\u00edcios: - Lava, desinfeta e previne todos o...","rel":"","context":"Similar post","img":{"alt_text":"","src":"https:\/\/i0.wp.com\/mundo.seashell.pt\/wp-content\/uploads\/2022\/02\/SANYTOL_LIMPA_MA_QUINAS_DESINFETANTE_250_ML_8411135665019.png?resize=350%2C200&ssl=1","width":350,"height":200},"classes":[]},{"id":6708,"url":"https:\/\/mundo.seashell.pt\/?product=lysol-desinfetante-025l","url_meta":{"origin":7218,"position":4},"title":"Lysol Desinfetante 0,25L","date":"Fevereiro 23, 2022","format":false,"excerpt":"Limpeza e Tratamento da M\u00e1quina - Limpa e desinfeta a m\u00e1quina - Ilimina bact\u00e9rias que causam maus odores; - Elimina calc\u00e1rio, sujidade e res\u00edduos de detergente.","rel":"","context":"Similar post","img":{"alt_text":"","src":"https:\/\/i0.wp.com\/mundo.seashell.pt\/wp-content\/uploads\/2022\/02\/Lysol_Desinfetante_Limpa_Ma_quinas_Roupa_1D_x12_5601217134479.png?resize=350%2C200&ssl=1","width":350,"height":200},"classes":[]},{"id":7056,"url":"https:\/\/mundo.seashell.pt\/?product=sanytol-desinfetante-150ml","url_meta":{"origin":7218,"position":5},"title":"Sanytol Desinfetante 150ml","date":"Fevereiro 23, 2022","format":false,"excerpt":"Higiene e frescura para todo o tipo de cal\u00e7ado.Descri\u00e7\u00e3o: As bact\u00e9rias, o mofo e os fungos que existem nos sapatos s\u00e3o respons\u00e1veis pelos maus odores e podem provocar doen\u00e7as ou irrita\u00e7\u00f5es na pele. Desinfete e desodorize o cal\u00e7ado, eliminando os micr\u00f3bios respons\u00e1veis pelos maus odores, prevenindo assim o aparecimento de\u2026","rel":"","context":"Similar post","img":{"alt_text":"","src":"https:\/\/i0.wp.com\/mundo.seashell.pt\/wp-content\/uploads\/2022\/02\/transferir__15_.jpeg?resize=350%2C200&ssl=1","width":350,"height":200},"classes":[]}],"_links":{"self":[{"href":"https:\/\/mundo.seashell.pt\/index.php?rest_route=\/wp\/v2\/product\/7218","targetHints":{"allow":["GET"]}}],"collection":[{"href":"https:\/\/mundo.seashell.pt\/index.php?rest_route=\/wp\/v2\/product"}],"about":[{"href":"https:\/\/mundo.seashell.pt\/index.php?rest_route=\/wp\/v2\/types\/product"}],"wp:featuredmedia":[{"embeddable":true,"href":"https:\/\/mundo.seashell.pt\/index.php?rest_route=\/wp\/v2\/media\/7219"}],"wp:attachment":[{"href":"https:\/\/mundo.seashell.pt\/index.php?rest_route=%2Fwp%2Fv2%2Fmedia&parent=7218"}],"wp:term":[{"taxonomy":"product_cat","embeddable":true,"href":"https:\/\/mundo.seashell.pt\/index.php?rest_route=%2Fwp%2Fv2%2Fproduct_cat&post=7218"},{"taxonomy":"product_tag","embeddable":true,"href":"https:\/\/mundo.seashell.pt\/index.php?rest_route=%2Fwp%2Fv2%2Fproduct_tag&post=7218"}],"curies":[{"name":"wp","href":"https:\/\/api.w.org\/{rel}","templated":true}]}}