{"id":7214,"date":"2022-02-23T19:07:59","date_gmt":"2022-02-23T19:07:59","guid":{"rendered":"https:\/\/mundo.seashell.pt\/?post_type=product&#038;p=7214"},"modified":"2022-02-23T19:08:01","modified_gmt":"2022-02-23T19:08:01","slug":"destop-gel-express-odor-stop-1l-1","status":"publish","type":"product","link":"https:\/\/mundo.seashell.pt\/?product=destop-gel-express-odor-stop-1l-1","title":{"rendered":"Destop Gel Express Odor Stop 1L"},"content":{"rendered":"<p>Destop gel Express, desentupidor poderoso com soda c\u00e1ustica. Dissolve eficazmente as mat\u00e9rias org\u00e2nicas, como cabelos e gorduras, sem perigo para as suas canaliza\u00e7\u00f5es. Ataca diretamente o entupimento em 30 minutos.<\/p>\n<p>Para utilizar o produto deve aplicar duas tampas em cada cano que considerar necess\u00e1rio e deixar atuar cerca de 30min. No fim, deve enxaguar bem com \u00e1gua toda a zona e o processo estar\u00e1 terminado.<\/p>\n<h3>Outras Informa\u00e7\u00f5es:<\/h3>\n<p>Produto controlado por testes em laborat\u00f3rio.<br \/>Servi\u00e7o de informa\u00e7\u00e3o ao consumidor: apoiocliente@continente.pt<\/p>\n<p><\/p>\n<p><\/p>\n<ul><\/ul>\n","protected":false},"excerpt":{"rendered":"<p>Destop gel Express, desentupidor poderoso com soda c\u00e1ustica. Dissolve eficazmente as mat\u00e9rias org\u00e2nicas, como cabelos e gorduras, sem perigo para as suas canaliza\u00e7\u00f5es. Ataca diretamente o entupimento em 30 minutos.<br \/>\nPara utilizar o produto deve aplicar duas tampas em cada cano que considerar necess\u00e1rio e deixar atuar cerca de 30min. No &#8230;<\/p>\n","protected":false},"featured_media":7215,"template":"","meta":{"spay_email":""},"product_cat":[15],"product_tag":[],"class_list":{"0":"post-7214","1":"product","2":"type-product","3":"status-publish","4":"has-post-thumbnail","6":"product_cat-sem-categoria","8":"first","9":"instock","10":"taxable","11":"shipping-taxable","12":"purchasable","13":"product-type-simple"},"acf":[],"jetpack-related-posts":[{"id":7212,"url":"https:\/\/mundo.seashell.pt\/?product=destop-gel-express-odor-stop-1l","url_meta":{"origin":7214,"position":0},"title":"Destop Gel Express Odor Stop 1L","date":"Fevereiro 23, 2022","format":false,"excerpt":"Destop Elimina Odores 1L Destop gel Express, desentupidor poderoso com soda c\u00e1ustica. Dissolve eficazmente as mat\u00e9rias org\u00e2nicas, como cabelos e gorduras, sem perigo para as suas canaliza\u00e7\u00f5es. Ataca diretamente o entupimento em 30 minutos. Benef\u00edcios: - Sem cheiro a amon\u00edaco;- Ataca diretamente o entupimento em 5 mi...","rel":"","context":"Similar post","img":{"alt_text":"","src":"https:\/\/i0.wp.com\/mundo.seashell.pt\/wp-content\/uploads\/2022\/02\/003075051.jpeg?resize=350%2C200&ssl=1","width":350,"height":200},"classes":[]},{"id":7216,"url":"https:\/\/mundo.seashell.pt\/?product=destop-turbo-gel-1l","url_meta":{"origin":7214,"position":1},"title":"Destop TURBO Gel 1L","date":"Fevereiro 23, 2022","format":false,"excerpt":"Destop gel Turbo+ desentupidor poderoso super concentrado de atua\u00e7\u00e3o r\u00e1pida. O gel espesso atua mais rapidamente que um l\u00edquido, atravessando a \u00e1gua parada para desobstruir diretamente o entupimento. Dissolve eficazmente as mat\u00e9rias org\u00e2nicas, como cabelos e gorduras, sem perigo para as suas canaliza\u00e7\u00f5es. Ataca diretamente o entupimento em 5 ...","rel":"","context":"Similar post","img":{"alt_text":"","src":"https:\/\/i0.wp.com\/mundo.seashell.pt\/wp-content\/uploads\/2022\/02\/4855381-frente.jpeg?resize=350%2C200&ssl=1","width":350,"height":200},"classes":[]},{"id":7218,"url":"https:\/\/mundo.seashell.pt\/?product=destop-manutencao-canalizacao-750ml","url_meta":{"origin":7214,"position":2},"title":"Destop Manuten\u00e7\u00e3o Canaliza\u00e7\u00e3o 750ml","date":"Fevereiro 23, 2022","format":false,"excerpt":"Destop gel Manute\u00e7\u00e3o limpa e desinfeta as suas canaliza\u00e7\u00f5es, evitando todos os inconvenientes associados a uma m\u00e1 manuten\u00e7\u00e3o das mesmas tais como entupimentos, acumula\u00e7\u00e3o de res\u00edduos, maus odores e prolifera\u00e7\u00e3o de bact\u00e9rias. Pode ser utilizado em todos os tipos de canaliza\u00e7\u00f5es.Benef\u00edcios: - Elimina os odores;- Previne a ac...","rel":"","context":"Similar post","img":{"alt_text":"","src":"https:\/\/i0.wp.com\/mundo.seashell.pt\/wp-content\/uploads\/2022\/02\/5063304-frente.jpeg?resize=350%2C200&ssl=1","width":350,"height":200},"classes":[]},{"id":7210,"url":"https:\/\/mundo.seashell.pt\/?product=mr-muscle-com-lixivia-1l","url_meta":{"origin":7214,"position":3},"title":"Mr. Muscle com Lix\u00edvia 1L","date":"Fevereiro 23, 2022","format":false,"excerpt":"Desentupidor De Canos Gel Mr Muscle Com Lixivia 1 Lt Para canos entupidos, deite 1\/4 a 1\/3 do conte\u00fado. Deixe actuar 30 minutos e deite \u00e1gua quente. Ap\u00f3s deitar o produto, n\u00e3o utilize objectos desentupidores. Para canos totalmente entupidos, deixe atuar durante toda a noite. Para manter um bom funcionamento\u2026","rel":"","context":"Similar post","img":{"alt_text":"","src":"https:\/\/i0.wp.com\/mundo.seashell.pt\/wp-content\/uploads\/2022\/02\/2174889-frente.jpeg?resize=350%2C200&ssl=1","width":350,"height":200},"classes":[]},{"id":6674,"url":"https:\/\/mundo.seashell.pt\/?product=iberia-branco-nuclear-liquido-05l","url_meta":{"origin":7214,"position":4},"title":"Ib\u00e9ria Branco Nuclear L\u00edquido 500ml","date":"Fevereiro 23, 2022","format":false,"excerpt":"A solu\u00e7\u00e3o mais eficaz para recuperar o branco das suas pe\u00e7as de roupa, desde a primeira lavagem. A partir de 30\u00baC, a sua f\u00f3rmula baseada no oxig\u00eanio ativo penetra no cora\u00e7\u00e3o das fibras e dissolve os pontos mais incrustados. Tipo de produto: Auxiliar de Lavagem da RoupaBenef\u00edcios: - Solu\u00e7\u00e3o l\u00edquida\u2026","rel":"","context":"Similar post","img":{"alt_text":"","src":"https:\/\/i0.wp.com\/mundo.seashell.pt\/wp-content\/uploads\/2022\/02\/IBERIA_BRANCO_NUCLEAR_LIQUIDO_500ml_8411660210227.png?resize=350%2C200&ssl=1","width":350,"height":200},"classes":[]},{"id":7088,"url":"https:\/\/mundo.seashell.pt\/?product=domestos-abrasivo-sanitario-gel-desinfetante","url_meta":{"origin":7214,"position":5},"title":"Domestos Abrasivo Sanit\u00e1rio Gel Desinfetante","date":"Fevereiro 23, 2022","format":false,"excerpt":"De uso f\u00e1cil e pr\u00e1tico para uma sanita limpa, desinfetada e livre de calc\u00e1rio.Benef\u00edcios: - Prote\u00e7\u00e3o contra o calc\u00e1rio;- Mata os germes, bact\u00e9rias, fungos e v\u00edrus;- Prote\u00e7\u00e3o eficaz da sanita com a sua fun\u00e7\u00e3o multi-jet. Conselhos de utiliza\u00e7\u00e3o: Desenrosque a tampa e coloque o gel de forma continua so...","rel":"","context":"Similar post","img":{"alt_text":"","src":"https:\/\/i0.wp.com\/mundo.seashell.pt\/wp-content\/uploads\/2022\/02\/5620625-frente.jpeg?resize=350%2C200&ssl=1","width":350,"height":200},"classes":[]}],"_links":{"self":[{"href":"https:\/\/mundo.seashell.pt\/index.php?rest_route=\/wp\/v2\/product\/7214","targetHints":{"allow":["GET"]}}],"collection":[{"href":"https:\/\/mundo.seashell.pt\/index.php?rest_route=\/wp\/v2\/product"}],"about":[{"href":"https:\/\/mundo.seashell.pt\/index.php?rest_route=\/wp\/v2\/types\/product"}],"wp:featuredmedia":[{"embeddable":true,"href":"https:\/\/mundo.seashell.pt\/index.php?rest_route=\/wp\/v2\/media\/7215"}],"wp:attachment":[{"href":"https:\/\/mundo.seashell.pt\/index.php?rest_route=%2Fwp%2Fv2%2Fmedia&parent=7214"}],"wp:term":[{"taxonomy":"product_cat","embeddable":true,"href":"https:\/\/mundo.seashell.pt\/index.php?rest_route=%2Fwp%2Fv2%2Fproduct_cat&post=7214"},{"taxonomy":"product_tag","embeddable":true,"href":"https:\/\/mundo.seashell.pt\/index.php?rest_route=%2Fwp%2Fv2%2Fproduct_tag&post=7214"}],"curies":[{"name":"wp","href":"https:\/\/api.w.org\/{rel}","templated":true}]}}