{"id":7208,"date":"2022-02-23T19:07:57","date_gmt":"2022-02-23T19:07:57","guid":{"rendered":"https:\/\/mundo.seashell.pt\/?post_type=product&#038;p=7208"},"modified":"2022-02-23T19:07:57","modified_gmt":"2022-02-23T19:07:57","slug":"agisol-gel-1l","status":"publish","type":"product","link":"https:\/\/mundo.seashell.pt\/?product=agisol-gel-1l","title":{"rendered":"Agisol Gel 1L"},"content":{"rendered":"<p>Agisol Gel 1L<\/p>\n<p>Gel poderoso para eliminar os res\u00edduos que aderem aos canos.<\/p>\n","protected":false},"excerpt":{"rendered":"<p>Agisol Gel 1L<\/p>\n<p>Gel poderoso para eliminar os res\u00edduos que aderem aos canos.<\/p>\n","protected":false},"featured_media":7209,"template":"","meta":{"spay_email":""},"product_cat":[15],"product_tag":[],"class_list":{"0":"post-7208","1":"product","2":"type-product","3":"status-publish","4":"has-post-thumbnail","6":"product_cat-sem-categoria","8":"first","9":"instock","10":"taxable","11":"shipping-taxable","12":"purchasable","13":"product-type-simple"},"acf":[],"jetpack-related-posts":[{"id":7212,"url":"https:\/\/mundo.seashell.pt\/?product=destop-gel-express-odor-stop-1l","url_meta":{"origin":7208,"position":0},"title":"Destop Gel Express Odor Stop 1L","date":"Fevereiro 23, 2022","format":false,"excerpt":"Destop Elimina Odores 1L Destop gel Express, desentupidor poderoso com soda c\u00e1ustica. Dissolve eficazmente as mat\u00e9rias org\u00e2nicas, como cabelos e gorduras, sem perigo para as suas canaliza\u00e7\u00f5es. Ataca diretamente o entupimento em 30 minutos. Benef\u00edcios: - Sem cheiro a amon\u00edaco;- Ataca diretamente o entupimento em 5 mi...","rel":"","context":"Similar post","img":{"alt_text":"","src":"https:\/\/i0.wp.com\/mundo.seashell.pt\/wp-content\/uploads\/2022\/02\/003075051.jpeg?resize=350%2C200&ssl=1","width":350,"height":200},"classes":[]},{"id":7214,"url":"https:\/\/mundo.seashell.pt\/?product=destop-gel-express-odor-stop-1l-1","url_meta":{"origin":7208,"position":1},"title":"Destop Gel Express Odor Stop 1L","date":"Fevereiro 23, 2022","format":false,"excerpt":"Destop gel Express, desentupidor poderoso com soda c\u00e1ustica. Dissolve eficazmente as mat\u00e9rias org\u00e2nicas, como cabelos e gorduras, sem perigo para as suas canaliza\u00e7\u00f5es. Ataca diretamente o entupimento em 30 minutos. Para utilizar o produto deve aplicar duas tampas em cada cano que considerar necess\u00e1rio e deixar atuar cerca de 30min.\u2026","rel":"","context":"Similar post","img":{"alt_text":"","src":"https:\/\/i0.wp.com\/mundo.seashell.pt\/wp-content\/uploads\/2022\/02\/4568973-frente.jpeg?resize=350%2C200&ssl=1","width":350,"height":200},"classes":[]},{"id":7216,"url":"https:\/\/mundo.seashell.pt\/?product=destop-turbo-gel-1l","url_meta":{"origin":7208,"position":2},"title":"Destop TURBO Gel 1L","date":"Fevereiro 23, 2022","format":false,"excerpt":"Destop gel Turbo+ desentupidor poderoso super concentrado de atua\u00e7\u00e3o r\u00e1pida. O gel espesso atua mais rapidamente que um l\u00edquido, atravessando a \u00e1gua parada para desobstruir diretamente o entupimento. Dissolve eficazmente as mat\u00e9rias org\u00e2nicas, como cabelos e gorduras, sem perigo para as suas canaliza\u00e7\u00f5es. Ataca diretamente o entupimento em 5 ...","rel":"","context":"Similar post","img":{"alt_text":"","src":"https:\/\/i0.wp.com\/mundo.seashell.pt\/wp-content\/uploads\/2022\/02\/4855381-frente.jpeg?resize=350%2C200&ssl=1","width":350,"height":200},"classes":[]},{"id":6315,"url":"https:\/\/mundo.seashell.pt\/?product=neoblanc-liquid-gel-original-1l","url_meta":{"origin":7208,"position":3},"title":"Neoblanc Liquid Gel Original 1L","date":"Fevereiro 23, 2022","format":false,"excerpt":"Neoblanc densa e perfumada sem odor e sem salpicos. Neoblanc a \u00fanica lix\u00edvia com Sistema Salvafibra que protege os tecidos.","rel":"","context":"Similar post","img":{"alt_text":"","src":"https:\/\/i0.wp.com\/mundo.seashell.pt\/wp-content\/uploads\/2022\/02\/NEOBLANC_LIQUID_GEL_HARMONIAS_FLORAIS_1L___________________8001480020443.png?resize=350%2C200&ssl=1","width":350,"height":200},"classes":[]},{"id":7210,"url":"https:\/\/mundo.seashell.pt\/?product=mr-muscle-com-lixivia-1l","url_meta":{"origin":7208,"position":4},"title":"Mr. Muscle com Lix\u00edvia 1L","date":"Fevereiro 23, 2022","format":false,"excerpt":"Desentupidor De Canos Gel Mr Muscle Com Lixivia 1 Lt Para canos entupidos, deite 1\/4 a 1\/3 do conte\u00fado. Deixe actuar 30 minutos e deite \u00e1gua quente. Ap\u00f3s deitar o produto, n\u00e3o utilize objectos desentupidores. Para canos totalmente entupidos, deixe atuar durante toda a noite. Para manter um bom funcionamento\u2026","rel":"","context":"Similar post","img":{"alt_text":"","src":"https:\/\/i0.wp.com\/mundo.seashell.pt\/wp-content\/uploads\/2022\/02\/2174889-frente.jpeg?resize=350%2C200&ssl=1","width":350,"height":200},"classes":[]},{"id":7218,"url":"https:\/\/mundo.seashell.pt\/?product=destop-manutencao-canalizacao-750ml","url_meta":{"origin":7208,"position":5},"title":"Destop Manuten\u00e7\u00e3o Canaliza\u00e7\u00e3o 750ml","date":"Fevereiro 23, 2022","format":false,"excerpt":"Destop gel Manute\u00e7\u00e3o limpa e desinfeta as suas canaliza\u00e7\u00f5es, evitando todos os inconvenientes associados a uma m\u00e1 manuten\u00e7\u00e3o das mesmas tais como entupimentos, acumula\u00e7\u00e3o de res\u00edduos, maus odores e prolifera\u00e7\u00e3o de bact\u00e9rias. Pode ser utilizado em todos os tipos de canaliza\u00e7\u00f5es.Benef\u00edcios: - Elimina os odores;- Previne a ac...","rel":"","context":"Similar post","img":{"alt_text":"","src":"https:\/\/i0.wp.com\/mundo.seashell.pt\/wp-content\/uploads\/2022\/02\/5063304-frente.jpeg?resize=350%2C200&ssl=1","width":350,"height":200},"classes":[]}],"_links":{"self":[{"href":"https:\/\/mundo.seashell.pt\/index.php?rest_route=\/wp\/v2\/product\/7208","targetHints":{"allow":["GET"]}}],"collection":[{"href":"https:\/\/mundo.seashell.pt\/index.php?rest_route=\/wp\/v2\/product"}],"about":[{"href":"https:\/\/mundo.seashell.pt\/index.php?rest_route=\/wp\/v2\/types\/product"}],"wp:featuredmedia":[{"embeddable":true,"href":"https:\/\/mundo.seashell.pt\/index.php?rest_route=\/wp\/v2\/media\/7209"}],"wp:attachment":[{"href":"https:\/\/mundo.seashell.pt\/index.php?rest_route=%2Fwp%2Fv2%2Fmedia&parent=7208"}],"wp:term":[{"taxonomy":"product_cat","embeddable":true,"href":"https:\/\/mundo.seashell.pt\/index.php?rest_route=%2Fwp%2Fv2%2Fproduct_cat&post=7208"},{"taxonomy":"product_tag","embeddable":true,"href":"https:\/\/mundo.seashell.pt\/index.php?rest_route=%2Fwp%2Fv2%2Fproduct_tag&post=7208"}],"curies":[{"name":"wp","href":"https:\/\/api.w.org\/{rel}","templated":true}]}}