{"id":7200,"date":"2022-02-23T19:07:53","date_gmt":"2022-02-23T19:07:53","guid":{"rendered":"https:\/\/mundo.seashell.pt\/?post_type=product&#038;p=7200"},"modified":"2022-02-23T19:07:54","modified_gmt":"2022-02-23T19:07:54","slug":"energizer-cr2025-1-pilha","status":"publish","type":"product","link":"https:\/\/mundo.seashell.pt\/?product=energizer-cr2025-1-pilha","title":{"rendered":"Energizer CR2025 1 Pilha"},"content":{"rendered":"<p>Pilhas miniatura Energizer, alta pot\u00eancia para equipamentos especiais.<\/p>\n<ul><\/ul>\n<p>Energizer CR2025 1 Pilha<\/p><\/p>\n","protected":false},"excerpt":{"rendered":"<p>Energizer CR2025 1 Pilha<\/p>\n","protected":false},"featured_media":7201,"template":"","meta":{"spay_email":""},"product_cat":[15],"product_tag":[],"class_list":{"0":"post-7200","1":"product","2":"type-product","3":"status-publish","4":"has-post-thumbnail","6":"product_cat-sem-categoria","8":"first","9":"instock","10":"taxable","11":"shipping-taxable","12":"purchasable","13":"product-type-simple"},"acf":[],"jetpack-related-posts":[{"id":7202,"url":"https:\/\/mundo.seashell.pt\/?product=energizer-cr3032-1-pilha","url_meta":{"origin":7200,"position":0},"title":"Energizer CR3032 1 Pilha","date":"Fevereiro 23, 2022","format":false,"excerpt":"Pilhas miniatura Energizer, pot\u00eancia duradoura para equipamentos especiais. Tipo de produto: CR2032 Linha: Energizer Lithium Tens\u00e3o: 3V","rel":"","context":"Similar post","img":{"alt_text":"","src":"https:\/\/i0.wp.com\/mundo.seashell.pt\/wp-content\/uploads\/2022\/02\/transferir__1_-1.png?resize=350%2C200&ssl=1","width":350,"height":200},"classes":[]},{"id":7204,"url":"https:\/\/mundo.seashell.pt\/?product=energizer-a23-1-pilha","url_meta":{"origin":7200,"position":1},"title":"Energizer A23 1 Pilha","date":"Fevereiro 23, 2022","format":false,"excerpt":"Energizer A23 1 Pilha Pilhas Energizer, alta pot\u00eancia para equipamentos especiais. Tipo de produto: A27 Tens\u00e3o: 12V","rel":"","context":"Similar post","img":{"alt_text":"","src":"https:\/\/i0.wp.com\/mundo.seashell.pt\/wp-content\/uploads\/2022\/02\/transferir__1_-1.jpeg?resize=350%2C200&ssl=1","width":350,"height":200},"classes":[]},{"id":7196,"url":"https:\/\/mundo.seashell.pt\/?product=energizer-9v-1-pilha","url_meta":{"origin":7200,"position":2},"title":"Energizer  9V 1 Pilha","date":"Fevereiro 23, 2022","format":false,"excerpt":"Energizer 9V 1 Pilha Utilize a pilha energizer alkaline power 6LR61 (9V) para dar energia aos diferentes dispositivos que necessite. Energia duradoura para os dispositivos que utiliza diariamente.","rel":"","context":"Similar post","img":{"alt_text":"","src":"https:\/\/i0.wp.com\/mundo.seashell.pt\/wp-content\/uploads\/2022\/02\/pilha-energizer-alkaline-power-6lr61-9v-blister-de-1-um.jpeg?resize=350%2C200&ssl=1","width":350,"height":200},"classes":[]},{"id":7198,"url":"https:\/\/mundo.seashell.pt\/?product=energizer-cr2016-1-pilha","url_meta":{"origin":7200,"position":3},"title":"Energizer CR2016 1 Pilha","date":"Fevereiro 23, 2022","format":false,"excerpt":"Energizer CR2016 1 Pilha As baterias de bot\u00f5es de l\u00edtio energizer est\u00e3o entre as mais escolhidas pelos consumidores por serem uma fonte comprovada de energia fi\u00e1vel.\u00a0 Esta c\u00e9lula de moedas CR2016 de 3V \u00e9 uma bateria prim\u00e1ria de alta qualidade para o seu monitor de batimentos card\u00edacos ou glicose, fob\u2026","rel":"","context":"Similar post","img":{"alt_text":"","src":"https:\/\/i0.wp.com\/mundo.seashell.pt\/wp-content\/uploads\/2022\/02\/transferir-1.jpeg?resize=350%2C200&ssl=1","width":350,"height":200},"classes":[]},{"id":7190,"url":"https:\/\/mundo.seashell.pt\/?product=energizer-pilhas-aa-5-pilhas","url_meta":{"origin":7200,"position":4},"title":"Energizer Pilhas AA 5 Pilhas","date":"Fevereiro 23, 2022","format":false,"excerpt":"Energizer Pilhas AAA 5 Pilhas Bateria alcalina AA de uso geral e econ\u00f4mica de 1,5V, que oferece alta durabilidade mesmo sem uso cont\u00ednuo e boa resposta a baixas temperaturas. O Energizer Alkaline Power agora dura mais que seus antecessores e \u00e9 ideal para uso di\u00e1rio. Especifica\u00e7\u00f5es de energia alcalina do\u2026","rel":"","context":"Similar post","img":{"alt_text":"","src":"https:\/\/i0.wp.com\/mundo.seashell.pt\/wp-content\/uploads\/2022\/02\/energizer_1.jpeg?resize=350%2C200&ssl=1","width":350,"height":200},"classes":[]},{"id":7192,"url":"https:\/\/mundo.seashell.pt\/?product=energizer-pilhas-alcalinas-c-2-pilhas","url_meta":{"origin":7200,"position":5},"title":"Energizer Pilhas Alcalinas C 2 Pilhas","date":"Fevereiro 23, 2022","format":false,"excerpt":"Energizer Pilhas AAA 5 Pilhas Bateria alcalina AA de uso geral e econ\u00f4mica de 1,5V, que oferece alta durabilidade mesmo sem uso cont\u00ednuo e boa resposta a baixas temperaturas. O Energizer Alkaline Power agora dura mais que seus antecessores e \u00e9 ideal para uso di\u00e1rio. Especifica\u00e7\u00f5es de energia alcalina do\u2026","rel":"","context":"Similar post","img":{"alt_text":"","src":"https:\/\/i0.wp.com\/mundo.seashell.pt\/wp-content\/uploads\/2022\/02\/pilha-energizer-alkaline-power-lr14-c-blister-de-2-un.jpeg?resize=350%2C200&ssl=1","width":350,"height":200},"classes":[]}],"_links":{"self":[{"href":"https:\/\/mundo.seashell.pt\/index.php?rest_route=\/wp\/v2\/product\/7200","targetHints":{"allow":["GET"]}}],"collection":[{"href":"https:\/\/mundo.seashell.pt\/index.php?rest_route=\/wp\/v2\/product"}],"about":[{"href":"https:\/\/mundo.seashell.pt\/index.php?rest_route=\/wp\/v2\/types\/product"}],"wp:featuredmedia":[{"embeddable":true,"href":"https:\/\/mundo.seashell.pt\/index.php?rest_route=\/wp\/v2\/media\/7201"}],"wp:attachment":[{"href":"https:\/\/mundo.seashell.pt\/index.php?rest_route=%2Fwp%2Fv2%2Fmedia&parent=7200"}],"wp:term":[{"taxonomy":"product_cat","embeddable":true,"href":"https:\/\/mundo.seashell.pt\/index.php?rest_route=%2Fwp%2Fv2%2Fproduct_cat&post=7200"},{"taxonomy":"product_tag","embeddable":true,"href":"https:\/\/mundo.seashell.pt\/index.php?rest_route=%2Fwp%2Fv2%2Fproduct_tag&post=7200"}],"curies":[{"name":"wp","href":"https:\/\/api.w.org\/{rel}","templated":true}]}}