{"id":7198,"date":"2022-02-23T19:07:52","date_gmt":"2022-02-23T19:07:52","guid":{"rendered":"https:\/\/mundo.seashell.pt\/?post_type=product&#038;p=7198"},"modified":"2022-02-23T19:07:53","modified_gmt":"2022-02-23T19:07:53","slug":"energizer-cr2016-1-pilha","status":"publish","type":"product","link":"https:\/\/mundo.seashell.pt\/?product=energizer-cr2016-1-pilha","title":{"rendered":"Energizer CR2016 1 Pilha"},"content":{"rendered":"<p>Energizer CR2016 1 Pilha<\/p>\n<p>As baterias de bot\u00f5es de l\u00edtio energizer est\u00e3o entre as mais escolhidas pelos consumidores por serem uma fonte comprovada de energia fi\u00e1vel.&nbsp;<\/p>\n<p>Esta c\u00e9lula de moedas CR2016 de 3V \u00e9 uma bateria prim\u00e1ria de alta qualidade para o seu monitor de batimentos card\u00edacos ou glicose, fob chave ou outros dispositivos comapatible.<\/p>\n<p>\u00c9 uma substitui\u00e7\u00e3o direta para estas baterias: 280-202, 280-204, 280-206, 5000LC, BR2016, DL2016, SB-T11, ECR2016. Gra\u00e7as \u00e0 qu\u00edmica do l\u00edtio, esta bateria funciona de forma fi\u00e1vel em temperaturas de -30C a 60C. \u00c9 extremamente leve e tem uma taxa de auto-descarga muito baixa, dando-lhe um prazo de validade de at\u00e9 8 anos, para que voc\u00ea possa ter muitas pe\u00e7as sobressalentes \u00e0 m\u00e3o. O Energizer embala agora as suas c\u00e9lulas de moedas de 20 mm em embalagens de bolhas resistentes \u00e0s crian\u00e7as, para ajudar a prevenir o perigo de ingest\u00e3o.<\/p>\n","protected":false},"excerpt":{"rendered":"<p>Energizer CR2016 1 Pilha<br \/>\nAs baterias de bot\u00f5es de l\u00edtio energizer est\u00e3o entre as mais escolhidas pelos consumidores por serem uma fonte comprovada de energia fi\u00e1vel.\u00a0<br \/>\nEsta c\u00e9lula de moedas CR2016 de 3V \u00e9 uma bateria prim\u00e1ria de alta qualidade para o seu monitor de batimentos card\u00edacos ou glicose, fob chave ou outros disposi&#8230;<\/p>\n","protected":false},"featured_media":7199,"template":"","meta":{"spay_email":""},"product_cat":[15],"product_tag":[],"class_list":{"0":"post-7198","1":"product","2":"type-product","3":"status-publish","4":"has-post-thumbnail","6":"product_cat-sem-categoria","8":"first","9":"instock","10":"taxable","11":"shipping-taxable","12":"purchasable","13":"product-type-simple"},"acf":[],"jetpack-related-posts":[{"id":7190,"url":"https:\/\/mundo.seashell.pt\/?product=energizer-pilhas-aa-5-pilhas","url_meta":{"origin":7198,"position":0},"title":"Energizer Pilhas AA 5 Pilhas","date":"Fevereiro 23, 2022","format":false,"excerpt":"Energizer Pilhas AAA 5 Pilhas Bateria alcalina AA de uso geral e econ\u00f4mica de 1,5V, que oferece alta durabilidade mesmo sem uso cont\u00ednuo e boa resposta a baixas temperaturas. O Energizer Alkaline Power agora dura mais que seus antecessores e \u00e9 ideal para uso di\u00e1rio. Especifica\u00e7\u00f5es de energia alcalina do\u2026","rel":"","context":"Similar post","img":{"alt_text":"","src":"https:\/\/i0.wp.com\/mundo.seashell.pt\/wp-content\/uploads\/2022\/02\/energizer_1.jpeg?resize=350%2C200&ssl=1","width":350,"height":200},"classes":[]},{"id":7192,"url":"https:\/\/mundo.seashell.pt\/?product=energizer-pilhas-alcalinas-c-2-pilhas","url_meta":{"origin":7198,"position":1},"title":"Energizer Pilhas Alcalinas C 2 Pilhas","date":"Fevereiro 23, 2022","format":false,"excerpt":"Energizer Pilhas AAA 5 Pilhas Bateria alcalina AA de uso geral e econ\u00f4mica de 1,5V, que oferece alta durabilidade mesmo sem uso cont\u00ednuo e boa resposta a baixas temperaturas. O Energizer Alkaline Power agora dura mais que seus antecessores e \u00e9 ideal para uso di\u00e1rio. Especifica\u00e7\u00f5es de energia alcalina do\u2026","rel":"","context":"Similar post","img":{"alt_text":"","src":"https:\/\/i0.wp.com\/mundo.seashell.pt\/wp-content\/uploads\/2022\/02\/pilha-energizer-alkaline-power-lr14-c-blister-de-2-un.jpeg?resize=350%2C200&ssl=1","width":350,"height":200},"classes":[]},{"id":7194,"url":"https:\/\/mundo.seashell.pt\/?product=energizer-d-2-pilhas","url_meta":{"origin":7198,"position":2},"title":"Energizer D 2 Pilhas","date":"Fevereiro 23, 2022","format":false,"excerpt":"Energizer Pilhas AAA 5 Pilhas Bateria alcalina AA de uso geral e econ\u00f4mica de 1,5V, que oferece alta durabilidade mesmo sem uso cont\u00ednuo e boa resposta a baixas temperaturas. O Energizer Alkaline Power agora dura mais que seus antecessores e \u00e9 ideal para uso di\u00e1rio. Especifica\u00e7\u00f5es de energia alcalina do\u2026","rel":"","context":"Similar post","img":{"alt_text":"","src":"https:\/\/i0.wp.com\/mundo.seashell.pt\/wp-content\/uploads\/2022\/02\/pilha-energizer-alkaline-power-lr20-d-blister-de-2-un.jpeg?resize=350%2C200&ssl=1","width":350,"height":200},"classes":[]},{"id":7204,"url":"https:\/\/mundo.seashell.pt\/?product=energizer-a23-1-pilha","url_meta":{"origin":7198,"position":3},"title":"Energizer A23 1 Pilha","date":"Fevereiro 23, 2022","format":false,"excerpt":"Energizer A23 1 Pilha Pilhas Energizer, alta pot\u00eancia para equipamentos especiais. Tipo de produto: A27 Tens\u00e3o: 12V","rel":"","context":"Similar post","img":{"alt_text":"","src":"https:\/\/i0.wp.com\/mundo.seashell.pt\/wp-content\/uploads\/2022\/02\/transferir__1_-1.jpeg?resize=350%2C200&ssl=1","width":350,"height":200},"classes":[]},{"id":7196,"url":"https:\/\/mundo.seashell.pt\/?product=energizer-9v-1-pilha","url_meta":{"origin":7198,"position":4},"title":"Energizer  9V 1 Pilha","date":"Fevereiro 23, 2022","format":false,"excerpt":"Energizer 9V 1 Pilha Utilize a pilha energizer alkaline power 6LR61 (9V) para dar energia aos diferentes dispositivos que necessite. Energia duradoura para os dispositivos que utiliza diariamente.","rel":"","context":"Similar post","img":{"alt_text":"","src":"https:\/\/i0.wp.com\/mundo.seashell.pt\/wp-content\/uploads\/2022\/02\/pilha-energizer-alkaline-power-6lr61-9v-blister-de-1-um.jpeg?resize=350%2C200&ssl=1","width":350,"height":200},"classes":[]},{"id":7200,"url":"https:\/\/mundo.seashell.pt\/?product=energizer-cr2025-1-pilha","url_meta":{"origin":7198,"position":5},"title":"Energizer CR2025 1 Pilha","date":"Fevereiro 23, 2022","format":false,"excerpt":"Energizer CR2025 1 Pilha","rel":"","context":"Similar post","img":{"alt_text":"","src":"https:\/\/i0.wp.com\/mundo.seashell.pt\/wp-content\/uploads\/2022\/02\/transferir-1.png?resize=350%2C200&ssl=1","width":350,"height":200},"classes":[]}],"_links":{"self":[{"href":"https:\/\/mundo.seashell.pt\/index.php?rest_route=\/wp\/v2\/product\/7198","targetHints":{"allow":["GET"]}}],"collection":[{"href":"https:\/\/mundo.seashell.pt\/index.php?rest_route=\/wp\/v2\/product"}],"about":[{"href":"https:\/\/mundo.seashell.pt\/index.php?rest_route=\/wp\/v2\/types\/product"}],"wp:featuredmedia":[{"embeddable":true,"href":"https:\/\/mundo.seashell.pt\/index.php?rest_route=\/wp\/v2\/media\/7199"}],"wp:attachment":[{"href":"https:\/\/mundo.seashell.pt\/index.php?rest_route=%2Fwp%2Fv2%2Fmedia&parent=7198"}],"wp:term":[{"taxonomy":"product_cat","embeddable":true,"href":"https:\/\/mundo.seashell.pt\/index.php?rest_route=%2Fwp%2Fv2%2Fproduct_cat&post=7198"},{"taxonomy":"product_tag","embeddable":true,"href":"https:\/\/mundo.seashell.pt\/index.php?rest_route=%2Fwp%2Fv2%2Fproduct_tag&post=7198"}],"curies":[{"name":"wp","href":"https:\/\/api.w.org\/{rel}","templated":true}]}}