{"id":7188,"date":"2022-02-23T19:07:47","date_gmt":"2022-02-23T19:07:47","guid":{"rendered":"https:\/\/mundo.seashell.pt\/?post_type=product&#038;p=7188"},"modified":"2022-02-23T19:07:48","modified_gmt":"2022-02-23T19:07:48","slug":"extra-total-det-liquido-80-doses","status":"publish","type":"product","link":"https:\/\/mundo.seashell.pt\/?product=extra-total-det-liquido-80-doses","title":{"rendered":"Extra total Det. L\u00edquido 80 Doses"},"content":{"rendered":"<p>O Xtra Total em p\u00f3&nbsp;oferece-lhe m\u00faltiplos benef\u00edcios num s\u00f3 detergente. A sua f\u00f3rmula penetra no interior das fibras eliminando as n\u00f3doas e dando brilho \u00e0 sua roupa. Para al\u00e9m disso, possui um efeito neutralizador de odores que funciona como \u00edman que atrai e anula os maus cheiros, proporcionando uma frescura prolongada da roupa e um perfume agrad\u00e1vel e duradouro, em cada lavagem. Seja esperto, tenha tanto por t\u00e3o pouco!<\/p>\n<h3>Tipo de produto:<\/h3>\n<p>Detergente em P\u00f3<\/p>\n<h3>Benef\u00edcios:<\/h3>\n<p>&#8211; Elimina as n\u00f3doas;<br \/>&#8211; Efeito neutralizador de odores;<br \/>&#8211; D\u00e1 brilho \u00e0 sua roupa;<br \/>&#8211; At\u00e9 50% mais frescura durante semanas;<br \/>&#8211; Agrad\u00e1vel fragr\u00e2ncia de flores da primavera.<\/p>\n","protected":false},"excerpt":{"rendered":"<p>O Xtra Total em p\u00f3\u00a0oferece-lhe m\u00faltiplos benef\u00edcios num s\u00f3 detergente. A sua f\u00f3rmula penetra no interior das fibras eliminando as n\u00f3doas e dando brilho \u00e0 sua roupa. Para al\u00e9m disso, possui um efeito neutralizador de odores que funciona como \u00edman que atrai e anula os maus cheiros, proporcionando uma frescura prolongada da roupa e um perfu&#8230;<\/p>\n","protected":false},"featured_media":7189,"template":"","meta":{"spay_email":""},"product_cat":[15],"product_tag":[],"class_list":{"0":"post-7188","1":"product","2":"type-product","3":"status-publish","4":"has-post-thumbnail","6":"product_cat-sem-categoria","8":"first","9":"instock","10":"taxable","11":"shipping-taxable","12":"purchasable","13":"product-type-simple"},"acf":[],"jetpack-related-posts":[{"id":6543,"url":"https:\/\/mundo.seashell.pt\/?product=x-tra-det-liquido-50-doses","url_meta":{"origin":7188,"position":0},"title":"Xtra Det. L\u00edquido 50 Doses","date":"Fevereiro 23, 2022","format":false,"excerpt":"O X-tra gel oferece-lhe m\u00faltiplos benef\u00edcios num s\u00f3 detergente. A sua f\u00f3rmula penetra no interior das fibras eliminando as n\u00f3doas e dando brilho \u00e0 sua roupa. Para al\u00e9m disso, possui um efeito neutralizador de odores que funciona como \u00edman que atrai e anula os maus cheiros, proporcionando uma frescura prolongada\u2026","rel":"","context":"Similar post","img":{"alt_text":"","src":"https:\/\/i0.wp.com\/mundo.seashell.pt\/wp-content\/uploads\/2022\/02\/XTRA_UNIVERSAL_GEL__P18___50D_8410436320184.png?resize=350%2C200&ssl=1","width":350,"height":200},"classes":[]},{"id":6649,"url":"https:\/\/mundo.seashell.pt\/?product=sanytol-tira-nodoas-em-po-450gr","url_meta":{"origin":7188,"position":1},"title":"Sanytol Tira N\u00f3doas em P\u00f3 450gr","date":"Fevereiro 23, 2022","format":false,"excerpt":"Tira-N\u00f3doas Desinfetante em p\u00f3 que destr\u00f3i 99,9% dos micr\u00f3bios e que elimina eficazmente as manchas mais persistentes mesmo a baixas temperaturas. A sua f\u00f3rmula \u00fanica \u00e0 base de enzimas e oxig\u00e9nio ativo penetra no cora\u00e7\u00e3o das fibras t\u00eaxteis para remover as n\u00f3doas, eliminar o tom amarelado e reavivar o branco\u2026","rel":"","context":"Similar post","img":{"alt_text":"","src":"https:\/\/i0.wp.com\/mundo.seashell.pt\/wp-content\/uploads\/2022\/02\/SANYTOL_TIRA_NO_DOAS_BRANQUEADOR_450g_3045206382601.png?resize=350%2C200&ssl=1","width":350,"height":200},"classes":[]},{"id":6657,"url":"https:\/\/mundo.seashell.pt\/?product=vanish-oxi-action-em-po-420gr","url_meta":{"origin":7188,"position":2},"title":"Vanish Oxi Action em P\u00f3 420Gr","date":"Fevereiro 23, 2022","format":false,"excerpt":"Depois de lavar a roupa, continua com maus odores e n\u00f3doas? Vanish oxi action p\u00f3 elimina odores \u00e9 um tira-n\u00f3doas poderoso sem lix\u00edvia que, para al\u00e9m de remover todo o tipo de n\u00f3doas, cont\u00e9m uma tecnologia de neutraliza\u00e7\u00e3o de odores. Pode ser utilizado em pr\u00e9-tratamento, de molho ou diretamente na\u2026","rel":"","context":"Similar post","img":{"alt_text":"","src":"https:\/\/i0.wp.com\/mundo.seashell.pt\/wp-content\/uploads\/2022\/02\/Vanish_Oxi_Action_Po__White_420G_4_P_x6_5601217134332.png?resize=350%2C200&ssl=1","width":350,"height":200},"classes":[]},{"id":6561,"url":"https:\/\/mundo.seashell.pt\/?product=persil-universal-40-doses","url_meta":{"origin":7188,"position":3},"title":"Persil Universal 40 Doses","date":"Fevereiro 23, 2022","format":false,"excerpt":"Persil Universal com tecnologia Limpeza Profunda penetra no interior das fibras removendo at\u00e9 as n\u00f3doas mais dif\u00edceis. Tudo isto, garantindo o cuidado dos tecidos e a frescura duradoura de Persil. Tipo de produto: Detergente P\u00f3Benef\u00edcios: - Limpeza Profunda;- Elimina as n\u00f3doas mais dif\u00edceis;- Frescura d...","rel":"","context":"Similar post","img":{"alt_text":"","src":"https:\/\/i0.wp.com\/mundo.seashell.pt\/wp-content\/uploads\/2022\/02\/05228010102276____1__600x600.jpeg?resize=350%2C200&ssl=1","width":350,"height":200},"classes":[]},{"id":6563,"url":"https:\/\/mundo.seashell.pt\/?product=persil-universal-80-doses","url_meta":{"origin":7188,"position":4},"title":"Persil Universal 80 Doses","date":"Fevereiro 23, 2022","format":false,"excerpt":"Persil Universal com tecnologia Limpeza Profunda penetra no interior das fibras removendo at\u00e9 as n\u00f3doas mais dif\u00edceis. Tudo isto, garantindo o cuidado dos tecidos e a frescura duradoura de Persil. Tipo de produto: Detergente P\u00f3 Benef\u00edcios: - Limpeza Profunda;- Elimina as n\u00f3doas mais dif\u00edceis;- Frescura ...","rel":"","context":"Similar post","img":{"alt_text":"","src":"https:\/\/i0.wp.com\/mundo.seashell.pt\/wp-content\/uploads\/2022\/02\/PERSIL_UNIVERSAL_PO__80D_8410436357258.png?resize=350%2C200&ssl=1","width":350,"height":200},"classes":[]},{"id":6521,"url":"https:\/\/mundo.seashell.pt\/?product=persil-det-liquido-para-maquina-de-lavar-roupa","url_meta":{"origin":7188,"position":5},"title":"Persil Det. L\u00edquido para M\u00e1quina de Lavar Roupa 25 Doses","date":"Fevereiro 23, 2022","format":false,"excerpt":"Persil com tecnologia Limpeza Ativa penetra no interior das fibras removendo at\u00e9 as n\u00f3doas mais dif\u00edceis. Tudo isto, garantindo o cuidado dos tecidos e a frescura duradoura de Persil. Tipo de produto: Detergente L\u00edquidoBenef\u00edcios: - Limpeza Profunda;- Elimina N\u00f3doas;- Frescura Duradoura. Conselh...","rel":"","context":"Similar post","img":{"alt_text":"","src":"https:\/\/i0.wp.com\/mundo.seashell.pt\/wp-content\/uploads\/2022\/02\/PERSIL_COLOR_GEL___R___25D_8410436334433.png?resize=350%2C200&ssl=1","width":350,"height":200},"classes":[]}],"_links":{"self":[{"href":"https:\/\/mundo.seashell.pt\/index.php?rest_route=\/wp\/v2\/product\/7188","targetHints":{"allow":["GET"]}}],"collection":[{"href":"https:\/\/mundo.seashell.pt\/index.php?rest_route=\/wp\/v2\/product"}],"about":[{"href":"https:\/\/mundo.seashell.pt\/index.php?rest_route=\/wp\/v2\/types\/product"}],"wp:featuredmedia":[{"embeddable":true,"href":"https:\/\/mundo.seashell.pt\/index.php?rest_route=\/wp\/v2\/media\/7189"}],"wp:attachment":[{"href":"https:\/\/mundo.seashell.pt\/index.php?rest_route=%2Fwp%2Fv2%2Fmedia&parent=7188"}],"wp:term":[{"taxonomy":"product_cat","embeddable":true,"href":"https:\/\/mundo.seashell.pt\/index.php?rest_route=%2Fwp%2Fv2%2Fproduct_cat&post=7188"},{"taxonomy":"product_tag","embeddable":true,"href":"https:\/\/mundo.seashell.pt\/index.php?rest_route=%2Fwp%2Fv2%2Fproduct_tag&post=7188"}],"curies":[{"name":"wp","href":"https:\/\/api.w.org\/{rel}","templated":true}]}}