{"id":7178,"date":"2022-02-23T19:07:44","date_gmt":"2022-02-23T19:07:44","guid":{"rendered":"https:\/\/mundo.seashell.pt\/?post_type=product&#038;p=7178"},"modified":"2022-02-23T19:07:45","modified_gmt":"2022-02-23T19:07:45","slug":"vanish-tira-nodoas-pet-750-ml","status":"publish","type":"product","link":"https:\/\/mundo.seashell.pt\/?product=vanish-tira-nodoas-pet-750-ml","title":{"rendered":"Vanish Tira N\u00f3doas Pet 750 ml"},"content":{"rendered":"<h3>Conselhos de utiliza\u00e7\u00e3o:<\/h3>\n<p>Pulverize Vanish Oxi Action diretamente na zona afectada e esfregue gentilmente. Deixe estar durante 1-5 minutos antes de lavar normalmente.<\/p>\n<p>As n\u00f3doas mais pesadas podem requerer uma segunda aplica\u00e7\u00e3o.<\/p>\n<h3>Benef\u00edcios:<\/h3>\n<p>&#8211; Elimina a sujidade provocada pelos animais de estima\u00e7\u00e3o \u00e0 1\u00aa utiliza\u00e7\u00e3o;<br \/>&#8211; Ideal para grandes superf\u00edcies e \u00e1reas de grande circula\u00e7\u00e3o.<\/p>\n<h3>Conselhos de utiliza\u00e7\u00e3o:<\/h3>\n<p>Agite bem e pulverize a uma dist\u00e2ncia de 80cm por cima da \u00e1rea que precisa de tratamento. Pulverize sempre de cima para baixo e n\u00e3o o contr\u00e1rio. Trabalhe a espuma na carpete, usando um pano limpo ou outro utens\u00edlio apropriado para limpeza de carpetes. Deixe, aproximadamente, 2 horas ou at\u00e9 secar, e depois aspire.<\/p>\n<p><\/p>\n","protected":false},"excerpt":{"rendered":"<p>Conselhos de utiliza\u00e7\u00e3o:<br \/>\nPulverize Vanish Oxi Action diretamente na zona afectada e esfregue gentilmente. Deixe estar durante 1-5 minutos antes de lavar normalmente. As n\u00f3doas mais pesadas podem requerer uma segunda aplica\u00e7\u00e3o.<\/p>\n","protected":false},"featured_media":7179,"template":"","meta":{"spay_email":""},"product_cat":[15],"product_tag":[],"class_list":{"0":"post-7178","1":"product","2":"type-product","3":"status-publish","4":"has-post-thumbnail","6":"product_cat-sem-categoria","8":"first","9":"instock","10":"taxable","11":"shipping-taxable","12":"purchasable","13":"product-type-simple"},"acf":[],"jetpack-related-posts":[{"id":6467,"url":"https:\/\/mundo.seashell.pt\/?product=vanish-karpex-spray-05l","url_meta":{"origin":7178,"position":0},"title":"Vanish Karpex Spray 500ml","date":"Fevereiro 23, 2022","format":false,"excerpt":"Est\u00e1 a ter bastante dificuldade a remover a n\u00f3doa que encontrou na sua carpete? Vanish Oxi Action spray produz resultados incr\u00edveis \u00e0 primeira! Vanish Oxi Action spray consegue remover completamente at\u00e9 as n\u00f3doas mais dif\u00edceis da sua carpete e estofos.Conselhos de utiliza\u00e7\u00e3o: Pulverize Vanish Oxi Action diretamente na zona afe...","rel":"","context":"Similar post","img":{"alt_text":"","src":"https:\/\/i0.wp.com\/mundo.seashell.pt\/wp-content\/uploads\/2022\/02\/Vanish_Karpex_Spray_500mlx6_5701092110213.png?resize=350%2C200&ssl=1","width":350,"height":200},"classes":[]},{"id":6657,"url":"https:\/\/mundo.seashell.pt\/?product=vanish-oxi-action-em-po-420gr","url_meta":{"origin":7178,"position":1},"title":"Vanish Oxi Action em P\u00f3 420Gr","date":"Fevereiro 23, 2022","format":false,"excerpt":"Depois de lavar a roupa, continua com maus odores e n\u00f3doas? Vanish oxi action p\u00f3 elimina odores \u00e9 um tira-n\u00f3doas poderoso sem lix\u00edvia que, para al\u00e9m de remover todo o tipo de n\u00f3doas, cont\u00e9m uma tecnologia de neutraliza\u00e7\u00e3o de odores. Pode ser utilizado em pr\u00e9-tratamento, de molho ou diretamente na\u2026","rel":"","context":"Similar post","img":{"alt_text":"","src":"https:\/\/i0.wp.com\/mundo.seashell.pt\/wp-content\/uploads\/2022\/02\/Vanish_Oxi_Action_Po__White_420G_4_P_x6_5601217134332.png?resize=350%2C200&ssl=1","width":350,"height":200},"classes":[]},{"id":6659,"url":"https:\/\/mundo.seashell.pt\/?product=vanish-tira-nodoas-em-po-branqueador-600gr","url_meta":{"origin":7178,"position":2},"title":"Vanish Tira N\u00f3doas em P\u00f3 Branqueador 600Gr","date":"Fevereiro 23, 2022","format":false,"excerpt":"Frustrado com n\u00f3doas que parecem n\u00e3o sair e brancos que tendem a tornar-se cinzentos com o tempo? Vanish oxi action em p\u00f3 para roupas brancas tem uma nova f\u00f3rmula que, para al\u00e9m de remover n\u00f3doas dif\u00edceis \u00e0 primeira, garante brancos mais brancos, mesmo ap\u00f3s 50 lavagens. Vanish oxi action em\u2026","rel":"","context":"Similar post","img":{"alt_text":"","src":"https:\/\/i0.wp.com\/mundo.seashell.pt\/wp-content\/uploads\/2022\/02\/VANISH_REGULAR_PO_WHITE_14X600g_8410104884758.png?resize=350%2C200&ssl=1","width":350,"height":200},"classes":[]},{"id":6661,"url":"https:\/\/mundo.seashell.pt\/?product=vanish-tora-nodoas-em-po-600gr","url_meta":{"origin":7178,"position":3},"title":"Vanish Tora N\u00f3doas em P\u00f3 600Gr","date":"Fevereiro 23, 2022","format":false,"excerpt":"Frustrado com n\u00f3doas que parecem n\u00e3o sair e brancos que tendem a tornar-se cinzentos com o tempo? Vanish oxi action em p\u00f3 para roupas brancas tem uma nova f\u00f3rmula que, para al\u00e9m de remover n\u00f3doas dif\u00edceis \u00e0 primeira, garante brancos mais brancos, mesmo ap\u00f3s 50 lavagens. Vanish oxi action em\u2026","rel":"","context":"Similar post","img":{"alt_text":"","src":"","width":0,"height":0},"classes":[]},{"id":6641,"url":"https:\/\/mundo.seashell.pt\/?product=vanish-oxi-action-odores-912gr","url_meta":{"origin":7178,"position":4},"title":"Vanish Oxi Action Odores 912gr","date":"Fevereiro 23, 2022","format":false,"excerpt":"Vanish Oxi Action Odores\u00a0Benef\u00edcios: - Elimina n\u00f3doas em apenas 30 segundos, em algumas n\u00f3doas como vinho tinto, r\u00edmel, base de maquilhagem e molho de soja;- F\u00f3rmula 2x mais concentrada;- Cabe\u00e7a massajadora. Conselhos de utiliza\u00e7\u00e3o: Aplique na n\u00f3doa e espalhe em c\u00edrculos. Deixe atuar durante 1 a 5min...","rel":"","context":"Similar post","img":{"alt_text":"","src":"https:\/\/i0.wp.com\/mundo.seashell.pt\/wp-content\/uploads\/2022\/02\/Vanish_gel_Oxi_Odores_912ml_x6_8410104893842.png?resize=350%2C200&ssl=1","width":350,"height":200},"classes":[]},{"id":6625,"url":"https:\/\/mundo.seashell.pt\/?product=vanish-oxi-action-tira-nodoas-075l","url_meta":{"origin":7178,"position":5},"title":"Vanish Oxi Action Tira N\u00f3doas 750ml","date":"Fevereiro 23, 2022","format":false,"excerpt":"Tipo de produto: Tira N\u00f3doas Benef\u00edcios: - Remove n\u00f3doas \u00e0 primeira mesmo em \u00e1gua fria;- Brancos mais brancos, mesmo ap\u00f3s 50 lavagens;- Efic\u00e1cia em ciclos curtos;- Seguro para todos os tecidos. Conselhos de utiliza\u00e7\u00e3o: Aplique na n\u00f3doa e espalhe em c\u00edrculos. Deixe atuar durante 1 a 5min, no...","rel":"","context":"Similar post","img":{"alt_text":"","src":"https:\/\/i0.wp.com\/mundo.seashell.pt\/wp-content\/uploads\/2022\/02\/VANISH_SPRAY_ROUPABRANCA750ML_X6_8410104898496.png?resize=350%2C200&ssl=1","width":350,"height":200},"classes":[]}],"_links":{"self":[{"href":"https:\/\/mundo.seashell.pt\/index.php?rest_route=\/wp\/v2\/product\/7178","targetHints":{"allow":["GET"]}}],"collection":[{"href":"https:\/\/mundo.seashell.pt\/index.php?rest_route=\/wp\/v2\/product"}],"about":[{"href":"https:\/\/mundo.seashell.pt\/index.php?rest_route=\/wp\/v2\/types\/product"}],"wp:featuredmedia":[{"embeddable":true,"href":"https:\/\/mundo.seashell.pt\/index.php?rest_route=\/wp\/v2\/media\/7179"}],"wp:attachment":[{"href":"https:\/\/mundo.seashell.pt\/index.php?rest_route=%2Fwp%2Fv2%2Fmedia&parent=7178"}],"wp:term":[{"taxonomy":"product_cat","embeddable":true,"href":"https:\/\/mundo.seashell.pt\/index.php?rest_route=%2Fwp%2Fv2%2Fproduct_cat&post=7178"},{"taxonomy":"product_tag","embeddable":true,"href":"https:\/\/mundo.seashell.pt\/index.php?rest_route=%2Fwp%2Fv2%2Fproduct_tag&post=7178"}],"curies":[{"name":"wp","href":"https:\/\/api.w.org\/{rel}","templated":true}]}}