{"id":7172,"date":"2022-02-23T19:07:27","date_gmt":"2022-02-23T19:07:27","guid":{"rendered":"https:\/\/mundo.seashell.pt\/?post_type=product&#038;p=7172"},"modified":"2022-02-23T19:07:28","modified_gmt":"2022-02-23T19:07:28","slug":"woolite-roupa-delicada-25-doses","status":"publish","type":"product","link":"https:\/\/mundo.seashell.pt\/?product=woolite-roupa-delicada-25-doses","title":{"rendered":"Woolite Roupa Delicada 25 Doses"},"content":{"rendered":"<p>Woolite prote\u00e7\u00e3o l\u00e3s e sedas \u00e9 um detergente l\u00edquido para a m\u00e1quina de lavar roupa. \u00c9 o \u00fanico detergente do mercado com queratina que mant\u00e9m a sua roupa delicada como nova durante mais tempo e limpa e protege sem danificar os tecidos.<\/p>\n<h3>Benef\u00edcios:<\/h3>\n<p>&#8211; F\u00f3rmula com queratina;<br \/>&#8211; Para roupa de cor;<br \/>&#8211; Mant\u00e9m a intensidade das cores;<br \/>&#8211; Evita a perda das cores;<br \/>&#8211; Cuida das fibras sem danificar.<\/p>\n<h3>Conselhos de utiliza\u00e7\u00e3o:<\/h3>\n<p>Siga sempre os conselhos de lavagem que constam nas etiquetas da roupa, em especial a temperatura de lavagem. Ao lavar pela primeira vez pe\u00e7as de roupa novas, em especial as de cor, lave-as separadas de outra roupa. Para lavagem \u00e0 m\u00e1quina, coloque o produto na gaveta da m\u00e1quina com a tampa doseadora.<\/p>\n","protected":false},"excerpt":{"rendered":"<p>Woolite prote\u00e7\u00e3o l\u00e3s e sedas \u00e9 um detergente l\u00edquido para a m\u00e1quina de lavar roupa. \u00c9 o \u00fanico detergente do mercado com queratina que mant\u00e9m a sua roupa delicada como nova durante mais tempo e limpa e protege sem danificar os tecidos.<\/p>\n<p>Benef\u00edcios:<br \/>\n&#8211; F\u00f3rmula com queratina;- Para roupa de cor;- Mant\u00e9m a intensidade d&#8230;<\/p>\n","protected":false},"featured_media":7173,"template":"","meta":{"spay_email":""},"product_cat":[15],"product_tag":[],"class_list":{"0":"post-7172","1":"product","2":"type-product","3":"status-publish","4":"has-post-thumbnail","6":"product_cat-sem-categoria","8":"first","9":"instock","10":"taxable","11":"shipping-taxable","12":"purchasable","13":"product-type-simple"},"acf":[],"jetpack-related-posts":[{"id":6539,"url":"https:\/\/mundo.seashell.pt\/?product=woolite-det-liquido-para-maquina-de-lavaer-ruopa","url_meta":{"origin":7172,"position":0},"title":"Woolite Detergente L\u00edquido 56 Doses","date":"Fevereiro 23, 2022","format":false,"excerpt":"Woolite prote\u00e7\u00e3o l\u00e3s e sedas \u00e9 um detergente l\u00edquido para a m\u00e1quina de lavar roupa. \u00c9 o \u00fanico detergente do mercado com queratina que mant\u00e9m a sua roupa delicada como nova durante mais tempo e limpa e protege sem danificar os tecidos. Woolite sport \u00e9 um detergente l\u00edquido especialmente desenvolvido\u2026","rel":"","context":"Similar post","img":{"alt_text":"","src":"https:\/\/i0.wp.com\/mundo.seashell.pt\/wp-content\/uploads\/2022\/02\/Woolite_P._Brancos_56Dx6_5601217134264.png?resize=350%2C200&ssl=1","width":350,"height":200},"classes":[]},{"id":6583,"url":"https:\/\/mundo.seashell.pt\/?product=woolite-roupa-escura23-capsulas","url_meta":{"origin":7172,"position":1},"title":"Woolite Roupa Escura 23 C\u00e1psulas","date":"Fevereiro 23, 2022","format":false,"excerpt":"Woolite prote\u00e7\u00e3o escuros, gangas e pretos \u00e9 um detergente l\u00edquido para a m\u00e1quina de lavar roupa. \u00c9 o \u00fanico detergente do mercado com queratina que mant\u00e9m a sua roupa escura como nova durante mais tempo. Limpa e protege sem danificar os tecidos. Mant\u00e9m as suas roupas como novas lavagem ap\u00f3s\u2026","rel":"","context":"Similar post","img":{"alt_text":"","src":"","width":0,"height":0},"classes":[]},{"id":7174,"url":"https:\/\/mundo.seashell.pt\/?product=woolite-roupa-desportiva-30-doses","url_meta":{"origin":7172,"position":2},"title":"Woolite Roupa Desportiva  30 Doses","date":"Fevereiro 23, 2022","format":false,"excerpt":"Mant\u00e9m as suas roupas como novas, lavagem ap\u00f3s lavagem!Descri\u00e7\u00e3o: Woolite sport \u00e9 um detergente l\u00edquido especialmente desenvolvido para a limpeza e prote\u00e7\u00e3o de roupa desportiva. Elimina os odores mais dif\u00edceis e mant\u00e9m a elasticidade das roupas, evitando o encolher das mesmas e o desbotar das cores. Tipo de produto...","rel":"","context":"Similar post","img":{"alt_text":"","src":"https:\/\/i0.wp.com\/mundo.seashell.pt\/wp-content\/uploads\/2022\/02\/7051720-frente.jpeg?resize=350%2C200&ssl=1","width":350,"height":200},"classes":[]},{"id":7168,"url":"https:\/\/mundo.seashell.pt\/?product=norit-detergente-liquido-roupa-escura-32-doses","url_meta":{"origin":7172,"position":3},"title":"Norit Detergente L\u00edquido Roupa Escura 32 doses","date":"Fevereiro 23, 2022","format":false,"excerpt":"Pretos t\u00e3o escuros e brilhantes como no primeiro dia, mesmo depois de v\u00e1rias lavagens.Descri\u00e7\u00e3o: As roupas escuras podem rapidamente perder o seu brilho original. Para evitar isso, \u00e9 importante lav\u00e1-los separadamente e com um detergente especial para roupas escuras. Gra\u00e7as aos seus agentes de fixa\u00e7\u00e3o e cuidados de cor, Norit\u2026","rel":"","context":"Similar post","img":{"alt_text":"","src":"https:\/\/i0.wp.com\/mundo.seashell.pt\/wp-content\/uploads\/2022\/02\/6787773-frente.jpeg?resize=350%2C200&ssl=1","width":350,"height":200},"classes":[]},{"id":6531,"url":"https:\/\/mundo.seashell.pt\/?product=norit-det-liquido-para-maquina-de-lavar-roupa","url_meta":{"origin":7172,"position":4},"title":"Norit Detergente L\u00edquido Beb\u00e9 32 doses","date":"Fevereiro 23, 2022","format":false,"excerpt":"Nem todos os detergentes s\u00e3o iguais e nem todos s\u00e3o adequados para lavar as roupas dos mais pequenos. Muitos detergentes convencionais cont\u00eam componentes que podem irritar a pele do beb\u00e9. Norit baby, gra\u00e7as \u00e0 sua f\u00f3rmula hipoalerg\u00eanica, sem conservantes sensibilizantes, sem enzimas e sem al\u00e9rgenos, faz com que seja o\u2026","rel":"","context":"Similar post","img":{"alt_text":"","src":"https:\/\/i0.wp.com\/mundo.seashell.pt\/wp-content\/uploads\/2022\/02\/NORIT_BEBE__32_DOSES_1125ml_8411660118219.png?resize=350%2C200&ssl=1","width":350,"height":200},"classes":[]},{"id":5792,"url":"https:\/\/mundo.seashell.pt\/?product=deliwool-5kg-lavandaria-manual","url_meta":{"origin":7172,"position":5},"title":"Detergente Deliwool 5kg","date":"Fevereiro 23, 2022","format":false,"excerpt":"Detergente l\u00edquido para lavagem de tecidos delicados ou l\u00e3, \u00e0 m\u00e3o e \u00e0 m\u00e1quina","rel":"","context":"Similar post","img":{"alt_text":"","src":"https:\/\/i0.wp.com\/mundo.seashell.pt\/wp-content\/uploads\/2022\/02\/deliwool.jpg?resize=350%2C200&ssl=1","width":350,"height":200},"classes":[]}],"_links":{"self":[{"href":"https:\/\/mundo.seashell.pt\/index.php?rest_route=\/wp\/v2\/product\/7172","targetHints":{"allow":["GET"]}}],"collection":[{"href":"https:\/\/mundo.seashell.pt\/index.php?rest_route=\/wp\/v2\/product"}],"about":[{"href":"https:\/\/mundo.seashell.pt\/index.php?rest_route=\/wp\/v2\/types\/product"}],"wp:featuredmedia":[{"embeddable":true,"href":"https:\/\/mundo.seashell.pt\/index.php?rest_route=\/wp\/v2\/media\/7173"}],"wp:attachment":[{"href":"https:\/\/mundo.seashell.pt\/index.php?rest_route=%2Fwp%2Fv2%2Fmedia&parent=7172"}],"wp:term":[{"taxonomy":"product_cat","embeddable":true,"href":"https:\/\/mundo.seashell.pt\/index.php?rest_route=%2Fwp%2Fv2%2Fproduct_cat&post=7172"},{"taxonomy":"product_tag","embeddable":true,"href":"https:\/\/mundo.seashell.pt\/index.php?rest_route=%2Fwp%2Fv2%2Fproduct_tag&post=7172"}],"curies":[{"name":"wp","href":"https:\/\/api.w.org\/{rel}","templated":true}]}}