{"id":7168,"date":"2022-02-23T19:07:23","date_gmt":"2022-02-23T19:07:23","guid":{"rendered":"https:\/\/mundo.seashell.pt\/?post_type=product&#038;p=7168"},"modified":"2022-02-23T19:07:25","modified_gmt":"2022-02-23T19:07:25","slug":"norit-detergente-liquido-roupa-escura-32-doses","status":"publish","type":"product","link":"https:\/\/mundo.seashell.pt\/?product=norit-detergente-liquido-roupa-escura-32-doses","title":{"rendered":"Norit Detergente L\u00edquido Roupa Escura 32 doses"},"content":{"rendered":"<p>Pretos t\u00e3o escuros e brilhantes como no primeiro dia, mesmo depois de v\u00e1rias lavagens.<\/p>\n<h3>Descri\u00e7\u00e3o:<\/h3>\n<p>As roupas escuras podem rapidamente perder o seu brilho original. Para evitar isso, \u00e9 importante lav\u00e1-los separadamente e com um detergente especial para roupas escuras. Gra\u00e7as aos seus agentes de fixa\u00e7\u00e3o e cuidados de cor, Norit roupa escura mant\u00e9m as cores escuras, fazendo com que as pe\u00e7as retenham o seu tom original por mais tempo.<\/p>\n<h3>Tipo de produto:<\/h3>\n<p>Detergente L\u00edquido<\/p>\n<h3>Benef\u00edcios:<\/h3>\n<p>&#8211; Mant\u00e9m o brilho;<br \/>&#8211; Evita a deforma\u00e7\u00e3o;<br \/>&#8211; Conserva a elasticidade dos tecidos.<\/p>\n<h3>Conselhos de utiliza\u00e7\u00e3o:<\/h3>\n<p>Indicado para lavar roupa \u00e0 m\u00e3o ou na m\u00e1quina. Separe as roupas de beb\u00e9 do resto da fam\u00edlia. Respeite sempre as recomenda\u00e7\u00f5es de lavagem indicadas na etiqueta da roupa. Se houver manchas, primeiro fa\u00e7a um pr\u00e9-tratamento: humede\u00e7a a \u00e1rea a tratar, aplique algumas gotas de Norit e esfregue suavemente antes de colocar a roupa a ser lavada. N\u00e3o encha completamente a m\u00e1quina de lavar roupa. Desta forma, as roupas t\u00eam mais liberdade e o detergente funciona melhor. N\u00e3o use amaciador, pois estes podem causar alergias na pele do beb\u00e9.<\/p>\n<p><\/p>\n<ul><\/ul>\n","protected":false},"excerpt":{"rendered":"<p>Pretos t\u00e3o escuros e brilhantes como no primeiro dia, mesmo depois de v\u00e1rias lavagens.Descri\u00e7\u00e3o:<br \/>\nAs roupas escuras podem rapidamente perder o seu brilho original. Para evitar isso, \u00e9 importante lav\u00e1-los separadamente e com um detergente especial para roupas escuras. Gra\u00e7as aos seus agentes de fixa\u00e7\u00e3o e cuidados de cor, Norit r&#8230;<\/p>\n","protected":false},"featured_media":7169,"template":"","meta":{"spay_email":""},"product_cat":[15],"product_tag":[],"class_list":{"0":"post-7168","1":"product","2":"type-product","3":"status-publish","4":"has-post-thumbnail","6":"product_cat-sem-categoria","8":"first","9":"instock","10":"taxable","11":"shipping-taxable","12":"purchasable","13":"product-type-simple"},"acf":[],"jetpack-related-posts":[{"id":6531,"url":"https:\/\/mundo.seashell.pt\/?product=norit-det-liquido-para-maquina-de-lavar-roupa","url_meta":{"origin":7168,"position":0},"title":"Norit Detergente L\u00edquido Beb\u00e9 32 doses","date":"Fevereiro 23, 2022","format":false,"excerpt":"Nem todos os detergentes s\u00e3o iguais e nem todos s\u00e3o adequados para lavar as roupas dos mais pequenos. Muitos detergentes convencionais cont\u00eam componentes que podem irritar a pele do beb\u00e9. Norit baby, gra\u00e7as \u00e0 sua f\u00f3rmula hipoalerg\u00eanica, sem conservantes sensibilizantes, sem enzimas e sem al\u00e9rgenos, faz com que seja o\u2026","rel":"","context":"Similar post","img":{"alt_text":"","src":"https:\/\/i0.wp.com\/mundo.seashell.pt\/wp-content\/uploads\/2022\/02\/NORIT_BEBE__32_DOSES_1125ml_8411660118219.png?resize=350%2C200&ssl=1","width":350,"height":200},"classes":[]},{"id":6583,"url":"https:\/\/mundo.seashell.pt\/?product=woolite-roupa-escura23-capsulas","url_meta":{"origin":7168,"position":1},"title":"Woolite Roupa Escura 23 C\u00e1psulas","date":"Fevereiro 23, 2022","format":false,"excerpt":"Woolite prote\u00e7\u00e3o escuros, gangas e pretos \u00e9 um detergente l\u00edquido para a m\u00e1quina de lavar roupa. \u00c9 o \u00fanico detergente do mercado com queratina que mant\u00e9m a sua roupa escura como nova durante mais tempo. Limpa e protege sem danificar os tecidos. Mant\u00e9m as suas roupas como novas lavagem ap\u00f3s\u2026","rel":"","context":"Similar post","img":{"alt_text":"","src":"","width":0,"height":0},"classes":[]},{"id":6539,"url":"https:\/\/mundo.seashell.pt\/?product=woolite-det-liquido-para-maquina-de-lavaer-ruopa","url_meta":{"origin":7168,"position":2},"title":"Woolite Detergente L\u00edquido 56 Doses","date":"Fevereiro 23, 2022","format":false,"excerpt":"Woolite prote\u00e7\u00e3o l\u00e3s e sedas \u00e9 um detergente l\u00edquido para a m\u00e1quina de lavar roupa. \u00c9 o \u00fanico detergente do mercado com queratina que mant\u00e9m a sua roupa delicada como nova durante mais tempo e limpa e protege sem danificar os tecidos. Woolite sport \u00e9 um detergente l\u00edquido especialmente desenvolvido\u2026","rel":"","context":"Similar post","img":{"alt_text":"","src":"https:\/\/i0.wp.com\/mundo.seashell.pt\/wp-content\/uploads\/2022\/02\/Woolite_P._Brancos_56Dx6_5601217134264.png?resize=350%2C200&ssl=1","width":350,"height":200},"classes":[]},{"id":7170,"url":"https:\/\/mundo.seashell.pt\/?product=norit-detergente-liquido-peles-sensiveis-40-doses","url_meta":{"origin":7168,"position":3},"title":"Norit Detergente L\u00edquido Peles Sens\u00edveis 40 doses","date":"Fevereiro 23, 2022","format":false,"excerpt":"Norit Detergente L\u00edquido Peles Sens\u00edveis 40 dosesBenef\u00edcios: - Mant\u00e9m o brilho;- Evita a deforma\u00e7\u00e3o;- Conserva a elasticidade dos tecidos. Conselhos de utiliza\u00e7\u00e3o: Indicado para lavar roupa \u00e0 m\u00e3o ou na m\u00e1quina. Separe as roupas de beb\u00e9 do resto da fam\u00edlia. Respeite sempre as recomenda\u00e7\u00f5es de lavagem ind...","rel":"","context":"Similar post","img":{"alt_text":"","src":"https:\/\/i0.wp.com\/mundo.seashell.pt\/wp-content\/uploads\/2022\/02\/transferir__24_.jpeg?resize=350%2C200&ssl=1","width":350,"height":200},"classes":[]},{"id":6682,"url":"https:\/\/mundo.seashell.pt\/?product=iberia-recupera-tingidos-4x50gr","url_meta":{"origin":7168,"position":4},"title":"Iberia Recupera tingidos 4x50gr","date":"Fevereiro 23, 2022","format":false,"excerpt":"Elimina tingimentos acidentaisRecupere a sua roupa branca desbotada na lavagemLavar \u00e0 m\u00e3o ou \u00e0 m\u00e1quinaUse em uma \u00fanica pe\u00e7a de roupa ou em roupas inteirasDecolor para tingir: tamb\u00e9m diminui a cor das roupas escuras antes de tingir","rel":"","context":"Similar post","img":{"alt_text":"","src":"https:\/\/i0.wp.com\/mundo.seashell.pt\/wp-content\/uploads\/2022\/02\/81Le_ADFgoL._AC_SL1500_.jpg?resize=350%2C200&ssl=1","width":350,"height":200},"classes":[]},{"id":7172,"url":"https:\/\/mundo.seashell.pt\/?product=woolite-roupa-delicada-25-doses","url_meta":{"origin":7168,"position":5},"title":"Woolite Roupa Delicada 25 Doses","date":"Fevereiro 23, 2022","format":false,"excerpt":"Woolite prote\u00e7\u00e3o l\u00e3s e sedas \u00e9 um detergente l\u00edquido para a m\u00e1quina de lavar roupa. \u00c9 o \u00fanico detergente do mercado com queratina que mant\u00e9m a sua roupa delicada como nova durante mais tempo e limpa e protege sem danificar os tecidos. Benef\u00edcios: - F\u00f3rmula com queratina;- Para roupa de\u2026","rel":"","context":"Similar post","img":{"alt_text":"","src":"https:\/\/i0.wp.com\/mundo.seashell.pt\/wp-content\/uploads\/2022\/02\/6623586-frente.jpeg?resize=350%2C200&ssl=1","width":350,"height":200},"classes":[]}],"_links":{"self":[{"href":"https:\/\/mundo.seashell.pt\/index.php?rest_route=\/wp\/v2\/product\/7168","targetHints":{"allow":["GET"]}}],"collection":[{"href":"https:\/\/mundo.seashell.pt\/index.php?rest_route=\/wp\/v2\/product"}],"about":[{"href":"https:\/\/mundo.seashell.pt\/index.php?rest_route=\/wp\/v2\/types\/product"}],"wp:featuredmedia":[{"embeddable":true,"href":"https:\/\/mundo.seashell.pt\/index.php?rest_route=\/wp\/v2\/media\/7169"}],"wp:attachment":[{"href":"https:\/\/mundo.seashell.pt\/index.php?rest_route=%2Fwp%2Fv2%2Fmedia&parent=7168"}],"wp:term":[{"taxonomy":"product_cat","embeddable":true,"href":"https:\/\/mundo.seashell.pt\/index.php?rest_route=%2Fwp%2Fv2%2Fproduct_cat&post=7168"},{"taxonomy":"product_tag","embeddable":true,"href":"https:\/\/mundo.seashell.pt\/index.php?rest_route=%2Fwp%2Fv2%2Fproduct_tag&post=7168"}],"curies":[{"name":"wp","href":"https:\/\/api.w.org\/{rel}","templated":true}]}}