{"id":7156,"date":"2022-02-23T19:06:57","date_gmt":"2022-02-23T19:06:57","guid":{"rendered":"https:\/\/mundo.seashell.pt\/?post_type=product&#038;p=7156"},"modified":"2022-02-23T19:06:59","modified_gmt":"2022-02-23T19:06:59","slug":"fairy-lava-loica-manual-jasmim-e-rosa-340ml","status":"publish","type":"product","link":"https:\/\/mundo.seashell.pt\/?product=fairy-lava-loica-manual-jasmim-e-rosa-340ml","title":{"rendered":"Fairy Lava Loi\u00e7a Manual Jasmim e Rosa 340ml"},"content":{"rendered":"<p>Eficaz contra a gordura e delicado com as m\u00e3os!<\/p>\n<h3>Descri\u00e7\u00e3o:<\/h3>\n<p>O detergente l\u00edquido Fairy limpeza e cuidado oferece-lhe o poder de limpeza que espera do Fairy para eliminar a gordura mais dif\u00edcil, sendo simultaneamente suave e delicado com as suas m\u00e3os. Experimente tamb\u00e9m o detergente para a m\u00e1quina da loi\u00e7a Fairy Platinum tudo em um, em pastilhas, para desfrutar de uma loi\u00e7a e de uma m\u00e1quina impec\u00e1veis. O detergente l\u00edquido Fairy limpeza e cuidado \u00e9 de tal forma concentrado que s\u00f3 necessitar\u00e1 de uma gota. Tamb\u00e9m est\u00e1 dispon\u00edvel nas variedades pepino e alo\u00e9 vera, em tamanhos diferentes.<\/p>\n<h3>Tipo de produto:<\/h3>\n<p>Detergente Manual<\/p>\n<h3>Notas\/Frag\u00e2ncia:<\/h3>\n<p>Jasmim Rosa<\/p>\n<h3>Benef\u00edcios:<\/h3>\n<p>&#8211; Eficaz contra a gordura;<br \/>&#8211; Delicado com as m\u00e3os, mantendo as suas m\u00e3os mais suaves e macias;<br \/>&#8211; Ultraduradouro at\u00e9 \u00e0 \u00faltima gota.<\/p>\n<h3>Conselhos de utiliza\u00e7\u00e3o:<\/h3>\n<p>Aplique o produto numa esponja molhada. Deixe a esponja absorver por uns segundos e lave.<\/p>\n<h3>Dicas:<\/h3>\n<p>Recomendamos que retire os an\u00e9is antes de lavar a loi\u00e7a para evitar a acumula\u00e7\u00e3o de \u00e1gua entre os an\u00e9is e os dedos.<\/p>\n<p><\/p>\n<ul><\/ul>\n","protected":false},"excerpt":{"rendered":"<p>Eficaz contra a gordura e delicado com as m\u00e3os!Descri\u00e7\u00e3o:<br \/>\nO detergente l\u00edquido Fairy limpeza e cuidado oferece-lhe o poder de limpeza que espera do Fairy para eliminar a gordura mais dif\u00edcil, sendo simultaneamente suave e delicado com as suas m\u00e3os. Experimente tamb\u00e9m o detergente para a m\u00e1quina da loi\u00e7a Fairy Platinum tudo em &#8230;<\/p>\n","protected":false},"featured_media":7157,"template":"","meta":{"spay_email":""},"product_cat":[15],"product_tag":[],"class_list":{"0":"post-7156","1":"product","2":"type-product","3":"status-publish","4":"has-post-thumbnail","6":"product_cat-sem-categoria","8":"first","9":"instock","10":"taxable","11":"shipping-taxable","12":"purchasable","13":"product-type-simple"},"acf":[],"jetpack-related-posts":[{"id":6475,"url":"https:\/\/mundo.seashell.pt\/?product=fairy-lava-loica-manua-034l","url_meta":{"origin":7156,"position":0},"title":"Fairy Lava Loi\u00e7a Manual Aloe Vera 340ml","date":"Fevereiro 23, 2022","format":false,"excerpt":"O Fairy ultra oferece-lhe o poder de limpeza ultraduradouro que espera para a sua lavagem, at\u00e9 \u00e0 \u00faltima gota. A sua f\u00f3rmula concentrada elimina a gordura mais dif\u00edcil proporcionando uma limpeza brilhante. N\u00e3o \u00e9 de espantar que o Fairy ultra seja o modelo de excel\u00eancia dos detergentes l\u00edquidos. Experimente tamb\u00e9m\u2026","rel":"","context":"Similar post","img":{"alt_text":"","src":"https:\/\/i0.wp.com\/mundo.seashell.pt\/wp-content\/uploads\/2022\/02\/FAIRY_ALOE_VERA_340_ML_8001841433806.png?resize=350%2C200&ssl=1","width":350,"height":200},"classes":[]},{"id":7162,"url":"https:\/\/mundo.seashell.pt\/?product=fairy-lava-loica-manual-original-480ml-1","url_meta":{"origin":7156,"position":1},"title":"Fairy Lava Loi\u00e7a Manual Original 480ml","date":"Fevereiro 23, 2022","format":false,"excerpt":"Detergente ultraduradouro at\u00e9 \u00e0 \u00faltima gota.Descri\u00e7\u00e3o: O Fairy ultra oferece-lhe o poder de limpeza ultraduradouro que espera para a sua lavagem, at\u00e9 \u00e0 \u00faltima gota. A sua f\u00f3rmula concentrada elimina a gordura mais dif\u00edcil proporcionando uma limpeza brilhante. N\u00e3o \u00e9 de espantar que o Fairy ultra seja o modelo de\u2026","rel":"","context":"Similar post","img":{"alt_text":"","src":"https:\/\/i0.wp.com\/mundo.seashell.pt\/wp-content\/uploads\/2022\/02\/5039180-frente.jpeg?resize=350%2C200&ssl=1","width":350,"height":200},"classes":[]},{"id":7164,"url":"https:\/\/mundo.seashell.pt\/?product=fairy-lava-loica-manual-original-15l","url_meta":{"origin":7156,"position":2},"title":"Fairy Lava Loi\u00e7a Manual Original 1,5L","date":"Fevereiro 23, 2022","format":false,"excerpt":"Detergente ultraduradouro at\u00e9 \u00e0 \u00faltima gota.Descri\u00e7\u00e3o: O Fairy ultra oferece-lhe o poder de limpeza ultraduradouro que espera para a sua lavagem, at\u00e9 \u00e0 \u00faltima gota. A sua f\u00f3rmula concentrada elimina a gordura mais dif\u00edcil proporcionando uma limpeza brilhante. N\u00e3o \u00e9 de espantar que o Fairy ultra seja o modelo de\u2026","rel":"","context":"Similar post","img":{"alt_text":"","src":"https:\/\/i0.wp.com\/mundo.seashell.pt\/wp-content\/uploads\/2022\/02\/5708424-frente.jpeg?resize=350%2C200&ssl=1","width":350,"height":200},"classes":[]},{"id":7158,"url":"https:\/\/mundo.seashell.pt\/?product=fairy-lava-loica-manual-original-325ml","url_meta":{"origin":7156,"position":3},"title":"Fairy Lava Loi\u00e7a Manual Original 325ml","date":"Fevereiro 23, 2022","format":false,"excerpt":"Eficaz ao eliminar gordura para uma loi\u00e7a extraordinariamente limpa e cintilante.Descri\u00e7\u00e3o: Fairy proporciona o poder de limpeza em que pode confiar a sua lavagem. A sua f\u00f3rmula concentrada ultra elimina instantaneamente a gordura, proporcionando-lhe uma limpeza brilhante. Uma gota de l\u00edquido lava muitos pratos, pois limpa 50%...","rel":"","context":"Similar post","img":{"alt_text":"","src":"https:\/\/i0.wp.com\/mundo.seashell.pt\/wp-content\/uploads\/2022\/02\/7094135-frente.jpeg?resize=350%2C200&ssl=1","width":350,"height":200},"classes":[]},{"id":7160,"url":"https:\/\/mundo.seashell.pt\/?product=fairy-lava-loica-manual-original-480ml","url_meta":{"origin":7156,"position":4},"title":"Fairy Lava Loi\u00e7a Manual Original 480ml","date":"Fevereiro 23, 2022","format":false,"excerpt":"Eficaz ao eliminar gordura para uma loi\u00e7a extraordinariamente limpa e cintilante. Descri\u00e7\u00e3o: Fairy proporciona o poder de limpeza em que pode confiar a sua lavagem. A sua f\u00f3rmula concentrada ultra elimina instantaneamente a gordura, proporcionando-lhe uma limpeza brilhante. Uma gota de l\u00edquido lava muitos pratos, pois limpa 50...","rel":"","context":"Similar post","img":{"alt_text":"","src":"https:\/\/i0.wp.com\/mundo.seashell.pt\/wp-content\/uploads\/2022\/02\/5039197-frente.jpeg?resize=350%2C200&ssl=1","width":350,"height":200},"classes":[]},{"id":6501,"url":"https:\/\/mundo.seashell.pt\/?product=fairy-fresh-laranja-25-pastilhas","url_meta":{"origin":7156,"position":5},"title":"Fairy Fresh Laranja 25 Pastilhas","date":"Fevereiro 23, 2022","format":false,"excerpt":"As c\u00e1psulas para m\u00e1quina da loi\u00e7a Fairy t\u00eam uma a\u00e7\u00e3o de limpeza \u00e0 primeira e a sua f\u00f3rmula remove mesmo a gordura incrustada. Fairy combina l\u00edquido e p\u00f3 numa s\u00f3 c\u00e1psula poderosa. O seu inv\u00f3lucro ultrassol\u00favel dissolve-se muito mais rapidamente do que as c\u00e1psulas prensadas, por isso come\u00e7am a funcionar\u2026","rel":"","context":"Similar post","img":{"alt_text":"","src":"https:\/\/i0.wp.com\/mundo.seashell.pt\/wp-content\/uploads\/2022\/02\/002299866.jpeg?resize=350%2C200&ssl=1","width":350,"height":200},"classes":[]}],"_links":{"self":[{"href":"https:\/\/mundo.seashell.pt\/index.php?rest_route=\/wp\/v2\/product\/7156","targetHints":{"allow":["GET"]}}],"collection":[{"href":"https:\/\/mundo.seashell.pt\/index.php?rest_route=\/wp\/v2\/product"}],"about":[{"href":"https:\/\/mundo.seashell.pt\/index.php?rest_route=\/wp\/v2\/types\/product"}],"wp:featuredmedia":[{"embeddable":true,"href":"https:\/\/mundo.seashell.pt\/index.php?rest_route=\/wp\/v2\/media\/7157"}],"wp:attachment":[{"href":"https:\/\/mundo.seashell.pt\/index.php?rest_route=%2Fwp%2Fv2%2Fmedia&parent=7156"}],"wp:term":[{"taxonomy":"product_cat","embeddable":true,"href":"https:\/\/mundo.seashell.pt\/index.php?rest_route=%2Fwp%2Fv2%2Fproduct_cat&post=7156"},{"taxonomy":"product_tag","embeddable":true,"href":"https:\/\/mundo.seashell.pt\/index.php?rest_route=%2Fwp%2Fv2%2Fproduct_tag&post=7156"}],"curies":[{"name":"wp","href":"https:\/\/api.w.org\/{rel}","templated":true}]}}