{"id":7152,"date":"2022-02-23T19:06:56","date_gmt":"2022-02-23T19:06:56","guid":{"rendered":"https:\/\/mundo.seashell.pt\/?post_type=product&#038;p=7152"},"modified":"2022-02-23T19:06:57","modified_gmt":"2022-02-23T19:06:57","slug":"bayeco-saco-e-sandes-22x35-40-sacos","status":"publish","type":"product","link":"https:\/\/mundo.seashell.pt\/?product=bayeco-saco-e-sandes-22x35-40-sacos","title":{"rendered":"Bayeco Saco e Sandes 22&#215;35 (40 Sacos)"},"content":{"rendered":"<h3>Tipo de produto:<\/h3>\n<p>Sacos para Alimentos<\/p>\n<h3>Benef\u00edcios:<\/h3>\n<p>&#8211; Sistema inovador cola-descola para abrir e voltar a fechar o saco.<\/p>\n<p><\/p>\n","protected":false},"excerpt":{"rendered":"<p>Tipo de produto:<br \/>\nSacos para AlimentosBenef\u00edcios:<br \/>\n&#8211; Sistema inovador cola-descola para abrir e voltar a fechar o saco.<\/p>\n","protected":false},"featured_media":7153,"template":"","meta":{"spay_email":""},"product_cat":[15],"product_tag":[],"class_list":{"0":"post-7152","1":"product","2":"type-product","3":"status-publish","4":"has-post-thumbnail","6":"product_cat-sem-categoria","8":"first","9":"instock","10":"taxable","11":"shipping-taxable","12":"purchasable","13":"product-type-simple"},"acf":[],"jetpack-related-posts":[{"id":7150,"url":"https:\/\/mundo.seashell.pt\/?product=bayeco-sacos-de-congelacao","url_meta":{"origin":7152,"position":0},"title":"Bayeco Sacos de Congela\u00e7\u00e3o","date":"Fevereiro 23, 2022","format":false,"excerpt":"Sacos de congela\u00e7\u00e3o com sistema de fecho por atilho.Tipo de produto: Sacos de Congela\u00e7\u00e3oConselhos de utiliza\u00e7\u00e3o: Para manter a qualidade do produto, n\u00e3o voltar a congelar ap\u00f3s a descongela\u00e7\u00e3o. Outras Informa\u00e7\u00f5es: Produto controlado por testes em laborat\u00f3rio.","rel":"","context":"Similar post","img":{"alt_text":"","src":"https:\/\/i0.wp.com\/mundo.seashell.pt\/wp-content\/uploads\/2022\/02\/00128023400352____1__600x600.jpeg?resize=350%2C200&ssl=1","width":350,"height":200},"classes":[]},{"id":7154,"url":"https:\/\/mundo.seashell.pt\/?product=bayeco-sacos-para-cubos-de-gelo-15un-x-24-cubos","url_meta":{"origin":7152,"position":1},"title":"Bayeco Sacos para Cubos de Gelo &#8211; 15un x 24 Cubos","date":"Fevereiro 23, 2022","format":false,"excerpt":"Tipo de produto: Sacos de Gelo","rel":"","context":"Similar post","img":{"alt_text":"","src":"https:\/\/i0.wp.com\/mundo.seashell.pt\/wp-content\/uploads\/2022\/02\/bayeco-bolsas-cubitos-600x600-1.png?resize=350%2C200&ssl=1","width":350,"height":200},"classes":[]},{"id":6165,"url":"https:\/\/mundo.seashell.pt\/?product=sistema-de-contentores-metalicos-geo-vileda","url_meta":{"origin":7152,"position":2},"title":"Sistema de Contentores Met\u00e1licos Geo &#8211; Vileda","date":"Fevereiro 23, 2022","format":false,"excerpt":"GEOSistema de reciclagem de apar\u00eancia met\u00e1lica. A gama inovadora e duradoura de contentores met\u00e1licos Geo \u00e9 o centro do seu sistema de recolha e reciclagem de res\u00edduos. A tecnologia de \" materiais combinados \" proporciona a durabilidade e o desempenho do pl\u00e1stico (f\u00e1cil de limpar, \u00e0 prova de ferrugem e\u2026","rel":"","context":"Similar post","img":{"alt_text":"","src":"https:\/\/i0.wp.com\/mundo.seashell.pt\/wp-content\/uploads\/2022\/02\/10-waste-management-03-recycling-bins-01-geo-portrait_PhotoRoom_20210418_123406.jpg?resize=350%2C200&ssl=1","width":350,"height":200},"classes":[]},{"id":5560,"url":"https:\/\/mundo.seashell.pt\/?product=saco-lixo-fecho-facil-preto","url_meta":{"origin":7152,"position":3},"title":"Sacos de Lixo com Fecho F\u00e1cil &#8211; Pretos","date":"Fevereiro 23, 2022","format":false,"excerpt":"Rolos de sacos de lixo dom\u00e9stico com fecho f\u00e1cil para uma maior comodidade.","rel":"","context":"Similar post","img":{"alt_text":"","src":"https:\/\/i0.wp.com\/mundo.seashell.pt\/wp-content\/uploads\/2022\/02\/sacos-rolo-lixo-fecho-facil_PhotoRoom_20210509_175208.jpg?resize=350%2C200&ssl=1","width":350,"height":200},"classes":[]},{"id":6235,"url":"https:\/\/mundo.seashell.pt\/?product=sacos-de-lixo-com-fecho-facil-brancos","url_meta":{"origin":7152,"position":4},"title":"Sacos de Lixo com Fecho F\u00e1cil &#8211; Brancos","date":"Fevereiro 23, 2022","format":false,"excerpt":"Rolos de sacos de lixo dom\u00e9stico com fecho f\u00e1cil para uma maior comodidade.","rel":"","context":"Similar post","img":{"alt_text":"","src":"https:\/\/i0.wp.com\/mundo.seashell.pt\/wp-content\/uploads\/2022\/02\/goods_02_436158-1.jpg?resize=350%2C200&ssl=1","width":350,"height":200},"classes":[]},{"id":6503,"url":"https:\/\/mundo.seashell.pt\/?product=fairy-platinum-limao-42-pastilhas","url_meta":{"origin":7152,"position":5},"title":"Fairy Platinum Lim\u00e3o 42 Pastilhas","date":"Fevereiro 23, 2022","format":false,"excerpt":"Tipo de produto: Detergente Pastilhas Notas\/Frag\u00e2ncia: Lim\u00e3oConselhos de utiliza\u00e7\u00e3o: C\u00e1psulas prontas a usar e sem necessidade de tirar o inv\u00f3lucro. Coloque uma c\u00e1psula na gaveta dispensadora e feche imediatamente. Manuseie com as m\u00e3os secas. N\u00e3o abra a embalagem nem perfure a c\u00e1psula. Feche novamente ...","rel":"","context":"Similar post","img":{"alt_text":"","src":"https:\/\/i0.wp.com\/mundo.seashell.pt\/wp-content\/uploads\/2022\/02\/7368608-hero.jpeg?resize=350%2C200&ssl=1","width":350,"height":200},"classes":[]}],"_links":{"self":[{"href":"https:\/\/mundo.seashell.pt\/index.php?rest_route=\/wp\/v2\/product\/7152","targetHints":{"allow":["GET"]}}],"collection":[{"href":"https:\/\/mundo.seashell.pt\/index.php?rest_route=\/wp\/v2\/product"}],"about":[{"href":"https:\/\/mundo.seashell.pt\/index.php?rest_route=\/wp\/v2\/types\/product"}],"wp:featuredmedia":[{"embeddable":true,"href":"https:\/\/mundo.seashell.pt\/index.php?rest_route=\/wp\/v2\/media\/7153"}],"wp:attachment":[{"href":"https:\/\/mundo.seashell.pt\/index.php?rest_route=%2Fwp%2Fv2%2Fmedia&parent=7152"}],"wp:term":[{"taxonomy":"product_cat","embeddable":true,"href":"https:\/\/mundo.seashell.pt\/index.php?rest_route=%2Fwp%2Fv2%2Fproduct_cat&post=7152"},{"taxonomy":"product_tag","embeddable":true,"href":"https:\/\/mundo.seashell.pt\/index.php?rest_route=%2Fwp%2Fv2%2Fproduct_tag&post=7152"}],"curies":[{"name":"wp","href":"https:\/\/api.w.org\/{rel}","templated":true}]}}