{"id":7148,"date":"2022-02-23T19:06:55","date_gmt":"2022-02-23T19:06:55","guid":{"rendered":"https:\/\/mundo.seashell.pt\/?post_type=product&#038;p=7148"},"modified":"2022-02-23T19:06:55","modified_gmt":"2022-02-23T19:06:55","slug":"bayeco-papel-vegetal-8m","status":"publish","type":"product","link":"https:\/\/mundo.seashell.pt\/?product=bayeco-papel-vegetal-8m","title":{"rendered":"Bayeco Papel Vegetal &#8211; 8m"},"content":{"rendered":"<p>Bayeco Papel Vegetal &#8211; 8m<\/p>\n<p>Antiaderente dos dois lados. Extremamente resistente a altas temperaturas.<\/p>\n<h3>Descri\u00e7\u00e3o:<\/h3>\n<p>O papel vegetal da Bayeco apresenta uma antiader\u00eancia em ambos os lados o que possibilita fazer cozinhardos menos gordurosos, \u00e9 extremamente resistente podendo ser utilizado at\u00e9 uma temperatura de 220\u00ba.<br \/>Este rolo de papel vegetal \u00e9 mais pr\u00e1tico de cortar permitindo um corte perfeito com a serrilha de pl\u00e1stico presente na sua embalagem.<\/p>\n<p><span style=\"color: rgb(17, 17, 17); font-size: 1.44em; font-weight: 700; font-family: inherit;\">Embalagem:<\/span><\/p>\n<p>100% recicl\u00e1vel e biodegrad\u00e1vel. Para prote\u00e7\u00e3o do ambiente, deposite esta embalagem no ecoponto.<\/p>\n<p><\/p>\n<p><\/p>\n<p><\/p>\n<ul><\/ul>\n","protected":false},"excerpt":{"rendered":"<p>Bayeco Papel Vegetal &#8211; 8m<br \/>\nAntiaderente dos dois lados. Extremamente resistente a altas temperaturas.Descri\u00e7\u00e3o:<br \/>\nO papel vegetal da Bayeco apresenta uma antiader\u00eancia em ambos os lados o que possibilita fazer cozinhardos menos gordurosos, \u00e9 extremamente resistente podendo ser utilizado at\u00e9 uma temperatura de 220\u00ba.Este&#8230;<\/p>\n","protected":false},"featured_media":7149,"template":"","meta":{"spay_email":""},"product_cat":[15],"product_tag":[],"class_list":{"0":"post-7148","1":"product","2":"type-product","3":"status-publish","4":"has-post-thumbnail","6":"product_cat-sem-categoria","8":"first","9":"instock","10":"taxable","11":"shipping-taxable","12":"purchasable","13":"product-type-simple"},"acf":[],"jetpack-related-posts":[{"id":7144,"url":"https:\/\/mundo.seashell.pt\/?product=bayeco-rolo-de-aluminio-10m","url_meta":{"origin":7148,"position":0},"title":"Bayeco Rolo de Alum\u00ednio 10m","date":"Fevereiro 23, 2022","format":false,"excerpt":"Alum\u00ednio com estrutura de tijolos para melhor conserva\u00e7\u00e3o do calor, maior flexibilidade e resist\u00eancia.Descri\u00e7\u00e3o: \u00c9 ideal para manter a frescura dos alimentos. Pode ser usado para conservar, cozinhar ou transportar.\u00c9 f\u00e1cil de usar pois tem um sistema de serra pl\u00e1stica que facilita o corte do alum\u00ednio e sistema de pressi...","rel":"","context":"Similar post","img":{"alt_text":"","src":"https:\/\/i0.wp.com\/mundo.seashell.pt\/wp-content\/uploads\/2022\/02\/Aluminio_Bayeco_30m.jpeg?resize=350%2C200&ssl=1","width":350,"height":200},"classes":[]},{"id":7252,"url":"https:\/\/mundo.seashell.pt\/?product=bayeco-microfibras-30x03cm-3-panos","url_meta":{"origin":7148,"position":1},"title":"Bayeco Microfibras 30x03cm 3 Panos","date":"Fevereiro 23, 2022","format":false,"excerpt":"O pacote de panos multiusos Bayeco inclui tr\u00eas panos 100% microfibras adequados para a limpeza de todos os tipos de superf\u00edcies. Com os panos multiusos Bayeco pode remover facilmente a gordura teimosa de qualquer superf\u00edcie da sua casa. O material torna estes panos altamente absorventes e deixa um acabamento perfeito\u2026","rel":"","context":"Similar post","img":{"alt_text":"","src":"https:\/\/i0.wp.com\/mundo.seashell.pt\/wp-content\/uploads\/2022\/02\/bayeco_panos.jpeg?resize=350%2C200&ssl=1","width":350,"height":200},"classes":[]},{"id":5474,"url":"https:\/\/mundo.seashell.pt\/?product=papel-vegetal-50x75-500f","url_meta":{"origin":7148,"position":2},"title":"Papel Vegetal 50&#215;75 (500F)","date":"Fevereiro 23, 2022","format":false,"excerpt":"Resma Papel Vegetal","rel":"","context":"Similar post","img":{"alt_text":"","src":"https:\/\/i0.wp.com\/mundo.seashell.pt\/wp-content\/uploads\/2022\/02\/PAPEL-VEGETAL_PhotoRoom_20210413_153810.jpg?resize=350%2C200&ssl=1","width":350,"height":200},"classes":[]},{"id":7120,"url":"https:\/\/mundo.seashell.pt\/?product=baygon-fita-apanha-moscas-4-un","url_meta":{"origin":7148,"position":3},"title":"Baygon Fita Apanha Moscas 4 Un","date":"Fevereiro 23, 2022","format":false,"excerpt":"Proteja a sua fam\u00edlia. Aproveite cada momento.Descri\u00e7\u00e3o: Apanha moscas sem inseticida, at\u00e9 6 semanas de efic\u00e1cia. Conselhos de utiliza\u00e7\u00e3o: Aque\u00e7a o tubo nas m\u00e3os para ficar \u00e0 temperatura ambiente. Retire a tampa de cart\u00e3o e extraia a tira, usando a fita colorida, rodando ligeiramente. Suspenda a tira, usando o ...","rel":"","context":"Similar post","img":{"alt_text":"","src":"https:\/\/i0.wp.com\/mundo.seashell.pt\/wp-content\/uploads\/2022\/02\/4383019-frente.jpeg?resize=350%2C200&ssl=1","width":350,"height":200},"classes":[]},{"id":7118,"url":"https:\/\/mundo.seashell.pt\/?product=agisol-fita-spanha-moscas-4-un","url_meta":{"origin":7148,"position":4},"title":"Agisol Fita Spanha Moscas 4 Un","date":"Fevereiro 23, 2022","format":false,"excerpt":"Fita adesiva em rolo, sem inseticida, para controlo de moscas. Proteja a sua fam\u00edlia. Aproveite cada momento.Descri\u00e7\u00e3o: Apanha moscas sem inseticida, at\u00e9 6 semanas de efic\u00e1cia. Conselhos de utiliza\u00e7\u00e3o: Aque\u00e7a o tubo nas m\u00e3os para ficar \u00e0 temperatura ambiente. Retire a tampa de cart\u00e3o e extraia a tira, us...","rel":"","context":"Similar post","img":{"alt_text":"","src":"https:\/\/i0.wp.com\/mundo.seashell.pt\/wp-content\/uploads\/2022\/02\/transferir__20_.jpeg?resize=350%2C200&ssl=1","width":350,"height":200},"classes":[]},{"id":5704,"url":"https:\/\/mundo.seashell.pt\/?product=flash-500ml","url_meta":{"origin":7148,"position":5},"title":"Limpador Natural Superactivo Flash","date":"Fevereiro 23, 2022","format":false,"excerpt":"Produto de limpeza r\u00e1pido e altamente eficaz em manchas de tinta, canetas de feltro e n\u00f3doas de gordura vegetal ou mineral.","rel":"","context":"Similar post","img":{"alt_text":"","src":"https:\/\/i0.wp.com\/mundo.seashell.pt\/wp-content\/uploads\/2022\/02\/flash.jpg?resize=350%2C200&ssl=1","width":350,"height":200},"classes":[]}],"_links":{"self":[{"href":"https:\/\/mundo.seashell.pt\/index.php?rest_route=\/wp\/v2\/product\/7148","targetHints":{"allow":["GET"]}}],"collection":[{"href":"https:\/\/mundo.seashell.pt\/index.php?rest_route=\/wp\/v2\/product"}],"about":[{"href":"https:\/\/mundo.seashell.pt\/index.php?rest_route=\/wp\/v2\/types\/product"}],"wp:featuredmedia":[{"embeddable":true,"href":"https:\/\/mundo.seashell.pt\/index.php?rest_route=\/wp\/v2\/media\/7149"}],"wp:attachment":[{"href":"https:\/\/mundo.seashell.pt\/index.php?rest_route=%2Fwp%2Fv2%2Fmedia&parent=7148"}],"wp:term":[{"taxonomy":"product_cat","embeddable":true,"href":"https:\/\/mundo.seashell.pt\/index.php?rest_route=%2Fwp%2Fv2%2Fproduct_cat&post=7148"},{"taxonomy":"product_tag","embeddable":true,"href":"https:\/\/mundo.seashell.pt\/index.php?rest_route=%2Fwp%2Fv2%2Fproduct_tag&post=7148"}],"curies":[{"name":"wp","href":"https:\/\/api.w.org\/{rel}","templated":true}]}}