{"id":7146,"date":"2022-02-23T19:06:54","date_gmt":"2022-02-23T19:06:54","guid":{"rendered":"https:\/\/mundo.seashell.pt\/?post_type=product&#038;p=7146"},"modified":"2022-02-23T19:06:55","modified_gmt":"2022-02-23T19:06:55","slug":"bayeco-filme-alimentar","status":"publish","type":"product","link":"https:\/\/mundo.seashell.pt\/?product=bayeco-filme-alimentar","title":{"rendered":"Bayeco Filme Alimentar"},"content":{"rendered":"<p>Extra aderente e m\u00e1xima flexibilidade.<\/p>\n<h3>Descri\u00e7\u00e3o:<\/h3>\n<p>A pel\u00edcula aderente de 100 metros da Bayeco est\u00e1 sempre pronta a usar.<\/p>\n<p>Tipo de produto:<\/p>\n<p>Pel\u00edcula Aderente<\/p><\/p>\n","protected":false},"excerpt":{"rendered":"<p>Extra aderente e m\u00e1xima flexibilidade.Descri\u00e7\u00e3o:<br \/>\nA pel\u00edcula aderente de 100 metros da Bayeco est\u00e1 sempre pronta a usar.<br \/>\nTipo de produto:<br \/>\nPel\u00edcula Aderente<\/p>\n","protected":false},"featured_media":7147,"template":"","meta":{"spay_email":""},"product_cat":[15],"product_tag":[],"class_list":{"0":"post-7146","1":"product","2":"type-product","3":"status-publish","4":"has-post-thumbnail","6":"product_cat-sem-categoria","8":"first","9":"instock","10":"taxable","11":"shipping-taxable","12":"purchasable","13":"product-type-simple"},"acf":[],"jetpack-related-posts":[{"id":6159,"url":"https:\/\/mundo.seashell.pt\/?product=pelicula-aderente-para-wrapmaster-vileda","url_meta":{"origin":7146,"position":0},"title":"Pel\u00edcula Aderente PE para Wrapmaster Vileda","date":"Fevereiro 23, 2022","format":false,"excerpt":"Consumiveis Wrapmaster O Wrapmaster \u00e9 o sistema dispensador profissional ideal de filmes e alum\u00ednio para a prote\u00e7\u00e3o e conserva\u00e7\u00e3o de alimentos perec\u00edveis. \u00c9 f\u00e1cil e r\u00e1pido de usar em qualquer lugar: em cantinas, cozinhas, catering.Benef\u00edcios do produto Filme PE respeitoso com o meio ambiente, flex\u00edvel e fortement...","rel":"","context":"Similar post","img":{"alt_text":"","src":"https:\/\/i0.wp.com\/mundo.seashell.pt\/wp-content\/uploads\/2022\/02\/09-films-foils-02-wrapmaster-refill-refill-pe-detail-580x435_PhotoRoom_20210418_123230.jpg?resize=350%2C200&ssl=1","width":350,"height":200},"classes":[]},{"id":5688,"url":"https:\/\/mundo.seashell.pt\/?product=grill-cleaner-plus-500ml","url_meta":{"origin":7146,"position":1},"title":"Desengordurante Natural Grill Cleaner Plus 500Ml","date":"Fevereiro 23, 2022","format":false,"excerpt":"Desengordurante altamente eficaz para remover gordura queimada.","rel":"","context":"Similar post","img":{"alt_text":"","src":"https:\/\/i0.wp.com\/mundo.seashell.pt\/wp-content\/uploads\/2022\/02\/grill_cleaner.jpg?resize=350%2C200&ssl=1","width":350,"height":200},"classes":[]},{"id":6571,"url":"https:\/\/mundo.seashell.pt\/?product=hansaplast-banda-universal-1m-x-6cm","url_meta":{"origin":7146,"position":2},"title":"Hansaplast Banda Universal 1m x 6cm","date":"Fevereiro 23, 2022","format":false,"excerpt":"Os pensos Hansaplast Universal s\u00e3o adequados para a cobertura e prote\u00e7\u00e3o de todos os tipos de feridas mais pequenas. Os pensos Hansaplast bloqueiam contra sujidade e bact\u00e9rias. O material \u00e9 respir\u00e1vel e resistente \u00e0 \u00e1gua. A compressa n\u00e3o aderente protege e amortece a ferida. A forte adesividade garante que o\u2026","rel":"","context":"Similar post","img":{"alt_text":"","src":"https:\/\/i0.wp.com\/mundo.seashell.pt\/wp-content\/uploads\/2022\/02\/Hansaplast_Banda_Universal_10_bandas_adesivas_1m_x_6cm_4005800174902.png?resize=350%2C200&ssl=1","width":350,"height":200},"classes":[]},{"id":7252,"url":"https:\/\/mundo.seashell.pt\/?product=bayeco-microfibras-30x03cm-3-panos","url_meta":{"origin":7146,"position":3},"title":"Bayeco Microfibras 30x03cm 3 Panos","date":"Fevereiro 23, 2022","format":false,"excerpt":"O pacote de panos multiusos Bayeco inclui tr\u00eas panos 100% microfibras adequados para a limpeza de todos os tipos de superf\u00edcies. Com os panos multiusos Bayeco pode remover facilmente a gordura teimosa de qualquer superf\u00edcie da sua casa. O material torna estes panos altamente absorventes e deixa um acabamento perfeito\u2026","rel":"","context":"Similar post","img":{"alt_text":"","src":"https:\/\/i0.wp.com\/mundo.seashell.pt\/wp-content\/uploads\/2022\/02\/bayeco_panos.jpeg?resize=350%2C200&ssl=1","width":350,"height":200},"classes":[]},{"id":6161,"url":"https:\/\/mundo.seashell.pt\/?product=folha-de-aluminio-para-wrapmaster-vileda","url_meta":{"origin":7146,"position":4},"title":"Folha de Alum\u00ednio para Wrapmaster Vileda","date":"Fevereiro 23, 2022","format":false,"excerpt":"Consumiveis Wrapmaster. O Wrapmaster \u00e9 o sistema dispensador profissional ideal de filmes e alum\u00ednio para a prote\u00e7\u00e3o e conserva\u00e7\u00e3o de alimentos perec\u00edveis. \u00c9 f\u00e1cil e r\u00e1pido de usar em qualquer lugar: em cantinas, cozinhas, catering.Benef\u00edcios do produtoFilme PE respeitoso com o meio ambiente, flex\u00edvel e fortement...","rel":"","context":"Similar post","img":{"alt_text":"","src":"https:\/\/i0.wp.com\/mundo.seashell.pt\/wp-content\/uploads\/2022\/02\/09-films-foils-02-wrapmaster-refill-refill-alu-detail-580x435_PhotoRoom_20210418_123654.jpg?resize=350%2C200&ssl=1","width":350,"height":200},"classes":[]},{"id":7154,"url":"https:\/\/mundo.seashell.pt\/?product=bayeco-sacos-para-cubos-de-gelo-15un-x-24-cubos","url_meta":{"origin":7146,"position":5},"title":"Bayeco Sacos para Cubos de Gelo &#8211; 15un x 24 Cubos","date":"Fevereiro 23, 2022","format":false,"excerpt":"Tipo de produto: Sacos de Gelo","rel":"","context":"Similar post","img":{"alt_text":"","src":"https:\/\/i0.wp.com\/mundo.seashell.pt\/wp-content\/uploads\/2022\/02\/bayeco-bolsas-cubitos-600x600-1.png?resize=350%2C200&ssl=1","width":350,"height":200},"classes":[]}],"_links":{"self":[{"href":"https:\/\/mundo.seashell.pt\/index.php?rest_route=\/wp\/v2\/product\/7146","targetHints":{"allow":["GET"]}}],"collection":[{"href":"https:\/\/mundo.seashell.pt\/index.php?rest_route=\/wp\/v2\/product"}],"about":[{"href":"https:\/\/mundo.seashell.pt\/index.php?rest_route=\/wp\/v2\/types\/product"}],"wp:featuredmedia":[{"embeddable":true,"href":"https:\/\/mundo.seashell.pt\/index.php?rest_route=\/wp\/v2\/media\/7147"}],"wp:attachment":[{"href":"https:\/\/mundo.seashell.pt\/index.php?rest_route=%2Fwp%2Fv2%2Fmedia&parent=7146"}],"wp:term":[{"taxonomy":"product_cat","embeddable":true,"href":"https:\/\/mundo.seashell.pt\/index.php?rest_route=%2Fwp%2Fv2%2Fproduct_cat&post=7146"},{"taxonomy":"product_tag","embeddable":true,"href":"https:\/\/mundo.seashell.pt\/index.php?rest_route=%2Fwp%2Fv2%2Fproduct_tag&post=7146"}],"curies":[{"name":"wp","href":"https:\/\/api.w.org\/{rel}","templated":true}]}}