{"id":7144,"date":"2022-02-23T19:06:53","date_gmt":"2022-02-23T19:06:53","guid":{"rendered":"https:\/\/mundo.seashell.pt\/?post_type=product&#038;p=7144"},"modified":"2022-02-23T19:06:54","modified_gmt":"2022-02-23T19:06:54","slug":"bayeco-rolo-de-aluminio-10m","status":"publish","type":"product","link":"https:\/\/mundo.seashell.pt\/?product=bayeco-rolo-de-aluminio-10m","title":{"rendered":"Bayeco Rolo de Alum\u00ednio 10m"},"content":{"rendered":"<p>Alum\u00ednio com estrutura de tijolos para melhor conserva\u00e7\u00e3o do calor, maior flexibilidade e resist\u00eancia.<\/p>\n<h3>Descri\u00e7\u00e3o:<\/h3>\n<p>\u00c9 ideal para manter a frescura dos alimentos. Pode ser usado para conservar, cozinhar ou transportar.<br \/>\u00c9 f\u00e1cil de usar pois tem um sistema de serra pl\u00e1stica que facilita o corte do alum\u00ednio e sistema de pressionar e fixar que permite prender perfeitamente o rolo \u00e0 embalagem.<br \/>Suporta temperaturas extremas: desde 40\u00baC at\u00e9 600\u00baC. \u00c9 100% recicl\u00e1vel.<\/p>\n<h3>Tipo de produto:<\/h3>\n<p>Papel de Alum\u00ednio<\/p>\n<h3>Conselhos de utiliza\u00e7\u00e3o:<\/h3>\n<p>N\u00e3o deve ser utilizado em alimentos \u00e1cidos e\/ou salgados. N\u00e3o recomendado para o uso de micro-ondas.<\/p>\n<h3>Dicas:<\/h3>\n<p>O papel de alum\u00ednio possui dois lados, que t\u00eam prop\u00f3sitos diferentes. Quando conservar, grelhar ou cozinhar alimentos quentes, deve ter a parte brilhante para dentro. Desta forma, o calor vai ser refletido para o interior.<\/p>\n<p><\/p>\n","protected":false},"excerpt":{"rendered":"<p>Alum\u00ednio com estrutura de tijolos para melhor conserva\u00e7\u00e3o do calor, maior flexibilidade e resist\u00eancia.Descri\u00e7\u00e3o:<br \/>\n\u00c9 ideal para manter a frescura dos alimentos. Pode ser usado para conservar, cozinhar ou transportar.\u00c9 f\u00e1cil de usar pois tem um sistema de serra pl\u00e1stica que facilita o corte do alum\u00ednio e sistema de pressi&#8230;<\/p>\n","protected":false},"featured_media":7145,"template":"","meta":{"spay_email":""},"product_cat":[15],"product_tag":[],"class_list":{"0":"post-7144","1":"product","2":"type-product","3":"status-publish","4":"has-post-thumbnail","6":"product_cat-sem-categoria","8":"first","9":"instock","10":"taxable","11":"shipping-taxable","12":"purchasable","13":"product-type-simple"},"acf":[],"jetpack-related-posts":[{"id":6161,"url":"https:\/\/mundo.seashell.pt\/?product=folha-de-aluminio-para-wrapmaster-vileda","url_meta":{"origin":7144,"position":0},"title":"Folha de Alum\u00ednio para Wrapmaster Vileda","date":"Fevereiro 23, 2022","format":false,"excerpt":"Consumiveis Wrapmaster. O Wrapmaster \u00e9 o sistema dispensador profissional ideal de filmes e alum\u00ednio para a prote\u00e7\u00e3o e conserva\u00e7\u00e3o de alimentos perec\u00edveis. \u00c9 f\u00e1cil e r\u00e1pido de usar em qualquer lugar: em cantinas, cozinhas, catering.Benef\u00edcios do produtoFilme PE respeitoso com o meio ambiente, flex\u00edvel e fortement...","rel":"","context":"Similar post","img":{"alt_text":"","src":"https:\/\/i0.wp.com\/mundo.seashell.pt\/wp-content\/uploads\/2022\/02\/09-films-foils-02-wrapmaster-refill-refill-alu-detail-580x435_PhotoRoom_20210418_123654.jpg?resize=350%2C200&ssl=1","width":350,"height":200},"classes":[]},{"id":6163,"url":"https:\/\/mundo.seashell.pt\/?product=dispensador-wrapmaster-vileda","url_meta":{"origin":7144,"position":1},"title":"Dispensador Wrapmaster Vileda","date":"Fevereiro 23, 2022","format":false,"excerpt":"Dispensador WrapMaster O Wrapmaster \u00e9 um sistema dispensador profissional de folha de alum\u00ednio e pel\u00edcula de filme\u00a0ideal para a prote\u00e7\u00e3o e conserva\u00e7\u00e3o de alimentos perec\u00edveis. \u00c9 f\u00e1cil e r\u00e1pido de usar em qualquer parte: cantinas, cozinhas, catering. O Wrapmaster oferece benef\u00edcios at\u00e9 35% atrav\u00e9s da redu\u00e7\u00e3o de desperd\u00edcios e um\u2026","rel":"","context":"Similar post","img":{"alt_text":"","src":"https:\/\/i0.wp.com\/mundo.seashell.pt\/wp-content\/uploads\/2022\/02\/Wrapmaster-portrait_PhotoRoom_20210418_122809.jpg?resize=350%2C200&ssl=1","width":350,"height":200},"classes":[]},{"id":6159,"url":"https:\/\/mundo.seashell.pt\/?product=pelicula-aderente-para-wrapmaster-vileda","url_meta":{"origin":7144,"position":2},"title":"Pel\u00edcula Aderente PE para Wrapmaster Vileda","date":"Fevereiro 23, 2022","format":false,"excerpt":"Consumiveis Wrapmaster O Wrapmaster \u00e9 o sistema dispensador profissional ideal de filmes e alum\u00ednio para a prote\u00e7\u00e3o e conserva\u00e7\u00e3o de alimentos perec\u00edveis. \u00c9 f\u00e1cil e r\u00e1pido de usar em qualquer lugar: em cantinas, cozinhas, catering.Benef\u00edcios do produto Filme PE respeitoso com o meio ambiente, flex\u00edvel e fortement...","rel":"","context":"Similar post","img":{"alt_text":"","src":"https:\/\/i0.wp.com\/mundo.seashell.pt\/wp-content\/uploads\/2022\/02\/09-films-foils-02-wrapmaster-refill-refill-pe-detail-580x435_PhotoRoom_20210418_123230.jpg?resize=350%2C200&ssl=1","width":350,"height":200},"classes":[]},{"id":6113,"url":"https:\/\/mundo.seashell.pt\/?product=tampas-para-formas-de-aluminio-redondas","url_meta":{"origin":7144,"position":3},"title":"Tampas para Formas de Alum\u00ednio Redondas","date":"Fevereiro 23, 2022","format":false,"excerpt":"As caracter\u00edsticas do Alum\u00ednio fazem deste material uma excelente mat\u00e9ria-prima para a produ\u00e7\u00e3o de embalagens alimentares por ser um material totalmente inerte","rel":"","context":"Similar post","img":{"alt_text":"","src":"https:\/\/i0.wp.com\/mundo.seashell.pt\/wp-content\/uploads\/2022\/02\/tampa_take_away_redonda.jpg?resize=350%2C200&ssl=1","width":350,"height":200},"classes":[]},{"id":6109,"url":"https:\/\/mundo.seashell.pt\/?product=tampas-para-formas-de-aluminio-ovais","url_meta":{"origin":7144,"position":4},"title":"Tampas para Formas de Alum\u00ednio Ovais","date":"Fevereiro 23, 2022","format":false,"excerpt":"As caracter\u00edsticas do Alum\u00ednio fazem deste material uma excelente mat\u00e9ria-prima para a produ\u00e7\u00e3o de embalagens alimentares por ser um material totalmente inerte","rel":"","context":"Similar post","img":{"alt_text":"","src":"https:\/\/i0.wp.com\/mundo.seashell.pt\/wp-content\/uploads\/2022\/02\/tampa_oval.jpg?resize=350%2C200&ssl=1","width":350,"height":200},"classes":[]},{"id":6111,"url":"https:\/\/mundo.seashell.pt\/?product=formas-de-aluminio-ovais","url_meta":{"origin":7144,"position":5},"title":"Formas de Alum\u00ednio Ovais (sem tampa)","date":"Fevereiro 23, 2022","format":false,"excerpt":"As caracter\u00edsticas do Alum\u00ednio fazem deste material uma excelente mat\u00e9ria-prima para a produ\u00e7\u00e3o de embalagens alimentares por ser um material totalmente inerte, que n\u00e3o permite qualquer migra\u00e7\u00e3o para o produto protegido","rel":"","context":"Similar post","img":{"alt_text":"","src":"https:\/\/i0.wp.com\/mundo.seashell.pt\/wp-content\/uploads\/2022\/02\/forma_oval_2.jpg?resize=350%2C200&ssl=1","width":350,"height":200},"classes":[]}],"_links":{"self":[{"href":"https:\/\/mundo.seashell.pt\/index.php?rest_route=\/wp\/v2\/product\/7144","targetHints":{"allow":["GET"]}}],"collection":[{"href":"https:\/\/mundo.seashell.pt\/index.php?rest_route=\/wp\/v2\/product"}],"about":[{"href":"https:\/\/mundo.seashell.pt\/index.php?rest_route=\/wp\/v2\/types\/product"}],"wp:featuredmedia":[{"embeddable":true,"href":"https:\/\/mundo.seashell.pt\/index.php?rest_route=\/wp\/v2\/media\/7145"}],"wp:attachment":[{"href":"https:\/\/mundo.seashell.pt\/index.php?rest_route=%2Fwp%2Fv2%2Fmedia&parent=7144"}],"wp:term":[{"taxonomy":"product_cat","embeddable":true,"href":"https:\/\/mundo.seashell.pt\/index.php?rest_route=%2Fwp%2Fv2%2Fproduct_cat&post=7144"},{"taxonomy":"product_tag","embeddable":true,"href":"https:\/\/mundo.seashell.pt\/index.php?rest_route=%2Fwp%2Fv2%2Fproduct_tag&post=7144"}],"curies":[{"name":"wp","href":"https:\/\/api.w.org\/{rel}","templated":true}]}}