{"id":7140,"date":"2022-02-23T19:06:50","date_gmt":"2022-02-23T19:06:50","guid":{"rendered":"https:\/\/mundo.seashell.pt\/?post_type=product&#038;p=7140"},"modified":"2022-02-23T19:06:51","modified_gmt":"2022-02-23T19:06:51","slug":"sacos-de-lixo-sem-atilho","status":"publish","type":"product","link":"https:\/\/mundo.seashell.pt\/?product=sacos-de-lixo-sem-atilho","title":{"rendered":"Sacos de Lixo sem Atilho"},"content":{"rendered":"<p>Sacos de Lixo com Atilho<\/p>\n<p>Uma solu\u00e7\u00e3o pr\u00e1tica para o seu dia-a-dia.<\/p>\n<h3>Benef\u00edcios:<\/h3>\n<p>&#8211; Sacos mais resistentes e com atilho.<\/p>\n<p>Conselhos de utiliza\u00e7\u00e3o:<\/p>\n<p>Coloque o seu lixo dentro do saco. Quando achar que est\u00e1 cheio, deposite-o nos contetores apropriados.<\/p>\n<h3>Outras Informa\u00e7\u00f5es:<\/h3>\n<p>Produto controlado por testes em laborat\u00f3rio.<\/p><\/p>\n","protected":false},"excerpt":{"rendered":"<p>Sacos de Lixo com Atilho<br \/>\nUma solu\u00e7\u00e3o pr\u00e1tica para o seu dia-a-dia.<br \/>\nBenef\u00edcios:<br \/>\n&#8211; Sacos mais resistentes e com atilho.<br \/>\nConselhos de utiliza\u00e7\u00e3o:<br \/>\nColoque o seu lixo dentro do saco. Quando achar que est\u00e1 cheio, deposite-o nos contetores apropriados.<br \/>\nOutras Informa\u00e7\u00f5es:<br \/>\nProduto controlado por te&#8230;<\/p>\n","protected":false},"featured_media":7141,"template":"","meta":{"spay_email":""},"product_cat":[15],"product_tag":[],"class_list":{"0":"post-7140","1":"product","2":"type-product","3":"status-publish","4":"has-post-thumbnail","6":"product_cat-sem-categoria","8":"first","9":"instock","10":"taxable","11":"shipping-taxable","12":"purchasable","13":"product-type-simple"},"acf":[],"jetpack-related-posts":[{"id":7138,"url":"https:\/\/mundo.seashell.pt\/?product=sacos-de-lixo-com-atilho","url_meta":{"origin":7140,"position":0},"title":"Sacos de Lixo com Atilho","date":"Fevereiro 23, 2022","format":false,"excerpt":"Sacos de Lixo com Atilho 45x47 (20 Litros) 20 Sacos por Rolo 55x60 (30 Litros) 15 Sacos por Rolo 60x80 (50 Litros) 10 Sacos por Rolo","rel":"","context":"Similar post","img":{"alt_text":"","src":"https:\/\/i0.wp.com\/mundo.seashell.pt\/wp-content\/uploads\/2022\/02\/transferir__23_.jpeg?resize=350%2C200&ssl=1","width":350,"height":200},"classes":[]},{"id":7150,"url":"https:\/\/mundo.seashell.pt\/?product=bayeco-sacos-de-congelacao","url_meta":{"origin":7140,"position":1},"title":"Bayeco Sacos de Congela\u00e7\u00e3o","date":"Fevereiro 23, 2022","format":false,"excerpt":"Sacos de congela\u00e7\u00e3o com sistema de fecho por atilho.Tipo de produto: Sacos de Congela\u00e7\u00e3oConselhos de utiliza\u00e7\u00e3o: Para manter a qualidade do produto, n\u00e3o voltar a congelar ap\u00f3s a descongela\u00e7\u00e3o. Outras Informa\u00e7\u00f5es: Produto controlado por testes em laborat\u00f3rio.","rel":"","context":"Similar post","img":{"alt_text":"","src":"https:\/\/i0.wp.com\/mundo.seashell.pt\/wp-content\/uploads\/2022\/02\/00128023400352____1__600x600.jpeg?resize=350%2C200&ssl=1","width":350,"height":200},"classes":[]},{"id":5568,"url":"https:\/\/mundo.seashell.pt\/?product=saco-lixo-bd-10-kg","url_meta":{"origin":7140,"position":2},"title":"Sacos de Lixo BD Industriais (10 Kg)","date":"Fevereiro 23, 2022","format":false,"excerpt":"Sacos do lixo resistentes, feitos com polietileno de baixa densidade. 100% Reciclados\ufeff Sacos Rolo Lixo Industrial de 80 micras.","rel":"","context":"Similar post","img":{"alt_text":"","src":"https:\/\/i0.wp.com\/mundo.seashell.pt\/wp-content\/uploads\/2022\/02\/goods_02_436158_PhotoRoom_20210326_095147.jpg?resize=350%2C200&ssl=1","width":350,"height":200},"classes":[]},{"id":7074,"url":"https:\/\/mundo.seashell.pt\/?product=harpic-active-fresh-blocos-de-sanita","url_meta":{"origin":7140,"position":3},"title":"Harpic Active Fresh Blocos de Sanita","date":"Fevereiro 23, 2022","format":false,"excerpt":"Uma sanita brilhante e perfumada a cada descarga, com um bloco sanit\u00e1rio pr\u00e1tico de colocar.Benef\u00edcios: - Efic\u00e1cia e frescura superiores;- Extra brilho;- Remo\u00e7\u00e3o da sujidade;- F\u00f3rmula anticalc\u00e1rio;- Dura\u00e7\u00e3o at\u00e9 4 semanas;- Perfume intenso;- Espuma de limpeza. Conselhos de utiliza\u00e7\u00e3o:","rel":"","context":"Similar post","img":{"alt_text":"","src":"https:\/\/i0.wp.com\/mundo.seashell.pt\/wp-content\/uploads\/2022\/02\/815055_1.jpeg?resize=350%2C200&ssl=1","width":350,"height":200},"classes":[]},{"id":7122,"url":"https:\/\/mundo.seashell.pt\/?product=raid-armadilha-paera-baratas-6-un","url_meta":{"origin":7140,"position":4},"title":"Raid Armadilha para Baratas 6 Un","date":"Fevereiro 23, 2022","format":false,"excerpt":"Proteja a sua fam\u00edlia. Aproveite cada momento.Descri\u00e7\u00e3o: Gra\u00e7as \u00e0 f\u00f3rmula exclusiva de Raid\u00ae Controller baratas basta colocar as armadilhas para que a sua efic\u00e1cia exterminadora comece a atuar de forma cont\u00ednua. A barata come o isco e quando volta ao ninho propaga o seu efeito contaminando e eliminando as outras\u2026","rel":"","context":"Similar post","img":{"alt_text":"","src":"https:\/\/i0.wp.com\/mundo.seashell.pt\/wp-content\/uploads\/2022\/02\/2778093-frente.jpeg?resize=350%2C200&ssl=1","width":350,"height":200},"classes":[]},{"id":6169,"url":"https:\/\/mundo.seashell.pt\/?product=baldes-com-pedais-hera-vileda","url_meta":{"origin":7140,"position":5},"title":"Baldes com Pedais Hera &#8211; Vileda","date":"Fevereiro 23, 2022","format":false,"excerpt":"Hera Abertura com pedal em conformidade com o HACCP A gama de baldes com pedais da Hera est\u00e1 em conformidade com as recomenda\u00e7\u00f5es HACCP para opera\u00e7\u00e3o\" m\u00e3os-livres \", o que os torna ideais para uso numa variedade de aplica\u00e7\u00f5es. A tampa de fecho lento \u00e9 ideal para uso em ambientes\u2026","rel":"","context":"Similar post","img":{"alt_text":"","src":"https:\/\/i0.wp.com\/mundo.seashell.pt\/wp-content\/uploads\/2022\/02\/10-waste-management-02-pedal-bins-01-hera-portrait-Hera-35l-range-580x550_PhotoRoom_20210418_123552.jpg?resize=350%2C200&ssl=1","width":350,"height":200},"classes":[]}],"_links":{"self":[{"href":"https:\/\/mundo.seashell.pt\/index.php?rest_route=\/wp\/v2\/product\/7140","targetHints":{"allow":["GET"]}}],"collection":[{"href":"https:\/\/mundo.seashell.pt\/index.php?rest_route=\/wp\/v2\/product"}],"about":[{"href":"https:\/\/mundo.seashell.pt\/index.php?rest_route=\/wp\/v2\/types\/product"}],"wp:featuredmedia":[{"embeddable":true,"href":"https:\/\/mundo.seashell.pt\/index.php?rest_route=\/wp\/v2\/media\/7141"}],"wp:attachment":[{"href":"https:\/\/mundo.seashell.pt\/index.php?rest_route=%2Fwp%2Fv2%2Fmedia&parent=7140"}],"wp:term":[{"taxonomy":"product_cat","embeddable":true,"href":"https:\/\/mundo.seashell.pt\/index.php?rest_route=%2Fwp%2Fv2%2Fproduct_cat&post=7140"},{"taxonomy":"product_tag","embeddable":true,"href":"https:\/\/mundo.seashell.pt\/index.php?rest_route=%2Fwp%2Fv2%2Fproduct_tag&post=7140"}],"curies":[{"name":"wp","href":"https:\/\/api.w.org\/{rel}","templated":true}]}}