{"id":7136,"date":"2022-02-23T19:06:37","date_gmt":"2022-02-23T19:06:37","guid":{"rendered":"https:\/\/mundo.seashell.pt\/?post_type=product&#038;p=7136"},"modified":"2022-02-23T19:06:37","modified_gmt":"2022-02-23T19:06:37","slug":"autan-repelentes-de-mosquitos-100ml","status":"publish","type":"product","link":"https:\/\/mundo.seashell.pt\/?product=autan-repelentes-de-mosquitos-100ml","title":{"rendered":"Autan Repelentes de Mosquitos 100ml"},"content":{"rendered":"<ul>\n<li>Evita as picadeiras: Gra\u00e7as \u00e0 sua f\u00f3rmula exclusiva que forma uma barreira protetora sobre a pele e afasta os insetos<\/li>\n<li>Resistente mesmo em condi\u00e7\u00f5es de transpira\u00e7\u00e3o<\/li>\n<li>Prote\u00e7\u00e3o duradoura: At\u00e9 4 horas contra mosquitos<\/li>\n<li>Formato spray: aplique o produto diretamente na pele<\/li>\n<li>Aplica\u00e7\u00e3o f\u00e1cil e r\u00e1pida, gra\u00e7as ao seu formato de spray a seco<\/li>\n<li>Toque leve e seco na pele<\/li>\n<\/ul>\n","protected":false},"excerpt":{"rendered":"<p>Evita as picadeiras: Gra\u00e7as \u00e0 sua f\u00f3rmula exclusiva que forma uma barreira protetora sobre a pele e afasta os insetosResistente mesmo em condi\u00e7\u00f5es de transpira\u00e7\u00e3oProte\u00e7\u00e3o duradoura: At\u00e9 4 horas contra mosquitosFormato spray: aplique o produto diretamente na peleAplica\u00e7\u00e3o f\u00e1cil e r\u00e1pida, gra\u00e7as ao seu f&#8230;<\/p>\n","protected":false},"featured_media":7137,"template":"","meta":{"spay_email":""},"product_cat":[15],"product_tag":[],"class_list":{"0":"post-7136","1":"product","2":"type-product","3":"status-publish","4":"has-post-thumbnail","6":"product_cat-sem-categoria","8":"first","9":"instock","10":"taxable","11":"shipping-taxable","12":"purchasable","13":"product-type-simple"},"acf":[],"jetpack-related-posts":[{"id":6862,"url":"https:\/\/mundo.seashell.pt\/?product=dove-desodorizante-feminino-150ml","url_meta":{"origin":7136,"position":0},"title":"Dove Desodorizante Feminino 150ml","date":"Fevereiro 23, 2022","format":false,"excerpt":"Explore as cole\u00e7\u00f5es Dove e encontre os produtos ideais para si! Confie neste desodorizante para resultados duradouros. Tipo de produto: Desodorizante SprayBenef\u00edcios: - \u00bc de creme hidratante para ajudar a deixar a pele macia e suave.- At\u00e9 48 horas de prote\u00e7\u00e3o antitranspirante.- Fragr\u00e2ncia combina...","rel":"","context":"Similar post","img":{"alt_text":"","src":"https:\/\/i0.wp.com\/mundo.seashell.pt\/wp-content\/uploads\/2022\/02\/Dove___Original__150ml__.png?resize=350%2C200&ssl=1","width":350,"height":200},"classes":[]},{"id":6840,"url":"https:\/\/mundo.seashell.pt\/?product=denim-desodorizante-masculino-150ml","url_meta":{"origin":7136,"position":1},"title":"Denim Desodorizante Masculino 150ml","date":"Fevereiro 23, 2022","format":false,"excerpt":"O desodorizante Denim Spray \u00e9 ideal para proteger e proporcionar um toque fresco \u00e0 pele. A melhor maneira de reduzir o odor e obter uma prote\u00e7\u00e3o 24 horas.Tipo de produto: Desodorizante SprayConselhos de utiliza\u00e7\u00e3o: Aplique na pele limpa e seca de axilas. Levante um bra\u00e7o e aplique com movimentos circular...","rel":"","context":"Similar post","img":{"alt_text":"","src":"https:\/\/i0.wp.com\/mundo.seashell.pt\/wp-content\/uploads\/2022\/02\/DENIM_Deo_Spray_Original_150_ml__8008970004402.png?resize=350%2C200&ssl=1","width":350,"height":200},"classes":[]},{"id":7112,"url":"https:\/\/mundo.seashell.pt\/?product=raid-inseticida-spray-400ml","url_meta":{"origin":7136,"position":2},"title":"Raid Inseticida Spray 400ml","date":"Fevereiro 23, 2022","format":false,"excerpt":"Proteja a sua fam\u00edlia. Aproveite cada momento.Descri\u00e7\u00e3o: Gra\u00e7as \u00e0 sua eficaz f\u00f3rmula de a\u00e7\u00e3o imediata, Raid\u00ae elimina em segundos baratas, aranhas, formigas, peixinhos de prata e outros insectos rastejantes em ambiente dom\u00e9stico.Conselhos de utiliza\u00e7\u00e3o: Agite bem antes de utilizar. Mantendo a embalagem na verti...","rel":"","context":"Similar post","img":{"alt_text":"","src":"https:\/\/i0.wp.com\/mundo.seashell.pt\/wp-content\/uploads\/2022\/02\/5298021-frente.jpeg?resize=350%2C200&ssl=1","width":350,"height":200},"classes":[]},{"id":6621,"url":"https:\/\/mundo.seashell.pt\/?product=neoblanc-gerntil-tira-nodoas-07l","url_meta":{"origin":7136,"position":3},"title":"Neoblanc Gerntil Tira N\u00f3doas 700ml","date":"Fevereiro 23, 2022","format":false,"excerpt":"Um \u00fanico spray para roupa, cozinha e quarto de banho. Gra\u00e7as \u00e0 sua f\u00f3rmula especial, combinando desengordurante e Neoblanc Gentil, Neoblanc Spray multiusos higieniza limpando a fundo as superf\u00edcies da casa. Desengordura a sujidade mais incrustada e \u00e9 eficaz na remo\u00e7\u00e3o do calc\u00e1rio. Para al\u00e9m disso, tamb\u00e9m remove as manchas\u2026","rel":"","context":"Similar post","img":{"alt_text":"","src":"https:\/\/i0.wp.com\/mundo.seashell.pt\/wp-content\/uploads\/2022\/02\/NEOBLANC_GENTIL_SPRAY_TIRA-NODOAS_700ML_8001480703001.png?resize=350%2C200&ssl=1","width":350,"height":200},"classes":[]},{"id":6619,"url":"https:\/\/mundo.seashell.pt\/?product=k2r-tira-nodoas-pre-wash-spray-05l","url_meta":{"origin":7136,"position":4},"title":"K2R Tira N\u00f3doas (Pre Wash Spray) 0.5L","date":"Fevereiro 23, 2022","format":false,"excerpt":"Gra\u00e7as \u00e0 sua f\u00f3rmula, K2r spray tira-n\u00f3doas pr\u00e9-lavagem \u00e9 adequado para todos os tipos de n\u00f3doas, todas as temperaturas e tamb\u00e9m para todas as cores e tecidos, incluindo l\u00e3 e seda. Especialmente adequado para eliminar n\u00f3doas de vinho, sumo e frutas, azeite, maionese, molho de tomate, caf\u00e9, ch\u00e1 e chocolate,\u2026","rel":"","context":"Similar post","img":{"alt_text":"","src":"https:\/\/i0.wp.com\/mundo.seashell.pt\/wp-content\/uploads\/2022\/02\/K2R_Pre_wash_Spray_500ml____9000101390612.png?resize=350%2C200&ssl=1","width":350,"height":200},"classes":[]},{"id":6796,"url":"https:\/\/mundo.seashell.pt\/?product=lactovit-locao-corporal-025l","url_meta":{"origin":7136,"position":5},"title":"Lactovit Lo\u00e7\u00e3o Corporal 250ml","date":"Fevereiro 23, 2022","format":false,"excerpt":"Descubra como cuidar diariamente da pele seca e extra seca com a lo\u00e7\u00e3o corporal Lactovit, do especialista mundial em ureia e pele seca. A f\u00f3rmula com \u00c1cido L\u00e1ctico e Ureia Pura repara profundamente a pele gra\u00e7as \u00e0s suas propriedades ultra-hidratantes. Pele mais hidratada, el\u00e1stica e firme. Uma pele reparada \u00e9\u2026","rel":"","context":"Similar post","img":{"alt_text":"","src":"https:\/\/i0.wp.com\/mundo.seashell.pt\/wp-content\/uploads\/2022\/02\/LACTOVIT_LOC_A_O_CORPORAL_REPARADORA_LACTOUREA_400ml_8410190585997.png?resize=350%2C200&ssl=1","width":350,"height":200},"classes":[]}],"_links":{"self":[{"href":"https:\/\/mundo.seashell.pt\/index.php?rest_route=\/wp\/v2\/product\/7136","targetHints":{"allow":["GET"]}}],"collection":[{"href":"https:\/\/mundo.seashell.pt\/index.php?rest_route=\/wp\/v2\/product"}],"about":[{"href":"https:\/\/mundo.seashell.pt\/index.php?rest_route=\/wp\/v2\/types\/product"}],"wp:featuredmedia":[{"embeddable":true,"href":"https:\/\/mundo.seashell.pt\/index.php?rest_route=\/wp\/v2\/media\/7137"}],"wp:attachment":[{"href":"https:\/\/mundo.seashell.pt\/index.php?rest_route=%2Fwp%2Fv2%2Fmedia&parent=7136"}],"wp:term":[{"taxonomy":"product_cat","embeddable":true,"href":"https:\/\/mundo.seashell.pt\/index.php?rest_route=%2Fwp%2Fv2%2Fproduct_cat&post=7136"},{"taxonomy":"product_tag","embeddable":true,"href":"https:\/\/mundo.seashell.pt\/index.php?rest_route=%2Fwp%2Fv2%2Fproduct_tag&post=7136"}],"curies":[{"name":"wp","href":"https:\/\/api.w.org\/{rel}","templated":true}]}}