{"id":7134,"date":"2022-02-23T19:06:36","date_gmt":"2022-02-23T19:06:36","guid":{"rendered":"https:\/\/mundo.seashell.pt\/?post_type=product&#038;p=7134"},"modified":"2022-02-23T19:06:37","modified_gmt":"2022-02-23T19:06:37","slug":"dum-dum-anti-tracas-dos-alimentos-2un","status":"publish","type":"product","link":"https:\/\/mundo.seashell.pt\/?product=dum-dum-anti-tracas-dos-alimentos-2un","title":{"rendered":"Dum Dum Anti-tra\u00e7as dos Alimentos 2un"},"content":{"rendered":"<p>Com Dum Dum, n\u00e3o escapa um!<\/p>\n<h3>Descri\u00e7\u00e3o:<\/h3>\n<p>Deteta e monitoriza as tra\u00e7as que atacam os alimentos, tais como cereais, frutos secos, nozes, sementes, massas, cacau, especiarias e alimentos secos para animais, quando se encontram armazenados. Cont\u00e9m uma feromona que atrai as tra\u00e7as masculinas, as quais ficam colocadas na armadilha. Desta forma, pode detetar uma infesta\u00e7\u00e3o de tra\u00e7as numa fase inicial.<\/p>\n<p>A armadilha encontra-se ativa, a feromona come\u00e7a a evaporar e a unidade est\u00e1 pronta a apanhar insetos. Utilize, pelo menos, uma armadilha por arm\u00e1rio. Em caso de espa\u00e7os maiores, utilize 2 armadilhas. Substitua a armadilha, quando estiver coberta de tra\u00e7as ou ao fim de 8 semanas.<\/p>\n<p><\/p>\n<ul><\/ul>\n","protected":false},"excerpt":{"rendered":"<p>Com Dum Dum, n\u00e3o escapa um!Descri\u00e7\u00e3o:<br \/>\nDeteta e monitoriza as tra\u00e7as que atacam os alimentos, tais como cereais, frutos secos, nozes, sementes, massas, cacau, especiarias e alimentos secos para animais, quando se encontram armazenados. Cont\u00e9m uma feromona que atrai as tra\u00e7as masculinas, as quais ficam colocadas na armadilha. De&#8230;<\/p>\n","protected":false},"featured_media":7135,"template":"","meta":{"spay_email":""},"product_cat":[15],"product_tag":[],"class_list":{"0":"post-7134","1":"product","2":"type-product","3":"status-publish","4":"has-post-thumbnail","6":"product_cat-sem-categoria","8":"first","9":"instock","10":"taxable","11":"shipping-taxable","12":"purchasable","13":"product-type-simple"},"acf":[],"jetpack-related-posts":[{"id":7132,"url":"https:\/\/mundo.seashell.pt\/?product=raid-anti-tracas-dos-alimentos-3un","url_meta":{"origin":7134,"position":0},"title":"Raid Anti-tra\u00e7as dos Alimentos 3un","date":"Fevereiro 23, 2022","format":false,"excerpt":"Proteja a sua fam\u00edlia. Aproveite cada momento.Descri\u00e7\u00e3o: Deteta e monitoriza as tra\u00e7as que atacam os alimentos, tais como cereais, frutos secos, nozes, sementes, massas, cacau, especiarias e alimentos secos para animais, quando se encontram armazenados. Cont\u00e9m uma feromona que atrai as tra\u00e7as masculinas, as quais ficam col...","rel":"","context":"Similar post","img":{"alt_text":"","src":"https:\/\/i0.wp.com\/mundo.seashell.pt\/wp-content\/uploads\/2022\/02\/5298012-frente.jpeg?resize=350%2C200&ssl=1","width":350,"height":200},"classes":[]},{"id":7128,"url":"https:\/\/mundo.seashell.pt\/?product=dum-dum-anti-tracas-2un","url_meta":{"origin":7134,"position":1},"title":"Dum Dum Anti-tra\u00e7as 2un","date":"Fevereiro 23, 2022","format":false,"excerpt":"Com Dum Dum, n\u00e3o escapa um!Conselhos de utiliza\u00e7\u00e3o: Abra a embalagem e pressione para baixo com o dedo na extremidade do gancho de suporte. Pendure no var\u00e3o do roupeiro ou arm\u00e1rio, deixando o ar circular. Em arm\u00e1rios pequenos, use 2 unidades. Em arm\u00e1rios grandes, use 4 unidades.","rel":"","context":"Similar post","img":{"alt_text":"","src":"https:\/\/i0.wp.com\/mundo.seashell.pt\/wp-content\/uploads\/2022\/02\/4695930-frente.jpeg?resize=350%2C200&ssl=1","width":350,"height":200},"classes":[]},{"id":7030,"url":"https:\/\/mundo.seashell.pt\/?product=dum-dum-bolsinhas-de-lavanda-20-un","url_meta":{"origin":7134,"position":2},"title":"Dum Dum  Bolsinhas de Lavanda 20 un","date":"Fevereiro 23, 2022","format":false,"excerpt":"Com Dum Dum, n\u00e3o escapa um!Descri\u00e7\u00e3o: Dum Dum bolsinhas lavanda cuida da sua roupa durante toda a esta\u00e7\u00e3o. Refresca e perfuma a roupa com a fragr\u00e2ncia agrad\u00e1vel de lavanda. Notas\/Frag\u00e2ncia: LavandaBenef\u00edcios: - Agrad\u00e1vel fragr\u00e2ncia a lavanda;- N\u00e3o mancha a roupa nem as m\u00e3os. Cons...","rel":"","context":"Similar post","img":{"alt_text":"","src":"https:\/\/i0.wp.com\/mundo.seashell.pt\/wp-content\/uploads\/2022\/02\/6883865-hero.jpeg?resize=350%2C200&ssl=1","width":350,"height":200},"classes":[]},{"id":7106,"url":"https:\/\/mundo.seashell.pt\/?product=dum-dum-multi-insetos-400ml","url_meta":{"origin":7134,"position":3},"title":"Dum Dum Multi-insetos 400ml","date":"Fevereiro 23, 2022","format":false,"excerpt":"Com Dum Dum, n\u00e3o escapa um!Conselhos de utiliza\u00e7\u00e3o: Vaporize o produto, directamente sobre os insetos ou parasitas. Ap\u00f3s 3-4 horas, o produto ter\u00e1 provocado o seu efeito.","rel":"","context":"Similar post","img":{"alt_text":"","src":"https:\/\/i0.wp.com\/mundo.seashell.pt\/wp-content\/uploads\/2022\/02\/5297513-hero.jpeg?resize=350%2C200&ssl=1","width":350,"height":200},"classes":[]},{"id":7104,"url":"https:\/\/mundo.seashell.pt\/?product=dum-dum-inseticida-spray-moscas-e-mosquitos-300ml","url_meta":{"origin":7134,"position":4},"title":"Dum Dum Inseticida Spray Moscas e Mosquitos 300ml","date":"Fevereiro 23, 2022","format":false,"excerpt":"Com Dum Dum, n\u00e3o escapa um!Conselhos de utiliza\u00e7\u00e3o: Vaporize o produto, directamente sobre os insetos ou parasitas. Ap\u00f3s 3-4 horas, o produto ter\u00e1 provocado o seu efeito.","rel":"","context":"Similar post","img":{"alt_text":"","src":"https:\/\/i0.wp.com\/mundo.seashell.pt\/wp-content\/uploads\/2022\/02\/5297894-hero.jpeg?resize=350%2C200&ssl=1","width":350,"height":200},"classes":[]},{"id":7096,"url":"https:\/\/mundo.seashell.pt\/?product=dum-dum-recargas-melgas-mosquitos-45-noites","url_meta":{"origin":7134,"position":5},"title":"Dum Dum Recargas Melgas &#038; Mosquitos 45 Noites","date":"Fevereiro 23, 2022","format":false,"excerpt":"Descri\u00e7\u00e3o: A recarga l\u00edquida de Dum Dum \u00e9 compat\u00edvel com todos os difusores Dum Dum, oferecendo uma prote\u00e7\u00e3o cont\u00ednua durante toda a noite ou dia. oferecendo uma prote\u00e7\u00e3o cont\u00ednua durante toda a noite ou dia. N\u00e3o produz odor. \u00c9 uma forma eficaz e higi\u00e9nica de se proteger contra moscas e\u2026","rel":"","context":"Similar post","img":{"alt_text":"","src":"https:\/\/i0.wp.com\/mundo.seashell.pt\/wp-content\/uploads\/2022\/02\/6947948-hero.jpeg?resize=350%2C200&ssl=1","width":350,"height":200},"classes":[]}],"_links":{"self":[{"href":"https:\/\/mundo.seashell.pt\/index.php?rest_route=\/wp\/v2\/product\/7134","targetHints":{"allow":["GET"]}}],"collection":[{"href":"https:\/\/mundo.seashell.pt\/index.php?rest_route=\/wp\/v2\/product"}],"about":[{"href":"https:\/\/mundo.seashell.pt\/index.php?rest_route=\/wp\/v2\/types\/product"}],"wp:featuredmedia":[{"embeddable":true,"href":"https:\/\/mundo.seashell.pt\/index.php?rest_route=\/wp\/v2\/media\/7135"}],"wp:attachment":[{"href":"https:\/\/mundo.seashell.pt\/index.php?rest_route=%2Fwp%2Fv2%2Fmedia&parent=7134"}],"wp:term":[{"taxonomy":"product_cat","embeddable":true,"href":"https:\/\/mundo.seashell.pt\/index.php?rest_route=%2Fwp%2Fv2%2Fproduct_cat&post=7134"},{"taxonomy":"product_tag","embeddable":true,"href":"https:\/\/mundo.seashell.pt\/index.php?rest_route=%2Fwp%2Fv2%2Fproduct_tag&post=7134"}],"curies":[{"name":"wp","href":"https:\/\/api.w.org\/{rel}","templated":true}]}}