{"id":7132,"date":"2022-02-23T19:06:34","date_gmt":"2022-02-23T19:06:34","guid":{"rendered":"https:\/\/mundo.seashell.pt\/?post_type=product&#038;p=7132"},"modified":"2022-02-23T19:06:36","modified_gmt":"2022-02-23T19:06:36","slug":"raid-anti-tracas-dos-alimentos-3un","status":"publish","type":"product","link":"https:\/\/mundo.seashell.pt\/?product=raid-anti-tracas-dos-alimentos-3un","title":{"rendered":"Raid Anti-tra\u00e7as dos Alimentos 3un"},"content":{"rendered":"<p>Proteja a sua fam\u00edlia. Aproveite cada momento.<\/p>\n<h3>Descri\u00e7\u00e3o:<\/h3>\n<p>Deteta e monitoriza as tra\u00e7as que atacam os alimentos, tais como cereais, frutos secos, nozes, sementes, massas, cacau, especiarias e alimentos secos para animais, quando se encontram armazenados. Cont\u00e9m uma feromona que atrai as tra\u00e7as masculinas, as quais ficam colocadas na armadilha. Desta forma, pode detetar uma infesta\u00e7\u00e3o de tra\u00e7as numa fase inicial.<\/p>\n<h3>Conselhos de utiliza\u00e7\u00e3o:<\/h3>\n<p>Retire a tira vermelha e coloque a armadilha perto de arm\u00e1rios e despensas onde se guardam alimentos, especialmente aqueles onde j\u00e1 se detetaram tra\u00e7as. Retire a folha protetora da frente da face pegajosa. A armadilha encontra-se ativa, a feromona come\u00e7a a evaporar e a unidade est\u00e1 pronta a apanhar insetos. Utilize, pelo menos, uma armadilha por arm\u00e1rio. Em caso de espa\u00e7os maiores, utilize 2 armadilhas. Substitua a armadilha, quando estiver coberta de tra\u00e7as ou ao fim de 8 semanas.<\/p>\n","protected":false},"excerpt":{"rendered":"<p>Proteja a sua fam\u00edlia. Aproveite cada momento.Descri\u00e7\u00e3o:<br \/>\nDeteta e monitoriza as tra\u00e7as que atacam os alimentos, tais como cereais, frutos secos, nozes, sementes, massas, cacau, especiarias e alimentos secos para animais, quando se encontram armazenados. Cont\u00e9m uma feromona que atrai as tra\u00e7as masculinas, as quais ficam col&#8230;<\/p>\n","protected":false},"featured_media":7133,"template":"","meta":{"spay_email":""},"product_cat":[15],"product_tag":[],"class_list":{"0":"post-7132","1":"product","2":"type-product","3":"status-publish","4":"has-post-thumbnail","6":"product_cat-sem-categoria","8":"first","9":"instock","10":"taxable","11":"shipping-taxable","12":"purchasable","13":"product-type-simple"},"acf":[],"jetpack-related-posts":[{"id":7134,"url":"https:\/\/mundo.seashell.pt\/?product=dum-dum-anti-tracas-dos-alimentos-2un","url_meta":{"origin":7132,"position":0},"title":"Dum Dum Anti-tra\u00e7as dos Alimentos 2un","date":"Fevereiro 23, 2022","format":false,"excerpt":"Com Dum Dum, n\u00e3o escapa um!Descri\u00e7\u00e3o: Deteta e monitoriza as tra\u00e7as que atacam os alimentos, tais como cereais, frutos secos, nozes, sementes, massas, cacau, especiarias e alimentos secos para animais, quando se encontram armazenados. Cont\u00e9m uma feromona que atrai as tra\u00e7as masculinas, as quais ficam colocadas na armadilha. De...","rel":"","context":"Similar post","img":{"alt_text":"","src":"https:\/\/i0.wp.com\/mundo.seashell.pt\/wp-content\/uploads\/2022\/02\/05228018800301____1__600x600.jpeg?resize=350%2C200&ssl=1","width":350,"height":200},"classes":[]},{"id":7126,"url":"https:\/\/mundo.seashell.pt\/?product=raid-anti-tracas-2-un","url_meta":{"origin":7132,"position":1},"title":"Raid Anti-tra\u00e7as 2 un","date":"Fevereiro 23, 2022","format":false,"excerpt":"Proteja a sua fam\u00edlia. Aproveite cada momento.Descri\u00e7\u00e3o: Raid\u00ae Anti-Tra\u00e7as lavanda fresca protege as roupas e tecidos contra as tra\u00e7as, durante uma esta\u00e7\u00e3o. A ess\u00eancia de lavanda perfuma agradavelmente arm\u00e1rios, roupeiros e gavetas. Notas\/Frag\u00e2ncia: LavandaConselhos de utiliza\u00e7\u00e3o: Retire por...","rel":"","context":"Similar post","img":{"alt_text":"","src":"https:\/\/i0.wp.com\/mundo.seashell.pt\/wp-content\/uploads\/2022\/02\/5820655-frente.jpeg?resize=350%2C200&ssl=1","width":350,"height":200},"classes":[]},{"id":7130,"url":"https:\/\/mundo.seashell.pt\/?product=raid-papel-anti-tracas-4-un","url_meta":{"origin":7132,"position":2},"title":"Raid Papel Anti-tra\u00e7as 4 un","date":"Fevereiro 23, 2022","format":false,"excerpt":"Proteja a sua fam\u00edlia. Aproveite cada momento.Descri\u00e7\u00e3o: Raid\u00ae papel Anti-Tra\u00e7as protege as roupas e tecidos da a\u00e7\u00e3o destruidora das tra\u00e7as em arm\u00e1rios, roupeiros e gavetas. A efic\u00e1cia do ingrediente ativo anti-tra\u00e7as mant\u00e9m a prote\u00e7\u00e3o durante 3 meses, ao mesmo tempo que liberta uma agrad\u00e1vel fragr\u00e2ncia floral. N\u00e3o mancha ...","rel":"","context":"Similar post","img":{"alt_text":"","src":"https:\/\/i0.wp.com\/mundo.seashell.pt\/wp-content\/uploads\/2022\/02\/681629.png?resize=350%2C200&ssl=1","width":350,"height":200},"classes":[]},{"id":7128,"url":"https:\/\/mundo.seashell.pt\/?product=dum-dum-anti-tracas-2un","url_meta":{"origin":7132,"position":3},"title":"Dum Dum Anti-tra\u00e7as 2un","date":"Fevereiro 23, 2022","format":false,"excerpt":"Com Dum Dum, n\u00e3o escapa um!Conselhos de utiliza\u00e7\u00e3o: Abra a embalagem e pressione para baixo com o dedo na extremidade do gancho de suporte. Pendure no var\u00e3o do roupeiro ou arm\u00e1rio, deixando o ar circular. Em arm\u00e1rios pequenos, use 2 unidades. Em arm\u00e1rios grandes, use 4 unidades.","rel":"","context":"Similar post","img":{"alt_text":"","src":"https:\/\/i0.wp.com\/mundo.seashell.pt\/wp-content\/uploads\/2022\/02\/4695930-frente.jpeg?resize=350%2C200&ssl=1","width":350,"height":200},"classes":[]},{"id":7122,"url":"https:\/\/mundo.seashell.pt\/?product=raid-armadilha-paera-baratas-6-un","url_meta":{"origin":7132,"position":4},"title":"Raid Armadilha para Baratas 6 Un","date":"Fevereiro 23, 2022","format":false,"excerpt":"Proteja a sua fam\u00edlia. Aproveite cada momento.Descri\u00e7\u00e3o: Gra\u00e7as \u00e0 f\u00f3rmula exclusiva de Raid\u00ae Controller baratas basta colocar as armadilhas para que a sua efic\u00e1cia exterminadora comece a atuar de forma cont\u00ednua. A barata come o isco e quando volta ao ninho propaga o seu efeito contaminando e eliminando as outras\u2026","rel":"","context":"Similar post","img":{"alt_text":"","src":"https:\/\/i0.wp.com\/mundo.seashell.pt\/wp-content\/uploads\/2022\/02\/2778093-frente.jpeg?resize=350%2C200&ssl=1","width":350,"height":200},"classes":[]},{"id":7124,"url":"https:\/\/mundo.seashell.pt\/?product=sbm-armadilha-para-formigas-2-un","url_meta":{"origin":7132,"position":5},"title":"SBM Armadilha para Formigas 2 Un","date":"Fevereiro 23, 2022","format":false,"excerpt":"Antiarmadilha de formiga SBM Altamente eficaz para todas as esp\u00e9cies de formigas. Ativa\u00e7\u00e3o pressionando o centro da armadilha. Permanece ativo at\u00e9 90 dias. Inclui tiras adesivas para instala\u00e7\u00e3o nem na vertical. SBM formiga armadilha efetivamente controle de formigas e formiga gra\u00e7as a um gel ultra concentrado muito atraente. Pr\u00e1tico, \u00e9\u2026","rel":"","context":"Similar post","img":{"alt_text":"","src":"https:\/\/i0.wp.com\/mundo.seashell.pt\/wp-content\/uploads\/2022\/02\/transferir__21_.jpeg?resize=350%2C200&ssl=1","width":350,"height":200},"classes":[]}],"_links":{"self":[{"href":"https:\/\/mundo.seashell.pt\/index.php?rest_route=\/wp\/v2\/product\/7132","targetHints":{"allow":["GET"]}}],"collection":[{"href":"https:\/\/mundo.seashell.pt\/index.php?rest_route=\/wp\/v2\/product"}],"about":[{"href":"https:\/\/mundo.seashell.pt\/index.php?rest_route=\/wp\/v2\/types\/product"}],"wp:featuredmedia":[{"embeddable":true,"href":"https:\/\/mundo.seashell.pt\/index.php?rest_route=\/wp\/v2\/media\/7133"}],"wp:attachment":[{"href":"https:\/\/mundo.seashell.pt\/index.php?rest_route=%2Fwp%2Fv2%2Fmedia&parent=7132"}],"wp:term":[{"taxonomy":"product_cat","embeddable":true,"href":"https:\/\/mundo.seashell.pt\/index.php?rest_route=%2Fwp%2Fv2%2Fproduct_cat&post=7132"},{"taxonomy":"product_tag","embeddable":true,"href":"https:\/\/mundo.seashell.pt\/index.php?rest_route=%2Fwp%2Fv2%2Fproduct_tag&post=7132"}],"curies":[{"name":"wp","href":"https:\/\/api.w.org\/{rel}","templated":true}]}}