{"id":7130,"date":"2022-02-23T19:06:33","date_gmt":"2022-02-23T19:06:33","guid":{"rendered":"https:\/\/mundo.seashell.pt\/?post_type=product&#038;p=7130"},"modified":"2022-02-23T19:06:34","modified_gmt":"2022-02-23T19:06:34","slug":"raid-papel-anti-tracas-4-un","status":"publish","type":"product","link":"https:\/\/mundo.seashell.pt\/?product=raid-papel-anti-tracas-4-un","title":{"rendered":"Raid Papel Anti-tra\u00e7as 4 un"},"content":{"rendered":"<p>Proteja a sua fam\u00edlia. Aproveite cada momento.<\/p>\n<h3>Descri\u00e7\u00e3o:<\/h3>\n<p>Raid\u00ae papel Anti-Tra\u00e7as protege as roupas e tecidos da a\u00e7\u00e3o destruidora das tra\u00e7as em arm\u00e1rios, roupeiros e gavetas. A efic\u00e1cia do ingrediente ativo anti-tra\u00e7as mant\u00e9m a prote\u00e7\u00e3o durante 3 meses, ao mesmo tempo que liberta uma agrad\u00e1vel fragr\u00e2ncia floral. N\u00e3o mancha tecidos delicados como caxemira e seda.<\/p>\n<h3>Notas\/Frag\u00e2ncia:<\/h3>\n<p>Floral<\/p>\n<h3>Conselhos de utiliza\u00e7\u00e3o:<\/h3>\n<p>Retire o produto da embalagem, separe as folhas de papel e coloque-as em arm\u00e1rios, roupeiros ou gavetas de roupas. Para uma protec\u00e7\u00e3o eficaz contra tra\u00e7as das roupas, use 4 folhas por cada m3. Use uma folha por gaveta. Pendure 2 folhas por cada porta de roupeiro ou arm\u00e1rio, e 4 folhas se o arm\u00e1rio ou roupeiro for de grandes dimens\u00f5es. Para pendurar, basta utilizar o orif\u00edcio do papel e introduzir a folha no gancho do cabide. Em gavetas ou prateleiras, coloque as folhas junto das roupas.<\/p>\n<p><\/p>\n","protected":false},"excerpt":{"rendered":"<p>Proteja a sua fam\u00edlia. Aproveite cada momento.Descri\u00e7\u00e3o:<br \/>\nRaid\u00ae papel Anti-Tra\u00e7as protege as roupas e tecidos da a\u00e7\u00e3o destruidora das tra\u00e7as em arm\u00e1rios, roupeiros e gavetas. A efic\u00e1cia do ingrediente ativo anti-tra\u00e7as mant\u00e9m a prote\u00e7\u00e3o durante 3 meses, ao mesmo tempo que liberta uma agrad\u00e1vel fragr\u00e2ncia floral. N\u00e3o mancha &#8230;<\/p>\n","protected":false},"featured_media":7131,"template":"","meta":{"spay_email":""},"product_cat":[15],"product_tag":[],"class_list":{"0":"post-7130","1":"product","2":"type-product","3":"status-publish","4":"has-post-thumbnail","6":"product_cat-sem-categoria","8":"first","9":"instock","10":"taxable","11":"shipping-taxable","12":"purchasable","13":"product-type-simple"},"acf":[],"jetpack-related-posts":[{"id":7126,"url":"https:\/\/mundo.seashell.pt\/?product=raid-anti-tracas-2-un","url_meta":{"origin":7130,"position":0},"title":"Raid Anti-tra\u00e7as 2 un","date":"Fevereiro 23, 2022","format":false,"excerpt":"Proteja a sua fam\u00edlia. Aproveite cada momento.Descri\u00e7\u00e3o: Raid\u00ae Anti-Tra\u00e7as lavanda fresca protege as roupas e tecidos contra as tra\u00e7as, durante uma esta\u00e7\u00e3o. A ess\u00eancia de lavanda perfuma agradavelmente arm\u00e1rios, roupeiros e gavetas. Notas\/Frag\u00e2ncia: LavandaConselhos de utiliza\u00e7\u00e3o: Retire por...","rel":"","context":"Similar post","img":{"alt_text":"","src":"https:\/\/i0.wp.com\/mundo.seashell.pt\/wp-content\/uploads\/2022\/02\/5820655-frente.jpeg?resize=350%2C200&ssl=1","width":350,"height":200},"classes":[]},{"id":7132,"url":"https:\/\/mundo.seashell.pt\/?product=raid-anti-tracas-dos-alimentos-3un","url_meta":{"origin":7130,"position":1},"title":"Raid Anti-tra\u00e7as dos Alimentos 3un","date":"Fevereiro 23, 2022","format":false,"excerpt":"Proteja a sua fam\u00edlia. Aproveite cada momento.Descri\u00e7\u00e3o: Deteta e monitoriza as tra\u00e7as que atacam os alimentos, tais como cereais, frutos secos, nozes, sementes, massas, cacau, especiarias e alimentos secos para animais, quando se encontram armazenados. Cont\u00e9m uma feromona que atrai as tra\u00e7as masculinas, as quais ficam col...","rel":"","context":"Similar post","img":{"alt_text":"","src":"https:\/\/i0.wp.com\/mundo.seashell.pt\/wp-content\/uploads\/2022\/02\/5298012-frente.jpeg?resize=350%2C200&ssl=1","width":350,"height":200},"classes":[]},{"id":7128,"url":"https:\/\/mundo.seashell.pt\/?product=dum-dum-anti-tracas-2un","url_meta":{"origin":7130,"position":2},"title":"Dum Dum Anti-tra\u00e7as 2un","date":"Fevereiro 23, 2022","format":false,"excerpt":"Com Dum Dum, n\u00e3o escapa um!Conselhos de utiliza\u00e7\u00e3o: Abra a embalagem e pressione para baixo com o dedo na extremidade do gancho de suporte. Pendure no var\u00e3o do roupeiro ou arm\u00e1rio, deixando o ar circular. Em arm\u00e1rios pequenos, use 2 unidades. Em arm\u00e1rios grandes, use 4 unidades.","rel":"","context":"Similar post","img":{"alt_text":"","src":"https:\/\/i0.wp.com\/mundo.seashell.pt\/wp-content\/uploads\/2022\/02\/4695930-frente.jpeg?resize=350%2C200&ssl=1","width":350,"height":200},"classes":[]},{"id":7028,"url":"https:\/\/mundo.seashell.pt\/?product=comfort-saquetas-perfumadas-para-armario-3un","url_meta":{"origin":7130,"position":3},"title":"Comfort Saquetas Perfumadas para Arm\u00e1rio 3un","date":"Fevereiro 23, 2022","format":false,"excerpt":"Com as saquetas perfumadas de Comfort, pode sentir durante mais tempo a fragr\u00e2ncia delicada e deliciosa dos amaciadores de roupa Comfort. Liberta gradualmente o seu aroma durante 6 semanas, para que a sua roupa fique maravilhosamente fresca como se tivesse sido acabada de lavar. Benef\u00edcios: - Fragr\u00e2ncia fresca e duradoura;...","rel":"","context":"Similar post","img":{"alt_text":"","src":"https:\/\/i0.wp.com\/mundo.seashell.pt\/wp-content\/uploads\/2022\/02\/COMFORT_SAQUETAS_PERFUMADAS_AZUL_-_3SAQ_5601068010953.jpeg?resize=350%2C200&ssl=1","width":350,"height":200},"classes":[]},{"id":7134,"url":"https:\/\/mundo.seashell.pt\/?product=dum-dum-anti-tracas-dos-alimentos-2un","url_meta":{"origin":7130,"position":4},"title":"Dum Dum Anti-tra\u00e7as dos Alimentos 2un","date":"Fevereiro 23, 2022","format":false,"excerpt":"Com Dum Dum, n\u00e3o escapa um!Descri\u00e7\u00e3o: Deteta e monitoriza as tra\u00e7as que atacam os alimentos, tais como cereais, frutos secos, nozes, sementes, massas, cacau, especiarias e alimentos secos para animais, quando se encontram armazenados. Cont\u00e9m uma feromona que atrai as tra\u00e7as masculinas, as quais ficam colocadas na armadilha. De...","rel":"","context":"Similar post","img":{"alt_text":"","src":"https:\/\/i0.wp.com\/mundo.seashell.pt\/wp-content\/uploads\/2022\/02\/05228018800301____1__600x600.jpeg?resize=350%2C200&ssl=1","width":350,"height":200},"classes":[]},{"id":5734,"url":"https:\/\/mundo.seashell.pt\/?product=fun-supersoft-talco-5l","url_meta":{"origin":7130,"position":5},"title":"Amaciador Fun Supersoft 5L &#8211; Lavandaria Autom\u00e1tica\/Manual","date":"Fevereiro 23, 2022","format":false,"excerpt":"Amaciador para a roupa","rel":"","context":"Similar post","img":{"alt_text":"","src":"https:\/\/i0.wp.com\/mundo.seashell.pt\/wp-content\/uploads\/2022\/02\/Soft_TALCO_5L_PhotoRoom_20210402_103640.jpg?resize=350%2C200&ssl=1","width":350,"height":200},"classes":[]}],"_links":{"self":[{"href":"https:\/\/mundo.seashell.pt\/index.php?rest_route=\/wp\/v2\/product\/7130","targetHints":{"allow":["GET"]}}],"collection":[{"href":"https:\/\/mundo.seashell.pt\/index.php?rest_route=\/wp\/v2\/product"}],"about":[{"href":"https:\/\/mundo.seashell.pt\/index.php?rest_route=\/wp\/v2\/types\/product"}],"wp:featuredmedia":[{"embeddable":true,"href":"https:\/\/mundo.seashell.pt\/index.php?rest_route=\/wp\/v2\/media\/7131"}],"wp:attachment":[{"href":"https:\/\/mundo.seashell.pt\/index.php?rest_route=%2Fwp%2Fv2%2Fmedia&parent=7130"}],"wp:term":[{"taxonomy":"product_cat","embeddable":true,"href":"https:\/\/mundo.seashell.pt\/index.php?rest_route=%2Fwp%2Fv2%2Fproduct_cat&post=7130"},{"taxonomy":"product_tag","embeddable":true,"href":"https:\/\/mundo.seashell.pt\/index.php?rest_route=%2Fwp%2Fv2%2Fproduct_tag&post=7130"}],"curies":[{"name":"wp","href":"https:\/\/api.w.org\/{rel}","templated":true}]}}