{"id":7126,"date":"2022-02-23T19:06:29","date_gmt":"2022-02-23T19:06:29","guid":{"rendered":"https:\/\/mundo.seashell.pt\/?post_type=product&#038;p=7126"},"modified":"2022-02-23T19:06:30","modified_gmt":"2022-02-23T19:06:30","slug":"raid-anti-tracas-2-un","status":"publish","type":"product","link":"https:\/\/mundo.seashell.pt\/?product=raid-anti-tracas-2-un","title":{"rendered":"Raid Anti-tra\u00e7as 2 un"},"content":{"rendered":"<p>Proteja a sua fam\u00edlia. Aproveite cada momento.<\/p>\n<h3>Descri\u00e7\u00e3o:<\/h3>\n<p>Raid\u00ae Anti-Tra\u00e7as lavanda fresca protege as roupas e tecidos contra as tra\u00e7as, durante uma esta\u00e7\u00e3o. A ess\u00eancia de lavanda perfuma agradavelmente arm\u00e1rios, roupeiros e gavetas.<\/p>\n<h3>Notas\/Frag\u00e2ncia:<\/h3>\n<p>Lavanda<\/p>\n<h3>Conselhos de utiliza\u00e7\u00e3o:<\/h3>\n<p>Retire por completo a pel\u00edcula de alum\u00ednio. Coloque em arm\u00e1rios e roupeiros, usando o suporte. Pode tamb\u00e9m ser colocado em gavetas e superf\u00edcies lisas. Evite o contacto direto da membrana perme\u00e1vel com roupas, tecidos e pl\u00e1sticos. Substitua o produto no fim de cada esta\u00e7\u00e3o ou quando o gel estiver seco e a fragr\u00e2ncia desaparecer. O produto come\u00e7a a atuar eficazmente ao fim de 3 dias.<\/p>\n<p><\/p>\n","protected":false},"excerpt":{"rendered":"<p>Proteja a sua fam\u00edlia. Aproveite cada momento.Descri\u00e7\u00e3o:<br \/>\nRaid\u00ae Anti-Tra\u00e7as lavanda fresca protege as roupas e tecidos contra as tra\u00e7as, durante uma esta\u00e7\u00e3o. A ess\u00eancia de lavanda perfuma agradavelmente arm\u00e1rios, roupeiros e gavetas.<br \/>\nNotas\/Frag\u00e2ncia:<br \/>\nLavandaConselhos de utiliza\u00e7\u00e3o:<br \/>\nRetire por&#8230;<\/p>\n","protected":false},"featured_media":7127,"template":"","meta":{"spay_email":""},"product_cat":[15],"product_tag":[],"class_list":{"0":"post-7126","1":"product","2":"type-product","3":"status-publish","4":"has-post-thumbnail","6":"product_cat-sem-categoria","8":"first","9":"instock","10":"taxable","11":"shipping-taxable","12":"purchasable","13":"product-type-simple"},"acf":[],"jetpack-related-posts":[{"id":7130,"url":"https:\/\/mundo.seashell.pt\/?product=raid-papel-anti-tracas-4-un","url_meta":{"origin":7126,"position":0},"title":"Raid Papel Anti-tra\u00e7as 4 un","date":"Fevereiro 23, 2022","format":false,"excerpt":"Proteja a sua fam\u00edlia. Aproveite cada momento.Descri\u00e7\u00e3o: Raid\u00ae papel Anti-Tra\u00e7as protege as roupas e tecidos da a\u00e7\u00e3o destruidora das tra\u00e7as em arm\u00e1rios, roupeiros e gavetas. A efic\u00e1cia do ingrediente ativo anti-tra\u00e7as mant\u00e9m a prote\u00e7\u00e3o durante 3 meses, ao mesmo tempo que liberta uma agrad\u00e1vel fragr\u00e2ncia floral. N\u00e3o mancha ...","rel":"","context":"Similar post","img":{"alt_text":"","src":"https:\/\/i0.wp.com\/mundo.seashell.pt\/wp-content\/uploads\/2022\/02\/681629.png?resize=350%2C200&ssl=1","width":350,"height":200},"classes":[]},{"id":7132,"url":"https:\/\/mundo.seashell.pt\/?product=raid-anti-tracas-dos-alimentos-3un","url_meta":{"origin":7126,"position":1},"title":"Raid Anti-tra\u00e7as dos Alimentos 3un","date":"Fevereiro 23, 2022","format":false,"excerpt":"Proteja a sua fam\u00edlia. Aproveite cada momento.Descri\u00e7\u00e3o: Deteta e monitoriza as tra\u00e7as que atacam os alimentos, tais como cereais, frutos secos, nozes, sementes, massas, cacau, especiarias e alimentos secos para animais, quando se encontram armazenados. Cont\u00e9m uma feromona que atrai as tra\u00e7as masculinas, as quais ficam col...","rel":"","context":"Similar post","img":{"alt_text":"","src":"https:\/\/i0.wp.com\/mundo.seashell.pt\/wp-content\/uploads\/2022\/02\/5298012-frente.jpeg?resize=350%2C200&ssl=1","width":350,"height":200},"classes":[]},{"id":7030,"url":"https:\/\/mundo.seashell.pt\/?product=dum-dum-bolsinhas-de-lavanda-20-un","url_meta":{"origin":7126,"position":2},"title":"Dum Dum  Bolsinhas de Lavanda 20 un","date":"Fevereiro 23, 2022","format":false,"excerpt":"Com Dum Dum, n\u00e3o escapa um!Descri\u00e7\u00e3o: Dum Dum bolsinhas lavanda cuida da sua roupa durante toda a esta\u00e7\u00e3o. Refresca e perfuma a roupa com a fragr\u00e2ncia agrad\u00e1vel de lavanda. Notas\/Frag\u00e2ncia: LavandaBenef\u00edcios: - Agrad\u00e1vel fragr\u00e2ncia a lavanda;- N\u00e3o mancha a roupa nem as m\u00e3os. Cons...","rel":"","context":"Similar post","img":{"alt_text":"","src":"https:\/\/i0.wp.com\/mundo.seashell.pt\/wp-content\/uploads\/2022\/02\/6883865-hero.jpeg?resize=350%2C200&ssl=1","width":350,"height":200},"classes":[]},{"id":5742,"url":"https:\/\/mundo.seashell.pt\/?product=soft-plus-5kg-lavandaria-automaticamanual","url_meta":{"origin":7126,"position":3},"title":"Amaciador Soft Plus &#8211; Lavandaria Autom\u00e1tica\/Manual","date":"Fevereiro 23, 2022","format":false,"excerpt":"Amaciador l\u00edquido para a lavagem de roupa","rel":"","context":"Similar post","img":{"alt_text":"","src":"https:\/\/i0.wp.com\/mundo.seashell.pt\/wp-content\/uploads\/2022\/02\/soft_plus.jpg?resize=350%2C200&ssl=1","width":350,"height":200},"classes":[]},{"id":7090,"url":"https:\/\/mundo.seashell.pt\/?product=raid","url_meta":{"origin":7126,"position":4},"title":"Raid Aparelho Dia &#038; Noite 300gr (200Horas)","date":"Fevereiro 23, 2022","format":false,"excerpt":"Proteja a sua fam\u00edlia. Aproveite cada momento.Descri\u00e7\u00e3o: Raid\u00ae Night&Day protege a sua fam\u00edlia contra moscas, mosquitos e formigas, 24h por dia. Cont\u00e9m uma inovadora tecnologia em areia comprimida com inseticida numa f\u00f3rmula sem dissolventes. Prote\u00e7\u00e3o constante durante todo o dia e toda a noite. N\u00e3o verte. Tipo de prod...","rel":"","context":"Similar post","img":{"alt_text":"","src":"https:\/\/i0.wp.com\/mundo.seashell.pt\/wp-content\/uploads\/2022\/02\/5820710-frente.jpeg?resize=350%2C200&ssl=1","width":350,"height":200},"classes":[]},{"id":7098,"url":"https:\/\/mundo.seashell.pt\/?product=baygon-mafu-rapido-400ml","url_meta":{"origin":7126,"position":5},"title":"Baygon Mafu R\u00e1pido 400ml","date":"Fevereiro 23, 2022","format":false,"excerpt":"Proteja a sua fam\u00edlia. Aproveite cada momento.Descri\u00e7\u00e3o: Baygon\u00ae, com a sua f\u00f3rmula avan\u00e7ada 2 em 1, neutraliza e elimina moscas, melgas e mosquitos, proporcionando uma a\u00e7\u00e3o r\u00e1pida e um efeito prolongado.Benef\u00edcios: - Neutraliza e elimina moscas, melgas e mosquitos comuns e tigre em segundos;- Adequado para...","rel":"","context":"Similar post","img":{"alt_text":"","src":"https:\/\/i0.wp.com\/mundo.seashell.pt\/wp-content\/uploads\/2022\/02\/2822746-esquerdo.jpeg?resize=350%2C200&ssl=1","width":350,"height":200},"classes":[]}],"_links":{"self":[{"href":"https:\/\/mundo.seashell.pt\/index.php?rest_route=\/wp\/v2\/product\/7126","targetHints":{"allow":["GET"]}}],"collection":[{"href":"https:\/\/mundo.seashell.pt\/index.php?rest_route=\/wp\/v2\/product"}],"about":[{"href":"https:\/\/mundo.seashell.pt\/index.php?rest_route=\/wp\/v2\/types\/product"}],"wp:featuredmedia":[{"embeddable":true,"href":"https:\/\/mundo.seashell.pt\/index.php?rest_route=\/wp\/v2\/media\/7127"}],"wp:attachment":[{"href":"https:\/\/mundo.seashell.pt\/index.php?rest_route=%2Fwp%2Fv2%2Fmedia&parent=7126"}],"wp:term":[{"taxonomy":"product_cat","embeddable":true,"href":"https:\/\/mundo.seashell.pt\/index.php?rest_route=%2Fwp%2Fv2%2Fproduct_cat&post=7126"},{"taxonomy":"product_tag","embeddable":true,"href":"https:\/\/mundo.seashell.pt\/index.php?rest_route=%2Fwp%2Fv2%2Fproduct_tag&post=7126"}],"curies":[{"name":"wp","href":"https:\/\/api.w.org\/{rel}","templated":true}]}}