{"id":7122,"date":"2022-02-23T19:06:26","date_gmt":"2022-02-23T19:06:26","guid":{"rendered":"https:\/\/mundo.seashell.pt\/?post_type=product&#038;p=7122"},"modified":"2022-02-23T19:06:28","modified_gmt":"2022-02-23T19:06:28","slug":"raid-armadilha-paera-baratas-6-un","status":"publish","type":"product","link":"https:\/\/mundo.seashell.pt\/?product=raid-armadilha-paera-baratas-6-un","title":{"rendered":"Raid Armadilha para Baratas 6 Un"},"content":{"rendered":"<p>Proteja a sua fam\u00edlia. Aproveite cada momento.<\/p>\n<h3>Descri\u00e7\u00e3o:<\/h3>\n<p>Gra\u00e7as \u00e0 f\u00f3rmula exclusiva de Raid\u00ae Controller baratas basta colocar as armadilhas para que a sua efic\u00e1cia exterminadora comece a atuar de forma cont\u00ednua. A barata come o isco e quando volta ao ninho propaga o seu efeito contaminando e eliminando as outras baratas. Atua de forma cont\u00ednua durante 3 meses, 24 horas por dia. N\u00e3o mancha, n\u00e3o tem cheiro e n\u00e3o liberta vapores.<\/p>\n<h3>Conselhos de utiliza\u00e7\u00e3o:<\/h3>\n<p>Coloque as armadilhas onde a actividade das baratas \u00e9 mais intensa ou onde forem vistas baratas em grupo. N\u00e3o utilize mais de 12 armadilhas de uma vez s\u00f3. Para obter melhores resultados, coloque as armadilhas horizontalmente, junto de paredes ou nos cantos. As armadilhas tamb\u00e9m podem ser colocadas verticalmente, por baixo do bordo da pia da cozinha, por exemplo. Verifique as armadilhas semanalmente e, se estiverem vazias, substitua-as imediatamente por novas armadilhas. Continue a substituir as armadilhas at\u00e9 n\u00e3o serem vistas mais baratas. Ao fim de uns dias dever\u00e1 ver menos baratas. Se 3 meses ap\u00f3s o in\u00edcio do tratamento a infesta\u00e7\u00e3o continuar, deve ser contactado um profissional especializado em controlo de pestes. Ap\u00f3s a utiliza\u00e7\u00e3o, deposite a caixa de armadilhas vazia no lixo dom\u00e9stico para reciclar. Se restarem armadilhas, deposite a caixa de armadilhas no centro de reciclagem de res\u00edduos dom\u00e9sticos como lixo perigoso.<\/p>\n<p><\/p>\n<\/p>\n<p><\/p>\n<ul><\/ul>\n","protected":false},"excerpt":{"rendered":"<p>Proteja a sua fam\u00edlia. Aproveite cada momento.Descri\u00e7\u00e3o:<br \/>\nGra\u00e7as \u00e0 f\u00f3rmula exclusiva de Raid\u00ae Controller baratas basta colocar as armadilhas para que a sua efic\u00e1cia exterminadora comece a atuar de forma cont\u00ednua. A barata come o isco e quando volta ao ninho propaga o seu efeito contaminando e eliminando as outras baratas. Atua &#8230;<\/p>\n","protected":false},"featured_media":7123,"template":"","meta":{"spay_email":""},"product_cat":[15],"product_tag":[],"class_list":{"0":"post-7122","1":"product","2":"type-product","3":"status-publish","4":"has-post-thumbnail","6":"product_cat-sem-categoria","8":"first","9":"instock","10":"taxable","11":"shipping-taxable","12":"purchasable","13":"product-type-simple"},"acf":[],"jetpack-related-posts":[{"id":7132,"url":"https:\/\/mundo.seashell.pt\/?product=raid-anti-tracas-dos-alimentos-3un","url_meta":{"origin":7122,"position":0},"title":"Raid Anti-tra\u00e7as dos Alimentos 3un","date":"Fevereiro 23, 2022","format":false,"excerpt":"Proteja a sua fam\u00edlia. Aproveite cada momento.Descri\u00e7\u00e3o: Deteta e monitoriza as tra\u00e7as que atacam os alimentos, tais como cereais, frutos secos, nozes, sementes, massas, cacau, especiarias e alimentos secos para animais, quando se encontram armazenados. Cont\u00e9m uma feromona que atrai as tra\u00e7as masculinas, as quais ficam col...","rel":"","context":"Similar post","img":{"alt_text":"","src":"https:\/\/i0.wp.com\/mundo.seashell.pt\/wp-content\/uploads\/2022\/02\/5298012-frente.jpeg?resize=350%2C200&ssl=1","width":350,"height":200},"classes":[]},{"id":7112,"url":"https:\/\/mundo.seashell.pt\/?product=raid-inseticida-spray-400ml","url_meta":{"origin":7122,"position":1},"title":"Raid Inseticida Spray 400ml","date":"Fevereiro 23, 2022","format":false,"excerpt":"Proteja a sua fam\u00edlia. Aproveite cada momento.Descri\u00e7\u00e3o: Gra\u00e7as \u00e0 sua eficaz f\u00f3rmula de a\u00e7\u00e3o imediata, Raid\u00ae elimina em segundos baratas, aranhas, formigas, peixinhos de prata e outros insectos rastejantes em ambiente dom\u00e9stico.Conselhos de utiliza\u00e7\u00e3o: Agite bem antes de utilizar. Mantendo a embalagem na verti...","rel":"","context":"Similar post","img":{"alt_text":"","src":"https:\/\/i0.wp.com\/mundo.seashell.pt\/wp-content\/uploads\/2022\/02\/5298021-frente.jpeg?resize=350%2C200&ssl=1","width":350,"height":200},"classes":[]},{"id":7134,"url":"https:\/\/mundo.seashell.pt\/?product=dum-dum-anti-tracas-dos-alimentos-2un","url_meta":{"origin":7122,"position":2},"title":"Dum Dum Anti-tra\u00e7as dos Alimentos 2un","date":"Fevereiro 23, 2022","format":false,"excerpt":"Com Dum Dum, n\u00e3o escapa um!Descri\u00e7\u00e3o: Deteta e monitoriza as tra\u00e7as que atacam os alimentos, tais como cereais, frutos secos, nozes, sementes, massas, cacau, especiarias e alimentos secos para animais, quando se encontram armazenados. Cont\u00e9m uma feromona que atrai as tra\u00e7as masculinas, as quais ficam colocadas na armadilha. De...","rel":"","context":"Similar post","img":{"alt_text":"","src":"https:\/\/i0.wp.com\/mundo.seashell.pt\/wp-content\/uploads\/2022\/02\/05228018800301____1__600x600.jpeg?resize=350%2C200&ssl=1","width":350,"height":200},"classes":[]},{"id":7100,"url":"https:\/\/mundo.seashell.pt\/?product=baygon-rastejantes-c-aplicador-400ml","url_meta":{"origin":7122,"position":3},"title":"Baygon Rastejantes c\/ Aplicador 400ml","date":"Fevereiro 23, 2022","format":false,"excerpt":"Proteja a sua fam\u00edlia. Aproveite cada momento.Descri\u00e7\u00e3o: Prote\u00e7\u00e3o cont\u00ednua contra baratas e formigas at\u00e9 4 semanas em superf\u00edcies n\u00e3o porosas. Conselhos de utiliza\u00e7\u00e3o: Agite bem antes de utilizar. Mantendo a embalagem na vertical, rode o aplicador na dire\u00e7\u00e3o pretendida da superf\u00edcie a tratar e pressione o atuad...","rel":"","context":"Similar post","img":{"alt_text":"","src":"https:\/\/i0.wp.com\/mundo.seashell.pt\/wp-content\/uploads\/2022\/02\/6883731-frente.jpeg?resize=350%2C200&ssl=1","width":350,"height":200},"classes":[]},{"id":7102,"url":"https:\/\/mundo.seashell.pt\/?product=baygon-po-baratas-e-formigas","url_meta":{"origin":7122,"position":4},"title":"Baygon P\u00f3 Baratas e Formigas 250gr","date":"Fevereiro 23, 2022","format":false,"excerpt":"Proteja a sua fam\u00edlia. Aproveite cada momento.Descri\u00e7\u00e3o: Inseticida em p\u00f3 eficaz para uso n\u00e3o profissional contra insetos rastejantes. Para o controlo das formigas, baratas e outros insetos rastejantes, dentro e em redor de habita\u00e7\u00f5es atrav\u00e9s de aplica\u00e7\u00e3o exterior para evitar a entrada de formigas em casa, incluindo a aplica\u00e7\u00e3...","rel":"","context":"Similar post","img":{"alt_text":"","src":"https:\/\/i0.wp.com\/mundo.seashell.pt\/wp-content\/uploads\/2022\/02\/4694022-frente.jpeg?resize=350%2C200&ssl=1","width":350,"height":200},"classes":[]},{"id":7124,"url":"https:\/\/mundo.seashell.pt\/?product=sbm-armadilha-para-formigas-2-un","url_meta":{"origin":7122,"position":5},"title":"SBM Armadilha para Formigas 2 Un","date":"Fevereiro 23, 2022","format":false,"excerpt":"Antiarmadilha de formiga SBM Altamente eficaz para todas as esp\u00e9cies de formigas. Ativa\u00e7\u00e3o pressionando o centro da armadilha. Permanece ativo at\u00e9 90 dias. Inclui tiras adesivas para instala\u00e7\u00e3o nem na vertical. SBM formiga armadilha efetivamente controle de formigas e formiga gra\u00e7as a um gel ultra concentrado muito atraente. Pr\u00e1tico, \u00e9\u2026","rel":"","context":"Similar post","img":{"alt_text":"","src":"https:\/\/i0.wp.com\/mundo.seashell.pt\/wp-content\/uploads\/2022\/02\/transferir__21_.jpeg?resize=350%2C200&ssl=1","width":350,"height":200},"classes":[]}],"_links":{"self":[{"href":"https:\/\/mundo.seashell.pt\/index.php?rest_route=\/wp\/v2\/product\/7122","targetHints":{"allow":["GET"]}}],"collection":[{"href":"https:\/\/mundo.seashell.pt\/index.php?rest_route=\/wp\/v2\/product"}],"about":[{"href":"https:\/\/mundo.seashell.pt\/index.php?rest_route=\/wp\/v2\/types\/product"}],"wp:featuredmedia":[{"embeddable":true,"href":"https:\/\/mundo.seashell.pt\/index.php?rest_route=\/wp\/v2\/media\/7123"}],"wp:attachment":[{"href":"https:\/\/mundo.seashell.pt\/index.php?rest_route=%2Fwp%2Fv2%2Fmedia&parent=7122"}],"wp:term":[{"taxonomy":"product_cat","embeddable":true,"href":"https:\/\/mundo.seashell.pt\/index.php?rest_route=%2Fwp%2Fv2%2Fproduct_cat&post=7122"},{"taxonomy":"product_tag","embeddable":true,"href":"https:\/\/mundo.seashell.pt\/index.php?rest_route=%2Fwp%2Fv2%2Fproduct_tag&post=7122"}],"curies":[{"name":"wp","href":"https:\/\/api.w.org\/{rel}","templated":true}]}}