{"id":7120,"date":"2022-02-23T19:06:10","date_gmt":"2022-02-23T19:06:10","guid":{"rendered":"https:\/\/mundo.seashell.pt\/?post_type=product&#038;p=7120"},"modified":"2022-02-23T19:06:12","modified_gmt":"2022-02-23T19:06:12","slug":"baygon-fita-apanha-moscas-4-un","status":"publish","type":"product","link":"https:\/\/mundo.seashell.pt\/?product=baygon-fita-apanha-moscas-4-un","title":{"rendered":"Baygon Fita Apanha Moscas 4 Un"},"content":{"rendered":"<p>Proteja a sua fam\u00edlia. Aproveite cada momento.<\/p>\n<h3>Descri\u00e7\u00e3o:<\/h3>\n<p>Apanha moscas sem inseticida, at\u00e9 6 semanas de efic\u00e1cia.<\/p>\n<h3>Conselhos de utiliza\u00e7\u00e3o:<\/h3>\n<p>Aque\u00e7a o tubo nas m\u00e3os para ficar \u00e0 temperatura ambiente. Retire a tampa de cart\u00e3o e extraia a tira, usando a fita colorida, rodando ligeiramente. Suspenda a tira, usando o pion\u00e9s existente na tampa de cart\u00e3o. Use uma tira por cada 10m2. Para espa\u00e7os maiores, use mais que uma tira. Substitua a cada 6 semanas ou quando estiver repleto de insetos.Depois da sua utiliza\u00e7\u00e3o, embrulhe em papel e coloque no lixo indiferenciado. Utilize com cuidado para evitar que a tira se cola nas superf\u00edcies em volta. As manchas de cola podem ser retiradas de superf\u00edcies n\u00e3o porosas com \u00f3leo vegetal.<\/p>\n<p><\/p>\n<p><\/p>\n<ul><\/ul>\n","protected":false},"excerpt":{"rendered":"<p>Proteja a sua fam\u00edlia. Aproveite cada momento.Descri\u00e7\u00e3o:<br \/>\nApanha moscas sem inseticida, at\u00e9 6 semanas de efic\u00e1cia.<br \/>\nConselhos de utiliza\u00e7\u00e3o:<br \/>\nAque\u00e7a o tubo nas m\u00e3os para ficar \u00e0 temperatura ambiente. Retire a tampa de cart\u00e3o e extraia a tira, usando a fita colorida, rodando ligeiramente. Suspenda a tira, usando o &#8230;<\/p>\n","protected":false},"featured_media":7121,"template":"","meta":{"spay_email":""},"product_cat":[15],"product_tag":[],"class_list":{"0":"post-7120","1":"product","2":"type-product","3":"status-publish","4":"has-post-thumbnail","6":"product_cat-sem-categoria","8":"first","9":"instock","10":"taxable","11":"shipping-taxable","12":"purchasable","13":"product-type-simple"},"acf":[],"jetpack-related-posts":[{"id":7118,"url":"https:\/\/mundo.seashell.pt\/?product=agisol-fita-spanha-moscas-4-un","url_meta":{"origin":7120,"position":0},"title":"Agisol Fita Spanha Moscas 4 Un","date":"Fevereiro 23, 2022","format":false,"excerpt":"Fita adesiva em rolo, sem inseticida, para controlo de moscas. Proteja a sua fam\u00edlia. Aproveite cada momento.Descri\u00e7\u00e3o: Apanha moscas sem inseticida, at\u00e9 6 semanas de efic\u00e1cia. Conselhos de utiliza\u00e7\u00e3o: Aque\u00e7a o tubo nas m\u00e3os para ficar \u00e0 temperatura ambiente. Retire a tampa de cart\u00e3o e extraia a tira, us...","rel":"","context":"Similar post","img":{"alt_text":"","src":"https:\/\/i0.wp.com\/mundo.seashell.pt\/wp-content\/uploads\/2022\/02\/transferir__20_.jpeg?resize=350%2C200&ssl=1","width":350,"height":200},"classes":[]},{"id":7090,"url":"https:\/\/mundo.seashell.pt\/?product=raid","url_meta":{"origin":7120,"position":1},"title":"Raid Aparelho Dia &#038; Noite 300gr (200Horas)","date":"Fevereiro 23, 2022","format":false,"excerpt":"Proteja a sua fam\u00edlia. Aproveite cada momento.Descri\u00e7\u00e3o: Raid\u00ae Night&Day protege a sua fam\u00edlia contra moscas, mosquitos e formigas, 24h por dia. Cont\u00e9m uma inovadora tecnologia em areia comprimida com inseticida numa f\u00f3rmula sem dissolventes. Prote\u00e7\u00e3o constante durante todo o dia e toda a noite. N\u00e3o verte. Tipo de prod...","rel":"","context":"Similar post","img":{"alt_text":"","src":"https:\/\/i0.wp.com\/mundo.seashell.pt\/wp-content\/uploads\/2022\/02\/5820710-frente.jpeg?resize=350%2C200&ssl=1","width":350,"height":200},"classes":[]},{"id":7102,"url":"https:\/\/mundo.seashell.pt\/?product=baygon-po-baratas-e-formigas","url_meta":{"origin":7120,"position":2},"title":"Baygon P\u00f3 Baratas e Formigas 250gr","date":"Fevereiro 23, 2022","format":false,"excerpt":"Proteja a sua fam\u00edlia. Aproveite cada momento.Descri\u00e7\u00e3o: Inseticida em p\u00f3 eficaz para uso n\u00e3o profissional contra insetos rastejantes. Para o controlo das formigas, baratas e outros insetos rastejantes, dentro e em redor de habita\u00e7\u00f5es atrav\u00e9s de aplica\u00e7\u00e3o exterior para evitar a entrada de formigas em casa, incluindo a aplica\u00e7\u00e3...","rel":"","context":"Similar post","img":{"alt_text":"","src":"https:\/\/i0.wp.com\/mundo.seashell.pt\/wp-content\/uploads\/2022\/02\/4694022-frente.jpeg?resize=350%2C200&ssl=1","width":350,"height":200},"classes":[]},{"id":7092,"url":"https:\/\/mundo.seashell.pt\/?product=raid-recarga-dia-noite-300gr-200horas","url_meta":{"origin":7120,"position":3},"title":"Raid Recarga Dia &#038; Noite 300gr (200Horas)","date":"Fevereiro 23, 2022","format":false,"excerpt":"Proteja a sua fam\u00edlia. Aproveite cada momento. Descri\u00e7\u00e3o: Raid\u00ae Night&Day protege a sua fam\u00edlia contra moscas, mosquitos e formigas, 24h por dia. Cont\u00e9m uma inovadora tecnologia em areia comprimida com inseticida numa f\u00f3rmula sem dissolventes. Prote\u00e7\u00e3o constante durante todo o dia e toda a noite. N\u00e3o verte. Tipo de pro...","rel":"","context":"Similar post","img":{"alt_text":"","src":"https:\/\/i0.wp.com\/mundo.seashell.pt\/wp-content\/uploads\/2022\/02\/transferir__2_.png?resize=350%2C200&ssl=1","width":350,"height":200},"classes":[]},{"id":7112,"url":"https:\/\/mundo.seashell.pt\/?product=raid-inseticida-spray-400ml","url_meta":{"origin":7120,"position":4},"title":"Raid Inseticida Spray 400ml","date":"Fevereiro 23, 2022","format":false,"excerpt":"Proteja a sua fam\u00edlia. Aproveite cada momento.Descri\u00e7\u00e3o: Gra\u00e7as \u00e0 sua eficaz f\u00f3rmula de a\u00e7\u00e3o imediata, Raid\u00ae elimina em segundos baratas, aranhas, formigas, peixinhos de prata e outros insectos rastejantes em ambiente dom\u00e9stico.Conselhos de utiliza\u00e7\u00e3o: Agite bem antes de utilizar. Mantendo a embalagem na verti...","rel":"","context":"Similar post","img":{"alt_text":"","src":"https:\/\/i0.wp.com\/mundo.seashell.pt\/wp-content\/uploads\/2022\/02\/5298021-frente.jpeg?resize=350%2C200&ssl=1","width":350,"height":200},"classes":[]},{"id":7132,"url":"https:\/\/mundo.seashell.pt\/?product=raid-anti-tracas-dos-alimentos-3un","url_meta":{"origin":7120,"position":5},"title":"Raid Anti-tra\u00e7as dos Alimentos 3un","date":"Fevereiro 23, 2022","format":false,"excerpt":"Proteja a sua fam\u00edlia. Aproveite cada momento.Descri\u00e7\u00e3o: Deteta e monitoriza as tra\u00e7as que atacam os alimentos, tais como cereais, frutos secos, nozes, sementes, massas, cacau, especiarias e alimentos secos para animais, quando se encontram armazenados. Cont\u00e9m uma feromona que atrai as tra\u00e7as masculinas, as quais ficam col...","rel":"","context":"Similar post","img":{"alt_text":"","src":"https:\/\/i0.wp.com\/mundo.seashell.pt\/wp-content\/uploads\/2022\/02\/5298012-frente.jpeg?resize=350%2C200&ssl=1","width":350,"height":200},"classes":[]}],"_links":{"self":[{"href":"https:\/\/mundo.seashell.pt\/index.php?rest_route=\/wp\/v2\/product\/7120","targetHints":{"allow":["GET"]}}],"collection":[{"href":"https:\/\/mundo.seashell.pt\/index.php?rest_route=\/wp\/v2\/product"}],"about":[{"href":"https:\/\/mundo.seashell.pt\/index.php?rest_route=\/wp\/v2\/types\/product"}],"wp:featuredmedia":[{"embeddable":true,"href":"https:\/\/mundo.seashell.pt\/index.php?rest_route=\/wp\/v2\/media\/7121"}],"wp:attachment":[{"href":"https:\/\/mundo.seashell.pt\/index.php?rest_route=%2Fwp%2Fv2%2Fmedia&parent=7120"}],"wp:term":[{"taxonomy":"product_cat","embeddable":true,"href":"https:\/\/mundo.seashell.pt\/index.php?rest_route=%2Fwp%2Fv2%2Fproduct_cat&post=7120"},{"taxonomy":"product_tag","embeddable":true,"href":"https:\/\/mundo.seashell.pt\/index.php?rest_route=%2Fwp%2Fv2%2Fproduct_tag&post=7120"}],"curies":[{"name":"wp","href":"https:\/\/api.w.org\/{rel}","templated":true}]}}