{"id":7116,"date":"2022-02-23T19:06:07","date_gmt":"2022-02-23T19:06:07","guid":{"rendered":"https:\/\/mundo.seashell.pt\/?post_type=product&#038;p=7116"},"modified":"2022-02-23T19:06:09","modified_gmt":"2022-02-23T19:06:09","slug":"biokill-recarga-375ml","status":"publish","type":"product","link":"https:\/\/mundo.seashell.pt\/?product=biokill-recarga-375ml","title":{"rendered":"Biokill Recarga 375ml"},"content":{"rendered":"<h3>Conselhos de utiliza\u00e7\u00e3o:<\/h3>\n<p>Vaporize o produto, directamente sobre os insectos ou parasitas. Ap\u00f3s 3-4 horas, o produto ter\u00e1 provocado o seu efeito e manter\u00e1 a \u00e1rea vaporizada protegida.<\/p><\/p>\n","protected":false},"excerpt":{"rendered":"<p>Conselhos de utiliza\u00e7\u00e3o:<br \/>\nVaporize o produto, directamente sobre os insectos ou parasitas. Ap\u00f3s 3-4 horas, o produto ter\u00e1 provocado o seu efeito e manter\u00e1 a \u00e1rea vaporizada protegida.<\/p>\n","protected":false},"featured_media":7117,"template":"","meta":{"spay_email":""},"product_cat":[15],"product_tag":[],"class_list":{"0":"post-7116","1":"product","2":"type-product","3":"status-publish","4":"has-post-thumbnail","6":"product_cat-sem-categoria","8":"first","9":"instock","10":"taxable","11":"shipping-taxable","12":"purchasable","13":"product-type-simple"},"acf":[],"jetpack-related-posts":[{"id":7114,"url":"https:\/\/mundo.seashell.pt\/?product=bio-kill-inseticida-bio-375ml","url_meta":{"origin":7116,"position":0},"title":"Biokill Inseticida Bio 375ml","date":"Fevereiro 23, 2022","format":false,"excerpt":"Conselhos de utiliza\u00e7\u00e3o: Vaporize o produto, directamente sobre os insetos ou parasitas. Ap\u00f3s 3-4 horas, o produto ter\u00e1 provocado o seu efeito e manter\u00e1 a \u00e1rea vaporizada protegida.","rel":"","context":"Similar post","img":{"alt_text":"","src":"https:\/\/i0.wp.com\/mundo.seashell.pt\/wp-content\/uploads\/2022\/02\/2220434-frente.jpeg?resize=350%2C200&ssl=1","width":350,"height":200},"classes":[]},{"id":7106,"url":"https:\/\/mundo.seashell.pt\/?product=dum-dum-multi-insetos-400ml","url_meta":{"origin":7116,"position":1},"title":"Dum Dum Multi-insetos 400ml","date":"Fevereiro 23, 2022","format":false,"excerpt":"Com Dum Dum, n\u00e3o escapa um!Conselhos de utiliza\u00e7\u00e3o: Vaporize o produto, directamente sobre os insetos ou parasitas. Ap\u00f3s 3-4 horas, o produto ter\u00e1 provocado o seu efeito.","rel":"","context":"Similar post","img":{"alt_text":"","src":"https:\/\/i0.wp.com\/mundo.seashell.pt\/wp-content\/uploads\/2022\/02\/5297513-hero.jpeg?resize=350%2C200&ssl=1","width":350,"height":200},"classes":[]},{"id":7104,"url":"https:\/\/mundo.seashell.pt\/?product=dum-dum-inseticida-spray-moscas-e-mosquitos-300ml","url_meta":{"origin":7116,"position":2},"title":"Dum Dum Inseticida Spray Moscas e Mosquitos 300ml","date":"Fevereiro 23, 2022","format":false,"excerpt":"Com Dum Dum, n\u00e3o escapa um!Conselhos de utiliza\u00e7\u00e3o: Vaporize o produto, directamente sobre os insetos ou parasitas. Ap\u00f3s 3-4 horas, o produto ter\u00e1 provocado o seu efeito.","rel":"","context":"Similar post","img":{"alt_text":"","src":"https:\/\/i0.wp.com\/mundo.seashell.pt\/wp-content\/uploads\/2022\/02\/5297894-hero.jpeg?resize=350%2C200&ssl=1","width":350,"height":200},"classes":[]},{"id":7108,"url":"https:\/\/mundo.seashell.pt\/?product=dum-dum-baratas-e-formigas-400ml","url_meta":{"origin":7116,"position":3},"title":"Dum Dum Baratas e Formigas 400ml","date":"Fevereiro 23, 2022","format":false,"excerpt":"Insecticida para Baratas e Formigas Spray 400 ml Conselhos de utiliza\u00e7\u00e3o: Vaporize o produto, directamente sobre os insetos ou parasitas. Ap\u00f3s 3-4 horas, o produto ter\u00e1 provocado o seu efeito.","rel":"","context":"Similar post","img":{"alt_text":"","src":"https:\/\/i0.wp.com\/mundo.seashell.pt\/wp-content\/uploads\/2022\/02\/05228018600040____1__600x600.jpeg?resize=350%2C200&ssl=1","width":350,"height":200},"classes":[]},{"id":7110,"url":"https:\/\/mundo.seashell.pt\/?product=dum-dum-casa-e-plantas-400ml","url_meta":{"origin":7116,"position":4},"title":"Dum Dum Casa e Plantas 400ml","date":"Fevereiro 23, 2022","format":false,"excerpt":"Dum Dum Casa e Plantas 400mlConselhos de utiliza\u00e7\u00e3o: Vaporize o produto, directamente sobre os insetos ou parasitas. Ap\u00f3s 3-4 horas, o produto ter\u00e1 provocado o seu efeito.","rel":"","context":"Similar post","img":{"alt_text":"","src":"","width":0,"height":0},"classes":[]},{"id":6756,"url":"https:\/\/mundo.seashell.pt\/?product=pantene-laca-03l","url_meta":{"origin":7116,"position":5},"title":"Pantene Laca 300ml","date":"Fevereiro 23, 2022","format":false,"excerpt":"Defina ondas ou carac\u00f3is perfeitos e com movimento durante todo o dia. Transforma as ondas rebeldes em carac\u00f3is maravilhosamente definidos e flex\u00edveis.Benef\u00edcios: - Ajuda a proteger os carac\u00f3is do efeito frisado durante todo o dia;- Deixa o cabelo brilhante. Conselhos de utiliza\u00e7\u00e3o: Aplique no cabelo limpo e ...","rel":"","context":"Similar post","img":{"alt_text":"","src":"https:\/\/i0.wp.com\/mundo.seashell.pt\/wp-content\/uploads\/2022\/02\/PANTENE_LACA_CARACO_IS_DEFINIDOS_E_SUAVES_300ML_5410076532698.png?resize=350%2C200&ssl=1","width":350,"height":200},"classes":[]}],"_links":{"self":[{"href":"https:\/\/mundo.seashell.pt\/index.php?rest_route=\/wp\/v2\/product\/7116","targetHints":{"allow":["GET"]}}],"collection":[{"href":"https:\/\/mundo.seashell.pt\/index.php?rest_route=\/wp\/v2\/product"}],"about":[{"href":"https:\/\/mundo.seashell.pt\/index.php?rest_route=\/wp\/v2\/types\/product"}],"wp:featuredmedia":[{"embeddable":true,"href":"https:\/\/mundo.seashell.pt\/index.php?rest_route=\/wp\/v2\/media\/7117"}],"wp:attachment":[{"href":"https:\/\/mundo.seashell.pt\/index.php?rest_route=%2Fwp%2Fv2%2Fmedia&parent=7116"}],"wp:term":[{"taxonomy":"product_cat","embeddable":true,"href":"https:\/\/mundo.seashell.pt\/index.php?rest_route=%2Fwp%2Fv2%2Fproduct_cat&post=7116"},{"taxonomy":"product_tag","embeddable":true,"href":"https:\/\/mundo.seashell.pt\/index.php?rest_route=%2Fwp%2Fv2%2Fproduct_tag&post=7116"}],"curies":[{"name":"wp","href":"https:\/\/api.w.org\/{rel}","templated":true}]}}