{"id":7112,"date":"2022-02-23T19:06:01","date_gmt":"2022-02-23T19:06:01","guid":{"rendered":"https:\/\/mundo.seashell.pt\/?post_type=product&#038;p=7112"},"modified":"2022-02-23T19:06:05","modified_gmt":"2022-02-23T19:06:05","slug":"raid-inseticida-spray-400ml","status":"publish","type":"product","link":"https:\/\/mundo.seashell.pt\/?product=raid-inseticida-spray-400ml","title":{"rendered":"Raid Inseticida Spray 400ml"},"content":{"rendered":"<p>Proteja a sua fam\u00edlia. Aproveite cada momento.<\/p>\n<h3>Descri\u00e7\u00e3o:<\/h3>\n<p>Gra\u00e7as \u00e0 sua eficaz f\u00f3rmula de a\u00e7\u00e3o imediata, Raid\u00ae elimina em segundos baratas, aranhas, formigas, peixinhos de prata e outros insectos rastejantes em ambiente dom\u00e9stico.<\/p>\n<h3>Conselhos de utiliza\u00e7\u00e3o:<\/h3>\n<p>Agite bem antes de utilizar. Mantendo a embalagem na vertical, dirija a sa\u00edda do produto para a superf\u00edcie a tratar e pulverize o produto, pressionando o atuador firmemente. Aplique diretamente a uma dist\u00e2ncia de 20cm sobre os insetos e os seus locais de passagem ou esconderijos, tais como cantos, rodap\u00e9s, fendas, frestas, debaixo de portas, janelas ou m\u00f3veis, entre outros. Aplique o produto at\u00e9 molhar a superf\u00edcie a tratar. N\u00e3o utilize o produto em quantidade excessiva ou de outro modo que n\u00e3o o indicado na embalagem. N\u00e3o pulverize para o ar, sobre a madeira ou superf\u00edcies porosas.<\/p>\n<p><\/p>\n<p><\/p>\n<ul><\/ul>\n","protected":false},"excerpt":{"rendered":"<p>Proteja a sua fam\u00edlia. Aproveite cada momento.Descri\u00e7\u00e3o:<br \/>\nGra\u00e7as \u00e0 sua eficaz f\u00f3rmula de a\u00e7\u00e3o imediata, Raid\u00ae elimina em segundos baratas, aranhas, formigas, peixinhos de prata e outros insectos rastejantes em ambiente dom\u00e9stico.Conselhos de utiliza\u00e7\u00e3o:<\/p>\n<p>Agite bem antes de utilizar. Mantendo a embalagem na verti&#8230;<\/p>\n","protected":false},"featured_media":7113,"template":"","meta":{"spay_email":""},"product_cat":[15],"product_tag":[],"class_list":{"0":"post-7112","1":"product","2":"type-product","3":"status-publish","4":"has-post-thumbnail","6":"product_cat-sem-categoria","8":"first","9":"instock","10":"taxable","11":"shipping-taxable","12":"purchasable","13":"product-type-simple"},"acf":[],"jetpack-related-posts":[{"id":7100,"url":"https:\/\/mundo.seashell.pt\/?product=baygon-rastejantes-c-aplicador-400ml","url_meta":{"origin":7112,"position":0},"title":"Baygon Rastejantes c\/ Aplicador 400ml","date":"Fevereiro 23, 2022","format":false,"excerpt":"Proteja a sua fam\u00edlia. Aproveite cada momento.Descri\u00e7\u00e3o: Prote\u00e7\u00e3o cont\u00ednua contra baratas e formigas at\u00e9 4 semanas em superf\u00edcies n\u00e3o porosas. Conselhos de utiliza\u00e7\u00e3o: Agite bem antes de utilizar. Mantendo a embalagem na vertical, rode o aplicador na dire\u00e7\u00e3o pretendida da superf\u00edcie a tratar e pressione o atuad...","rel":"","context":"Similar post","img":{"alt_text":"","src":"https:\/\/i0.wp.com\/mundo.seashell.pt\/wp-content\/uploads\/2022\/02\/6883731-frente.jpeg?resize=350%2C200&ssl=1","width":350,"height":200},"classes":[]},{"id":7102,"url":"https:\/\/mundo.seashell.pt\/?product=baygon-po-baratas-e-formigas","url_meta":{"origin":7112,"position":1},"title":"Baygon P\u00f3 Baratas e Formigas 250gr","date":"Fevereiro 23, 2022","format":false,"excerpt":"Proteja a sua fam\u00edlia. Aproveite cada momento.Descri\u00e7\u00e3o: Inseticida em p\u00f3 eficaz para uso n\u00e3o profissional contra insetos rastejantes. Para o controlo das formigas, baratas e outros insetos rastejantes, dentro e em redor de habita\u00e7\u00f5es atrav\u00e9s de aplica\u00e7\u00e3o exterior para evitar a entrada de formigas em casa, incluindo a aplica\u00e7\u00e3...","rel":"","context":"Similar post","img":{"alt_text":"","src":"https:\/\/i0.wp.com\/mundo.seashell.pt\/wp-content\/uploads\/2022\/02\/4694022-frente.jpeg?resize=350%2C200&ssl=1","width":350,"height":200},"classes":[]},{"id":7090,"url":"https:\/\/mundo.seashell.pt\/?product=raid","url_meta":{"origin":7112,"position":2},"title":"Raid Aparelho Dia &#038; Noite 300gr (200Horas)","date":"Fevereiro 23, 2022","format":false,"excerpt":"Proteja a sua fam\u00edlia. Aproveite cada momento.Descri\u00e7\u00e3o: Raid\u00ae Night&Day protege a sua fam\u00edlia contra moscas, mosquitos e formigas, 24h por dia. Cont\u00e9m uma inovadora tecnologia em areia comprimida com inseticida numa f\u00f3rmula sem dissolventes. Prote\u00e7\u00e3o constante durante todo o dia e toda a noite. N\u00e3o verte. Tipo de prod...","rel":"","context":"Similar post","img":{"alt_text":"","src":"https:\/\/i0.wp.com\/mundo.seashell.pt\/wp-content\/uploads\/2022\/02\/5820710-frente.jpeg?resize=350%2C200&ssl=1","width":350,"height":200},"classes":[]},{"id":7092,"url":"https:\/\/mundo.seashell.pt\/?product=raid-recarga-dia-noite-300gr-200horas","url_meta":{"origin":7112,"position":3},"title":"Raid Recarga Dia &#038; Noite 300gr (200Horas)","date":"Fevereiro 23, 2022","format":false,"excerpt":"Proteja a sua fam\u00edlia. Aproveite cada momento. Descri\u00e7\u00e3o: Raid\u00ae Night&Day protege a sua fam\u00edlia contra moscas, mosquitos e formigas, 24h por dia. Cont\u00e9m uma inovadora tecnologia em areia comprimida com inseticida numa f\u00f3rmula sem dissolventes. Prote\u00e7\u00e3o constante durante todo o dia e toda a noite. N\u00e3o verte. Tipo de pro...","rel":"","context":"Similar post","img":{"alt_text":"","src":"https:\/\/i0.wp.com\/mundo.seashell.pt\/wp-content\/uploads\/2022\/02\/transferir__2_.png?resize=350%2C200&ssl=1","width":350,"height":200},"classes":[]},{"id":7098,"url":"https:\/\/mundo.seashell.pt\/?product=baygon-mafu-rapido-400ml","url_meta":{"origin":7112,"position":4},"title":"Baygon Mafu R\u00e1pido 400ml","date":"Fevereiro 23, 2022","format":false,"excerpt":"Proteja a sua fam\u00edlia. Aproveite cada momento.Descri\u00e7\u00e3o: Baygon\u00ae, com a sua f\u00f3rmula avan\u00e7ada 2 em 1, neutraliza e elimina moscas, melgas e mosquitos, proporcionando uma a\u00e7\u00e3o r\u00e1pida e um efeito prolongado.Benef\u00edcios: - Neutraliza e elimina moscas, melgas e mosquitos comuns e tigre em segundos;- Adequado para...","rel":"","context":"Similar post","img":{"alt_text":"","src":"https:\/\/i0.wp.com\/mundo.seashell.pt\/wp-content\/uploads\/2022\/02\/2822746-esquerdo.jpeg?resize=350%2C200&ssl=1","width":350,"height":200},"classes":[]},{"id":7130,"url":"https:\/\/mundo.seashell.pt\/?product=raid-papel-anti-tracas-4-un","url_meta":{"origin":7112,"position":5},"title":"Raid Papel Anti-tra\u00e7as 4 un","date":"Fevereiro 23, 2022","format":false,"excerpt":"Proteja a sua fam\u00edlia. Aproveite cada momento.Descri\u00e7\u00e3o: Raid\u00ae papel Anti-Tra\u00e7as protege as roupas e tecidos da a\u00e7\u00e3o destruidora das tra\u00e7as em arm\u00e1rios, roupeiros e gavetas. A efic\u00e1cia do ingrediente ativo anti-tra\u00e7as mant\u00e9m a prote\u00e7\u00e3o durante 3 meses, ao mesmo tempo que liberta uma agrad\u00e1vel fragr\u00e2ncia floral. N\u00e3o mancha ...","rel":"","context":"Similar post","img":{"alt_text":"","src":"https:\/\/i0.wp.com\/mundo.seashell.pt\/wp-content\/uploads\/2022\/02\/681629.png?resize=350%2C200&ssl=1","width":350,"height":200},"classes":[]}],"_links":{"self":[{"href":"https:\/\/mundo.seashell.pt\/index.php?rest_route=\/wp\/v2\/product\/7112","targetHints":{"allow":["GET"]}}],"collection":[{"href":"https:\/\/mundo.seashell.pt\/index.php?rest_route=\/wp\/v2\/product"}],"about":[{"href":"https:\/\/mundo.seashell.pt\/index.php?rest_route=\/wp\/v2\/types\/product"}],"wp:featuredmedia":[{"embeddable":true,"href":"https:\/\/mundo.seashell.pt\/index.php?rest_route=\/wp\/v2\/media\/7113"}],"wp:attachment":[{"href":"https:\/\/mundo.seashell.pt\/index.php?rest_route=%2Fwp%2Fv2%2Fmedia&parent=7112"}],"wp:term":[{"taxonomy":"product_cat","embeddable":true,"href":"https:\/\/mundo.seashell.pt\/index.php?rest_route=%2Fwp%2Fv2%2Fproduct_cat&post=7112"},{"taxonomy":"product_tag","embeddable":true,"href":"https:\/\/mundo.seashell.pt\/index.php?rest_route=%2Fwp%2Fv2%2Fproduct_tag&post=7112"}],"curies":[{"name":"wp","href":"https:\/\/api.w.org\/{rel}","templated":true}]}}