{"id":7108,"date":"2022-02-23T19:06:00","date_gmt":"2022-02-23T19:06:00","guid":{"rendered":"https:\/\/mundo.seashell.pt\/?post_type=product&#038;p=7108"},"modified":"2022-02-23T19:06:00","modified_gmt":"2022-02-23T19:06:00","slug":"dum-dum-baratas-e-formigas-400ml","status":"publish","type":"product","link":"https:\/\/mundo.seashell.pt\/?product=dum-dum-baratas-e-formigas-400ml","title":{"rendered":"Dum Dum Baratas e Formigas 400ml"},"content":{"rendered":"<p>Insecticida para Baratas e Formigas Spray 400 ml<\/p>\n<h3>Conselhos de utiliza\u00e7\u00e3o:<\/h3>\n<p>Vaporize o produto, directamente sobre os insetos ou parasitas. Ap\u00f3s 3-4 horas, o produto ter\u00e1 provocado o seu efeito.<\/p>\n<p><\/p>\n","protected":false},"excerpt":{"rendered":"<p>Insecticida para Baratas e Formigas Spray 400 ml<br \/>\nConselhos de utiliza\u00e7\u00e3o:<br \/>\nVaporize o produto, directamente sobre os insetos ou parasitas. Ap\u00f3s 3-4 horas, o produto ter\u00e1 provocado o seu efeito.<\/p>\n","protected":false},"featured_media":7109,"template":"","meta":{"spay_email":""},"product_cat":[15],"product_tag":[],"class_list":{"0":"post-7108","1":"product","2":"type-product","3":"status-publish","4":"has-post-thumbnail","6":"product_cat-sem-categoria","8":"first","9":"instock","10":"taxable","11":"shipping-taxable","12":"purchasable","13":"product-type-simple"},"acf":[],"jetpack-related-posts":[{"id":7104,"url":"https:\/\/mundo.seashell.pt\/?product=dum-dum-inseticida-spray-moscas-e-mosquitos-300ml","url_meta":{"origin":7108,"position":0},"title":"Dum Dum Inseticida Spray Moscas e Mosquitos 300ml","date":"Fevereiro 23, 2022","format":false,"excerpt":"Com Dum Dum, n\u00e3o escapa um!Conselhos de utiliza\u00e7\u00e3o: Vaporize o produto, directamente sobre os insetos ou parasitas. Ap\u00f3s 3-4 horas, o produto ter\u00e1 provocado o seu efeito.","rel":"","context":"Similar post","img":{"alt_text":"","src":"https:\/\/i0.wp.com\/mundo.seashell.pt\/wp-content\/uploads\/2022\/02\/5297894-hero.jpeg?resize=350%2C200&ssl=1","width":350,"height":200},"classes":[]},{"id":7106,"url":"https:\/\/mundo.seashell.pt\/?product=dum-dum-multi-insetos-400ml","url_meta":{"origin":7108,"position":1},"title":"Dum Dum Multi-insetos 400ml","date":"Fevereiro 23, 2022","format":false,"excerpt":"Com Dum Dum, n\u00e3o escapa um!Conselhos de utiliza\u00e7\u00e3o: Vaporize o produto, directamente sobre os insetos ou parasitas. Ap\u00f3s 3-4 horas, o produto ter\u00e1 provocado o seu efeito.","rel":"","context":"Similar post","img":{"alt_text":"","src":"https:\/\/i0.wp.com\/mundo.seashell.pt\/wp-content\/uploads\/2022\/02\/5297513-hero.jpeg?resize=350%2C200&ssl=1","width":350,"height":200},"classes":[]},{"id":7110,"url":"https:\/\/mundo.seashell.pt\/?product=dum-dum-casa-e-plantas-400ml","url_meta":{"origin":7108,"position":2},"title":"Dum Dum Casa e Plantas 400ml","date":"Fevereiro 23, 2022","format":false,"excerpt":"Dum Dum Casa e Plantas 400mlConselhos de utiliza\u00e7\u00e3o: Vaporize o produto, directamente sobre os insetos ou parasitas. Ap\u00f3s 3-4 horas, o produto ter\u00e1 provocado o seu efeito.","rel":"","context":"Similar post","img":{"alt_text":"","src":"","width":0,"height":0},"classes":[]},{"id":7114,"url":"https:\/\/mundo.seashell.pt\/?product=bio-kill-inseticida-bio-375ml","url_meta":{"origin":7108,"position":3},"title":"Biokill Inseticida Bio 375ml","date":"Fevereiro 23, 2022","format":false,"excerpt":"Conselhos de utiliza\u00e7\u00e3o: Vaporize o produto, directamente sobre os insetos ou parasitas. Ap\u00f3s 3-4 horas, o produto ter\u00e1 provocado o seu efeito e manter\u00e1 a \u00e1rea vaporizada protegida.","rel":"","context":"Similar post","img":{"alt_text":"","src":"https:\/\/i0.wp.com\/mundo.seashell.pt\/wp-content\/uploads\/2022\/02\/2220434-frente.jpeg?resize=350%2C200&ssl=1","width":350,"height":200},"classes":[]},{"id":7116,"url":"https:\/\/mundo.seashell.pt\/?product=biokill-recarga-375ml","url_meta":{"origin":7108,"position":4},"title":"Biokill Recarga 375ml","date":"Fevereiro 23, 2022","format":false,"excerpt":"Conselhos de utiliza\u00e7\u00e3o: Vaporize o produto, directamente sobre os insectos ou parasitas. Ap\u00f3s 3-4 horas, o produto ter\u00e1 provocado o seu efeito e manter\u00e1 a \u00e1rea vaporizada protegida.","rel":"","context":"Similar post","img":{"alt_text":"","src":"https:\/\/i0.wp.com\/mundo.seashell.pt\/wp-content\/uploads\/2022\/02\/2220436-frente.jpeg?resize=350%2C200&ssl=1","width":350,"height":200},"classes":[]},{"id":7112,"url":"https:\/\/mundo.seashell.pt\/?product=raid-inseticida-spray-400ml","url_meta":{"origin":7108,"position":5},"title":"Raid Inseticida Spray 400ml","date":"Fevereiro 23, 2022","format":false,"excerpt":"Proteja a sua fam\u00edlia. Aproveite cada momento.Descri\u00e7\u00e3o: Gra\u00e7as \u00e0 sua eficaz f\u00f3rmula de a\u00e7\u00e3o imediata, Raid\u00ae elimina em segundos baratas, aranhas, formigas, peixinhos de prata e outros insectos rastejantes em ambiente dom\u00e9stico.Conselhos de utiliza\u00e7\u00e3o: Agite bem antes de utilizar. Mantendo a embalagem na verti...","rel":"","context":"Similar post","img":{"alt_text":"","src":"https:\/\/i0.wp.com\/mundo.seashell.pt\/wp-content\/uploads\/2022\/02\/5298021-frente.jpeg?resize=350%2C200&ssl=1","width":350,"height":200},"classes":[]}],"_links":{"self":[{"href":"https:\/\/mundo.seashell.pt\/index.php?rest_route=\/wp\/v2\/product\/7108","targetHints":{"allow":["GET"]}}],"collection":[{"href":"https:\/\/mundo.seashell.pt\/index.php?rest_route=\/wp\/v2\/product"}],"about":[{"href":"https:\/\/mundo.seashell.pt\/index.php?rest_route=\/wp\/v2\/types\/product"}],"wp:featuredmedia":[{"embeddable":true,"href":"https:\/\/mundo.seashell.pt\/index.php?rest_route=\/wp\/v2\/media\/7109"}],"wp:attachment":[{"href":"https:\/\/mundo.seashell.pt\/index.php?rest_route=%2Fwp%2Fv2%2Fmedia&parent=7108"}],"wp:term":[{"taxonomy":"product_cat","embeddable":true,"href":"https:\/\/mundo.seashell.pt\/index.php?rest_route=%2Fwp%2Fv2%2Fproduct_cat&post=7108"},{"taxonomy":"product_tag","embeddable":true,"href":"https:\/\/mundo.seashell.pt\/index.php?rest_route=%2Fwp%2Fv2%2Fproduct_tag&post=7108"}],"curies":[{"name":"wp","href":"https:\/\/api.w.org\/{rel}","templated":true}]}}