{"id":7102,"date":"2022-02-23T19:05:51","date_gmt":"2022-02-23T19:05:51","guid":{"rendered":"https:\/\/mundo.seashell.pt\/?post_type=product&#038;p=7102"},"modified":"2022-02-23T19:05:53","modified_gmt":"2022-02-23T19:05:53","slug":"baygon-po-baratas-e-formigas","status":"publish","type":"product","link":"https:\/\/mundo.seashell.pt\/?product=baygon-po-baratas-e-formigas","title":{"rendered":"Baygon P\u00f3 Baratas e Formigas 250gr"},"content":{"rendered":"<p>Proteja a sua fam\u00edlia. Aproveite cada momento.<\/p>\n<h3>Descri\u00e7\u00e3o:<\/h3>\n<p>Inseticida em p\u00f3 eficaz para uso n\u00e3o profissional contra insetos rastejantes. Para o controlo das formigas, baratas e outros insetos rastejantes, dentro e em redor de habita\u00e7\u00f5es atrav\u00e9s de aplica\u00e7\u00e3o exterior para evitar a entrada de formigas em casa, incluindo a aplica\u00e7\u00e3o em superf\u00edcies duras como portas, janelas, tijolos e p\u00e1tios, e aplica\u00e7\u00e3o interior em frestas e fissuras para controlar formigas, baratas e insetos rastejantes. Na maioria das superf\u00edcies, com apenas 60 segundos de contato, as formigas e baratas come\u00e7am a morrer em 30 minutos. O produto oferece prote\u00e7\u00e3o cont\u00ednua e ainda ajuda a prevenir as reinfesta\u00e7\u00f5es at\u00e9 12 semanas.<\/p>\n<h3>Conselhos de utiliza\u00e7\u00e3o:<\/h3>\n<p>Agite a embalagem suavemente, retire a tampa e incline o recipiente. Para tratar uma superf\u00edcie de 1m2, aperte suavemente a embalagem 5 vezes, movimentando-se na dire\u00e7\u00e3o a ser tratada. Quando usado em exteriores, aplique numa superf\u00edcie n\u00e3o superior a 2m2.<\/p>\n<p><\/p>\n<p><\/p>\n<ul><\/ul>\n","protected":false},"excerpt":{"rendered":"<p>Proteja a sua fam\u00edlia. Aproveite cada momento.Descri\u00e7\u00e3o:<br \/>\nInseticida em p\u00f3 eficaz para uso n\u00e3o profissional contra insetos rastejantes. Para o controlo das formigas, baratas e outros insetos rastejantes, dentro e em redor de habita\u00e7\u00f5es atrav\u00e9s de aplica\u00e7\u00e3o exterior para evitar a entrada de formigas em casa, incluindo a aplica\u00e7\u00e3&#8230;<\/p>\n","protected":false},"featured_media":7103,"template":"","meta":{"spay_email":""},"product_cat":[15],"product_tag":[],"class_list":{"0":"post-7102","1":"product","2":"type-product","3":"status-publish","4":"has-post-thumbnail","6":"product_cat-sem-categoria","8":"first","9":"instock","10":"taxable","11":"shipping-taxable","12":"purchasable","13":"product-type-simple"},"acf":[],"jetpack-related-posts":[{"id":7112,"url":"https:\/\/mundo.seashell.pt\/?product=raid-inseticida-spray-400ml","url_meta":{"origin":7102,"position":0},"title":"Raid Inseticida Spray 400ml","date":"Fevereiro 23, 2022","format":false,"excerpt":"Proteja a sua fam\u00edlia. Aproveite cada momento.Descri\u00e7\u00e3o: Gra\u00e7as \u00e0 sua eficaz f\u00f3rmula de a\u00e7\u00e3o imediata, Raid\u00ae elimina em segundos baratas, aranhas, formigas, peixinhos de prata e outros insectos rastejantes em ambiente dom\u00e9stico.Conselhos de utiliza\u00e7\u00e3o: Agite bem antes de utilizar. Mantendo a embalagem na verti...","rel":"","context":"Similar post","img":{"alt_text":"","src":"https:\/\/i0.wp.com\/mundo.seashell.pt\/wp-content\/uploads\/2022\/02\/5298021-frente.jpeg?resize=350%2C200&ssl=1","width":350,"height":200},"classes":[]},{"id":7100,"url":"https:\/\/mundo.seashell.pt\/?product=baygon-rastejantes-c-aplicador-400ml","url_meta":{"origin":7102,"position":1},"title":"Baygon Rastejantes c\/ Aplicador 400ml","date":"Fevereiro 23, 2022","format":false,"excerpt":"Proteja a sua fam\u00edlia. Aproveite cada momento.Descri\u00e7\u00e3o: Prote\u00e7\u00e3o cont\u00ednua contra baratas e formigas at\u00e9 4 semanas em superf\u00edcies n\u00e3o porosas. Conselhos de utiliza\u00e7\u00e3o: Agite bem antes de utilizar. Mantendo a embalagem na vertical, rode o aplicador na dire\u00e7\u00e3o pretendida da superf\u00edcie a tratar e pressione o atuad...","rel":"","context":"Similar post","img":{"alt_text":"","src":"https:\/\/i0.wp.com\/mundo.seashell.pt\/wp-content\/uploads\/2022\/02\/6883731-frente.jpeg?resize=350%2C200&ssl=1","width":350,"height":200},"classes":[]},{"id":7108,"url":"https:\/\/mundo.seashell.pt\/?product=dum-dum-baratas-e-formigas-400ml","url_meta":{"origin":7102,"position":2},"title":"Dum Dum Baratas e Formigas 400ml","date":"Fevereiro 23, 2022","format":false,"excerpt":"Insecticida para Baratas e Formigas Spray 400 ml Conselhos de utiliza\u00e7\u00e3o: Vaporize o produto, directamente sobre os insetos ou parasitas. Ap\u00f3s 3-4 horas, o produto ter\u00e1 provocado o seu efeito.","rel":"","context":"Similar post","img":{"alt_text":"","src":"https:\/\/i0.wp.com\/mundo.seashell.pt\/wp-content\/uploads\/2022\/02\/05228018600040____1__600x600.jpeg?resize=350%2C200&ssl=1","width":350,"height":200},"classes":[]},{"id":7124,"url":"https:\/\/mundo.seashell.pt\/?product=sbm-armadilha-para-formigas-2-un","url_meta":{"origin":7102,"position":3},"title":"SBM Armadilha para Formigas 2 Un","date":"Fevereiro 23, 2022","format":false,"excerpt":"Antiarmadilha de formiga SBM Altamente eficaz para todas as esp\u00e9cies de formigas. Ativa\u00e7\u00e3o pressionando o centro da armadilha. Permanece ativo at\u00e9 90 dias. Inclui tiras adesivas para instala\u00e7\u00e3o nem na vertical. SBM formiga armadilha efetivamente controle de formigas e formiga gra\u00e7as a um gel ultra concentrado muito atraente. Pr\u00e1tico, \u00e9\u2026","rel":"","context":"Similar post","img":{"alt_text":"","src":"https:\/\/i0.wp.com\/mundo.seashell.pt\/wp-content\/uploads\/2022\/02\/transferir__21_.jpeg?resize=350%2C200&ssl=1","width":350,"height":200},"classes":[]},{"id":7090,"url":"https:\/\/mundo.seashell.pt\/?product=raid","url_meta":{"origin":7102,"position":4},"title":"Raid Aparelho Dia &#038; Noite 300gr (200Horas)","date":"Fevereiro 23, 2022","format":false,"excerpt":"Proteja a sua fam\u00edlia. Aproveite cada momento.Descri\u00e7\u00e3o: Raid\u00ae Night&Day protege a sua fam\u00edlia contra moscas, mosquitos e formigas, 24h por dia. Cont\u00e9m uma inovadora tecnologia em areia comprimida com inseticida numa f\u00f3rmula sem dissolventes. Prote\u00e7\u00e3o constante durante todo o dia e toda a noite. N\u00e3o verte. Tipo de prod...","rel":"","context":"Similar post","img":{"alt_text":"","src":"https:\/\/i0.wp.com\/mundo.seashell.pt\/wp-content\/uploads\/2022\/02\/5820710-frente.jpeg?resize=350%2C200&ssl=1","width":350,"height":200},"classes":[]},{"id":7092,"url":"https:\/\/mundo.seashell.pt\/?product=raid-recarga-dia-noite-300gr-200horas","url_meta":{"origin":7102,"position":5},"title":"Raid Recarga Dia &#038; Noite 300gr (200Horas)","date":"Fevereiro 23, 2022","format":false,"excerpt":"Proteja a sua fam\u00edlia. Aproveite cada momento. Descri\u00e7\u00e3o: Raid\u00ae Night&Day protege a sua fam\u00edlia contra moscas, mosquitos e formigas, 24h por dia. Cont\u00e9m uma inovadora tecnologia em areia comprimida com inseticida numa f\u00f3rmula sem dissolventes. Prote\u00e7\u00e3o constante durante todo o dia e toda a noite. N\u00e3o verte. Tipo de pro...","rel":"","context":"Similar post","img":{"alt_text":"","src":"https:\/\/i0.wp.com\/mundo.seashell.pt\/wp-content\/uploads\/2022\/02\/transferir__2_.png?resize=350%2C200&ssl=1","width":350,"height":200},"classes":[]}],"_links":{"self":[{"href":"https:\/\/mundo.seashell.pt\/index.php?rest_route=\/wp\/v2\/product\/7102","targetHints":{"allow":["GET"]}}],"collection":[{"href":"https:\/\/mundo.seashell.pt\/index.php?rest_route=\/wp\/v2\/product"}],"about":[{"href":"https:\/\/mundo.seashell.pt\/index.php?rest_route=\/wp\/v2\/types\/product"}],"wp:featuredmedia":[{"embeddable":true,"href":"https:\/\/mundo.seashell.pt\/index.php?rest_route=\/wp\/v2\/media\/7103"}],"wp:attachment":[{"href":"https:\/\/mundo.seashell.pt\/index.php?rest_route=%2Fwp%2Fv2%2Fmedia&parent=7102"}],"wp:term":[{"taxonomy":"product_cat","embeddable":true,"href":"https:\/\/mundo.seashell.pt\/index.php?rest_route=%2Fwp%2Fv2%2Fproduct_cat&post=7102"},{"taxonomy":"product_tag","embeddable":true,"href":"https:\/\/mundo.seashell.pt\/index.php?rest_route=%2Fwp%2Fv2%2Fproduct_tag&post=7102"}],"curies":[{"name":"wp","href":"https:\/\/api.w.org\/{rel}","templated":true}]}}