{"id":7100,"date":"2022-02-23T19:05:50","date_gmt":"2022-02-23T19:05:50","guid":{"rendered":"https:\/\/mundo.seashell.pt\/?post_type=product&#038;p=7100"},"modified":"2022-02-23T19:05:51","modified_gmt":"2022-02-23T19:05:51","slug":"baygon-rastejantes-c-aplicador-400ml","status":"publish","type":"product","link":"https:\/\/mundo.seashell.pt\/?product=baygon-rastejantes-c-aplicador-400ml","title":{"rendered":"Baygon Rastejantes c\/ Aplicador 400ml"},"content":{"rendered":"<p>Proteja a sua fam\u00edlia. Aproveite cada momento.<\/p>\n<h3>Descri\u00e7\u00e3o:<\/h3>\n<p>Prote\u00e7\u00e3o cont\u00ednua contra baratas e formigas at\u00e9 4 semanas em superf\u00edcies n\u00e3o porosas.<\/p>\n<h3>Conselhos de utiliza\u00e7\u00e3o:<\/h3>\n<p>Agite bem antes de utilizar. Mantendo a embalagem na vertical, rode o aplicador na dire\u00e7\u00e3o pretendida da superf\u00edcie a tratar e pressione o atuador firmemente. Aplique diretamente em baratas e formigas, nos seus esconderijos e locais de passagem. N\u00e3o aplicar em superf\u00edcies onde a comida \u00e9 preparada, guardada ou servida. Para uma efic\u00e1cia de longa dura\u00e7\u00e3o, pulverize nos esconderijos, locais de passagem, fendas nas paredes e debaixo de portas e janelas. Para melhores resultados, pulverize durante cerca de 5 segundos por cada metro.<\/p>\n<p><\/p>\n<p><\/p>\n<p><\/p>\n<ul><\/ul>\n","protected":false},"excerpt":{"rendered":"<p>Proteja a sua fam\u00edlia. Aproveite cada momento.Descri\u00e7\u00e3o:<br \/>\nProte\u00e7\u00e3o cont\u00ednua contra baratas e formigas at\u00e9 4 semanas em superf\u00edcies n\u00e3o porosas.<br \/>\nConselhos de utiliza\u00e7\u00e3o:<br \/>\nAgite bem antes de utilizar. Mantendo a embalagem na vertical, rode o aplicador na dire\u00e7\u00e3o pretendida da superf\u00edcie a tratar e pressione o atuad&#8230;<\/p>\n","protected":false},"featured_media":7101,"template":"","meta":{"spay_email":""},"product_cat":[15],"product_tag":[],"class_list":{"0":"post-7100","1":"product","2":"type-product","3":"status-publish","4":"has-post-thumbnail","6":"product_cat-sem-categoria","8":"first","9":"instock","10":"taxable","11":"shipping-taxable","12":"purchasable","13":"product-type-simple"},"acf":[],"jetpack-related-posts":[{"id":7112,"url":"https:\/\/mundo.seashell.pt\/?product=raid-inseticida-spray-400ml","url_meta":{"origin":7100,"position":0},"title":"Raid Inseticida Spray 400ml","date":"Fevereiro 23, 2022","format":false,"excerpt":"Proteja a sua fam\u00edlia. Aproveite cada momento.Descri\u00e7\u00e3o: Gra\u00e7as \u00e0 sua eficaz f\u00f3rmula de a\u00e7\u00e3o imediata, Raid\u00ae elimina em segundos baratas, aranhas, formigas, peixinhos de prata e outros insectos rastejantes em ambiente dom\u00e9stico.Conselhos de utiliza\u00e7\u00e3o: Agite bem antes de utilizar. Mantendo a embalagem na verti...","rel":"","context":"Similar post","img":{"alt_text":"","src":"https:\/\/i0.wp.com\/mundo.seashell.pt\/wp-content\/uploads\/2022\/02\/5298021-frente.jpeg?resize=350%2C200&ssl=1","width":350,"height":200},"classes":[]},{"id":7102,"url":"https:\/\/mundo.seashell.pt\/?product=baygon-po-baratas-e-formigas","url_meta":{"origin":7100,"position":1},"title":"Baygon P\u00f3 Baratas e Formigas 250gr","date":"Fevereiro 23, 2022","format":false,"excerpt":"Proteja a sua fam\u00edlia. Aproveite cada momento.Descri\u00e7\u00e3o: Inseticida em p\u00f3 eficaz para uso n\u00e3o profissional contra insetos rastejantes. Para o controlo das formigas, baratas e outros insetos rastejantes, dentro e em redor de habita\u00e7\u00f5es atrav\u00e9s de aplica\u00e7\u00e3o exterior para evitar a entrada de formigas em casa, incluindo a aplica\u00e7\u00e3...","rel":"","context":"Similar post","img":{"alt_text":"","src":"https:\/\/i0.wp.com\/mundo.seashell.pt\/wp-content\/uploads\/2022\/02\/4694022-frente.jpeg?resize=350%2C200&ssl=1","width":350,"height":200},"classes":[]},{"id":7120,"url":"https:\/\/mundo.seashell.pt\/?product=baygon-fita-apanha-moscas-4-un","url_meta":{"origin":7100,"position":2},"title":"Baygon Fita Apanha Moscas 4 Un","date":"Fevereiro 23, 2022","format":false,"excerpt":"Proteja a sua fam\u00edlia. Aproveite cada momento.Descri\u00e7\u00e3o: Apanha moscas sem inseticida, at\u00e9 6 semanas de efic\u00e1cia. Conselhos de utiliza\u00e7\u00e3o: Aque\u00e7a o tubo nas m\u00e3os para ficar \u00e0 temperatura ambiente. Retire a tampa de cart\u00e3o e extraia a tira, usando a fita colorida, rodando ligeiramente. Suspenda a tira, usando o ...","rel":"","context":"Similar post","img":{"alt_text":"","src":"https:\/\/i0.wp.com\/mundo.seashell.pt\/wp-content\/uploads\/2022\/02\/4383019-frente.jpeg?resize=350%2C200&ssl=1","width":350,"height":200},"classes":[]},{"id":7118,"url":"https:\/\/mundo.seashell.pt\/?product=agisol-fita-spanha-moscas-4-un","url_meta":{"origin":7100,"position":3},"title":"Agisol Fita Spanha Moscas 4 Un","date":"Fevereiro 23, 2022","format":false,"excerpt":"Fita adesiva em rolo, sem inseticida, para controlo de moscas. Proteja a sua fam\u00edlia. Aproveite cada momento.Descri\u00e7\u00e3o: Apanha moscas sem inseticida, at\u00e9 6 semanas de efic\u00e1cia. Conselhos de utiliza\u00e7\u00e3o: Aque\u00e7a o tubo nas m\u00e3os para ficar \u00e0 temperatura ambiente. Retire a tampa de cart\u00e3o e extraia a tira, us...","rel":"","context":"Similar post","img":{"alt_text":"","src":"https:\/\/i0.wp.com\/mundo.seashell.pt\/wp-content\/uploads\/2022\/02\/transferir__20_.jpeg?resize=350%2C200&ssl=1","width":350,"height":200},"classes":[]},{"id":7090,"url":"https:\/\/mundo.seashell.pt\/?product=raid","url_meta":{"origin":7100,"position":4},"title":"Raid Aparelho Dia &#038; Noite 300gr (200Horas)","date":"Fevereiro 23, 2022","format":false,"excerpt":"Proteja a sua fam\u00edlia. Aproveite cada momento.Descri\u00e7\u00e3o: Raid\u00ae Night&Day protege a sua fam\u00edlia contra moscas, mosquitos e formigas, 24h por dia. Cont\u00e9m uma inovadora tecnologia em areia comprimida com inseticida numa f\u00f3rmula sem dissolventes. Prote\u00e7\u00e3o constante durante todo o dia e toda a noite. N\u00e3o verte. Tipo de prod...","rel":"","context":"Similar post","img":{"alt_text":"","src":"https:\/\/i0.wp.com\/mundo.seashell.pt\/wp-content\/uploads\/2022\/02\/5820710-frente.jpeg?resize=350%2C200&ssl=1","width":350,"height":200},"classes":[]},{"id":7098,"url":"https:\/\/mundo.seashell.pt\/?product=baygon-mafu-rapido-400ml","url_meta":{"origin":7100,"position":5},"title":"Baygon Mafu R\u00e1pido 400ml","date":"Fevereiro 23, 2022","format":false,"excerpt":"Proteja a sua fam\u00edlia. Aproveite cada momento.Descri\u00e7\u00e3o: Baygon\u00ae, com a sua f\u00f3rmula avan\u00e7ada 2 em 1, neutraliza e elimina moscas, melgas e mosquitos, proporcionando uma a\u00e7\u00e3o r\u00e1pida e um efeito prolongado.Benef\u00edcios: - Neutraliza e elimina moscas, melgas e mosquitos comuns e tigre em segundos;- Adequado para...","rel":"","context":"Similar post","img":{"alt_text":"","src":"https:\/\/i0.wp.com\/mundo.seashell.pt\/wp-content\/uploads\/2022\/02\/2822746-esquerdo.jpeg?resize=350%2C200&ssl=1","width":350,"height":200},"classes":[]}],"_links":{"self":[{"href":"https:\/\/mundo.seashell.pt\/index.php?rest_route=\/wp\/v2\/product\/7100","targetHints":{"allow":["GET"]}}],"collection":[{"href":"https:\/\/mundo.seashell.pt\/index.php?rest_route=\/wp\/v2\/product"}],"about":[{"href":"https:\/\/mundo.seashell.pt\/index.php?rest_route=\/wp\/v2\/types\/product"}],"wp:featuredmedia":[{"embeddable":true,"href":"https:\/\/mundo.seashell.pt\/index.php?rest_route=\/wp\/v2\/media\/7101"}],"wp:attachment":[{"href":"https:\/\/mundo.seashell.pt\/index.php?rest_route=%2Fwp%2Fv2%2Fmedia&parent=7100"}],"wp:term":[{"taxonomy":"product_cat","embeddable":true,"href":"https:\/\/mundo.seashell.pt\/index.php?rest_route=%2Fwp%2Fv2%2Fproduct_cat&post=7100"},{"taxonomy":"product_tag","embeddable":true,"href":"https:\/\/mundo.seashell.pt\/index.php?rest_route=%2Fwp%2Fv2%2Fproduct_tag&post=7100"}],"curies":[{"name":"wp","href":"https:\/\/api.w.org\/{rel}","templated":true}]}}