{"id":7098,"date":"2022-02-23T19:05:47","date_gmt":"2022-02-23T19:05:47","guid":{"rendered":"https:\/\/mundo.seashell.pt\/?post_type=product&#038;p=7098"},"modified":"2022-02-23T19:05:49","modified_gmt":"2022-02-23T19:05:49","slug":"baygon-mafu-rapido-400ml","status":"publish","type":"product","link":"https:\/\/mundo.seashell.pt\/?product=baygon-mafu-rapido-400ml","title":{"rendered":"Baygon Mafu R\u00e1pido 400ml"},"content":{"rendered":"<p>Proteja a sua fam\u00edlia. Aproveite cada momento.<\/p>\n<h3>Descri\u00e7\u00e3o:<\/h3>\n<p>Baygon\u00ae, com a sua f\u00f3rmula avan\u00e7ada 2 em 1, neutraliza e elimina moscas, melgas e mosquitos, proporcionando uma a\u00e7\u00e3o r\u00e1pida e um efeito prolongado.<\/p>\n<h3>Benef\u00edcios:<\/h3>\n<p>&#8211; Neutraliza e elimina moscas, melgas e mosquitos comuns e tigre em segundos;<br \/>&#8211; Adequado para outros insetos voadores como tra\u00e7as e vespas;<br \/>&#8211; Agrad\u00e1vel fragr\u00e2ncia.<\/p>\n<h3>Conselhos de utiliza\u00e7\u00e3o:<\/h3>\n<p>Agite bem antes de utilizar. Mantendo a embalagem na vertical, pulverize para o ar, afastando da face. Com Baygon\u00ae n\u00e3o existe a necessidade de pulverizar diretamente os insetos voadores, pois os borrifos no ar ir\u00e3o elimin\u00e1-los. Pulverize durante 8 a 10 segundos em salas de dimens\u00e3o m\u00e9dia, come\u00e7ando no centro da mesma e terminando na dire\u00e7\u00e3o da porta. Mantenha a dist\u00e2ncia de cerca de 1 metro de paredes, tecidos e m\u00f3veis. N\u00e3o permane\u00e7a na \u00e1rea tratada. Mantenha a mesma fechada durante 15 minutos. Ventile bem a divis\u00e3o antes de reentrar. Para uma a\u00e7\u00e3o r\u00e1pida. pulverize diretamente os insetos, mantendo uma dist\u00e2ncia de 1 metro de paredes e qualquer objeto. Pulverize diretamente vespas e vesp\u00f5es, que entrem nas divis\u00f5es da casa. Para controlo residual dos insetos, pulverize a uma dist\u00e2ncia de cerca de \u00bd metro nos locais de passagem, como debaixo de portas e janelas. Antes de aplicar, verifique poss\u00edveis manchas e danos em locais menos vis\u00edveis.<\/p>\n<p><\/p>\n<ul><\/ul>\n","protected":false},"excerpt":{"rendered":"<p>Proteja a sua fam\u00edlia. Aproveite cada momento.Descri\u00e7\u00e3o:<br \/>\nBaygon\u00ae, com a sua f\u00f3rmula avan\u00e7ada 2 em 1, neutraliza e elimina moscas, melgas e mosquitos, proporcionando uma a\u00e7\u00e3o r\u00e1pida e um efeito prolongado.Benef\u00edcios:<br \/>\n&#8211; Neutraliza e elimina moscas, melgas e mosquitos comuns e tigre em segundos;- Adequado para&#8230;<\/p>\n","protected":false},"featured_media":7099,"template":"","meta":{"spay_email":""},"product_cat":[15],"product_tag":[],"class_list":{"0":"post-7098","1":"product","2":"type-product","3":"status-publish","4":"has-post-thumbnail","6":"product_cat-sem-categoria","8":"first","9":"instock","10":"taxable","11":"shipping-taxable","12":"purchasable","13":"product-type-simple"},"acf":[],"jetpack-related-posts":[{"id":7096,"url":"https:\/\/mundo.seashell.pt\/?product=dum-dum-recargas-melgas-mosquitos-45-noites","url_meta":{"origin":7098,"position":0},"title":"Dum Dum Recargas Melgas &#038; Mosquitos 45 Noites","date":"Fevereiro 23, 2022","format":false,"excerpt":"Descri\u00e7\u00e3o: A recarga l\u00edquida de Dum Dum \u00e9 compat\u00edvel com todos os difusores Dum Dum, oferecendo uma prote\u00e7\u00e3o cont\u00ednua durante toda a noite ou dia. oferecendo uma prote\u00e7\u00e3o cont\u00ednua durante toda a noite ou dia. N\u00e3o produz odor. \u00c9 uma forma eficaz e higi\u00e9nica de se proteger contra moscas e\u2026","rel":"","context":"Similar post","img":{"alt_text":"","src":"https:\/\/i0.wp.com\/mundo.seashell.pt\/wp-content\/uploads\/2022\/02\/6947948-hero.jpeg?resize=350%2C200&ssl=1","width":350,"height":200},"classes":[]},{"id":7104,"url":"https:\/\/mundo.seashell.pt\/?product=dum-dum-inseticida-spray-moscas-e-mosquitos-300ml","url_meta":{"origin":7098,"position":1},"title":"Dum Dum Inseticida Spray Moscas e Mosquitos 300ml","date":"Fevereiro 23, 2022","format":false,"excerpt":"Com Dum Dum, n\u00e3o escapa um!Conselhos de utiliza\u00e7\u00e3o: Vaporize o produto, directamente sobre os insetos ou parasitas. Ap\u00f3s 3-4 horas, o produto ter\u00e1 provocado o seu efeito.","rel":"","context":"Similar post","img":{"alt_text":"","src":"https:\/\/i0.wp.com\/mundo.seashell.pt\/wp-content\/uploads\/2022\/02\/5297894-hero.jpeg?resize=350%2C200&ssl=1","width":350,"height":200},"classes":[]},{"id":7112,"url":"https:\/\/mundo.seashell.pt\/?product=raid-inseticida-spray-400ml","url_meta":{"origin":7098,"position":2},"title":"Raid Inseticida Spray 400ml","date":"Fevereiro 23, 2022","format":false,"excerpt":"Proteja a sua fam\u00edlia. Aproveite cada momento.Descri\u00e7\u00e3o: Gra\u00e7as \u00e0 sua eficaz f\u00f3rmula de a\u00e7\u00e3o imediata, Raid\u00ae elimina em segundos baratas, aranhas, formigas, peixinhos de prata e outros insectos rastejantes em ambiente dom\u00e9stico.Conselhos de utiliza\u00e7\u00e3o: Agite bem antes de utilizar. Mantendo a embalagem na verti...","rel":"","context":"Similar post","img":{"alt_text":"","src":"https:\/\/i0.wp.com\/mundo.seashell.pt\/wp-content\/uploads\/2022\/02\/5298021-frente.jpeg?resize=350%2C200&ssl=1","width":350,"height":200},"classes":[]},{"id":5704,"url":"https:\/\/mundo.seashell.pt\/?product=flash-500ml","url_meta":{"origin":7098,"position":3},"title":"Limpador Natural Superactivo Flash","date":"Fevereiro 23, 2022","format":false,"excerpt":"Produto de limpeza r\u00e1pido e altamente eficaz em manchas de tinta, canetas de feltro e n\u00f3doas de gordura vegetal ou mineral.","rel":"","context":"Similar post","img":{"alt_text":"","src":"https:\/\/i0.wp.com\/mundo.seashell.pt\/wp-content\/uploads\/2022\/02\/flash.jpg?resize=350%2C200&ssl=1","width":350,"height":200},"classes":[]},{"id":7094,"url":"https:\/\/mundo.seashell.pt\/?product=dum-dum-aparelho-melgas-mosquitos-45-noites","url_meta":{"origin":7098,"position":4},"title":"Dum Dum Aparelho Melgas &#038; Mosquitos 45 Noites","date":"Fevereiro 23, 2022","format":false,"excerpt":"Dum Dum Aparelho Melgas & Mosquitos 45 NoitesTipo de produto: Difusor","rel":"","context":"Similar post","img":{"alt_text":"","src":"https:\/\/i0.wp.com\/mundo.seashell.pt\/wp-content\/uploads\/2022\/02\/7156317-direito.jpeg?resize=350%2C200&ssl=1","width":350,"height":200},"classes":[]},{"id":6423,"url":"https:\/\/mundo.seashell.pt\/?product=cillit-bang-natural-cozinha-05l","url_meta":{"origin":7098,"position":5},"title":"Cillit Bang Natural Cozinha 500ml","date":"Fevereiro 23, 2022","format":false,"excerpt":"Benef\u00edcios: - Tira gorduras;- Elimina a gordura 3x melhor;- Superf\u00edcies brilhantes e sem riscos;- Elimina manchas de comida, sujidade e gordura resistente. Conselhos de utiliza\u00e7\u00e3o: Rode a ponta do pulverizador para a posi\u00e7\u00e3o on. Pulverize sobre a superf\u00edcie e deixe atuar durante uns segundos. Limpe e enxague.","rel":"","context":"Similar post","img":{"alt_text":"","src":"https:\/\/i0.wp.com\/mundo.seashell.pt\/wp-content\/uploads\/2022\/02\/CILLIT_BANG_NAT_T_GORDURAS_500ML_5601217134035_2.png?resize=350%2C200&ssl=1","width":350,"height":200},"classes":[]}],"_links":{"self":[{"href":"https:\/\/mundo.seashell.pt\/index.php?rest_route=\/wp\/v2\/product\/7098","targetHints":{"allow":["GET"]}}],"collection":[{"href":"https:\/\/mundo.seashell.pt\/index.php?rest_route=\/wp\/v2\/product"}],"about":[{"href":"https:\/\/mundo.seashell.pt\/index.php?rest_route=\/wp\/v2\/types\/product"}],"wp:featuredmedia":[{"embeddable":true,"href":"https:\/\/mundo.seashell.pt\/index.php?rest_route=\/wp\/v2\/media\/7099"}],"wp:attachment":[{"href":"https:\/\/mundo.seashell.pt\/index.php?rest_route=%2Fwp%2Fv2%2Fmedia&parent=7098"}],"wp:term":[{"taxonomy":"product_cat","embeddable":true,"href":"https:\/\/mundo.seashell.pt\/index.php?rest_route=%2Fwp%2Fv2%2Fproduct_cat&post=7098"},{"taxonomy":"product_tag","embeddable":true,"href":"https:\/\/mundo.seashell.pt\/index.php?rest_route=%2Fwp%2Fv2%2Fproduct_tag&post=7098"}],"curies":[{"name":"wp","href":"https:\/\/api.w.org\/{rel}","templated":true}]}}