{"id":7096,"date":"2022-02-23T19:05:45","date_gmt":"2022-02-23T19:05:45","guid":{"rendered":"https:\/\/mundo.seashell.pt\/?post_type=product&#038;p=7096"},"modified":"2022-02-23T19:05:46","modified_gmt":"2022-02-23T19:05:46","slug":"dum-dum-recargas-melgas-mosquitos-45-noites","status":"publish","type":"product","link":"https:\/\/mundo.seashell.pt\/?product=dum-dum-recargas-melgas-mosquitos-45-noites","title":{"rendered":"Dum Dum Recargas Melgas &#038; Mosquitos 45 Noites"},"content":{"rendered":"<p>Descri\u00e7\u00e3o:<\/p>\n<p>A recarga l\u00edquida de Dum Dum \u00e9 compat\u00edvel com todos os difusores Dum Dum, oferecendo uma prote\u00e7\u00e3o cont\u00ednua durante toda a noite ou dia. oferecendo uma prote\u00e7\u00e3o cont\u00ednua durante toda a noite ou dia. N\u00e3o produz odor. \u00c9 uma forma eficaz e higi\u00e9nica de se proteger contra moscas e mosquitos.<\/p>\n<h3>Tipo de produto:<\/h3>\n<p>Recarga<\/p>\n<h3>Benef\u00edcios:<\/h3>\n<p>&#8211; Prote\u00e7\u00e3o cont\u00ednua;<br \/>&#8211; Efic\u00e1cia r\u00e1pida;<br \/>&#8211; Prote\u00e7\u00e3o duradoura contra melgas, mosquitos e mosquitos tigre.<\/p>\n<h3>Conselhos de utiliza\u00e7\u00e3o:<\/h3>\n<p><strong>Modo de Utiliza\u00e7\u00e3o Difusor Max:<\/strong>Desenrosque a tampa da recarga e introduza-a no difusor, enroscando suavemente at\u00e9 que esteja perfeitamente ajustada. Lembre-se de n\u00e3o cobrir o aparelho e deixar uma dist\u00e2ncia de cerca de 60cm de outros objetos. Utilize o bot\u00e3o para ativar o modo &#8220;normal&#8221;, deslizando-o para baixo at\u00e9 acender a luz laranja. Assim fica protegido contra melgas e mosquitos. Para utilizar em modo &#8220;Max&#8221;, deslize o bot\u00e3o para cima at\u00e9 ficar com a luz verde acesa. Assim fica protegido contra melgas e mosquitos, mesmo com as janelas abertas.<\/p>\n<p><strong>Modo de Utiliza\u00e7\u00e3o Difusor Cont\u00ednuo:<\/strong>Desenrosque a tampa da recarga e introduza-o no difusor, enroscando-o at\u00e9 ficar perfeitamente ajustado. Ligue o difusor sempre na posi\u00e7\u00e3o vertical. Pode girar a ficha 90\u00ba para coincidir com a tomada el\u00e9trica na parede.<\/p>\n","protected":false},"excerpt":{"rendered":"<p>Descri\u00e7\u00e3o:<br \/>\nA recarga l\u00edquida de Dum Dum \u00e9 compat\u00edvel com todos os difusores Dum Dum, oferecendo uma prote\u00e7\u00e3o cont\u00ednua durante toda a noite ou dia. oferecendo uma prote\u00e7\u00e3o cont\u00ednua durante toda a noite ou dia. N\u00e3o produz odor. \u00c9 uma forma eficaz e higi\u00e9nica de se proteger contra moscas e mosquitos.<br \/>\nTipo de produto:<br \/>\nRecar&#8230;<\/p>\n","protected":false},"featured_media":7097,"template":"","meta":{"spay_email":""},"product_cat":[15],"product_tag":[],"class_list":{"0":"post-7096","1":"product","2":"type-product","3":"status-publish","4":"has-post-thumbnail","6":"product_cat-sem-categoria","8":"first","9":"instock","10":"taxable","11":"shipping-taxable","12":"purchasable","13":"product-type-simple"},"acf":[],"jetpack-related-posts":[{"id":7094,"url":"https:\/\/mundo.seashell.pt\/?product=dum-dum-aparelho-melgas-mosquitos-45-noites","url_meta":{"origin":7096,"position":0},"title":"Dum Dum Aparelho Melgas &#038; Mosquitos 45 Noites","date":"Fevereiro 23, 2022","format":false,"excerpt":"Dum Dum Aparelho Melgas & Mosquitos 45 NoitesTipo de produto: Difusor","rel":"","context":"Similar post","img":{"alt_text":"","src":"https:\/\/i0.wp.com\/mundo.seashell.pt\/wp-content\/uploads\/2022\/02\/7156317-direito.jpeg?resize=350%2C200&ssl=1","width":350,"height":200},"classes":[]},{"id":7092,"url":"https:\/\/mundo.seashell.pt\/?product=raid-recarga-dia-noite-300gr-200horas","url_meta":{"origin":7096,"position":1},"title":"Raid Recarga Dia &#038; Noite 300gr (200Horas)","date":"Fevereiro 23, 2022","format":false,"excerpt":"Proteja a sua fam\u00edlia. Aproveite cada momento. Descri\u00e7\u00e3o: Raid\u00ae Night&Day protege a sua fam\u00edlia contra moscas, mosquitos e formigas, 24h por dia. Cont\u00e9m uma inovadora tecnologia em areia comprimida com inseticida numa f\u00f3rmula sem dissolventes. Prote\u00e7\u00e3o constante durante todo o dia e toda a noite. N\u00e3o verte. Tipo de pro...","rel":"","context":"Similar post","img":{"alt_text":"","src":"https:\/\/i0.wp.com\/mundo.seashell.pt\/wp-content\/uploads\/2022\/02\/transferir__2_.png?resize=350%2C200&ssl=1","width":350,"height":200},"classes":[]},{"id":7090,"url":"https:\/\/mundo.seashell.pt\/?product=raid","url_meta":{"origin":7096,"position":2},"title":"Raid Aparelho Dia &#038; Noite 300gr (200Horas)","date":"Fevereiro 23, 2022","format":false,"excerpt":"Proteja a sua fam\u00edlia. Aproveite cada momento.Descri\u00e7\u00e3o: Raid\u00ae Night&Day protege a sua fam\u00edlia contra moscas, mosquitos e formigas, 24h por dia. Cont\u00e9m uma inovadora tecnologia em areia comprimida com inseticida numa f\u00f3rmula sem dissolventes. Prote\u00e7\u00e3o constante durante todo o dia e toda a noite. N\u00e3o verte. Tipo de prod...","rel":"","context":"Similar post","img":{"alt_text":"","src":"https:\/\/i0.wp.com\/mundo.seashell.pt\/wp-content\/uploads\/2022\/02\/5820710-frente.jpeg?resize=350%2C200&ssl=1","width":350,"height":200},"classes":[]},{"id":7104,"url":"https:\/\/mundo.seashell.pt\/?product=dum-dum-inseticida-spray-moscas-e-mosquitos-300ml","url_meta":{"origin":7096,"position":3},"title":"Dum Dum Inseticida Spray Moscas e Mosquitos 300ml","date":"Fevereiro 23, 2022","format":false,"excerpt":"Com Dum Dum, n\u00e3o escapa um!Conselhos de utiliza\u00e7\u00e3o: Vaporize o produto, directamente sobre os insetos ou parasitas. Ap\u00f3s 3-4 horas, o produto ter\u00e1 provocado o seu efeito.","rel":"","context":"Similar post","img":{"alt_text":"","src":"https:\/\/i0.wp.com\/mundo.seashell.pt\/wp-content\/uploads\/2022\/02\/5297894-hero.jpeg?resize=350%2C200&ssl=1","width":350,"height":200},"classes":[]},{"id":7098,"url":"https:\/\/mundo.seashell.pt\/?product=baygon-mafu-rapido-400ml","url_meta":{"origin":7096,"position":4},"title":"Baygon Mafu R\u00e1pido 400ml","date":"Fevereiro 23, 2022","format":false,"excerpt":"Proteja a sua fam\u00edlia. Aproveite cada momento.Descri\u00e7\u00e3o: Baygon\u00ae, com a sua f\u00f3rmula avan\u00e7ada 2 em 1, neutraliza e elimina moscas, melgas e mosquitos, proporcionando uma a\u00e7\u00e3o r\u00e1pida e um efeito prolongado.Benef\u00edcios: - Neutraliza e elimina moscas, melgas e mosquitos comuns e tigre em segundos;- Adequado para...","rel":"","context":"Similar post","img":{"alt_text":"","src":"https:\/\/i0.wp.com\/mundo.seashell.pt\/wp-content\/uploads\/2022\/02\/2822746-esquerdo.jpeg?resize=350%2C200&ssl=1","width":350,"height":200},"classes":[]},{"id":7030,"url":"https:\/\/mundo.seashell.pt\/?product=dum-dum-bolsinhas-de-lavanda-20-un","url_meta":{"origin":7096,"position":5},"title":"Dum Dum  Bolsinhas de Lavanda 20 un","date":"Fevereiro 23, 2022","format":false,"excerpt":"Com Dum Dum, n\u00e3o escapa um!Descri\u00e7\u00e3o: Dum Dum bolsinhas lavanda cuida da sua roupa durante toda a esta\u00e7\u00e3o. Refresca e perfuma a roupa com a fragr\u00e2ncia agrad\u00e1vel de lavanda. Notas\/Frag\u00e2ncia: LavandaBenef\u00edcios: - Agrad\u00e1vel fragr\u00e2ncia a lavanda;- N\u00e3o mancha a roupa nem as m\u00e3os. Cons...","rel":"","context":"Similar post","img":{"alt_text":"","src":"https:\/\/i0.wp.com\/mundo.seashell.pt\/wp-content\/uploads\/2022\/02\/6883865-hero.jpeg?resize=350%2C200&ssl=1","width":350,"height":200},"classes":[]}],"_links":{"self":[{"href":"https:\/\/mundo.seashell.pt\/index.php?rest_route=\/wp\/v2\/product\/7096","targetHints":{"allow":["GET"]}}],"collection":[{"href":"https:\/\/mundo.seashell.pt\/index.php?rest_route=\/wp\/v2\/product"}],"about":[{"href":"https:\/\/mundo.seashell.pt\/index.php?rest_route=\/wp\/v2\/types\/product"}],"wp:featuredmedia":[{"embeddable":true,"href":"https:\/\/mundo.seashell.pt\/index.php?rest_route=\/wp\/v2\/media\/7097"}],"wp:attachment":[{"href":"https:\/\/mundo.seashell.pt\/index.php?rest_route=%2Fwp%2Fv2%2Fmedia&parent=7096"}],"wp:term":[{"taxonomy":"product_cat","embeddable":true,"href":"https:\/\/mundo.seashell.pt\/index.php?rest_route=%2Fwp%2Fv2%2Fproduct_cat&post=7096"},{"taxonomy":"product_tag","embeddable":true,"href":"https:\/\/mundo.seashell.pt\/index.php?rest_route=%2Fwp%2Fv2%2Fproduct_tag&post=7096"}],"curies":[{"name":"wp","href":"https:\/\/api.w.org\/{rel}","templated":true}]}}