{"id":7094,"date":"2022-02-23T19:05:43","date_gmt":"2022-02-23T19:05:43","guid":{"rendered":"https:\/\/mundo.seashell.pt\/?post_type=product&#038;p=7094"},"modified":"2022-02-23T19:05:45","modified_gmt":"2022-02-23T19:05:45","slug":"dum-dum-aparelho-melgas-mosquitos-45-noites","status":"publish","type":"product","link":"https:\/\/mundo.seashell.pt\/?product=dum-dum-aparelho-melgas-mosquitos-45-noites","title":{"rendered":"Dum Dum Aparelho Melgas &#038; Mosquitos 45 Noites"},"content":{"rendered":"<p>Dum Dum Aparelho Melgas &#038; Mosquitos 45 Noites<\/p>\n<h3>Tipo de produto:<\/h3>\n<p>Difusor<\/p>\n","protected":false},"excerpt":{"rendered":"<p>Dum Dum Aparelho Melgas &#038; Mosquitos 45 NoitesTipo de produto:<br \/>\nDifusor<\/p>\n","protected":false},"featured_media":7095,"template":"","meta":{"spay_email":""},"product_cat":[15],"product_tag":[],"class_list":{"0":"post-7094","1":"product","2":"type-product","3":"status-publish","4":"has-post-thumbnail","6":"product_cat-sem-categoria","8":"first","9":"instock","10":"taxable","11":"shipping-taxable","12":"purchasable","13":"product-type-simple"},"acf":[],"jetpack-related-posts":[{"id":7096,"url":"https:\/\/mundo.seashell.pt\/?product=dum-dum-recargas-melgas-mosquitos-45-noites","url_meta":{"origin":7094,"position":0},"title":"Dum Dum Recargas Melgas &#038; Mosquitos 45 Noites","date":"Fevereiro 23, 2022","format":false,"excerpt":"Descri\u00e7\u00e3o: A recarga l\u00edquida de Dum Dum \u00e9 compat\u00edvel com todos os difusores Dum Dum, oferecendo uma prote\u00e7\u00e3o cont\u00ednua durante toda a noite ou dia. oferecendo uma prote\u00e7\u00e3o cont\u00ednua durante toda a noite ou dia. N\u00e3o produz odor. \u00c9 uma forma eficaz e higi\u00e9nica de se proteger contra moscas e\u2026","rel":"","context":"Similar post","img":{"alt_text":"","src":"https:\/\/i0.wp.com\/mundo.seashell.pt\/wp-content\/uploads\/2022\/02\/6947948-hero.jpeg?resize=350%2C200&ssl=1","width":350,"height":200},"classes":[]},{"id":7104,"url":"https:\/\/mundo.seashell.pt\/?product=dum-dum-inseticida-spray-moscas-e-mosquitos-300ml","url_meta":{"origin":7094,"position":1},"title":"Dum Dum Inseticida Spray Moscas e Mosquitos 300ml","date":"Fevereiro 23, 2022","format":false,"excerpt":"Com Dum Dum, n\u00e3o escapa um!Conselhos de utiliza\u00e7\u00e3o: Vaporize o produto, directamente sobre os insetos ou parasitas. Ap\u00f3s 3-4 horas, o produto ter\u00e1 provocado o seu efeito.","rel":"","context":"Similar post","img":{"alt_text":"","src":"https:\/\/i0.wp.com\/mundo.seashell.pt\/wp-content\/uploads\/2022\/02\/5297894-hero.jpeg?resize=350%2C200&ssl=1","width":350,"height":200},"classes":[]},{"id":7106,"url":"https:\/\/mundo.seashell.pt\/?product=dum-dum-multi-insetos-400ml","url_meta":{"origin":7094,"position":2},"title":"Dum Dum Multi-insetos 400ml","date":"Fevereiro 23, 2022","format":false,"excerpt":"Com Dum Dum, n\u00e3o escapa um!Conselhos de utiliza\u00e7\u00e3o: Vaporize o produto, directamente sobre os insetos ou parasitas. Ap\u00f3s 3-4 horas, o produto ter\u00e1 provocado o seu efeito.","rel":"","context":"Similar post","img":{"alt_text":"","src":"https:\/\/i0.wp.com\/mundo.seashell.pt\/wp-content\/uploads\/2022\/02\/5297513-hero.jpeg?resize=350%2C200&ssl=1","width":350,"height":200},"classes":[]},{"id":7110,"url":"https:\/\/mundo.seashell.pt\/?product=dum-dum-casa-e-plantas-400ml","url_meta":{"origin":7094,"position":3},"title":"Dum Dum Casa e Plantas 400ml","date":"Fevereiro 23, 2022","format":false,"excerpt":"Dum Dum Casa e Plantas 400mlConselhos de utiliza\u00e7\u00e3o: Vaporize o produto, directamente sobre os insetos ou parasitas. Ap\u00f3s 3-4 horas, o produto ter\u00e1 provocado o seu efeito.","rel":"","context":"Similar post","img":{"alt_text":"","src":"","width":0,"height":0},"classes":[]},{"id":7030,"url":"https:\/\/mundo.seashell.pt\/?product=dum-dum-bolsinhas-de-lavanda-20-un","url_meta":{"origin":7094,"position":4},"title":"Dum Dum  Bolsinhas de Lavanda 20 un","date":"Fevereiro 23, 2022","format":false,"excerpt":"Com Dum Dum, n\u00e3o escapa um!Descri\u00e7\u00e3o: Dum Dum bolsinhas lavanda cuida da sua roupa durante toda a esta\u00e7\u00e3o. Refresca e perfuma a roupa com a fragr\u00e2ncia agrad\u00e1vel de lavanda. Notas\/Frag\u00e2ncia: LavandaBenef\u00edcios: - Agrad\u00e1vel fragr\u00e2ncia a lavanda;- N\u00e3o mancha a roupa nem as m\u00e3os. Cons...","rel":"","context":"Similar post","img":{"alt_text":"","src":"https:\/\/i0.wp.com\/mundo.seashell.pt\/wp-content\/uploads\/2022\/02\/6883865-hero.jpeg?resize=350%2C200&ssl=1","width":350,"height":200},"classes":[]},{"id":7098,"url":"https:\/\/mundo.seashell.pt\/?product=baygon-mafu-rapido-400ml","url_meta":{"origin":7094,"position":5},"title":"Baygon Mafu R\u00e1pido 400ml","date":"Fevereiro 23, 2022","format":false,"excerpt":"Proteja a sua fam\u00edlia. Aproveite cada momento.Descri\u00e7\u00e3o: Baygon\u00ae, com a sua f\u00f3rmula avan\u00e7ada 2 em 1, neutraliza e elimina moscas, melgas e mosquitos, proporcionando uma a\u00e7\u00e3o r\u00e1pida e um efeito prolongado.Benef\u00edcios: - Neutraliza e elimina moscas, melgas e mosquitos comuns e tigre em segundos;- Adequado para...","rel":"","context":"Similar post","img":{"alt_text":"","src":"https:\/\/i0.wp.com\/mundo.seashell.pt\/wp-content\/uploads\/2022\/02\/2822746-esquerdo.jpeg?resize=350%2C200&ssl=1","width":350,"height":200},"classes":[]}],"_links":{"self":[{"href":"https:\/\/mundo.seashell.pt\/index.php?rest_route=\/wp\/v2\/product\/7094","targetHints":{"allow":["GET"]}}],"collection":[{"href":"https:\/\/mundo.seashell.pt\/index.php?rest_route=\/wp\/v2\/product"}],"about":[{"href":"https:\/\/mundo.seashell.pt\/index.php?rest_route=\/wp\/v2\/types\/product"}],"wp:featuredmedia":[{"embeddable":true,"href":"https:\/\/mundo.seashell.pt\/index.php?rest_route=\/wp\/v2\/media\/7095"}],"wp:attachment":[{"href":"https:\/\/mundo.seashell.pt\/index.php?rest_route=%2Fwp%2Fv2%2Fmedia&parent=7094"}],"wp:term":[{"taxonomy":"product_cat","embeddable":true,"href":"https:\/\/mundo.seashell.pt\/index.php?rest_route=%2Fwp%2Fv2%2Fproduct_cat&post=7094"},{"taxonomy":"product_tag","embeddable":true,"href":"https:\/\/mundo.seashell.pt\/index.php?rest_route=%2Fwp%2Fv2%2Fproduct_tag&post=7094"}],"curies":[{"name":"wp","href":"https:\/\/api.w.org\/{rel}","templated":true}]}}