{"id":7092,"date":"2022-02-23T19:05:42","date_gmt":"2022-02-23T19:05:42","guid":{"rendered":"https:\/\/mundo.seashell.pt\/?post_type=product&#038;p=7092"},"modified":"2022-02-23T19:05:43","modified_gmt":"2022-02-23T19:05:43","slug":"raid-recarga-dia-noite-300gr-200horas","status":"publish","type":"product","link":"https:\/\/mundo.seashell.pt\/?product=raid-recarga-dia-noite-300gr-200horas","title":{"rendered":"Raid Recarga Dia &#038; Noite 300gr (200Horas)"},"content":{"rendered":"<p>Proteja a sua fam\u00edlia. Aproveite cada momento.<\/p>\n<h3>Descri\u00e7\u00e3o:<\/h3>\n<p>Raid\u00ae Night&#038;Day protege a sua fam\u00edlia contra moscas, mosquitos e formigas, 24h por dia. Cont\u00e9m uma inovadora tecnologia em areia comprimida com inseticida numa f\u00f3rmula sem dissolventes. Prote\u00e7\u00e3o constante durante todo o dia e toda a noite. N\u00e3o verte.<\/p>\n<h3>Tipo de produto:<\/h3>\n<p>Difusor<\/p>\n<h3>Conselhos de utiliza\u00e7\u00e3o:<\/h3>\n<p>Antes de usar o produto, leia atentamente a embalagem. Conserve a embalagem at\u00e9 acabar o produto. Assegure que a voltagem \u00e9 220\/230V. Aperte e rode a tampa do frasco para abrir e enrosque a recarga no aparelho difusor at\u00e9 ficar segura. Se necess\u00e1rio, rode a ficha do aparelho de modo a que o frasco da recarga fique em posi\u00e7\u00e3o vertical. Ligue o aparelho \u00e0 tomada el\u00e9ctrica para que o produto comece a atuar. Uma luz vai acender para indicar que o aparelho est\u00e1 a funcionar. Para desligar o aparelho, basta retirar da tomada. Mantenha a recarga em posi\u00e7\u00e3o vertical, mesmo quando o aparelho estiver desligado. Substitua a recarga, quando estiver vazia. Para melhores resultados, ligue o aparelho 30 minutos antes de usar a divis\u00e3o. Uma recarga dura 45 noites (8 horas por noite) e o frasco apresenta-se meio cheio.<\/p><\/p>\n","protected":false},"excerpt":{"rendered":"<p>Proteja a sua fam\u00edlia. Aproveite cada momento.<br \/>\nDescri\u00e7\u00e3o:<br \/>\nRaid\u00ae Night&#038;Day protege a sua fam\u00edlia contra moscas, mosquitos e formigas, 24h por dia. Cont\u00e9m uma inovadora tecnologia em areia comprimida com inseticida numa f\u00f3rmula sem dissolventes. Prote\u00e7\u00e3o constante durante todo o dia e toda a noite. N\u00e3o verte.<br \/>\nTipo de pro&#8230;<\/p>\n","protected":false},"featured_media":7093,"template":"","meta":{"spay_email":""},"product_cat":[15],"product_tag":[],"class_list":{"0":"post-7092","1":"product","2":"type-product","3":"status-publish","4":"has-post-thumbnail","6":"product_cat-sem-categoria","8":"first","9":"instock","10":"taxable","11":"shipping-taxable","12":"purchasable","13":"product-type-simple"},"acf":[],"jetpack-related-posts":[{"id":7090,"url":"https:\/\/mundo.seashell.pt\/?product=raid","url_meta":{"origin":7092,"position":0},"title":"Raid Aparelho Dia &#038; Noite 300gr (200Horas)","date":"Fevereiro 23, 2022","format":false,"excerpt":"Proteja a sua fam\u00edlia. Aproveite cada momento.Descri\u00e7\u00e3o: Raid\u00ae Night&Day protege a sua fam\u00edlia contra moscas, mosquitos e formigas, 24h por dia. Cont\u00e9m uma inovadora tecnologia em areia comprimida com inseticida numa f\u00f3rmula sem dissolventes. Prote\u00e7\u00e3o constante durante todo o dia e toda a noite. N\u00e3o verte. Tipo de prod...","rel":"","context":"Similar post","img":{"alt_text":"","src":"https:\/\/i0.wp.com\/mundo.seashell.pt\/wp-content\/uploads\/2022\/02\/5820710-frente.jpeg?resize=350%2C200&ssl=1","width":350,"height":200},"classes":[]},{"id":7096,"url":"https:\/\/mundo.seashell.pt\/?product=dum-dum-recargas-melgas-mosquitos-45-noites","url_meta":{"origin":7092,"position":1},"title":"Dum Dum Recargas Melgas &#038; Mosquitos 45 Noites","date":"Fevereiro 23, 2022","format":false,"excerpt":"Descri\u00e7\u00e3o: A recarga l\u00edquida de Dum Dum \u00e9 compat\u00edvel com todos os difusores Dum Dum, oferecendo uma prote\u00e7\u00e3o cont\u00ednua durante toda a noite ou dia. oferecendo uma prote\u00e7\u00e3o cont\u00ednua durante toda a noite ou dia. N\u00e3o produz odor. \u00c9 uma forma eficaz e higi\u00e9nica de se proteger contra moscas e\u2026","rel":"","context":"Similar post","img":{"alt_text":"","src":"https:\/\/i0.wp.com\/mundo.seashell.pt\/wp-content\/uploads\/2022\/02\/6947948-hero.jpeg?resize=350%2C200&ssl=1","width":350,"height":200},"classes":[]},{"id":7094,"url":"https:\/\/mundo.seashell.pt\/?product=dum-dum-aparelho-melgas-mosquitos-45-noites","url_meta":{"origin":7092,"position":2},"title":"Dum Dum Aparelho Melgas &#038; Mosquitos 45 Noites","date":"Fevereiro 23, 2022","format":false,"excerpt":"Dum Dum Aparelho Melgas & Mosquitos 45 NoitesTipo de produto: Difusor","rel":"","context":"Similar post","img":{"alt_text":"","src":"https:\/\/i0.wp.com\/mundo.seashell.pt\/wp-content\/uploads\/2022\/02\/7156317-direito.jpeg?resize=350%2C200&ssl=1","width":350,"height":200},"classes":[]},{"id":7112,"url":"https:\/\/mundo.seashell.pt\/?product=raid-inseticida-spray-400ml","url_meta":{"origin":7092,"position":3},"title":"Raid Inseticida Spray 400ml","date":"Fevereiro 23, 2022","format":false,"excerpt":"Proteja a sua fam\u00edlia. Aproveite cada momento.Descri\u00e7\u00e3o: Gra\u00e7as \u00e0 sua eficaz f\u00f3rmula de a\u00e7\u00e3o imediata, Raid\u00ae elimina em segundos baratas, aranhas, formigas, peixinhos de prata e outros insectos rastejantes em ambiente dom\u00e9stico.Conselhos de utiliza\u00e7\u00e3o: Agite bem antes de utilizar. Mantendo a embalagem na verti...","rel":"","context":"Similar post","img":{"alt_text":"","src":"https:\/\/i0.wp.com\/mundo.seashell.pt\/wp-content\/uploads\/2022\/02\/5298021-frente.jpeg?resize=350%2C200&ssl=1","width":350,"height":200},"classes":[]},{"id":7130,"url":"https:\/\/mundo.seashell.pt\/?product=raid-papel-anti-tracas-4-un","url_meta":{"origin":7092,"position":4},"title":"Raid Papel Anti-tra\u00e7as 4 un","date":"Fevereiro 23, 2022","format":false,"excerpt":"Proteja a sua fam\u00edlia. Aproveite cada momento.Descri\u00e7\u00e3o: Raid\u00ae papel Anti-Tra\u00e7as protege as roupas e tecidos da a\u00e7\u00e3o destruidora das tra\u00e7as em arm\u00e1rios, roupeiros e gavetas. A efic\u00e1cia do ingrediente ativo anti-tra\u00e7as mant\u00e9m a prote\u00e7\u00e3o durante 3 meses, ao mesmo tempo que liberta uma agrad\u00e1vel fragr\u00e2ncia floral. N\u00e3o mancha ...","rel":"","context":"Similar post","img":{"alt_text":"","src":"https:\/\/i0.wp.com\/mundo.seashell.pt\/wp-content\/uploads\/2022\/02\/681629.png?resize=350%2C200&ssl=1","width":350,"height":200},"classes":[]},{"id":7080,"url":"https:\/\/mundo.seashell.pt\/?product=pato-wc-liquido-750ml","url_meta":{"origin":7092,"position":5},"title":"Pato WC L\u00edquido 750ml","date":"Fevereiro 23, 2022","format":false,"excerpt":"Um melhor alcance debaixo do rebordo da sua sanita para uma limpeza profunda.Descri\u00e7\u00e3o: Limpar a sanita nunca foi t\u00e3o f\u00e1cil, com Pato\u00ae.\u00a0 Combina o efeito branqueador da lix\u00edvia com o poder da espuma num s\u00f3 produto. O formato \u00fanico da sua embalagem permite um melhor alcance debaixo do rebordo da\u2026","rel":"","context":"Similar post","img":{"alt_text":"","src":"https:\/\/i0.wp.com\/mundo.seashell.pt\/wp-content\/uploads\/2022\/02\/314394_3_pato-wc-100-anticalcario-750ml.jpeg?resize=350%2C200&ssl=1","width":350,"height":200},"classes":[]}],"_links":{"self":[{"href":"https:\/\/mundo.seashell.pt\/index.php?rest_route=\/wp\/v2\/product\/7092","targetHints":{"allow":["GET"]}}],"collection":[{"href":"https:\/\/mundo.seashell.pt\/index.php?rest_route=\/wp\/v2\/product"}],"about":[{"href":"https:\/\/mundo.seashell.pt\/index.php?rest_route=\/wp\/v2\/types\/product"}],"wp:featuredmedia":[{"embeddable":true,"href":"https:\/\/mundo.seashell.pt\/index.php?rest_route=\/wp\/v2\/media\/7093"}],"wp:attachment":[{"href":"https:\/\/mundo.seashell.pt\/index.php?rest_route=%2Fwp%2Fv2%2Fmedia&parent=7092"}],"wp:term":[{"taxonomy":"product_cat","embeddable":true,"href":"https:\/\/mundo.seashell.pt\/index.php?rest_route=%2Fwp%2Fv2%2Fproduct_cat&post=7092"},{"taxonomy":"product_tag","embeddable":true,"href":"https:\/\/mundo.seashell.pt\/index.php?rest_route=%2Fwp%2Fv2%2Fproduct_tag&post=7092"}],"curies":[{"name":"wp","href":"https:\/\/api.w.org\/{rel}","templated":true}]}}