{"id":7088,"date":"2022-02-23T19:05:34","date_gmt":"2022-02-23T19:05:34","guid":{"rendered":"https:\/\/mundo.seashell.pt\/?post_type=product&#038;p=7088"},"modified":"2022-02-23T19:05:37","modified_gmt":"2022-02-23T19:05:37","slug":"domestos-abrasivo-sanitario-gel-desinfetante","status":"publish","type":"product","link":"https:\/\/mundo.seashell.pt\/?product=domestos-abrasivo-sanitario-gel-desinfetante","title":{"rendered":"Domestos Abrasivo Sanit\u00e1rio Gel Desinfetante"},"content":{"rendered":"<p>De uso f\u00e1cil e pr\u00e1tico para uma sanita limpa, desinfetada e livre de calc\u00e1rio.<\/p>\n<h3>Benef\u00edcios:<\/h3>\n<p>&#8211; Prote\u00e7\u00e3o contra o calc\u00e1rio;<br \/>&#8211; Mata os germes, bact\u00e9rias, fungos e v\u00edrus;<br \/>&#8211; Prote\u00e7\u00e3o eficaz da sanita com a sua fun\u00e7\u00e3o multi-jet.<\/p>\n<h3>Conselhos de utiliza\u00e7\u00e3o:<\/h3>\n<p>Desenrosque a tampa e coloque o gel de forma continua sob o rebordo da sanita. Deixe atuar durante alguns minutos e despeje a \u00e1gua, passando com uma escova caso seja necess\u00e1rio. Para resultados perfeitos contra dep\u00f3sitos de calc\u00e1rio e sujidade, deixe o produto atuar durante pelo menos 30 minutos.<\/p>\n<p><\/p>\n","protected":false},"excerpt":{"rendered":"<p>De uso f\u00e1cil e pr\u00e1tico para uma sanita limpa, desinfetada e livre de calc\u00e1rio.Benef\u00edcios:<br \/>\n&#8211; Prote\u00e7\u00e3o contra o calc\u00e1rio;- Mata os germes, bact\u00e9rias, fungos e v\u00edrus;- Prote\u00e7\u00e3o eficaz da sanita com a sua fun\u00e7\u00e3o multi-jet.<br \/>\nConselhos de utiliza\u00e7\u00e3o:<br \/>\nDesenrosque a tampa e coloque o gel de forma continua so&#8230;<\/p>\n","protected":false},"featured_media":7089,"template":"","meta":{"spay_email":""},"product_cat":[15],"product_tag":[],"class_list":{"0":"post-7088","1":"product","2":"type-product","3":"status-publish","4":"has-post-thumbnail","6":"product_cat-sem-categoria","8":"first","9":"instock","10":"taxable","11":"shipping-taxable","12":"purchasable","13":"product-type-simple"},"acf":[],"jetpack-related-posts":[{"id":6319,"url":"https:\/\/mundo.seashell.pt\/?product=domestos-lixivia-espessa-075l","url_meta":{"origin":7088,"position":0},"title":"Domestos Lix\u00edvia Espessa 750ml","date":"Fevereiro 23, 2022","format":false,"excerpt":"Domestos lix\u00edvia espessa foi desenvolvida para garantir um prote\u00e7\u00e3o mais duradoura contra os germes, juntamente com um a\u00e7\u00e3o de limpeza profunda. Tipo de produto: Lix\u00edvia Gel Benef\u00edcios: - Desinfecta, limpa e d\u00e1 frescura;- Prote\u00e7\u00e3o e elimina\u00e7\u00e3o mais duradoura de germes;- Remo\u00e7\u00e3o de manchas. Conse...","rel":"","context":"Similar post","img":{"alt_text":"","src":"https:\/\/i0.wp.com\/mundo.seashell.pt\/wp-content\/uploads\/2022\/02\/DOMESTOS_LIXI_VIA_ESPESSA_-_750ml_8410437001082.png?resize=350%2C200&ssl=1","width":350,"height":200},"classes":[]},{"id":7068,"url":"https:\/\/mundo.seashell.pt\/?product=pato-discos-ativos","url_meta":{"origin":7088,"position":1},"title":"Pato Discos Ativos","date":"Fevereiro 23, 2022","format":false,"excerpt":"Preocupado com os blocos sanit\u00e1rios tradicionais que acumulam germes? Pato\u00ae Discos Activos \u00e9 a solu\u00e7\u00e3o! Com uma f\u00f3rmula \u00e0 base de gel que adere \u00e0 sanita, os discos ativos impedem a forma\u00e7\u00e3o de manchas de calc\u00e1rio e focos de germes. Basta colar um disco para manter a sanita limpa e\u2026","rel":"","context":"Similar post","img":{"alt_text":"","src":"https:\/\/i0.wp.com\/mundo.seashell.pt\/wp-content\/uploads\/2022\/02\/4905310-frente.jpeg?resize=350%2C200&ssl=1","width":350,"height":200},"classes":[]},{"id":6277,"url":"https:\/\/mundo.seashell.pt\/?product=sanytol-toalhitas-multiusos-36-unidades","url_meta":{"origin":7088,"position":2},"title":"Sanytol Toalhitas Multiusos &#8211; 36 unidades","date":"Fevereiro 23, 2022","format":false,"excerpt":"Toalhitas Desinfetantes Multiusos \u2013 Eucalipto Pr\u00e1ticas e eficazes, as toalhitas desinfetantes multiusos SANYTOL limpam e desinfetam todas as superf\u00edcies numa s\u00f3 passagem! Ideais para a limpeza di\u00e1ria, deixar\u00e3o a sua casa com um cheiro a limpeza. CARACTER\u00cdSTICAS Elimina 99,9% de bact\u00e9rias, fungos, v\u00edrus H1N1 ...","rel":"","context":"Similar post","img":{"alt_text":"","src":"https:\/\/i0.wp.com\/mundo.seashell.pt\/wp-content\/uploads\/2022\/02\/SANYTOL_TOALHITAS_DESINFECTANTES_MULTIUSOS_36u_8411660000224.png?resize=350%2C200&ssl=1","width":350,"height":200},"classes":[]},{"id":6317,"url":"https:\/\/mundo.seashell.pt\/?product=domestos-lixivia-classica-2l","url_meta":{"origin":7088,"position":3},"title":"Domestos Lix\u00edvia Cl\u00e1ssica 2L","date":"Fevereiro 23, 2022","format":false,"excerpt":"'Domestos lix\u00edvia cl\u00e1ssica foi desenvolvida para garantir a seguran\u00e7a e prote\u00e7\u00e3o do seu lar, atrav\u00e9s de uma tripla a\u00e7\u00e3o: desinfe\u00e7\u00e3o, limpeza e frescura. Tipo de produto: Lix\u00edvia Gel Benef\u00edcios: - Desinfeta, branqueia e mata todos os germes conhecidos;- Limpa, desengordura e elimina a sujidade de todas a...","rel":"","context":"Similar post","img":{"alt_text":"","src":"https:\/\/i0.wp.com\/mundo.seashell.pt\/wp-content\/uploads\/2022\/02\/DOMESTOS_LIXI_VIA_CLA_SSICA_-_2L_5601068015774.png?resize=350%2C200&ssl=1","width":350,"height":200},"classes":[]},{"id":7082,"url":"https:\/\/mundo.seashell.pt\/?product=harpic-liquido-750ml","url_meta":{"origin":7088,"position":4},"title":"Harpic L\u00edquido 750ml","date":"Fevereiro 23, 2022","format":false,"excerpt":"Conselhos de utiliza\u00e7\u00e3o: Recomenda-se o uso de luvas enquanto desinfeta e limpa a sanita.Levante o tampo da sanita e direcione cuidadosamente o bocal da embalagem para o rebordo da sanita. Aperte a garrafa e aplique devagar em todo o rebordo da sanita, de modo a que todo o interior fique\u2026","rel":"","context":"Similar post","img":{"alt_text":"","src":"https:\/\/i0.wp.com\/mundo.seashell.pt\/wp-content\/uploads\/2022\/02\/2497083-frente.jpeg?resize=350%2C200&ssl=1","width":350,"height":200},"classes":[]},{"id":6255,"url":"https:\/\/mundo.seashell.pt\/?product=sanytol-banhos-750ml","url_meta":{"origin":7088,"position":5},"title":"Sanytol Banhos 750ml","date":"Fevereiro 23, 2022","format":false,"excerpt":"Limpador Desinfetante Banhos A humidade promove o desenvolvimento de bact\u00e9rias, fungos e v\u00edrus. O uso de um desinfetante associado a um poderoso anti-calc\u00e1rio \u00e9 a \u00fanica forma de prevenir eficazmente a prolifera\u00e7\u00e3o de microrganismos indesej\u00e1veis, a forma\u00e7\u00e3o de mofo e calc\u00e1rio. Sanytol Desinfetante Banhos, sem lix\u00edvia, garante u...","rel":"","context":"Similar post","img":{"alt_text":"","src":"https:\/\/i0.wp.com\/mundo.seashell.pt\/wp-content\/uploads\/2022\/02\/SANYTOL_DESINFETANTE_BANHOS_750_ML_8411660670229.png?resize=350%2C200&ssl=1","width":350,"height":200},"classes":[]}],"_links":{"self":[{"href":"https:\/\/mundo.seashell.pt\/index.php?rest_route=\/wp\/v2\/product\/7088","targetHints":{"allow":["GET"]}}],"collection":[{"href":"https:\/\/mundo.seashell.pt\/index.php?rest_route=\/wp\/v2\/product"}],"about":[{"href":"https:\/\/mundo.seashell.pt\/index.php?rest_route=\/wp\/v2\/types\/product"}],"wp:featuredmedia":[{"embeddable":true,"href":"https:\/\/mundo.seashell.pt\/index.php?rest_route=\/wp\/v2\/media\/7089"}],"wp:attachment":[{"href":"https:\/\/mundo.seashell.pt\/index.php?rest_route=%2Fwp%2Fv2%2Fmedia&parent=7088"}],"wp:term":[{"taxonomy":"product_cat","embeddable":true,"href":"https:\/\/mundo.seashell.pt\/index.php?rest_route=%2Fwp%2Fv2%2Fproduct_cat&post=7088"},{"taxonomy":"product_tag","embeddable":true,"href":"https:\/\/mundo.seashell.pt\/index.php?rest_route=%2Fwp%2Fv2%2Fproduct_tag&post=7088"}],"curies":[{"name":"wp","href":"https:\/\/api.w.org\/{rel}","templated":true}]}}