{"id":7086,"date":"2022-02-23T19:05:30","date_gmt":"2022-02-23T19:05:30","guid":{"rendered":"https:\/\/mundo.seashell.pt\/?post_type=product&#038;p=7086"},"modified":"2022-02-23T19:05:34","modified_gmt":"2022-02-23T19:05:34","slug":"cillit-bang-multisuperficies-spray-lixivia-e-higiene-750ml","status":"publish","type":"product","link":"https:\/\/mundo.seashell.pt\/?product=cillit-bang-multisuperficies-spray-lixivia-e-higiene-750ml","title":{"rendered":"Cillit Bang Multisuperf\u00edcies Spray Lix\u00edvia e Higiene 750ml"},"content":{"rendered":"<p>Cillit Bang, uma solu\u00e7\u00e3o eficaz para todo o tipo de sujidade!<\/p>\n<h3>Descri\u00e7\u00e3o:<\/h3>\n<p>Cillit Bang spray limpeza lix\u00edvia e higiene tem uma poderosa f\u00f3rmula que combina hipoclorito de s\u00f3dio com agentes de limpeza para obter resultados imbat\u00edveis. Higieniza todas as superf\u00edcies enquanto os agentes de limpeza removem as manchas mais incrustadas, para obter uma casa limpa e saud\u00e1vel todos os dias. Limpa 10x melhor que a lix\u00edvia pura. Uso recomendado em juntas de paredes na casa de banho, banheiras e lavat\u00f3rios, cortinas de chuveiros, bancadas, portas de frigor\u00edficos, caixotes do lixo.<\/p>\n<h3>Benef\u00edcios:<\/h3>\n<p>&#8211; L\u00edxivia e higiene;<br \/>&#8211; Limpa 10x melhor que a l\u00edxivia pura;<br \/>&#8211; Higieniza e limpa em profundidade;<br \/>&#8211; Remove as manchas mais incrustadas.<\/p>\n<h3>Conselhos de utiliza\u00e7\u00e3o:<\/h3>\n<p>Rode a ponta do pulverizador para a posi\u00e7\u00e3o &#8220;on&#8221;. Mantenha a garrafa na vertical e a 20cm da superf\u00edcie a limpar e pulverize. Para higienizar bem as superf\u00edcies, deixe atuar no m\u00e1ximo 5 minutos. Enxag\u00fae completamente com \u00e1gua.<\/p>\n","protected":false},"excerpt":{"rendered":"<p>Cillit Bang, uma solu\u00e7\u00e3o eficaz para todo o tipo de sujidade!Descri\u00e7\u00e3o:<br \/>\nCillit Bang spray limpeza lix\u00edvia e higiene tem uma poderosa f\u00f3rmula que combina hipoclorito de s\u00f3dio com agentes de limpeza para obter resultados imbat\u00edveis. Higieniza todas as superf\u00edcies enquanto os agentes de limpeza removem as manchas mais incrust&#8230;<\/p>\n","protected":false},"featured_media":7087,"template":"","meta":{"spay_email":""},"product_cat":[15],"product_tag":[],"class_list":{"0":"post-7086","1":"product","2":"type-product","3":"status-publish","4":"has-post-thumbnail","6":"product_cat-sem-categoria","8":"first","9":"instock","10":"taxable","11":"shipping-taxable","12":"purchasable","13":"product-type-simple"},"acf":[],"jetpack-related-posts":[{"id":6257,"url":"https:\/\/mundo.seashell.pt\/?product=cillit-bang-lixivia-e-higiene-500ml","url_meta":{"origin":7086,"position":0},"title":"Cillit Bang Lix\u00edvia e Higiene 500ml","date":"Fevereiro 23, 2022","format":false,"excerpt":"Cillit Bang spray limpeza lix\u00edvia e higiene tem uma poderosa f\u00f3rmula que combina hipoclorito de s\u00f3dio com agentes de limpeza para obter resultados imbat\u00edveis. Higieniza todas as superf\u00edcies enquanto os agentes de limpeza removem as manchas mais incrustadas, para obter uma casa limpa e saud\u00e1vel todos os dias. Limpa 10x\u2026","rel":"","context":"Similar post","img":{"alt_text":"","src":"https:\/\/i0.wp.com\/mundo.seashell.pt\/wp-content\/uploads\/2022\/02\/CILLIT_BANG_Lixivia___Higiene_500ML_x12__8_P__5601217132673.jpg?resize=350%2C200&ssl=1","width":350,"height":200},"classes":[]},{"id":6359,"url":"https:\/\/mundo.seashell.pt\/?product=cillit-bang-wc-super-limpeza-05l","url_meta":{"origin":7086,"position":1},"title":"Cillit Bang WC Super Limpeza 500ml","date":"Fevereiro 23, 2022","format":false,"excerpt":"Cillit Bang Spray casa de banho super limpeza \u00e9 ideal para remover, sem esfor\u00e7o, todas as manchas de sujidade da sua casa de banho. A f\u00f3rmula concentrada de Cillit Bang \u00e9 eficaz na remo\u00e7\u00e3o do calc\u00e1rio, manchas de sab\u00e3o e sujidade. A tecnologia \"anti-redeposition\" previne que a sujidade volte. A\u2026","rel":"","context":"Similar post","img":{"alt_text":"","src":"https:\/\/i0.wp.com\/mundo.seashell.pt\/wp-content\/uploads\/2022\/02\/CILLIT_BANG_WC_500ML_X12__8_P__5601217132697.png?resize=350%2C200&ssl=1","width":350,"height":200},"classes":[]},{"id":6421,"url":"https:\/\/mundo.seashell.pt\/?product=cillit-bang-tira-gorduras-05l","url_meta":{"origin":7086,"position":2},"title":"Cillit Bang Tira Gorduras 500ml","date":"Fevereiro 23, 2022","format":false,"excerpt":"Cillit Bang spray limpeza tira gorduras tem uma f\u00f3rmula super eficaz, limpa sem precisar de esfregar. Elimina rapidamente as manchas de comida, sujidade e ainda a gordura mais resistente das superf\u00edcies comuns, dentro e fora de sua casa. Gra\u00e7as aos seus potentes tensoativos, a sua f\u00f3rmula \u00e9 3 vezes mais\u2026","rel":"","context":"Similar post","img":{"alt_text":"","src":"https:\/\/i0.wp.com\/mundo.seashell.pt\/wp-content\/uploads\/2022\/02\/CILLIT_BANG_Tira_Gorduras_500ML_x12__8_P__5601217132680.png?resize=350%2C200&ssl=1","width":350,"height":200},"classes":[]},{"id":6443,"url":"https:\/\/mundo.seashell.pt\/?product=cillit-bang-bolores-e-sujidade-05l","url_meta":{"origin":7086,"position":3},"title":"Cillit Bang Bolores e Sujidade 500ml","date":"Fevereiro 23, 2022","format":false,"excerpt":"A poderosa f\u00f3rmula de Cillit Bang spray limpeza bolor e sujidade elimina rapidamente as manchas de bolor e a sujidade mais incrustada sem necessidade de esfregar, sendo o seu aliado para as zonas com humidade e onde o bolor prevalece. Come\u00e7a a limpeza em 20 segundos e desinfeta em 15\u2026","rel":"","context":"Similar post","img":{"alt_text":"","src":"https:\/\/i0.wp.com\/mundo.seashell.pt\/wp-content\/uploads\/2022\/02\/CILLIT_BANG_Bolor___Suj_500ML_x12__8_P__5601217132659.png?resize=350%2C200&ssl=1","width":350,"height":200},"classes":[]},{"id":6377,"url":"https:\/\/mundo.seashell.pt\/?product=cif-multiusos-com-lixivia-075l","url_meta":{"origin":7086,"position":4},"title":"Cif Multiusos com L\u00edx\u00edvia 750ml","date":"Fevereiro 23, 2022","format":false,"excerpt":"As poderosas mol\u00e9culas do Cif spray Power & Shine multiusos com lix\u00edvia limpam instant\u00e2nea e profundamente, eliminando os diferentes tipos de sujidade da casa. Deixa a sua casa brilhante e higienicamente limpa, sem manchas nem marcas de \u00e1gua. Remove at\u00e9 100% das manchas de bolor e gordura.Benef\u00edcios: - 100% remo\u00e7\u00e3o\u2026","rel":"","context":"Similar post","img":{"alt_text":"","src":"https:\/\/i0.wp.com\/mundo.seashell.pt\/wp-content\/uploads\/2022\/02\/CIF_SPRAY_MULTI_C__LIXI_VIA_-_750ml_8710908859502.png?resize=350%2C200&ssl=1","width":350,"height":200},"classes":[]},{"id":6355,"url":"https:\/\/mundo.seashell.pt\/?product=cillit-bang-chao-e-gorduras-133l","url_meta":{"origin":7086,"position":5},"title":"Cillit Bang Ch\u00e3o e Gorduras 1,33L","date":"Fevereiro 23, 2022","format":false,"excerpt":"Cillit Bang spray limpeza tira gorduras tem uma f\u00f3rmula super eficaz, limpa sem precisar de esfregar. Elimina rapidamente as manchas de comida, sujidade e ainda a gordura mais resistente das superf\u00edcies comuns, dentro e fora de sua casa. Gra\u00e7as aos seus potentes tensoativos, a sua f\u00f3rmula \u00e9 3 vezes mais\u2026","rel":"","context":"Similar post","img":{"alt_text":"","src":"https:\/\/i0.wp.com\/mundo.seashell.pt\/wp-content\/uploads\/2022\/02\/CILLIT_BANG_Chao_MGord_1330x10_5601217123350.png?resize=350%2C200&ssl=1","width":350,"height":200},"classes":[]}],"_links":{"self":[{"href":"https:\/\/mundo.seashell.pt\/index.php?rest_route=\/wp\/v2\/product\/7086","targetHints":{"allow":["GET"]}}],"collection":[{"href":"https:\/\/mundo.seashell.pt\/index.php?rest_route=\/wp\/v2\/product"}],"about":[{"href":"https:\/\/mundo.seashell.pt\/index.php?rest_route=\/wp\/v2\/types\/product"}],"wp:featuredmedia":[{"embeddable":true,"href":"https:\/\/mundo.seashell.pt\/index.php?rest_route=\/wp\/v2\/media\/7087"}],"wp:attachment":[{"href":"https:\/\/mundo.seashell.pt\/index.php?rest_route=%2Fwp%2Fv2%2Fmedia&parent=7086"}],"wp:term":[{"taxonomy":"product_cat","embeddable":true,"href":"https:\/\/mundo.seashell.pt\/index.php?rest_route=%2Fwp%2Fv2%2Fproduct_cat&post=7086"},{"taxonomy":"product_tag","embeddable":true,"href":"https:\/\/mundo.seashell.pt\/index.php?rest_route=%2Fwp%2Fv2%2Fproduct_tag&post=7086"}],"curies":[{"name":"wp","href":"https:\/\/api.w.org\/{rel}","templated":true}]}}