{"id":7084,"date":"2022-02-23T19:05:28","date_gmt":"2022-02-23T19:05:28","guid":{"rendered":"https:\/\/mundo.seashell.pt\/?post_type=product&#038;p=7084"},"modified":"2022-02-23T19:05:30","modified_gmt":"2022-02-23T19:05:30","slug":"higienizante-wc-gel-com-lixivia-700ml","status":"publish","type":"product","link":"https:\/\/mundo.seashell.pt\/?product=higienizante-wc-gel-com-lixivia-700ml","title":{"rendered":"Higienizante WC Gel com Lix\u00edvia 700ml"},"content":{"rendered":"<h3>Higieniza e previne os maus cheiros do seu WC, gra\u00e7as \u00e0 f\u00f3rmula inovadora pr\u00f3-enzimas.<\/h3>\n<ul>\n<li>Conselhos de utiliza\u00e7\u00e3o:<br \/>Abra pressionando a \u00e1rea indicada e desenrosque a tampa. Aplique bastante produto no interior da sanita. Deixe atuar durante pelo menos 15 minutos. Enxag\u00fae. Para fechar a tampa, rode at\u00e9 ouvir um clique. Imprima as instru\u00e7\u00f5es para mant\u00ea-las sempre ao seu alcance. <\/li>\n<\/ul>\n","protected":false},"excerpt":{"rendered":"<p>Higieniza e previne os maus cheiros do seu WC, gra\u00e7as \u00e0 f\u00f3rmula inovadora pr\u00f3-enzimas.Conselhos de utiliza\u00e7\u00e3o:Abra pressionando a \u00e1rea indicada e desenrosque a tampa. Aplique bastante produto no interior da sanita. Deixe atuar durante pelo menos 15 minutos. Enxag\u00fae. Para fechar a tampa, rode at\u00e9 ouvir um clique. Imprima as i&#8230;<\/p>\n","protected":false},"featured_media":7085,"template":"","meta":{"spay_email":""},"product_cat":[15],"product_tag":[],"class_list":{"0":"post-7084","1":"product","2":"type-product","3":"status-publish","4":"has-post-thumbnail","6":"product_cat-sem-categoria","8":"first","9":"instock","10":"taxable","11":"shipping-taxable","12":"purchasable","13":"product-type-simple"},"acf":[],"jetpack-related-posts":[{"id":6311,"url":"https:\/\/mundo.seashell.pt\/?product=neoblanc-gentil-lixivia-delicada","url_meta":{"origin":7084,"position":0},"title":"Neoblanc Gentil Lix\u00edvia Delicada 1L","date":"Fevereiro 23, 2022","format":false,"excerpt":"Neoblanc Gentil \u00e9 uma lix\u00edvia delicada, segura sobre todas as cores e tecidos, sint\u00e9ticos ou delicados, como l\u00e3 e seda. Adicionada em cada lavagem, tira-n\u00f3doas, higieniza e elimina os cheiros. Tipo de produto: Lix\u00edvia DelicadaBenef\u00edcios: - Remo\u00e7\u00e3o de manchas de toda a roupa;- Elimina\u00e7\u00e3o do mau cheiro;- ...","rel":"","context":"Similar post","img":{"alt_text":"","src":"https:\/\/i0.wp.com\/mundo.seashell.pt\/wp-content\/uploads\/2022\/02\/NEOBLANC_GENTIL_1L_8001480020740.png?resize=350%2C200&ssl=1","width":350,"height":200},"classes":[]},{"id":7080,"url":"https:\/\/mundo.seashell.pt\/?product=pato-wc-liquido-750ml","url_meta":{"origin":7084,"position":1},"title":"Pato WC L\u00edquido 750ml","date":"Fevereiro 23, 2022","format":false,"excerpt":"Um melhor alcance debaixo do rebordo da sua sanita para uma limpeza profunda.Descri\u00e7\u00e3o: Limpar a sanita nunca foi t\u00e3o f\u00e1cil, com Pato\u00ae.\u00a0 Combina o efeito branqueador da lix\u00edvia com o poder da espuma num s\u00f3 produto. O formato \u00fanico da sua embalagem permite um melhor alcance debaixo do rebordo da\u2026","rel":"","context":"Similar post","img":{"alt_text":"","src":"https:\/\/i0.wp.com\/mundo.seashell.pt\/wp-content\/uploads\/2022\/02\/314394_3_pato-wc-100-anticalcario-750ml.jpeg?resize=350%2C200&ssl=1","width":350,"height":200},"classes":[]},{"id":7082,"url":"https:\/\/mundo.seashell.pt\/?product=harpic-liquido-750ml","url_meta":{"origin":7084,"position":2},"title":"Harpic L\u00edquido 750ml","date":"Fevereiro 23, 2022","format":false,"excerpt":"Conselhos de utiliza\u00e7\u00e3o: Recomenda-se o uso de luvas enquanto desinfeta e limpa a sanita.Levante o tampo da sanita e direcione cuidadosamente o bocal da embalagem para o rebordo da sanita. Aperte a garrafa e aplique devagar em todo o rebordo da sanita, de modo a que todo o interior fique\u2026","rel":"","context":"Similar post","img":{"alt_text":"","src":"https:\/\/i0.wp.com\/mundo.seashell.pt\/wp-content\/uploads\/2022\/02\/2497083-frente.jpeg?resize=350%2C200&ssl=1","width":350,"height":200},"classes":[]},{"id":6099,"url":"https:\/\/mundo.seashell.pt\/?product=wc-rein-750ml","url_meta":{"origin":7084,"position":3},"title":"Desincrustante WC Rein 750Ml","date":"Fevereiro 23, 2022","format":false,"excerpt":"Desincrustante forte para WC","rel":"","context":"Similar post","img":{"alt_text":"","src":"https:\/\/i0.wp.com\/mundo.seashell.pt\/wp-content\/uploads\/2022\/02\/wc_rein.jpg?resize=350%2C200&ssl=1","width":350,"height":200},"classes":[]},{"id":6277,"url":"https:\/\/mundo.seashell.pt\/?product=sanytol-toalhitas-multiusos-36-unidades","url_meta":{"origin":7084,"position":4},"title":"Sanytol Toalhitas Multiusos &#8211; 36 unidades","date":"Fevereiro 23, 2022","format":false,"excerpt":"Toalhitas Desinfetantes Multiusos \u2013 Eucalipto Pr\u00e1ticas e eficazes, as toalhitas desinfetantes multiusos SANYTOL limpam e desinfetam todas as superf\u00edcies numa s\u00f3 passagem! Ideais para a limpeza di\u00e1ria, deixar\u00e3o a sua casa com um cheiro a limpeza. CARACTER\u00cdSTICAS Elimina 99,9% de bact\u00e9rias, fungos, v\u00edrus H1N1 ...","rel":"","context":"Similar post","img":{"alt_text":"","src":"https:\/\/i0.wp.com\/mundo.seashell.pt\/wp-content\/uploads\/2022\/02\/SANYTOL_TOALHITAS_DESINFECTANTES_MULTIUSOS_36u_8411660000224.png?resize=350%2C200&ssl=1","width":350,"height":200},"classes":[]},{"id":6077,"url":"https:\/\/mundo.seashell.pt\/?product=fun-wc-gel-750ml","url_meta":{"origin":7084,"position":5},"title":"Fun WC Gel 750ML","date":"Fevereiro 23, 2022","format":false,"excerpt":"E\u0301 um produto de cor azul, viscoso e perfumado, especialmente concebido para a higienizac\u0327a\u0303o de instalac\u0327o\u0303es sanita\u0301rias Para ale\u0301m do elevado poder de limpeza, deixa um aroma bastante agrada\u0301vel.","rel":"","context":"Similar post","img":{"alt_text":"","src":"https:\/\/i0.wp.com\/mundo.seashell.pt\/wp-content\/uploads\/2022\/02\/FUN_WC_GEL_750ML_PhotoRoom_20210402_103426.jpg?resize=350%2C200&ssl=1","width":350,"height":200},"classes":[]}],"_links":{"self":[{"href":"https:\/\/mundo.seashell.pt\/index.php?rest_route=\/wp\/v2\/product\/7084","targetHints":{"allow":["GET"]}}],"collection":[{"href":"https:\/\/mundo.seashell.pt\/index.php?rest_route=\/wp\/v2\/product"}],"about":[{"href":"https:\/\/mundo.seashell.pt\/index.php?rest_route=\/wp\/v2\/types\/product"}],"wp:featuredmedia":[{"embeddable":true,"href":"https:\/\/mundo.seashell.pt\/index.php?rest_route=\/wp\/v2\/media\/7085"}],"wp:attachment":[{"href":"https:\/\/mundo.seashell.pt\/index.php?rest_route=%2Fwp%2Fv2%2Fmedia&parent=7084"}],"wp:term":[{"taxonomy":"product_cat","embeddable":true,"href":"https:\/\/mundo.seashell.pt\/index.php?rest_route=%2Fwp%2Fv2%2Fproduct_cat&post=7084"},{"taxonomy":"product_tag","embeddable":true,"href":"https:\/\/mundo.seashell.pt\/index.php?rest_route=%2Fwp%2Fv2%2Fproduct_tag&post=7084"}],"curies":[{"name":"wp","href":"https:\/\/api.w.org\/{rel}","templated":true}]}}