{"id":7082,"date":"2022-02-23T19:05:26","date_gmt":"2022-02-23T19:05:26","guid":{"rendered":"https:\/\/mundo.seashell.pt\/?post_type=product&#038;p=7082"},"modified":"2022-02-23T19:05:28","modified_gmt":"2022-02-23T19:05:28","slug":"harpic-liquido-750ml","status":"publish","type":"product","link":"https:\/\/mundo.seashell.pt\/?product=harpic-liquido-750ml","title":{"rendered":"Harpic L\u00edquido 750ml"},"content":{"rendered":"<h3>Conselhos de utiliza\u00e7\u00e3o:<\/h3>\n<p>Recomenda-se o uso de luvas enquanto desinfeta e limpa a sanita.<br \/>Levante o tampo da sanita e direcione cuidadosamente o bocal da embalagem para o rebordo da sanita. Aperte a garrafa e aplique devagar em todo o rebordo da sanita, de modo a que todo o interior fique coberto. Para melhores resultados, deixe atuar durante 30 minutos. De seguida, puxe o autoclismo e escove. Para desinfetar, deixe atuar 60 minutos e, de seguida, puxe o autoclismo e escove.<br \/>Lave sempre as m\u00e3os e a pele exposta depois de utilizar o produto.<\/p>\n","protected":false},"excerpt":{"rendered":"<p>Conselhos de utiliza\u00e7\u00e3o:<\/p>\n<p>Recomenda-se o uso de luvas enquanto desinfeta e limpa a sanita.Levante o tampo da sanita e direcione cuidadosamente o bocal da embalagem para o rebordo da sanita. Aperte a garrafa e aplique devagar em todo o rebordo da sanita, de modo a que todo o interior fique coberto. Para melhores resultados, deixe &#8230;<\/p>\n","protected":false},"featured_media":7083,"template":"","meta":{"spay_email":""},"product_cat":[15],"product_tag":[],"class_list":{"0":"post-7082","1":"product","2":"type-product","3":"status-publish","4":"has-post-thumbnail","6":"product_cat-sem-categoria","8":"first","9":"instock","10":"taxable","11":"shipping-taxable","12":"purchasable","13":"product-type-simple"},"acf":[],"jetpack-related-posts":[{"id":7080,"url":"https:\/\/mundo.seashell.pt\/?product=pato-wc-liquido-750ml","url_meta":{"origin":7082,"position":0},"title":"Pato WC L\u00edquido 750ml","date":"Fevereiro 23, 2022","format":false,"excerpt":"Um melhor alcance debaixo do rebordo da sua sanita para uma limpeza profunda.Descri\u00e7\u00e3o: Limpar a sanita nunca foi t\u00e3o f\u00e1cil, com Pato\u00ae.\u00a0 Combina o efeito branqueador da lix\u00edvia com o poder da espuma num s\u00f3 produto. O formato \u00fanico da sua embalagem permite um melhor alcance debaixo do rebordo da\u2026","rel":"","context":"Similar post","img":{"alt_text":"","src":"https:\/\/i0.wp.com\/mundo.seashell.pt\/wp-content\/uploads\/2022\/02\/314394_3_pato-wc-100-anticalcario-750ml.jpeg?resize=350%2C200&ssl=1","width":350,"height":200},"classes":[]},{"id":7088,"url":"https:\/\/mundo.seashell.pt\/?product=domestos-abrasivo-sanitario-gel-desinfetante","url_meta":{"origin":7082,"position":1},"title":"Domestos Abrasivo Sanit\u00e1rio Gel Desinfetante","date":"Fevereiro 23, 2022","format":false,"excerpt":"De uso f\u00e1cil e pr\u00e1tico para uma sanita limpa, desinfetada e livre de calc\u00e1rio.Benef\u00edcios: - Prote\u00e7\u00e3o contra o calc\u00e1rio;- Mata os germes, bact\u00e9rias, fungos e v\u00edrus;- Prote\u00e7\u00e3o eficaz da sanita com a sua fun\u00e7\u00e3o multi-jet. Conselhos de utiliza\u00e7\u00e3o: Desenrosque a tampa e coloque o gel de forma continua so...","rel":"","context":"Similar post","img":{"alt_text":"","src":"https:\/\/i0.wp.com\/mundo.seashell.pt\/wp-content\/uploads\/2022\/02\/5620625-frente.jpeg?resize=350%2C200&ssl=1","width":350,"height":200},"classes":[]},{"id":6319,"url":"https:\/\/mundo.seashell.pt\/?product=domestos-lixivia-espessa-075l","url_meta":{"origin":7082,"position":2},"title":"Domestos Lix\u00edvia Espessa 750ml","date":"Fevereiro 23, 2022","format":false,"excerpt":"Domestos lix\u00edvia espessa foi desenvolvida para garantir um prote\u00e7\u00e3o mais duradoura contra os germes, juntamente com um a\u00e7\u00e3o de limpeza profunda. Tipo de produto: Lix\u00edvia Gel Benef\u00edcios: - Desinfecta, limpa e d\u00e1 frescura;- Prote\u00e7\u00e3o e elimina\u00e7\u00e3o mais duradoura de germes;- Remo\u00e7\u00e3o de manchas. Conse...","rel":"","context":"Similar post","img":{"alt_text":"","src":"https:\/\/i0.wp.com\/mundo.seashell.pt\/wp-content\/uploads\/2022\/02\/DOMESTOS_LIXI_VIA_ESPESSA_-_750ml_8410437001082.png?resize=350%2C200&ssl=1","width":350,"height":200},"classes":[]},{"id":7066,"url":"https:\/\/mundo.seashell.pt\/?product=pato-active-clen-blocos-de-sanita","url_meta":{"origin":7082,"position":3},"title":"Pato Active Clean Blocos de Sanita","date":"Fevereiro 23, 2022","format":false,"excerpt":"Pato\u00ae Active Clean proporciona \u00e0 sua sanita uma frescura renovada a cada descarga, combinando a a\u00e7\u00e3o de limpeza da espuma com uma fabulosa fragr\u00e2ncia. Coloque Pato\u00ae Active Clean na sanita para transformar cada descarga numa onda de bolhas que mant\u00e9m a sanita limpa e perfumada at\u00e9 3 semanas. Benef\u00edcios: -\u2026","rel":"","context":"Similar post","img":{"alt_text":"","src":"https:\/\/i0.wp.com\/mundo.seashell.pt\/wp-content\/uploads\/2022\/02\/6826418-frente.jpeg?resize=350%2C200&ssl=1","width":350,"height":200},"classes":[]},{"id":7072,"url":"https:\/\/mundo.seashell.pt\/?product=domestos-power-5-bloco-de-sanita","url_meta":{"origin":7082,"position":4},"title":"Domestos Power 5 Bloco de Sanita","date":"Fevereiro 23, 2022","format":false,"excerpt":"O bloco Domestos Power 5 deixa a sua sanita limpa e brilhante. Mant\u00ea-la fresca e com uma limpeza duradoura nunca foi t\u00e3o f\u00e1cil.Benef\u00edcios: - Preven\u00e7\u00e3o de calc\u00e1rio;- Fragr\u00e2ncia de longa dura\u00e7\u00e3o;- Espuma rica;- Brilho;- Higiene. Conselhos de utiliza\u00e7\u00e3o: Desdobre o gancho, ajuste a altura do gancho...","rel":"","context":"Similar post","img":{"alt_text":"","src":"https:\/\/i0.wp.com\/mundo.seashell.pt\/wp-content\/uploads\/2022\/02\/002240895.jpeg?resize=350%2C200&ssl=1","width":350,"height":200},"classes":[]},{"id":6079,"url":"https:\/\/mundo.seashell.pt\/?product=fun-wc-lixivia-750ml","url_meta":{"origin":7082,"position":5},"title":"Fun WC Lixivia 750ML","date":"Fevereiro 23, 2022","format":false,"excerpt":"E\u0301 um produto incolor, viscoso levemente perfumado, especialmente concebido para a limpeza de instalac\u0327o\u0303es sanita\u0301rias.","rel":"","context":"Similar post","img":{"alt_text":"","src":"https:\/\/i0.wp.com\/mundo.seashell.pt\/wp-content\/uploads\/2022\/02\/FUN_WC_LIXI_VIA_750ML_PhotoRoom_20210402_103049.jpg?resize=350%2C200&ssl=1","width":350,"height":200},"classes":[]}],"_links":{"self":[{"href":"https:\/\/mundo.seashell.pt\/index.php?rest_route=\/wp\/v2\/product\/7082","targetHints":{"allow":["GET"]}}],"collection":[{"href":"https:\/\/mundo.seashell.pt\/index.php?rest_route=\/wp\/v2\/product"}],"about":[{"href":"https:\/\/mundo.seashell.pt\/index.php?rest_route=\/wp\/v2\/types\/product"}],"wp:featuredmedia":[{"embeddable":true,"href":"https:\/\/mundo.seashell.pt\/index.php?rest_route=\/wp\/v2\/media\/7083"}],"wp:attachment":[{"href":"https:\/\/mundo.seashell.pt\/index.php?rest_route=%2Fwp%2Fv2%2Fmedia&parent=7082"}],"wp:term":[{"taxonomy":"product_cat","embeddable":true,"href":"https:\/\/mundo.seashell.pt\/index.php?rest_route=%2Fwp%2Fv2%2Fproduct_cat&post=7082"},{"taxonomy":"product_tag","embeddable":true,"href":"https:\/\/mundo.seashell.pt\/index.php?rest_route=%2Fwp%2Fv2%2Fproduct_tag&post=7082"}],"curies":[{"name":"wp","href":"https:\/\/api.w.org\/{rel}","templated":true}]}}