{"id":7078,"date":"2022-02-23T19:05:23","date_gmt":"2022-02-23T19:05:23","guid":{"rendered":"https:\/\/mundo.seashell.pt\/?post_type=product&#038;p=7078"},"modified":"2022-02-23T19:05:24","modified_gmt":"2022-02-23T19:05:24","slug":"sani-abrasivo-liquido-750ml","status":"publish","type":"product","link":"https:\/\/mundo.seashell.pt\/?product=sani-abrasivo-liquido-750ml","title":{"rendered":"Sani Abrasivo L\u00edquido 750ml"},"content":{"rendered":"<h3>Sani Abrasivo L\u00edquido 750ml<\/h3>\n<p>Higiene Ativa<\/p>\n<p>100% Eficaz na desinfe\u00e7\u00e3o da sanita.<\/p>\n","protected":false},"excerpt":{"rendered":"<p>Sani Abrasivo L\u00edquido 750ml<\/p>\n","protected":false},"featured_media":7079,"template":"","meta":{"spay_email":""},"product_cat":[15],"product_tag":[],"class_list":{"0":"post-7078","1":"product","2":"type-product","3":"status-publish","4":"has-post-thumbnail","6":"product_cat-sem-categoria","8":"first","9":"instock","10":"taxable","11":"shipping-taxable","12":"purchasable","13":"product-type-simple"},"acf":[],"jetpack-related-posts":[{"id":7082,"url":"https:\/\/mundo.seashell.pt\/?product=harpic-liquido-750ml","url_meta":{"origin":7078,"position":0},"title":"Harpic L\u00edquido 750ml","date":"Fevereiro 23, 2022","format":false,"excerpt":"Conselhos de utiliza\u00e7\u00e3o: Recomenda-se o uso de luvas enquanto desinfeta e limpa a sanita.Levante o tampo da sanita e direcione cuidadosamente o bocal da embalagem para o rebordo da sanita. Aperte a garrafa e aplique devagar em todo o rebordo da sanita, de modo a que todo o interior fique\u2026","rel":"","context":"Similar post","img":{"alt_text":"","src":"https:\/\/i0.wp.com\/mundo.seashell.pt\/wp-content\/uploads\/2022\/02\/2497083-frente.jpeg?resize=350%2C200&ssl=1","width":350,"height":200},"classes":[]},{"id":7080,"url":"https:\/\/mundo.seashell.pt\/?product=pato-wc-liquido-750ml","url_meta":{"origin":7078,"position":1},"title":"Pato WC L\u00edquido 750ml","date":"Fevereiro 23, 2022","format":false,"excerpt":"Um melhor alcance debaixo do rebordo da sua sanita para uma limpeza profunda.Descri\u00e7\u00e3o: Limpar a sanita nunca foi t\u00e3o f\u00e1cil, com Pato\u00ae.\u00a0 Combina o efeito branqueador da lix\u00edvia com o poder da espuma num s\u00f3 produto. O formato \u00fanico da sua embalagem permite um melhor alcance debaixo do rebordo da\u2026","rel":"","context":"Similar post","img":{"alt_text":"","src":"https:\/\/i0.wp.com\/mundo.seashell.pt\/wp-content\/uploads\/2022\/02\/314394_3_pato-wc-100-anticalcario-750ml.jpeg?resize=350%2C200&ssl=1","width":350,"height":200},"classes":[]},{"id":6079,"url":"https:\/\/mundo.seashell.pt\/?product=fun-wc-lixivia-750ml","url_meta":{"origin":7078,"position":2},"title":"Fun WC Lixivia 750ML","date":"Fevereiro 23, 2022","format":false,"excerpt":"E\u0301 um produto incolor, viscoso levemente perfumado, especialmente concebido para a limpeza de instalac\u0327o\u0303es sanita\u0301rias.","rel":"","context":"Similar post","img":{"alt_text":"","src":"https:\/\/i0.wp.com\/mundo.seashell.pt\/wp-content\/uploads\/2022\/02\/FUN_WC_LIXI_VIA_750ML_PhotoRoom_20210402_103049.jpg?resize=350%2C200&ssl=1","width":350,"height":200},"classes":[]},{"id":6064,"url":"https:\/\/mundo.seashell.pt\/?product=fun-limpa-vidros-750ml","url_meta":{"origin":7078,"position":3},"title":"Fun Limpa Vidros 750ML","date":"Fevereiro 23, 2022","format":false,"excerpt":"Limpa Vidros. \u00c9 um produto combinado \u00e0 base de \u00e1lcool e tensioativos anfot\u00e9ricos. Tem um tempo de secagem muito curto. N\u00e3o deixa manchas por embaciamento.","rel":"","context":"Similar post","img":{"alt_text":"","src":"https:\/\/i0.wp.com\/mundo.seashell.pt\/wp-content\/uploads\/2022\/02\/Fun_Vidros_PhotoRoom_20210402_103357.jpg?resize=350%2C200&ssl=1","width":350,"height":200},"classes":[]},{"id":6255,"url":"https:\/\/mundo.seashell.pt\/?product=sanytol-banhos-750ml","url_meta":{"origin":7078,"position":4},"title":"Sanytol Banhos 750ml","date":"Fevereiro 23, 2022","format":false,"excerpt":"Limpador Desinfetante Banhos A humidade promove o desenvolvimento de bact\u00e9rias, fungos e v\u00edrus. O uso de um desinfetante associado a um poderoso anti-calc\u00e1rio \u00e9 a \u00fanica forma de prevenir eficazmente a prolifera\u00e7\u00e3o de microrganismos indesej\u00e1veis, a forma\u00e7\u00e3o de mofo e calc\u00e1rio. Sanytol Desinfetante Banhos, sem lix\u00edvia, garante u...","rel":"","context":"Similar post","img":{"alt_text":"","src":"https:\/\/i0.wp.com\/mundo.seashell.pt\/wp-content\/uploads\/2022\/02\/SANYTOL_DESINFETANTE_BANHOS_750_ML_8411660670229.png?resize=350%2C200&ssl=1","width":350,"height":200},"classes":[]},{"id":5638,"url":"https:\/\/mundo.seashell.pt\/?product=blowmy-shampoo-750ml","url_meta":{"origin":7078,"position":5},"title":"Blowmy Shampoo 750ml","date":"Fevereiro 23, 2022","format":false,"excerpt":"Champ\u00f4 cremoso e perfumado, enriquecido com pantenol e glicerina, com um \u00f3timo comportamento na lavagem do cabelo.","rel":"","context":"Similar post","img":{"alt_text":"","src":"https:\/\/i0.wp.com\/mundo.seashell.pt\/wp-content\/uploads\/2022\/02\/Blowmy_Shampoo_750_mL_PhotoRoom_20210402_103412.jpg?resize=350%2C200&ssl=1","width":350,"height":200},"classes":[]}],"_links":{"self":[{"href":"https:\/\/mundo.seashell.pt\/index.php?rest_route=\/wp\/v2\/product\/7078","targetHints":{"allow":["GET"]}}],"collection":[{"href":"https:\/\/mundo.seashell.pt\/index.php?rest_route=\/wp\/v2\/product"}],"about":[{"href":"https:\/\/mundo.seashell.pt\/index.php?rest_route=\/wp\/v2\/types\/product"}],"wp:featuredmedia":[{"embeddable":true,"href":"https:\/\/mundo.seashell.pt\/index.php?rest_route=\/wp\/v2\/media\/7079"}],"wp:attachment":[{"href":"https:\/\/mundo.seashell.pt\/index.php?rest_route=%2Fwp%2Fv2%2Fmedia&parent=7078"}],"wp:term":[{"taxonomy":"product_cat","embeddable":true,"href":"https:\/\/mundo.seashell.pt\/index.php?rest_route=%2Fwp%2Fv2%2Fproduct_cat&post=7078"},{"taxonomy":"product_tag","embeddable":true,"href":"https:\/\/mundo.seashell.pt\/index.php?rest_route=%2Fwp%2Fv2%2Fproduct_tag&post=7078"}],"curies":[{"name":"wp","href":"https:\/\/api.w.org\/{rel}","templated":true}]}}