{"id":7074,"date":"2022-02-23T19:05:18","date_gmt":"2022-02-23T19:05:18","guid":{"rendered":"https:\/\/mundo.seashell.pt\/?post_type=product&#038;p=7074"},"modified":"2022-02-23T19:05:20","modified_gmt":"2022-02-23T19:05:20","slug":"harpic-active-fresh-blocos-de-sanita","status":"publish","type":"product","link":"https:\/\/mundo.seashell.pt\/?product=harpic-active-fresh-blocos-de-sanita","title":{"rendered":"Harpic Active Fresh Blocos de Sanita"},"content":{"rendered":"<p>Uma sanita brilhante e perfumada a cada descarga, com um bloco sanit\u00e1rio pr\u00e1tico de colocar.<\/p>\n<h3>Benef\u00edcios:<\/h3>\n<p>&#8211; Efic\u00e1cia e frescura superiores;<br \/>&#8211; Extra brilho;<br \/>&#8211; Remo\u00e7\u00e3o da sujidade;<br \/>&#8211; F\u00f3rmula anticalc\u00e1rio;<br \/>&#8211; Dura\u00e7\u00e3o at\u00e9 4 semanas;<br \/>&#8211; Perfume intenso;<br \/>&#8211; Espuma de limpeza.<\/p>\n<h3>Conselhos de utiliza\u00e7\u00e3o:<\/h3>\n<p>Retire o bloco da embalagem. Coloque o bloco na sanita, onde o fluxo de \u00e1gua \u00e9 maior. Quando o bloco for utilizado at\u00e9 ao fim, coloque o produto vazio no lixo e substitua por um novo bloco.<\/p>\n<h3>Dicas:<\/h3>\n<p>Para uma limpeza mais profunda, utilize tamb\u00e9m a gama de Harpic l\u00edquidos abrasivos.<\/p>\n","protected":false},"excerpt":{"rendered":"<p>Uma sanita brilhante e perfumada a cada descarga, com um bloco sanit\u00e1rio pr\u00e1tico de colocar.Benef\u00edcios:<br \/>\n&#8211; Efic\u00e1cia e frescura superiores;- Extra brilho;- Remo\u00e7\u00e3o da sujidade;- F\u00f3rmula anticalc\u00e1rio;- Dura\u00e7\u00e3o at\u00e9 4 semanas;- Perfume intenso;- Espuma de limpeza.<br \/>\nConselhos de utiliza\u00e7\u00e3o:<\/p>\n","protected":false},"featured_media":7075,"template":"","meta":{"spay_email":""},"product_cat":[15],"product_tag":[],"class_list":{"0":"post-7074","1":"product","2":"type-product","3":"status-publish","4":"has-post-thumbnail","6":"product_cat-sem-categoria","8":"first","9":"instock","10":"taxable","11":"shipping-taxable","12":"purchasable","13":"product-type-simple"},"acf":[],"jetpack-related-posts":[{"id":7070,"url":"https:\/\/mundo.seashell.pt\/?product=neoblanc-blocos-de-sanita","url_meta":{"origin":7074,"position":0},"title":"Neoblanc Blocos de Sanita","date":"Fevereiro 23, 2022","format":false,"excerpt":"Neoblanc lan\u00e7a a sua linha de blocos sanit\u00e1rios para a casa de banho. Composta por embalagens individuais e duplas, existem 3 cole\u00e7\u00f5es: brisa marinha e explos\u00e3o c\u00edtrica, ambas com espuma ativa e f\u00f3rmula anticalc\u00e1rio, e frescura cont\u00ednua, o bloco com lix\u00edvia para uma higiene e frescura prolongada, a cada descarga.\u2026","rel":"","context":"Similar post","img":{"alt_text":"","src":"https:\/\/i0.wp.com\/mundo.seashell.pt\/wp-content\/uploads\/2022\/02\/7061654-frente.jpeg?resize=350%2C200&ssl=1","width":350,"height":200},"classes":[]},{"id":7066,"url":"https:\/\/mundo.seashell.pt\/?product=pato-active-clen-blocos-de-sanita","url_meta":{"origin":7074,"position":1},"title":"Pato Active Clean Blocos de Sanita","date":"Fevereiro 23, 2022","format":false,"excerpt":"Pato\u00ae Active Clean proporciona \u00e0 sua sanita uma frescura renovada a cada descarga, combinando a a\u00e7\u00e3o de limpeza da espuma com uma fabulosa fragr\u00e2ncia. Coloque Pato\u00ae Active Clean na sanita para transformar cada descarga numa onda de bolhas que mant\u00e9m a sanita limpa e perfumada at\u00e9 3 semanas. Benef\u00edcios: -\u2026","rel":"","context":"Similar post","img":{"alt_text":"","src":"https:\/\/i0.wp.com\/mundo.seashell.pt\/wp-content\/uploads\/2022\/02\/6826418-frente.jpeg?resize=350%2C200&ssl=1","width":350,"height":200},"classes":[]},{"id":7068,"url":"https:\/\/mundo.seashell.pt\/?product=pato-discos-ativos","url_meta":{"origin":7074,"position":2},"title":"Pato Discos Ativos","date":"Fevereiro 23, 2022","format":false,"excerpt":"Preocupado com os blocos sanit\u00e1rios tradicionais que acumulam germes? Pato\u00ae Discos Activos \u00e9 a solu\u00e7\u00e3o! Com uma f\u00f3rmula \u00e0 base de gel que adere \u00e0 sanita, os discos ativos impedem a forma\u00e7\u00e3o de manchas de calc\u00e1rio e focos de germes. Basta colar um disco para manter a sanita limpa e\u2026","rel":"","context":"Similar post","img":{"alt_text":"","src":"https:\/\/i0.wp.com\/mundo.seashell.pt\/wp-content\/uploads\/2022\/02\/4905310-frente.jpeg?resize=350%2C200&ssl=1","width":350,"height":200},"classes":[]},{"id":7072,"url":"https:\/\/mundo.seashell.pt\/?product=domestos-power-5-bloco-de-sanita","url_meta":{"origin":7074,"position":3},"title":"Domestos Power 5 Bloco de Sanita","date":"Fevereiro 23, 2022","format":false,"excerpt":"O bloco Domestos Power 5 deixa a sua sanita limpa e brilhante. Mant\u00ea-la fresca e com uma limpeza duradoura nunca foi t\u00e3o f\u00e1cil.Benef\u00edcios: - Preven\u00e7\u00e3o de calc\u00e1rio;- Fragr\u00e2ncia de longa dura\u00e7\u00e3o;- Espuma rica;- Brilho;- Higiene. Conselhos de utiliza\u00e7\u00e3o: Desdobre o gancho, ajuste a altura do gancho...","rel":"","context":"Similar post","img":{"alt_text":"","src":"https:\/\/i0.wp.com\/mundo.seashell.pt\/wp-content\/uploads\/2022\/02\/002240895.jpeg?resize=350%2C200&ssl=1","width":350,"height":200},"classes":[]},{"id":7076,"url":"https:\/\/mundo.seashell.pt\/?product=solis-bloco-de-sanita-2x30gr","url_meta":{"origin":7074,"position":4},"title":"Solis Bloco de Sanita 2x30gr","date":"Fevereiro 23, 2022","format":false,"excerpt":"Sanita Perfumada Bloco desodorizante redondopara sanit\u00e1rios. Atrav\u00e9s da suaespuma ativa,limpa e refresca o WC a cadadescarga.","rel":"","context":"Similar post","img":{"alt_text":"","src":"","width":0,"height":0},"classes":[]},{"id":6087,"url":"https:\/\/mundo.seashell.pt\/?product=solim-wc-higienizante-5l","url_meta":{"origin":7074,"position":5},"title":"Solim WC Higienizante 5L","date":"Fevereiro 23, 2022","format":false,"excerpt":"Detergente \u00e1cido de cor azul, viscoso e perfumado, especialmente \ufeffconcebido para a limpeza de instala\u00e7\u00f5es sanit\u00e1rias.","rel":"","context":"Similar post","img":{"alt_text":"","src":"https:\/\/i0.wp.com\/mundo.seashell.pt\/wp-content\/uploads\/2022\/02\/Solim_WC_Higienizante_PhotoRoom_20210402_103551.jpg?resize=350%2C200&ssl=1","width":350,"height":200},"classes":[]}],"_links":{"self":[{"href":"https:\/\/mundo.seashell.pt\/index.php?rest_route=\/wp\/v2\/product\/7074","targetHints":{"allow":["GET"]}}],"collection":[{"href":"https:\/\/mundo.seashell.pt\/index.php?rest_route=\/wp\/v2\/product"}],"about":[{"href":"https:\/\/mundo.seashell.pt\/index.php?rest_route=\/wp\/v2\/types\/product"}],"wp:featuredmedia":[{"embeddable":true,"href":"https:\/\/mundo.seashell.pt\/index.php?rest_route=\/wp\/v2\/media\/7075"}],"wp:attachment":[{"href":"https:\/\/mundo.seashell.pt\/index.php?rest_route=%2Fwp%2Fv2%2Fmedia&parent=7074"}],"wp:term":[{"taxonomy":"product_cat","embeddable":true,"href":"https:\/\/mundo.seashell.pt\/index.php?rest_route=%2Fwp%2Fv2%2Fproduct_cat&post=7074"},{"taxonomy":"product_tag","embeddable":true,"href":"https:\/\/mundo.seashell.pt\/index.php?rest_route=%2Fwp%2Fv2%2Fproduct_tag&post=7074"}],"curies":[{"name":"wp","href":"https:\/\/api.w.org\/{rel}","templated":true}]}}