{"id":7072,"date":"2022-02-23T19:05:17","date_gmt":"2022-02-23T19:05:17","guid":{"rendered":"https:\/\/mundo.seashell.pt\/?post_type=product&#038;p=7072"},"modified":"2022-02-23T19:05:18","modified_gmt":"2022-02-23T19:05:18","slug":"domestos-power-5-bloco-de-sanita","status":"publish","type":"product","link":"https:\/\/mundo.seashell.pt\/?product=domestos-power-5-bloco-de-sanita","title":{"rendered":"Domestos Power 5 Bloco de Sanita"},"content":{"rendered":"<p>O bloco Domestos Power 5 deixa a sua sanita limpa e brilhante. Mant\u00ea-la fresca e com uma limpeza duradoura nunca foi t\u00e3o f\u00e1cil.<\/p>\n<h3>Benef\u00edcios:<\/h3>\n<p>&#8211; Preven\u00e7\u00e3o de calc\u00e1rio;<br \/>&#8211; Fragr\u00e2ncia de longa dura\u00e7\u00e3o;<br \/>&#8211; Espuma rica;<br \/>&#8211; Brilho;<br \/>&#8211; Higiene.<\/p>\n<h3>Conselhos de utiliza\u00e7\u00e3o:<\/h3>\n<p>Desdobre o gancho, ajuste a altura do gancho e coloque no rebordo da sanita. Assegure que o produto est\u00e1 localizado onde a for\u00e7a da \u00e1gua seja maior. Quando o produto terminar, deitae no caixote do lixo e lave as m\u00e3os ap\u00f3s terminar o processo.<\/p>\n<\/p>\n<p><\/p>\n","protected":false},"excerpt":{"rendered":"<p>O bloco Domestos Power 5 deixa a sua sanita limpa e brilhante. Mant\u00ea-la fresca e com uma limpeza duradoura nunca foi t\u00e3o f\u00e1cil.Benef\u00edcios:<br \/>\n&#8211; Preven\u00e7\u00e3o de calc\u00e1rio;- Fragr\u00e2ncia de longa dura\u00e7\u00e3o;- Espuma rica;- Brilho;- Higiene.<br \/>\nConselhos de utiliza\u00e7\u00e3o:<br \/>\nDesdobre o gancho, ajuste a altura do gancho&#8230;<\/p>\n","protected":false},"featured_media":7073,"template":"","meta":{"spay_email":""},"product_cat":[15],"product_tag":[],"class_list":{"0":"post-7072","1":"product","2":"type-product","3":"status-publish","4":"has-post-thumbnail","6":"product_cat-sem-categoria","8":"first","9":"instock","10":"taxable","11":"shipping-taxable","12":"purchasable","13":"product-type-simple"},"acf":[],"jetpack-related-posts":[{"id":7066,"url":"https:\/\/mundo.seashell.pt\/?product=pato-active-clen-blocos-de-sanita","url_meta":{"origin":7072,"position":0},"title":"Pato Active Clean Blocos de Sanita","date":"Fevereiro 23, 2022","format":false,"excerpt":"Pato\u00ae Active Clean proporciona \u00e0 sua sanita uma frescura renovada a cada descarga, combinando a a\u00e7\u00e3o de limpeza da espuma com uma fabulosa fragr\u00e2ncia. Coloque Pato\u00ae Active Clean na sanita para transformar cada descarga numa onda de bolhas que mant\u00e9m a sanita limpa e perfumada at\u00e9 3 semanas. Benef\u00edcios: -\u2026","rel":"","context":"Similar post","img":{"alt_text":"","src":"https:\/\/i0.wp.com\/mundo.seashell.pt\/wp-content\/uploads\/2022\/02\/6826418-frente.jpeg?resize=350%2C200&ssl=1","width":350,"height":200},"classes":[]},{"id":7074,"url":"https:\/\/mundo.seashell.pt\/?product=harpic-active-fresh-blocos-de-sanita","url_meta":{"origin":7072,"position":1},"title":"Harpic Active Fresh Blocos de Sanita","date":"Fevereiro 23, 2022","format":false,"excerpt":"Uma sanita brilhante e perfumada a cada descarga, com um bloco sanit\u00e1rio pr\u00e1tico de colocar.Benef\u00edcios: - Efic\u00e1cia e frescura superiores;- Extra brilho;- Remo\u00e7\u00e3o da sujidade;- F\u00f3rmula anticalc\u00e1rio;- Dura\u00e7\u00e3o at\u00e9 4 semanas;- Perfume intenso;- Espuma de limpeza. Conselhos de utiliza\u00e7\u00e3o:","rel":"","context":"Similar post","img":{"alt_text":"","src":"https:\/\/i0.wp.com\/mundo.seashell.pt\/wp-content\/uploads\/2022\/02\/815055_1.jpeg?resize=350%2C200&ssl=1","width":350,"height":200},"classes":[]},{"id":7080,"url":"https:\/\/mundo.seashell.pt\/?product=pato-wc-liquido-750ml","url_meta":{"origin":7072,"position":2},"title":"Pato WC L\u00edquido 750ml","date":"Fevereiro 23, 2022","format":false,"excerpt":"Um melhor alcance debaixo do rebordo da sua sanita para uma limpeza profunda.Descri\u00e7\u00e3o: Limpar a sanita nunca foi t\u00e3o f\u00e1cil, com Pato\u00ae.\u00a0 Combina o efeito branqueador da lix\u00edvia com o poder da espuma num s\u00f3 produto. O formato \u00fanico da sua embalagem permite um melhor alcance debaixo do rebordo da\u2026","rel":"","context":"Similar post","img":{"alt_text":"","src":"https:\/\/i0.wp.com\/mundo.seashell.pt\/wp-content\/uploads\/2022\/02\/314394_3_pato-wc-100-anticalcario-750ml.jpeg?resize=350%2C200&ssl=1","width":350,"height":200},"classes":[]},{"id":7068,"url":"https:\/\/mundo.seashell.pt\/?product=pato-discos-ativos","url_meta":{"origin":7072,"position":3},"title":"Pato Discos Ativos","date":"Fevereiro 23, 2022","format":false,"excerpt":"Preocupado com os blocos sanit\u00e1rios tradicionais que acumulam germes? Pato\u00ae Discos Activos \u00e9 a solu\u00e7\u00e3o! Com uma f\u00f3rmula \u00e0 base de gel que adere \u00e0 sanita, os discos ativos impedem a forma\u00e7\u00e3o de manchas de calc\u00e1rio e focos de germes. Basta colar um disco para manter a sanita limpa e\u2026","rel":"","context":"Similar post","img":{"alt_text":"","src":"https:\/\/i0.wp.com\/mundo.seashell.pt\/wp-content\/uploads\/2022\/02\/4905310-frente.jpeg?resize=350%2C200&ssl=1","width":350,"height":200},"classes":[]},{"id":7070,"url":"https:\/\/mundo.seashell.pt\/?product=neoblanc-blocos-de-sanita","url_meta":{"origin":7072,"position":4},"title":"Neoblanc Blocos de Sanita","date":"Fevereiro 23, 2022","format":false,"excerpt":"Neoblanc lan\u00e7a a sua linha de blocos sanit\u00e1rios para a casa de banho. Composta por embalagens individuais e duplas, existem 3 cole\u00e7\u00f5es: brisa marinha e explos\u00e3o c\u00edtrica, ambas com espuma ativa e f\u00f3rmula anticalc\u00e1rio, e frescura cont\u00ednua, o bloco com lix\u00edvia para uma higiene e frescura prolongada, a cada descarga.\u2026","rel":"","context":"Similar post","img":{"alt_text":"","src":"https:\/\/i0.wp.com\/mundo.seashell.pt\/wp-content\/uploads\/2022\/02\/7061654-frente.jpeg?resize=350%2C200&ssl=1","width":350,"height":200},"classes":[]},{"id":7088,"url":"https:\/\/mundo.seashell.pt\/?product=domestos-abrasivo-sanitario-gel-desinfetante","url_meta":{"origin":7072,"position":5},"title":"Domestos Abrasivo Sanit\u00e1rio Gel Desinfetante","date":"Fevereiro 23, 2022","format":false,"excerpt":"De uso f\u00e1cil e pr\u00e1tico para uma sanita limpa, desinfetada e livre de calc\u00e1rio.Benef\u00edcios: - Prote\u00e7\u00e3o contra o calc\u00e1rio;- Mata os germes, bact\u00e9rias, fungos e v\u00edrus;- Prote\u00e7\u00e3o eficaz da sanita com a sua fun\u00e7\u00e3o multi-jet. Conselhos de utiliza\u00e7\u00e3o: Desenrosque a tampa e coloque o gel de forma continua so...","rel":"","context":"Similar post","img":{"alt_text":"","src":"https:\/\/i0.wp.com\/mundo.seashell.pt\/wp-content\/uploads\/2022\/02\/5620625-frente.jpeg?resize=350%2C200&ssl=1","width":350,"height":200},"classes":[]}],"_links":{"self":[{"href":"https:\/\/mundo.seashell.pt\/index.php?rest_route=\/wp\/v2\/product\/7072","targetHints":{"allow":["GET"]}}],"collection":[{"href":"https:\/\/mundo.seashell.pt\/index.php?rest_route=\/wp\/v2\/product"}],"about":[{"href":"https:\/\/mundo.seashell.pt\/index.php?rest_route=\/wp\/v2\/types\/product"}],"wp:featuredmedia":[{"embeddable":true,"href":"https:\/\/mundo.seashell.pt\/index.php?rest_route=\/wp\/v2\/media\/7073"}],"wp:attachment":[{"href":"https:\/\/mundo.seashell.pt\/index.php?rest_route=%2Fwp%2Fv2%2Fmedia&parent=7072"}],"wp:term":[{"taxonomy":"product_cat","embeddable":true,"href":"https:\/\/mundo.seashell.pt\/index.php?rest_route=%2Fwp%2Fv2%2Fproduct_cat&post=7072"},{"taxonomy":"product_tag","embeddable":true,"href":"https:\/\/mundo.seashell.pt\/index.php?rest_route=%2Fwp%2Fv2%2Fproduct_tag&post=7072"}],"curies":[{"name":"wp","href":"https:\/\/api.w.org\/{rel}","templated":true}]}}